{"id":27647,"date":"2024-06-27T03:32:36","date_gmt":"2024-06-27T03:32:36","guid":{"rendered":"https:\/\/dienmaytuandat.com\/?post_type=product&#038;p=27647"},"modified":"2024-10-16T10:13:15","modified_gmt":"2024-10-16T10:13:15","slug":"tu-lanh-panasonic-inverter-366-lit-nr-tl381gpkv","status":"publish","type":"product","link":"https:\/\/dienmaytuandat.com\/index.php\/san-pham\/tu-lanh-panasonic-inverter-366-lit-nr-tl381gpkv\/","title":{"rendered":"T\u1ee7 l\u1ea1nh Panasonic Inverter 366 l\u00edt NR-TL381GPKV"},"content":{"rendered":"<p>&nbsp;<\/p>\n<p>&nbsp;<\/p>\n","protected":false},"excerpt":{"rendered":"<p><span style=\"font-size: 14pt;\"><strong>\u0110\u1eb7c \u0110i\u1ec3m N\u1ed5i B\u1eadt<\/strong><\/span><\/p>\n<ul>\n<li>C\u00f4ng ngh\u1ec7 Blue AG+ \u01b0u vi\u1ec7t gi\u00fap di\u1ec7t khu\u1ea9n 99,99% to\u00e0n b\u1ed9 ng\u0103n m\u00e1t<\/li>\n<li>Ng\u0103n AG Hygiene Zone l\u01b0u tr\u1eef th\u1ecbt, c\u00e1, h\u1ea1n ch\u1ebf s\u1ef1 l\u00e2y lan m\u00f9i th\u1ef1c ph\u1ea9m<\/li>\n<li>Ng\u0103n Extra Cool Zone c\u00f3 n\u1eafp kh\u00e1ng khu\u1ea9n, \u01b0\u1edbp l\u1ea1nh \u0111\u1ed3 u\u1ed1ng c\u1ef1c nhanh<\/li>\n<li>Ng\u0103n l\u1ea5y n\u01b0\u1edbc ngo\u00e0i kh\u00e1ng khu\u1ea9n gi\u00fap l\u1ea5y n\u01b0\u1edbc nhanh, kh\u00f4ng c\u1ea7n m\u1edf c\u1eeda<\/li>\n<li>Ng\u0103n rau, c\u1ee7 gi\u1eef \u1ea9m 90% Wide Fresh Safe 30 l\u00edt v\u1edbi g\u00f3c m\u1edf r\u1ed9ng t\u1ed1i \u0111a<\/li>\n<li>H\u1ec7 th\u1ed1ng l\u00e0m l\u1ea1nh Panorama, Multi control b\u1ea3o qu\u1ea3n th\u1ef1c ph\u1ea9m t\u01b0\u01a1i ngon<\/li>\n<li>C\u00f4ng ngh\u1ec7 Inverter gi\u00fap t\u1ee7 l\u1ea1nh Panasonic v\u1eadn h\u00e0nh \u00eam \u00e1i, ti\u1ebft ki\u1ec7m \u0111i\u1ec7n n\u0103ng<\/li>\n<li>T\u1ee7 l\u1ea1nh ng\u0103n \u0111\u00e1 tr\u00ean dung t\u00edch 366 l\u00edt th\u00edch h\u1ee3p cho gia \u0111\u00ecnh 3 -5 ng\u01b0\u1eddi<\/li>\n<\/ul>\n","protected":false},"featured_media":27648,"comment_status":"open","ping_status":"closed","template":"","meta":[],"product_brand":[],"product_cat":[20],"product_tag":[],"class_list":{"0":"post-27647","1":"product","2":"type-product","3":"status-publish","4":"has-post-thumbnail","6":"product_cat-tu-lanh","8":"first","9":"instock","10":"sale","11":"taxable","12":"shipping-taxable","13":"purchasable","14":"product-type-simple"},"_links":{"self":[{"href":"https:\/\/dienmaytuandat.com\/index.php\/wp-json\/wp\/v2\/product\/27647","targetHints":{"allow":["GET"]}}],"collection":[{"href":"https:\/\/dienmaytuandat.com\/index.php\/wp-json\/wp\/v2\/product"}],"about":[{"href":"https:\/\/dienmaytuandat.com\/index.php\/wp-json\/wp\/v2\/types\/product"}],"replies":[{"embeddable":true,"href":"https:\/\/dienmaytuandat.com\/index.php\/wp-json\/wp\/v2\/comments?post=27647"}],"version-history":[{"count":4,"href":"https:\/\/dienmaytuandat.com\/index.php\/wp-json\/wp\/v2\/product\/27647\/revisions"}],"predecessor-version":[{"id":30107,"href":"https:\/\/dienmaytuandat.com\/index.php\/wp-json\/wp\/v2\/product\/27647\/revisions\/30107"}],"wp:featuredmedia":[{"embeddable":true,"href":"https:\/\/dienmaytuandat.com\/index.php\/wp-json\/wp\/v2\/media\/27648"}],"wp:attachment":[{"href":"https:\/\/dienmaytuandat.com\/index.php\/wp-json\/wp\/v2\/media?parent=27647"}],"wp:term":[{"taxonomy":"product_brand","embeddable":true,"href":"https:\/\/dienmaytuandat.com\/index.php\/wp-json\/wp\/v2\/product_brand?post=27647"},{"taxonomy":"product_cat","embeddable":true,"href":"https:\/\/dienmaytuandat.com\/index.php\/wp-json\/wp\/v2\/product_cat?post=27647"},{"taxonomy":"product_tag","embeddable":true,"href":"https:\/\/dienmaytuandat.com\/index.php\/wp-json\/wp\/v2\/product_tag?post=27647"}],"curies":[{"name":"wp","href":"https:\/\/api.w.org\/{rel}","templated":true}]}}