{"id":27679,"date":"2024-06-28T10:17:23","date_gmt":"2024-06-28T10:17:23","guid":{"rendered":"https:\/\/dienmaytuandat.com\/?post_type=product&#038;p=27679"},"modified":"2024-10-05T10:00:22","modified_gmt":"2024-10-05T10:00:22","slug":"tu-lanh-toshiba-inverter-568-l-side-by-side-gr-rs755wia-pgv22-xk","status":"publish","type":"product","link":"https:\/\/dienmaytuandat.com\/index.php\/san-pham\/tu-lanh-toshiba-inverter-568-l-side-by-side-gr-rs755wia-pgv22-xk\/","title":{"rendered":"T\u1ee7 l\u1ea1nh Toshiba Inverter 568 L Side By Side GR-RS755WIA-PGV(22)-XK"},"content":{"rendered":"<p>&nbsp;<\/p>\n<p>&nbsp;<\/p>\n<p>&nbsp;<\/p>\n","protected":false},"excerpt":{"rendered":"<p><span style=\"font-size: 14pt;\"><strong>\u0110\u1eb7c \u0110i\u1ec3m N\u1ed5i B\u1eadt<\/strong><\/span><br \/>\nT\u1ee7 l\u1ea1nh Toshiba m\u1eb7t K\u00ednh \u0110en sang tr\u1ecdng, n\u00e2ng t\u1ea7m kh\u00f4ng gian s\u1ed1ng<br \/>\n<strong>D\u00f2ng t\u1ee7 Side by Side<\/strong> v\u1edbi nhi\u1ec1u ng\u0103n, khay, k\u1ec7, h\u1ed9c ch\u1ee9a \u0111\u1ec3 l\u01b0u tr\u1eef<br \/>\n<strong>C\u00f4ng ngh\u1ec7 Origin Inverter ti\u1ebft ki\u1ec7m \u0111i\u1ec7n<\/strong>, v\u1eadn h\u00e0nh b\u1ec1n b\u1ec9 v\u00e0 \u00eam \u00e1i<br \/>\n<strong>L\u00e0m \u0111\u00e1 t\u1ef1 \u0111\u1ed9ng<\/strong> 3 trong 1 v\u1edbi ba ch\u1ebf \u0111\u1ed9: n\u01b0\u1edbc l\u1ea1nh \/ \u0111\u00e1 vi\u00ean \/ \u0111\u00e1 xay<br \/>\nNg\u0103n l\u1ea5y n\u01b0\u1edbc l\u1ea1nh \/ \u0111\u00e1 vi\u00ean \/ \u0111\u00e1 xay b\u00ean ngo\u00e0i nhanh ch\u00f3ng, ti\u1ec7n l\u1ee3i<br \/>\nB\u1ed9 l\u1ecdc Pure Air kh\u1eed m\u00f9i, di\u1ec7t khu\u1ea9n t\u1edbi 99.99%, b\u1ea3o \u0111\u1ea3m s\u1ee9c kh\u1ecfe<br \/>\nTrang b\u1ecb b\u1ea3ng \u0111i\u1ec1u khi\u1ec3n c\u1ea3m \u1ee9ng hi\u1ec7n \u0111\u1ea1i, nhanh nh\u1ea1y tr\u00ean c\u00e1nh c\u1eeda<br \/>\n<strong>K\u1ebft n\u1ed1i Internet<\/strong> \u0111\u1ec3 \u0111i\u1ec1u khi\u1ec3n b\u1eb1ng Smartphone qua app TSmartLife<\/p>\n","protected":false},"featured_media":27800,"comment_status":"open","ping_status":"closed","template":"","meta":[],"product_brand":[],"product_cat":[20],"product_tag":[],"class_list":{"0":"post-27679","1":"product","2":"type-product","3":"status-publish","4":"has-post-thumbnail","6":"product_cat-tu-lanh","8":"first","9":"instock","10":"sale","11":"taxable","12":"shipping-taxable","13":"purchasable","14":"product-type-simple"},"_links":{"self":[{"href":"https:\/\/dienmaytuandat.com\/index.php\/wp-json\/wp\/v2\/product\/27679","targetHints":{"allow":["GET"]}}],"collection":[{"href":"https:\/\/dienmaytuandat.com\/index.php\/wp-json\/wp\/v2\/product"}],"about":[{"href":"https:\/\/dienmaytuandat.com\/index.php\/wp-json\/wp\/v2\/types\/product"}],"replies":[{"embeddable":true,"href":"https:\/\/dienmaytuandat.com\/index.php\/wp-json\/wp\/v2\/comments?post=27679"}],"version-history":[{"count":2,"href":"https:\/\/dienmaytuandat.com\/index.php\/wp-json\/wp\/v2\/product\/27679\/revisions"}],"predecessor-version":[{"id":30362,"href":"https:\/\/dienmaytuandat.com\/index.php\/wp-json\/wp\/v2\/product\/27679\/revisions\/30362"}],"wp:featuredmedia":[{"embeddable":true,"href":"https:\/\/dienmaytuandat.com\/index.php\/wp-json\/wp\/v2\/media\/27800"}],"wp:attachment":[{"href":"https:\/\/dienmaytuandat.com\/index.php\/wp-json\/wp\/v2\/media?parent=27679"}],"wp:term":[{"taxonomy":"product_brand","embeddable":true,"href":"https:\/\/dienmaytuandat.com\/index.php\/wp-json\/wp\/v2\/product_brand?post=27679"},{"taxonomy":"product_cat","embeddable":true,"href":"https:\/\/dienmaytuandat.com\/index.php\/wp-json\/wp\/v2\/product_cat?post=27679"},{"taxonomy":"product_tag","embeddable":true,"href":"https:\/\/dienmaytuandat.com\/index.php\/wp-json\/wp\/v2\/product_tag?post=27679"}],"curies":[{"name":"wp","href":"https:\/\/api.w.org\/{rel}","templated":true}]}}