{"id":27771,"date":"2024-06-29T09:21:32","date_gmt":"2024-06-29T09:21:32","guid":{"rendered":"https:\/\/dienmaytuandat.com\/?post_type=product&#038;p=27771"},"modified":"2024-07-13T01:44:10","modified_gmt":"2024-07-13T01:44:10","slug":"may-lanh-panasonic-1-hp-cu-cs-n9wkh-8m","status":"publish","type":"product","link":"https:\/\/dienmaytuandat.com\/index.php\/san-pham\/may-lanh-panasonic-1-hp-cu-cs-n9wkh-8m\/","title":{"rendered":"M\u00e1y l\u1ea1nh Panasonic 1 HP CU\/CS-N9WKH-8M"},"content":{"rendered":"<p><strong>B\u1ea7u kh\u00f4ng kh\u00ed trong l\u00e0nh, s\u1ea1ch b\u1ee5i b\u1ea9n, b\u1ee5i m\u1ecbn PM2.5 c\u00f9ng c\u00f4ng ngh\u1ec7 Nanoe-G<\/strong><br \/>\nNanoe-G gi\u1ea3i ph\u00f3ng c\u00e1c ion \u00e2m xung quanh m\u00e1y l\u1ea1nh. C\u00e1c ion n\u00e0y s\u1ebd g\u1eafn k\u1ebft v\u1edbi c\u00e1c h\u1ea1t b\u1ee5i theo d\u00f2ng kh\u00f4ng kh\u00ed v\u00e0o trong \u1ed1ng n\u1ea1p kh\u00ed c\u1ee7a m\u00e1y l\u1ea1nh. Sau \u0111\u00f3, c\u00e1c h\u1ea1t b\u1ee5i t\u00edch \u0111i\u1ec7n \u00e2m n\u00e0y b\u1ecb m\u00e0ng l\u1ecdc t\u00edch \u0111i\u1ec7n d\u01b0\u01a1ng gi\u1eef l\u1ea1i v\u00e0 v\u00f4 hi\u1ec7u h\u00f3a t\u1ea1i m\u00e0ng l\u1ecdc, gi\u00fap kh\u00f4ng kh\u00ed s\u1ea1ch b\u1ee5i b\u1ea9n, b\u1ee5i m\u1ecbn PM2.5, \u0111\u1ea3m b\u1ea3o an to\u00e0n s\u1ee9c kho\u1ebb cho gia \u0111\u00ecnh b\u1ea1n.<br \/>\n<strong>Ki\u1ec3u d\u00e1ng hi\u1ec7n \u0111\u1ea1i, sang tr\u1ecdng<\/strong><br \/>\nS\u1edf h\u1eefu gam m\u00e0u tr\u1eafng sang tr\u1ecdng, m\u00e1y l\u1ea1nh Panasonic 1 HP CU\/CS-N9WKH-8M \u0111\u01b0\u1ee3c thi\u1ebft k\u1ebf hi\u1ec7n \u0111\u1ea1i v\u1edbi nh\u1eefng \u0111\u01b0\u1eddng cong m\u1eb7t vi\u1ec1n n\u1ed5i b\u1eadt, \u1eaft h\u1eb3n s\u1ebd tr\u1edf th\u00e0nh n\u1ed9i th\u1ea5t sang tr\u1ecdng cho c\u0103n ph\u00f2ng c\u1ee7a b\u1ea1n.<br \/>\nC\u00f4ng su\u1ea5t 1 HP ph\u00f9 h\u1ee3p cho c\u0103n ph\u00f2ng d\u01b0\u1edbi 15 m\u00e9t vu\u00f4ng<br \/>\nM\u00e1y l\u1ea1nh Panasonic mang l\u1ea1i kh\u1ea3 n\u0103ng l\u00e0m m\u00e1t v\u1edbi c\u00f4ng su\u1ea5t 1 HP ph\u00f9 h\u1ee3p cho nh\u1eefng c\u0103n ph\u00f2ng c\u00f3 di\u1ec7n t\u00edch d\u01b0\u1edbi 15 m\u00e9t vu\u00f4ng.<br \/>\n<strong>T\u1ea1o kh\u00f4ng gian kh\u00f4 r\u00e1o, tho\u00e1ng \u0111\u00e3ng v\u1edbi ch\u1ebf \u0111\u1ed9 h\u00fat \u1ea9m<\/strong><br \/>\nM\u00e1y l\u1ea1nh 1 HP n\u00e0y c\u00f2n \u0111\u01b0\u1ee3c nh\u00e0 s\u1ea3n xu\u1ea5t trang b\u1ecb th\u00eam ch\u1ee9c n\u0103ng h\u00fat \u1ea9m, gi\u00fap h\u01a1i \u1ea9m \u0111\u01b0\u1ee3c h\u00fat b\u1edbt t\u1eeb b\u00ean trong kh\u00f4ng kh\u00ed, nh\u1eb1m mang l\u1ea1i kh\u00f4ng gian kh\u00f4 r\u00e1o v\u00e0 tho\u00e1ng \u0111\u00e3ng cho ng\u01b0\u1eddi d\u00f9ng.<br \/>\n<strong>L\u00e0m l\u1ea1nh nhanh t\u1ee9c th\u00ec c\u00f9ng ch\u1ebf \u0111\u1ed9 Powerful<\/strong><br \/>\nV\u1edbi ch\u1ebf \u0111\u1ed9 Powerful, chi\u1ebfc m\u00e1y l\u1ea1nh Panasonic 1 HP CU\/CS-N9WKH-8M cho t\u1ed1c \u0111\u1ed9 l\u00e0m l\u1ea1nh nhanh t\u1ee9c th\u00ec ch\u1ec9 trong th\u1eddi gian ng\u1eafn sau khi m\u1edf m\u00e1y l\u1ea1nh.<br \/>\n<strong>Ki\u1ec3m so\u00e1t th\u1eddi gian ho\u1ea1t \u0111\u1ed9ng nh\u1edd ch\u1ee9c n\u0103ng h\u1eb9n gi\u1edd<\/strong><br \/>\nNh\u1edd c\u00f3 ch\u1ee9c n\u0103ng h\u1eb9n gi\u1edd, b\u1ea1n c\u00f3 th\u1ec3 ki\u1ec3m so\u00e1t \u0111\u01b0\u1ee3c th\u1eddi gian ho\u1ea1t \u0111\u1ed9ng c\u1ee7a m\u00e1y l\u1ea1nh d\u00f9 l\u00e0 ban ng\u00e0y hay ban \u0111\u00eam.<\/p>\n","protected":false},"excerpt":{"rendered":"<ul>\n<li>\u0110\u1eb7c \u0111i\u1ec3m n\u1ed5i b\u1eadt<\/li>\n<li>\u0110i\u1ec1u h\u00f2a Panasonic c\u00f3 c\u00f4ng ngh\u1ec7 l\u1ecdc nanoe-G lo\u1ea1i b\u1ecf b\u1ee5i nh\u1ecf nh\u01b0 PM2.5 hi\u1ec7u qu\u1ea3<\/li>\n<li>Ch\u1ebf \u0111\u1ed9 Powerful cho kh\u1ea3 n\u0103ng l\u00e0m l\u1ea1nh nhanh ngay t\u1ee9c th\u00ec<\/li>\n<li>Ch\u1ee9c n\u0103ng h\u00fat \u1ea9m t\u1ea1o kh\u00f4ng gian kh\u00f4 r\u00e1o cho c\u0103n ph\u00f2ng<\/li>\n<li>M\u00f4i ch\u1ea5t l\u1ea1nh R-32 th\u00e2n thi\u1ec7n m\u00f4i tr\u01b0\u1eddng, b\u1ea3o v\u1ec7 s\u1ee9c kh\u1ecfe<\/li>\n<li>H\u1eb9n gi\u1edd b\u1eadt t\u1eaft t\u1ef1 \u0111\u1ed9ng gi\u00fap ki\u1ec3m so\u00e1t th\u1eddi gian ti\u1ec7n l\u1ee3i<\/li>\n<\/ul>\n","protected":false},"featured_media":27772,"comment_status":"open","ping_status":"closed","template":"","meta":[],"product_brand":[],"product_cat":[29],"product_tag":[],"class_list":{"0":"post-27771","1":"product","2":"type-product","3":"status-publish","4":"has-post-thumbnail","6":"product_cat-may-lanh","8":"first","9":"instock","10":"taxable","11":"shipping-taxable","12":"purchasable","13":"product-type-variable"},"_links":{"self":[{"href":"https:\/\/dienmaytuandat.com\/index.php\/wp-json\/wp\/v2\/product\/27771","targetHints":{"allow":["GET"]}}],"collection":[{"href":"https:\/\/dienmaytuandat.com\/index.php\/wp-json\/wp\/v2\/product"}],"about":[{"href":"https:\/\/dienmaytuandat.com\/index.php\/wp-json\/wp\/v2\/types\/product"}],"replies":[{"embeddable":true,"href":"https:\/\/dienmaytuandat.com\/index.php\/wp-json\/wp\/v2\/comments?post=27771"}],"version-history":[{"count":0,"href":"https:\/\/dienmaytuandat.com\/index.php\/wp-json\/wp\/v2\/product\/27771\/revisions"}],"wp:featuredmedia":[{"embeddable":true,"href":"https:\/\/dienmaytuandat.com\/index.php\/wp-json\/wp\/v2\/media\/27772"}],"wp:attachment":[{"href":"https:\/\/dienmaytuandat.com\/index.php\/wp-json\/wp\/v2\/media?parent=27771"}],"wp:term":[{"taxonomy":"product_brand","embeddable":true,"href":"https:\/\/dienmaytuandat.com\/index.php\/wp-json\/wp\/v2\/product_brand?post=27771"},{"taxonomy":"product_cat","embeddable":true,"href":"https:\/\/dienmaytuandat.com\/index.php\/wp-json\/wp\/v2\/product_cat?post=27771"},{"taxonomy":"product_tag","embeddable":true,"href":"https:\/\/dienmaytuandat.com\/index.php\/wp-json\/wp\/v2\/product_tag?post=27771"}],"curies":[{"name":"wp","href":"https:\/\/api.w.org\/{rel}","templated":true}]}}