{"id":27805,"date":"2024-06-30T03:25:45","date_gmt":"2024-06-30T03:25:45","guid":{"rendered":"https:\/\/dienmaytuandat.com\/?post_type=product&#038;p=27805"},"modified":"2024-10-01T09:44:56","modified_gmt":"2024-10-01T09:44:56","slug":"may-giat-toshiba-inverter-10-5-kg-tw-t21bu115uwvmg","status":"publish","type":"product","link":"https:\/\/dienmaytuandat.com\/index.php\/san-pham\/may-giat-toshiba-inverter-10-5-kg-tw-t21bu115uwvmg\/","title":{"rendered":"M\u00e1y gi\u1eb7t Toshiba Inverter 10.5 kg TW-T21BU115UWV(MG)"},"content":{"rendered":"<p><strong>T\u1ed5ng quan thi\u1ebft k\u1ebf<\/strong><br \/>\n&#8211; Ki\u1ec3u d\u00e1ng: m\u00e1y gi\u1eb7t c\u1eeda tr\u01b0\u1edbc &#8211; l\u1ed3ng ngang v\u1edbi thi\u1ebft k\u1ebf t\u1ed1i gi\u1ea3n, h\u00ecnh kh\u1ed1i ch\u1eef nh\u1eadt \u0111\u1ee9ng v\u1edbi c\u00e1c c\u1ea1nh vu\u00f4ng v\u1ee9c, ch\u1eafc ch\u1eafn, gam m\u00e0u x\u00e1m \u0111\u1eadm t\u1ea1o \u0111i\u1ec3m nh\u1ea5n sang tr\u1ecdng, d\u1ec5 d\u00e0ng h\u00e0i h\u00f2a v\u1edbi ph\u00f2ng gi\u1eb7t hay khu v\u1ef1c gi\u1eb7t gi\u0169 c\u1ee7a nh\u00e0 b\u1ea1n.<\/p>\n<p>&#8211; B\u1ea3ng \u0111i\u1ec1u khi\u1ec3n song ng\u1eef Anh &#8211; Vi\u1ec7t c\u00f3 n\u00fat xoay, c\u1ea3m \u1ee9ng v\u00e0 m\u00e0n h\u00ecnh hi\u1ec3n th\u1ecb, cho b\u1ea1n d\u1ec5 d\u00e0ng thi\u1ebft l\u1eadp ch\u01b0\u01a1ng tr\u00ecnh gi\u1eb7t, c\u00e1c t\u00ednh n\u0103ng c\u1ee7a m\u00e1y ngay c\u1ea3 khi m\u1edbi s\u1eed d\u1ee5ng m\u00e1y.<\/p>\n<p>&#8211; V\u1ecf m\u00e1y gi\u1eb7t Toshiba \u0111\u01b0\u1ee3c l\u00e0m b\u1eb1ng ch\u1ea5t li\u1ec7u kim lo\u1ea1i s\u01a1n t\u0129nh \u0111i\u1ec7n c\u00f3 \u0111\u1ed9 b\u1ec1n cao, kh\u00f4ng ch\u1ec9 ch\u1ecbu l\u1ef1c t\u1ed1t m\u00e0 c\u00f2n h\u1ea1n ch\u1ebf g\u1ec9 s\u00e9t trong th\u1eddi gian d\u00e0i s\u1eed d\u1ee5ng.<\/p>\n<p>&#8211; L\u1ed3ng gi\u1eb7t b\u1eb1ng th\u00e9p kh\u00f4ng g\u1ec9 b\u1ec1n b\u1ec9, ch\u1ed1ng \u0103n m\u00f2n v\u00e0 t\u00ecnh tr\u1ea1ng oxy h\u00f3a, h\u1ea1n ch\u1ebf c\u1eb7n b\u1ea9n b\u00e1m v\u00e0o gi\u00fap l\u1ed3ng gi\u1eb7t, lu\u00f4n gi\u1eef \u0111\u01b0\u1ee3c s\u1ef1 s\u00e1ng b\u00f3ng, gi\u1eb7t s\u1ea1ch qu\u1ea7n \u00e1o hi\u1ec7u qu\u1ea3 h\u01a1n.<br \/>\nKh\u1ed1i l\u01b0\u1ee3ng gi\u1eb7t v\u00e0 ch\u01b0\u01a1ng tr\u00ecnh gi\u1eb7t<br \/>\n&#8211; M\u00e1y gi\u1eb7t c\u1eeda tr\u01b0\u1edbc Toshiba c\u00f3 kh\u1ed1i l\u01b0\u1ee3ng gi\u1eb7t t\u1ed1i \u0111a l\u00e0 10.5 kg \u0111\u00e1p \u1ee9ng t\u1ed1t nhu c\u1ea7u gi\u1eb7t qu\u1ea7n \u00e1o c\u1ee7a gia \u0111\u00ecnh tr\u00ean 7 th\u00e0nh vi\u00ean ho\u1eb7c gia \u0111\u00ecnh \u00edt th\u00e0nh vi\u00ean h\u01a1n nh\u01b0ng c\u00f3 nhu c\u1ea7u gi\u1eb7t t\u01b0\u01a1ng \u0111\u01b0\u01a1ng.<\/p>\n<p>&#8211; S\u1ea3n ph\u1ea9m n\u00e0y \u0111\u01b0\u1ee3c trang b\u1ecb s\u1eb5n 15 ch\u01b0\u01a1ng tr\u00ecnh gi\u1eb7t t\u1ef1 \u0111\u1ed9ng g\u1ed3m: b\u1ea3o v\u1ec7 m\u00e0u, \u0111\u1ed3 tr\u1eafng, chu tr\u00ecnh t\u1ea3i v\u1ec1, gi\u1eb7t 45 ph\u00fat, gi\u1eb7t h\u01a1i n\u01b0\u1edbc, gi\u1eb7t nhanh 15 ph\u00fat, gi\u1eb7t ti\u1ebft ki\u1ec7m, v\u1eaft,&#8230; Trong \u0111\u00f3, n\u1ed5i b\u1eadt c\u00f3 th\u1ec3 k\u1ec3 \u0111\u1ebfn ch\u01b0\u01a1ng tr\u00ecnh gi\u1eb7t nhanh 15 ph\u00fat l\u00e0 m\u1ed9t gi\u1ea3i ph\u00e1p gi\u1eb7t s\u1ea1ch nhanh ch\u00f3ng v\u00e0 ti\u1ebft ki\u1ec7m th\u1eddi gian khi b\u1ea1n c\u1ea7n gi\u1eb7t qu\u1ea7n \u00e1o m\u1ecfng \u00edt b\u1ea9n hay b\u1ecb b\u1ea9n nh\u1eb9.<br \/>\n<strong>C\u00f4ng ngh\u1ec7 gi\u1eb7t<\/strong><br \/>\n&#8211; C\u00f4ng ngh\u1ec7 UFB si\u00eau b\u1ecdt kh\u00ed NANO \u0111\u01b0\u1ee3c t\u00edch h\u1ee3p tr\u00ean m\u00e1y gi\u1eb7t Inverter mang \u0111\u1ebfn kh\u1ea3 n\u0103ng gi\u1eb7t s\u1ea1ch hi\u1ec7u qu\u1ea3 nh\u1edd c\u00e1c b\u1ecdt kh\u00ed nano si\u00eau nh\u1ecf gi\u00fap c\u00e1c ch\u1ea5t gi\u1eb7t t\u1ea9y h\u00f2a tan n- Color Alive h\u1ea1n ch\u1ebf t\u00ecnh tr\u1ea1ng g\u00e2y bi\u1ebfn d\u1ea1ng s\u1ee3i v\u1ea3i nh\u1edd h\u1ec7 th\u1ed1ng gi\u1eb7t \u0111\u01b0\u1ee3c thi\u1ebft k\u1ebf c\u00f3 kh\u1ea3 n\u0103ng gi\u1eb7t s\u1ea1ch t\u1ed1i \u01b0u, t\u1eeb \u0111\u00f3 gi\u00fap b\u1ea3o v\u1ec7 qu\u1ea7n \u00e1o, gi\u1eef \u0111\u01b0\u1ee3c \u0111\u1ed9 b\u1ec1n m\u00e0u \u0111\u01b0\u1ee3c t\u1ed1t h\u01a1n.hanh d\u1ec5 d\u00e0ng th\u1ea5m v\u00e0o t\u1eebng s\u1ee3i v\u1ea3i, lo\u1ea1i b\u1ecf c\u00e1c v\u1ebft b\u1ea9n c\u1ee9ng \u0111\u1ea7u.<br \/>\n&#8211; C\u00f4ng ngh\u1ec7 Great Steam mang \u0111\u1ebfn kh\u1ea3 n\u0103ng di\u1ec7t khu\u1ea9n b\u00e1m tr\u00ean qu\u1ea7n \u00e1o b\u1eb1ng c\u00e1ch s\u1eed d\u1ee5ng h\u01a1i n\u01b0\u1edbc n\u00f3ng, \u0111\u1ed3ng th\u1eddi c\u00f4ng ngh\u1ec7 n\u00e0y c\u00f2n lo\u1ea1i b\u1ecf nhanh ch\u00f3ng c\u00e1c t\u00e1c nh\u00e2n g\u00e2y d\u1ecb \u1ee9ng gi\u00fap b\u1ea3o v\u1ec7 l\u00e0n da c\u00e1c th\u00e0nh vi\u00ean trong gia \u0111\u00ecnh b\u1ea1n.<br \/>\n<strong>\u0110\u1ed9ng c\u01a1 &#8211; C\u00f4ng ngh\u1ec7 ti\u1ebft ki\u1ec7m \u0111i\u1ec7n<\/strong><br \/>\n&#8211; M\u00e1y gi\u1eb7t trang b\u1ecb \u0111\u1ed9ng c\u01a1 nam ch\u00e2m v\u0129nh c\u1eedu truy\u1ec1n \u0111\u1ed9ng d\u00e2y Curoa c\u00f3 \u0111\u1ed9 b\u1ec1n cao, v\u1eadn h\u00e0nh \u00eam \u00e1i.<\/p>\n<p>&#8211; K\u1ebft h\u1ee3p v\u1edbi c\u00f4ng ngh\u1ec7 Origin Inverter gi\u00fap ti\u1ebft ki\u1ec7m \u0111i\u1ec7n n\u0103ng ti\u00eau th\u1ee5 v\u1edbi c\u00e1c c\u1ea3m bi\u1ebfn th\u00f4ng minh c\u00f3 th\u1ec3 c\u00e2n ch\u1ec9nh m\u1ef1c n\u01b0\u1edbc, t\u1ed1c \u0111\u1ed9 v\u00f2ng quay gi\u00fap gi\u1eb7t s\u1ea1ch qu\u1ea7n \u00e1o t\u1ed1i \u01b0u.<\/p>\n<p><strong>Ti\u1ec7n \u00edch<\/strong><br \/>\n&#8211; K\u1ebft n\u1ed1i Wifi v\u00e0 \u0111i\u1ec1u khi\u1ec3n t\u1eeb xa b\u1eb1ng \u0111i\u1ec7n tho\u1ea1i th\u00f4ng minh qua ph\u1ea7n m\u1ec1m TSmartLife: v\u1edbi \u1ee9ng d\u1ee5ng n\u00e0y s\u1ebd gi\u00fap b\u1ea1n k\u1ebft n\u1ed1i m\u00e1y gi\u1eb7t v\u1edbi thi\u1ebft b\u1ecb di \u0111\u1ed9ng th\u00f4ng qua m\u1ea1ng Internet, cho ph\u00e9p ng\u01b0\u1eddi d\u00f9ng \u0111i\u1ec1u khi\u1ec3n c\u00e1c t\u00ednh n\u0103ng tr\u00ean m\u00e1y gi\u1eb7t t\u1eeb m\u1ed9t kho\u1ea3ng c\u00e1ch xa, ti\u1ebft ki\u1ec7m th\u1eddi gian v\u00e0 c\u00f4ng s\u1ee9c.<\/p>\n<p>&#8211; Kh\u00f3a tr\u1ebb em: h\u1ea1n ch\u1ebf tr\u1ebb em ngh\u1ecbch ph\u00e1, thao t\u00e1c sai tr\u00ean b\u1ea3ng \u0111i\u1ec1u khi\u1ec3n g\u00e2y gi\u00e1n \u0111o\u1ea1n ch\u01b0\u01a1ng tr\u00ecnh gi\u1eb7t, gi\u00fap t\u0103ng \u0111\u1ed9 b\u1ec1n cho m\u00e1y gi\u1eb7t.<\/p>\n<p>&#8211; Th\u00eam \u0111\u1ed3 trong khi gi\u1eb7t: tr\u01b0\u1eddng h\u1ee3p ch\u01b0\u01a1ng tr\u00ecnh gi\u1eb7t \u0111\u00e3 b\u1eaft \u0111\u1ea7u m\u00e0 b\u1ea1n c\u00f2n s\u00f3t qu\u1ea7n \u00e1o c\u1ea7n gi\u1eb7t h\u00e3y s\u1eed d\u1ee5ng t\u00ednh n\u0103ng n\u00e0y \u0111\u1ec3 cho qu\u1ea7n \u00e1o v\u00e0o v\u00e0 b\u1ea5m n\u00fat \u0111\u1ec3 m\u00e1y gi\u1eb7t ti\u1ebfp t\u1ee5c ho\u1ea1t \u0111\u1ed9ng.<\/p>\n<p>&#8211; Van s\u1eed d\u1ee5ng \u0111\u01b0\u1ee3c v\u1edbi \u00e1p l\u1ef1c n\u01b0\u1edbc y\u1ebfu: c\u1ea5u tr\u00fac van c\u1ea5p n\u01b0\u1edbc tr\u00ean d\u00f2ng m\u00e1y gi\u1eb7t Toshiba BU-UWV \u0111\u00e3 \u0111\u01b0\u1ee3c c\u1ea3i ti\u1ebfn, cho t\u1ed1c \u0111\u1ed9 d\u00f2ng n\u01b0\u1edbc \u0111i v\u00e0o m\u00e1y gi\u1eb7t nhanh v\u00e0 m\u1ea1nh h\u01a1n. Nh\u1edd \u0111\u00f3, qu\u00e1 tr\u00ecnh ho\u1ea1t \u0111\u1ed9ng c\u1ee7a m\u00e1y gi\u1eb7t \u0111\u01b0\u1ee3c di\u1ec5n ra b\u00ecnh th\u01b0\u1eddng, ngay c\u1ea3 khi \u00e1p su\u1ea5t n\u01b0\u1edbc c\u1ea5p v\u00e0o r\u1ea5t th\u1ea5p. C\u00f3 th\u1ec3 n\u00f3i, van c\u1ea5p n\u01b0\u1edbc m\u1edbi n\u00e0y s\u1ebd gi\u00fap cho m\u00e1y gi\u1eb7t Toshiba c\u00f3 th\u1ec3 ho\u1ea1t \u0111\u1ed9ng v\u1edbi \u00e1p l\u1ef1c t\u1eeb 0.01MPa (t\u01b0\u01a1ng \u0111\u01b0\u01a1ng 1m).<\/p>\n<p>&#8211; H\u1eb9n gi\u1edd gi\u1eb7t k\u1ebft th\u00fac: gi\u00fap b\u1ea1n d\u1ec5 d\u00e0ng thi\u1ebft l\u1eadp th\u1eddi gian gi\u1eb7t m\u1ed9t c\u00e1ch ti\u1ec7n l\u1ee3i, \u0111\u1eb7c bi\u1ec7t l\u00e0 nh\u1eefng ng\u01b0\u1eddi b\u1eadn r\u1ed9n sau khi v\u1ec1 nh\u00e0 qu\u1ea7n \u00e1o \u0111\u00e3 \u0111\u01b0\u1ee3c gi\u1eb7t s\u1ea1ch s\u1ebd v\u00e0 b\u1ea1n ch\u1ec9 c\u1ea7n \u0111em ch\u00fang ph\u01a1i l\u00ean.<\/p>\n","protected":false},"excerpt":{"rendered":"<p><span style=\"font-size: 14pt;\"><strong>\u0110\u1eb7c \u0110i\u1ec3m N\u1ed5i B\u1eadt<\/strong><\/span><\/p>\n<ul>\n<li>T\u1ed5ng l\u00ean \u0111\u1ebfn 15 ch\u01b0\u01a1ng tr\u00ecnh gi\u1eb7t, \u0111\u00e1p \u1ee9ng \u0111a d\u1ea1ng nhu c\u1ea7u gi\u1eb7t gi\u0169<\/li>\n<li><strong>C\u00f4ng ngh\u1ec7 Origin Inverter<\/strong> ti\u1ebft ki\u1ec7m \u0111i\u1ec7n, v\u1eadn h\u00e0nh \u00eam \u00e1i v\u00e0 b\u1ec1n b\u1ec9<\/li>\n<li>Gi\u1eb7t si\u00eau s\u1ea1ch, b\u1ea3o v\u1ec7 s\u1ee3i v\u1ea3i t\u1ed1i \u01b0u v\u1edbi c\u00f4ng ngh\u1ec7 Great Waves Pro<\/li>\n<li><strong>C\u00f4ng ngh\u1ec7 Aroma+<\/strong> gi\u00fap \u0111\u1ed3 sau khi gi\u1eb7t th\u01a1m h\u01a1n, m\u1ec1m m\u1ea1i h\u01a1n<\/li>\n<li><strong>C\u00f4ng ngh\u1ec7 gi\u1eb7t h\u01a1i n\u01b0\u1edbc Great Steam<\/strong> kh\u1eed m\u00f9i, di\u1ec7t khu\u1ea9n hi\u1ec7u qu\u1ea3<\/li>\n<li><strong>T\u00ednh n\u0103ng k\u1ebft n\u1ed1i Wifi<\/strong> \u0111\u1ec3 \u0111i\u1ec1u khi\u1ec3n, gi\u00e1m s\u00e1t th\u00f4ng qua Smartphone<\/li>\n<li>M\u00e1y gi\u1eb7t Toshiba trang b\u1ecb<strong> van s\u1eed d\u1ee5ng \u0111\u01b0\u1ee3c n\u01b0\u1edbc v\u1edbi \u00e1p l\u1ef1c y\u1ebfu<\/strong><\/li>\n<li>M\u00e1y gi\u1eb7t Toshiba di\u1ec7n m\u1ea1o sang tr\u1ecdng, n\u00e2ng t\u1ea7m kh\u00f4ng gian sinh s\u1ed1ng<\/li>\n<\/ul>\n","protected":false},"featured_media":27806,"comment_status":"open","ping_status":"closed","template":"","meta":[],"product_brand":[],"product_cat":[28],"product_tag":[],"class_list":{"0":"post-27805","1":"product","2":"type-product","3":"status-publish","4":"has-post-thumbnail","6":"product_cat-may-giat","8":"first","9":"instock","10":"sale","11":"taxable","12":"shipping-taxable","13":"purchasable","14":"product-type-simple"},"_links":{"self":[{"href":"https:\/\/dienmaytuandat.com\/index.php\/wp-json\/wp\/v2\/product\/27805","targetHints":{"allow":["GET"]}}],"collection":[{"href":"https:\/\/dienmaytuandat.com\/index.php\/wp-json\/wp\/v2\/product"}],"about":[{"href":"https:\/\/dienmaytuandat.com\/index.php\/wp-json\/wp\/v2\/types\/product"}],"replies":[{"embeddable":true,"href":"https:\/\/dienmaytuandat.com\/index.php\/wp-json\/wp\/v2\/comments?post=27805"}],"version-history":[{"count":3,"href":"https:\/\/dienmaytuandat.com\/index.php\/wp-json\/wp\/v2\/product\/27805\/revisions"}],"predecessor-version":[{"id":30122,"href":"https:\/\/dienmaytuandat.com\/index.php\/wp-json\/wp\/v2\/product\/27805\/revisions\/30122"}],"wp:featuredmedia":[{"embeddable":true,"href":"https:\/\/dienmaytuandat.com\/index.php\/wp-json\/wp\/v2\/media\/27806"}],"wp:attachment":[{"href":"https:\/\/dienmaytuandat.com\/index.php\/wp-json\/wp\/v2\/media?parent=27805"}],"wp:term":[{"taxonomy":"product_brand","embeddable":true,"href":"https:\/\/dienmaytuandat.com\/index.php\/wp-json\/wp\/v2\/product_brand?post=27805"},{"taxonomy":"product_cat","embeddable":true,"href":"https:\/\/dienmaytuandat.com\/index.php\/wp-json\/wp\/v2\/product_cat?post=27805"},{"taxonomy":"product_tag","embeddable":true,"href":"https:\/\/dienmaytuandat.com\/index.php\/wp-json\/wp\/v2\/product_tag?post=27805"}],"curies":[{"name":"wp","href":"https:\/\/api.w.org\/{rel}","templated":true}]}}