{"id":27858,"date":"2024-07-01T08:31:07","date_gmt":"2024-07-01T08:31:07","guid":{"rendered":"https:\/\/dienmaytuandat.com\/?post_type=product&#038;p=27858"},"modified":"2024-10-01T03:10:09","modified_gmt":"2024-10-01T03:10:09","slug":"tu-lanh-toshiba-inverter-407-lit-gr-rt535we-pmv06-mg","status":"publish","type":"product","link":"https:\/\/dienmaytuandat.com\/index.php\/san-pham\/tu-lanh-toshiba-inverter-407-lit-gr-rt535we-pmv06-mg\/","title":{"rendered":"T\u1ee7 l\u1ea1nh Toshiba Inverter 409 l\u00edt GR-RT535WE-PMV(06)-MG"},"content":{"rendered":"<p><strong>L\u1ea5y n\u01b0\u1edbc b\u00ean ngo\u00e0i ngay t\u1ee9c th\u00ec m\u00e0 kh\u00f4ng c\u1ea7n m\u1edf c\u1eeda<\/strong><br \/>\nKh\u00f4ng c\u1ea7n ph\u1ea3i thao t\u00e1c nhi\u1ec1u c\u00f4ng \u0111o\u1ea1n nh\u01b0 m\u1edf c\u1eeda t\u1ee7 v\u00e0 m\u1edf n\u1eafp chai, b\u1ea1n c\u00f3 th\u1ec3 l\u1ea5y n\u01b0\u1edbc b\u00ean ngo\u00e0i \u1edf ph\u00eda c\u00e1nh c\u1eeda t\u1ee7 l\u1ea1nh Toshiba Inverter 407 l\u00edt GR-RT535WE-PMV(06)-MG, \u0111\u1ec3 th\u01b0\u1edfng th\u1ee9c \u0111\u01b0\u1ee3c ngay ly n\u01b0\u1edbc l\u1ecdc m\u00e1t l\u1ea1nh v\u00e0o nh\u1eefng ng\u00e0y tr\u1eddi oi b\u1ee9c.<\/p>\n<p>Ngo\u00e0i ra, t\u1ee7 l\u1ea1nh c\u00f2n s\u1eed d\u1ee5ng b\u00ecnh ch\u1ee9a n\u01b0\u1edbc \u0111\u01b0\u1ee3c l\u00e0m t\u1eeb ch\u1ea5t li\u1ec7u nh\u1ef1a HIPS theo ti\u00eau chu\u1ea9n ch\u00e2u \u00c2u, an to\u00e0n cho s\u1ee9c kh\u1ecfe.<br \/>\n<strong>T\u1ecfa \u0111\u1ec1u h\u01a1i l\u1ea1nh m\u1ed7i ng\u0103n v\u00e0 to\u00e0n di\u1ec7n th\u1ef1c ph\u1ea9m nh\u1edd Air Fall Cooling<\/strong><br \/>\nM\u1eabu t\u1ee7 l\u1ea1nh Toshiba trang b\u1ecb c\u00f4ng ngh\u1ec7 Air Fall Cooling c\u00f3 kh\u1ea3 n\u0103ng t\u1ecfa nhanh v\u00e0 m\u1ea1nh lu\u1ed3ng kh\u00ed ph\u00eda tr\u01b0\u1edbc v\u00e0 ph\u00eda sau nh\u01b0 th\u00e1c \u0111\u1ed5, \u0111\u1ec3 h\u01a1i l\u1ea1nh t\u1ecfa \u0111\u1ec1u b\u00ean trong m\u1ed7i ng\u0103n. \u0110\u1ed3ng th\u1eddi, h\u01a1i l\u1ea1nh c\u0169ng bao tr\u00f9m to\u00e0n di\u1ec7n th\u1ef1c ph\u1ea9m \u0111\u1ec3 gi\u1ea3m thi\u1ec3u t\u1ec9 l\u1ec7 h\u01b0 h\u1ecfng trong su\u1ed1t th\u1eddi gian b\u1ea3o qu\u1ea3n.<br \/>\n<strong>Ho\u1ea1t \u0111\u1ed9ng \u00eam \u00e1i, ti\u1ebft ki\u1ec7m \u0111i\u1ec7n t\u1ed1i \u01b0u v\u1edbi c\u00f4ng ngh\u1ec7 Origin Inverter<\/strong><br \/>\nC\u00f4ng ngh\u1ec7 Origin Inverter s\u1eed d\u1ee5ng \u0111\u1ed3ng th\u1eddi m\u00e1y n\u00e9n Inverter v\u00e0 h\u1ec7 th\u1ed1ng qu\u1ea1t Inverter \u0111\u1ec3 gi\u00fap h\u01a1i l\u1ea1nh di chuy\u1ec3n \u0111\u1ed3ng \u0111\u1ec1u kh\u1eafp t\u1ee7 v\u00e0 duy tr\u00ec nhi\u1ec7t \u0111\u1ed9 l\u00fd t\u01b0\u1edfng, nh\u1edd \u0111\u00f3 mang l\u1ea1i hi\u1ec7u qu\u1ea3 ti\u1ebft ki\u1ec7m \u0111i\u1ec7n.<\/p>\n<p>Ngo\u00e0i ra, c\u00f4ng ngh\u1ec7 n\u00e0y c\u00f2n c\u00f3 kh\u1ea3 n\u0103ng nh\u1eadn bi\u1ebft th\u00f3i quen c\u1ee7a ng\u01b0\u1eddi s\u1eed d\u1ee5ng nh\u01b0 t\u1ea7n su\u1ea5t \u0111\u00f3ng &#8211; m\u1edf c\u1eeda t\u1ee7, t\u1eeb \u0111\u00f3 \u0111i\u1ec1u ch\u1ec9nh h\u1ec7 th\u1ed1ng l\u00e0m l\u1ea1nh \u0111\u1ec3 g\u00f3p ph\u1ea7n duy tr\u00ec nhi\u1ec7t \u0111\u1ed9 t\u1ed1i \u01b0u b\u00ean trong t\u1ee7 l\u1ea1nh.<br \/>\n<strong>Lo\u1ea1i b\u1ecf m\u00f9i h\u00f4i, di\u1ec7t khu\u1ea9n m\u1ea1nh m\u1ebd nh\u1edd c\u00f4ng ngh\u1ec7 PureBio<\/strong><br \/>\nC\u00f4ng ngh\u1ec7 PureBio s\u1eed d\u1ee5ng b\u1ed9 l\u1ecdc Ceramic c\u00f3 ch\u1ee9a than ho\u1ea1t t\u00ednh v\u00e0 tinh th\u1ec3 b\u1ea1c, gi\u00fap di\u1ec7t khu\u1ea9n t\u1ed1i \u01b0u v\u00e0 kh\u1eed m\u00f9i h\u00f4i hi\u1ec7u qu\u1ea3 t\u1eeb th\u1ef1c ph\u1ea9m. V\u00ec th\u1ebf, s\u1ef1 hi\u1ec7n di\u1ec7n c\u1ee7a c\u00f4ng ngh\u1ec7 n\u00e0y gi\u00fap k\u00e9o d\u00e0i th\u1eddi gian b\u1ea3o qu\u1ea3n th\u1ef1c ph\u1ea9m v\u00e0 mang l\u1ea1i b\u1ea7u kh\u00f4ng kh\u00ed t\u01b0\u01a1i m\u00e1t m\u1ed7i khi b\u1ea1n m\u1edf c\u1eeda t\u1ee7.<br \/>\n<strong>Ch\u1ea5t li\u1ec7u kim lo\u1ea1i ph\u1ee7 s\u01a1n t\u0129nh \u0111i\u1ec7n gi\u00fap ch\u1ed1ng b\u00e1m v\u00e2n tay, gi\u1ea3m thi\u1ec3u tr\u1ea7y x\u01b0\u1edbc<\/strong><br \/>\nCh\u1ea5t li\u1ec7u c\u1eeda t\u1ee7 \u0111\u01b0\u1ee3c c\u1ea5u t\u1ea1o b\u1edfi 10 l\u1edbp \u0111\u1eb7c bi\u1ec7t t\u1ea1o n\u00ean nh\u1eefng \u0111\u01b0\u1eddng v\u00e2n kim lo\u1ea1i tinh t\u1ebf tr\u00ean b\u1ec1 m\u1eb7t v\u00e0 c\u00f3 kh\u1ea3 n\u0103ng ch\u1ed1ng b\u00e1m v\u00e2n tay. H\u01a1n n\u1eefa, b\u1ec1 m\u1eb7t c\u1eeda t\u1ee7 c\u00f2n \u0111\u01b0\u1ee3c ph\u1ee7 l\u1edbp s\u01a1n t\u0129nh \u0111i\u1ec7n g\u00f3p ph\u1ea7n gi\u1ea3m thi\u1ec3u c\u00e1c m\u1ee9c \u0111\u1ed9 tr\u1ea7y x\u01b0\u1edbc trong su\u1ed1t th\u1eddi gian s\u1eed d\u1ee5ng.<\/p>\n<p>Ngo\u00e0i ra, b\u1ea3ng \u0111i\u1ec1u khi\u1ec3n \u0111\u01b0\u1ee3c b\u1ed1 tr\u00ed n\u1eb1m g\u1ecdn b\u00ean g\u00f3c ph\u1ea3i (ph\u00eda trong t\u1ee7 l\u1ea1nh) c\u00f3 ki\u1ec3u thi\u1ebft k\u1ebf tinh t\u1ebf v\u00e0 \u0111\u01a1n gi\u1ea3n n\u00ean gi\u00fap cho ng\u01b0\u1eddi d\u00f9ng thao t\u00e1c nhanh ch\u00f3ng ngay l\u1ea7n s\u1eed d\u1ee5ng \u0111\u1ea7u ti\u00ean.<br \/>\nB\u1ea3o qu\u1ea3n th\u1ecbt c\u00e1 kh\u00f4ng c\u1ea7n r\u00e3 \u0111\u00f4ng nh\u1edd ch\u1ee9a trong ng\u0103n -1\u00b0C Cooling Zone<br \/>\nNh\u1edd ch\u1ee9a trong ng\u0103n -1\u00b0C Cooling Zone, c\u00e1c lo\u1ea1i th\u1ef1c ph\u1ea9m t\u01b0\u01a1i s\u1ed1ng nh\u01b0 th\u1ecbt v\u00e0 c\u00e1 s\u1ebd \u0111\u01b0\u1ee3c l\u00e0m l\u1ea1nh nhanh, gi\u00fap gi\u1eef \u0111\u01b0\u1ee3c h\u01b0\u01a1ng v\u1ecb nh\u01b0 v\u1eeba m\u1edbi mua t\u1eeb 1 &#8211; 2 ng\u00e0y, nh\u1ea5t l\u00e0 c\u00f3 th\u1ec3 ch\u1ebf bi\u1ebfn ngay m\u00e0 kh\u00f4ng c\u1ea7n r\u00e3 \u0111\u00f4ng.<br \/>\n<strong>K\u00e9o d\u00e0i th\u1eddi gian b\u1ea3o qu\u1ea3n rau c\u1ee7 nh\u1edd ng\u0103n Origin Fresh \u0111i\u1ec1u ch\u1ec9nh \u0111\u1ed9 \u1ea9m<\/strong><br \/>\nNg\u0103n Origin Fresh s\u1ebd gi\u00fap nh\u00f3m th\u1ef1c ph\u1ea9m rau c\u1ee7 duy tr\u00ec v\u00e0 c\u00e2n b\u1eb1ng \u0111\u01b0\u1ee3c \u0111\u1ed9 \u1ea9m, nh\u1eb1m gi\u1ea3m thi\u1ec3u t\u00ecnh tr\u1ea1ng h\u00e9o ho\u1eb7c \u00fang trong th\u1eddi gian b\u1ea3o qu\u1ea3n, ph\u00f9 h\u1ee3p cho nh\u1eefng gia \u0111\u00ecnh th\u01b0\u1eddng xuy\u00ean s\u1eed d\u1ee5ng rau c\u1ee7 trong tu\u1ea7n.<br \/>\nTi\u1ec7n l\u1ee3i di chuy\u1ec3n h\u1ed9p \u0111\u00e1 ch\u1ed1ng tr\u00e0n, t\u1ed1i \u01b0u h\u00f3a kh\u00f4ng gian l\u01b0u tr\u1eef<br \/>\nH\u1ed9p \u0111\u00e1 c\u00f3 kh\u1ea3 n\u0103ng ch\u1ed1ng tr\u00e0n v\u00e0 di chuy\u1ec3n ti\u1ec7n l\u1ee3i cho ng\u01b0\u1eddi s\u1eed d\u1ee5ng, gi\u00fap t\u1ed1i \u01b0u h\u00f3a kh\u00f4ng gian l\u01b0u tr\u1eef th\u00eam nh\u1eefng lo\u1ea1i th\u1ef1c ph\u1ea9m kh\u00e1c b\u00ean trong ng\u0103n \u0111\u00e1.<br \/>\nDung t\u00edch 407 l\u00edt, ph\u00f9 h\u1ee3p gia \u0111\u00ecnh \u0111\u00f4ng ng\u01b0\u1eddi (4 &#8211; 5 th\u00e0nh vi\u00ean)<br \/>\nToshiba Inverter GR-RT535WE-PMV(06)-MG c\u00f3 dung t\u00edch 407 l\u00edt, \u0111\u00e1p \u1ee9ng nhu c\u1ea7u l\u01b0u tr\u1eef th\u1ef1c ph\u1ea9m cho nh\u1eefng gia \u0111\u00ecnh \u0111\u00f4ng th\u00e0nh vi\u00ean (t\u1eeb 4 &#8211; 5 ng\u01b0\u1eddi), trong \u0111\u00f3 dung t\u00edch ng\u0103n \u0111\u00e1 l\u00e0 107 l\u00edt v\u00e0 ng\u0103n l\u1ea1nh 300 l\u00edt.<\/p>\n","protected":false},"excerpt":{"rendered":"<ul>\n<li>T\u1ee7 l\u1ea1nh \u0111\u01b0\u1ee3c trang b\u1ecb nhi\u1ec1u c\u00f4ng ngh\u1ec7 hi\u1ec7n \u0111\u1ea1i h\u01b0\u1edbng t\u1edbi n\u00e2ng chu\u1ea9n ti\u1ec7n nghi cho ng\u01b0\u1eddi d\u00f9ng.<\/li>\n<li>L\u00e0m \u0111\u00e1 t\u1ef1 \u0111\u1ed9ng tho\u1ea3i m\u00e1i s\u1eed d\u1ee5ng<\/li>\n<li>L\u1ea5y n\u01b0\u1edbc ngo\u00e0i ti\u1ec7n l\u1ee3i<\/li>\n<li>Ng\u0103n Cooling zone -1\u00b0C<\/li>\n<li>C\u00f4ng ngh\u1ec7 Origin INVERTER si\u00eau ti\u1ebft ki\u1ec7m \u0111i\u1ec7n<\/li>\n<li>C\u00f4ng ngh\u1ec7 Pure BIO kh\u1eed m\u00f9i di\u1ec7t khu\u1ea9n<\/li>\n<li>B\u1ec1 m\u1eb7t Morandi, ch\u1ed1ng b\u00e1m v\u00e2n tay, h\u1ea1n ch\u1ebf tr\u1ea7y x\u01b0\u1edbc<\/li>\n<\/ul>\n","protected":false},"featured_media":27859,"comment_status":"open","ping_status":"closed","template":"","meta":[],"product_brand":[],"product_cat":[20],"product_tag":[],"class_list":{"0":"post-27858","1":"product","2":"type-product","3":"status-publish","4":"has-post-thumbnail","6":"product_cat-tu-lanh","8":"first","9":"instock","10":"sale","11":"taxable","12":"shipping-taxable","13":"purchasable","14":"product-type-simple"},"_links":{"self":[{"href":"https:\/\/dienmaytuandat.com\/index.php\/wp-json\/wp\/v2\/product\/27858","targetHints":{"allow":["GET"]}}],"collection":[{"href":"https:\/\/dienmaytuandat.com\/index.php\/wp-json\/wp\/v2\/product"}],"about":[{"href":"https:\/\/dienmaytuandat.com\/index.php\/wp-json\/wp\/v2\/types\/product"}],"replies":[{"embeddable":true,"href":"https:\/\/dienmaytuandat.com\/index.php\/wp-json\/wp\/v2\/comments?post=27858"}],"version-history":[{"count":2,"href":"https:\/\/dienmaytuandat.com\/index.php\/wp-json\/wp\/v2\/product\/27858\/revisions"}],"predecessor-version":[{"id":30099,"href":"https:\/\/dienmaytuandat.com\/index.php\/wp-json\/wp\/v2\/product\/27858\/revisions\/30099"}],"wp:featuredmedia":[{"embeddable":true,"href":"https:\/\/dienmaytuandat.com\/index.php\/wp-json\/wp\/v2\/media\/27859"}],"wp:attachment":[{"href":"https:\/\/dienmaytuandat.com\/index.php\/wp-json\/wp\/v2\/media?parent=27858"}],"wp:term":[{"taxonomy":"product_brand","embeddable":true,"href":"https:\/\/dienmaytuandat.com\/index.php\/wp-json\/wp\/v2\/product_brand?post=27858"},{"taxonomy":"product_cat","embeddable":true,"href":"https:\/\/dienmaytuandat.com\/index.php\/wp-json\/wp\/v2\/product_cat?post=27858"},{"taxonomy":"product_tag","embeddable":true,"href":"https:\/\/dienmaytuandat.com\/index.php\/wp-json\/wp\/v2\/product_tag?post=27858"}],"curies":[{"name":"wp","href":"https:\/\/api.w.org\/{rel}","templated":true}]}}