{"id":27876,"date":"2024-07-01T11:34:04","date_gmt":"2024-07-01T11:34:04","guid":{"rendered":"https:\/\/dienmaytuandat.com\/?post_type=product&#038;p=27876"},"modified":"2024-10-10T07:39:13","modified_gmt":"2024-10-10T07:39:13","slug":"tu-lanh-toshiba-inverter-253-lit-gr-rt329we-pmv52","status":"publish","type":"product","link":"https:\/\/dienmaytuandat.com\/index.php\/san-pham\/tu-lanh-toshiba-inverter-253-lit-gr-rt329we-pmv52\/","title":{"rendered":"T\u1ee7 l\u1ea1nh Toshiba Inverter 253 l\u00edt GR-RT329WE-PMV(52)"},"content":{"rendered":"<p><iframe title=\"b\u00f3c tem t\u1ee7 l\u1ea1nh Toshiba\" width=\"500\" height=\"281\" src=\"https:\/\/www.youtube.com\/embed\/PC58zLuabcI?feature=oembed\" frameborder=\"0\" allow=\"accelerometer; autoplay; clipboard-write; encrypted-media; gyroscope; picture-in-picture; web-share\" referrerpolicy=\"strict-origin-when-cross-origin\" allowfullscreen><\/iframe><\/p>\n<p>&nbsp;<\/p>\n","protected":false},"excerpt":{"rendered":"<p><span style=\"font-size: 14pt;\"><strong>\u0110\u1eb7c \u0110i\u1ec3m N\u1ed5i B\u1eadt\u00a0<\/strong><\/span><\/p>\n<ul>\n<li><strong>C\u00f4ng ngh\u1ec7 Origin Inverter<\/strong> ti\u1ebft ki\u1ec7m \u0111i\u1ec7n t\u1edbi 50%, v\u1eadn h\u00e0nh \u00eam \u00e1i, b\u1ec1n b\u1ec9<\/li>\n<li>C\u00f4ng ngh\u1ec7 PureBio kh\u1eed m\u00f9i, di\u1ec7t khu\u1ea9n t\u1ed1i \u01b0u, b\u1ea3o v\u1ec7 s\u1ee9c kh\u1ecfe \u0103n u\u1ed1ng<\/li>\n<li><strong>Ng\u0103n \u0111\u00f4ng m\u1ec1m 0\u00b0C<\/strong> b\u1ea3o qu\u1ea3n t\u1ed1t th\u1ecbt c\u00e1, n\u1ea5u ngay kh\u00f4ng c\u1ea7n r\u00e3 \u0111\u00f4ng<\/li>\n<li>K\u1ec7 k\u00ednh c\u01b0\u1eddng l\u1ef1c b\u1ec1n ch\u1eafc, ch\u1ecbu \u0111\u01b0\u1ee3c v\u1eadt n\u1eb7ng, di chuy\u1ec3n linh ho\u1ea1t<\/li>\n<li>Trang b\u1ecb \u0111\u00e8n LED chi\u1ebfu s\u00e1ng, d\u1ec5 d\u00e0ng c\u1ea5t\/l\u1ea5y v\u00e0 t\u00ecm ki\u1ebfm th\u1ef1c ph\u1ea9m<\/li>\n<li>Thi\u1ebft k\u1ebf tay c\u1ea7m ki\u1ebfm Katana m\u1ea1nh m\u1ebd, s\u1eafc n\u00e9t v\u00e0 sang tr\u1ecdng<\/li>\n<li>T\u1ee7 l\u1ea1nh ng\u0103n \u0111\u00e1 tr\u00ean m\u00e0u Sapphire hi\u1ec7n \u0111\u1ea1i, ph\u00f9 h\u1ee3p m\u1ecdi kh\u00f4ng gian<\/li>\n<\/ul>\n","protected":false},"featured_media":27922,"comment_status":"open","ping_status":"closed","template":"","meta":[],"product_brand":[],"product_cat":[20],"product_tag":[],"class_list":{"0":"post-27876","1":"product","2":"type-product","3":"status-publish","4":"has-post-thumbnail","6":"product_cat-tu-lanh","8":"first","9":"instock","10":"sale","11":"taxable","12":"shipping-taxable","13":"purchasable","14":"product-type-simple"},"_links":{"self":[{"href":"https:\/\/dienmaytuandat.com\/index.php\/wp-json\/wp\/v2\/product\/27876","targetHints":{"allow":["GET"]}}],"collection":[{"href":"https:\/\/dienmaytuandat.com\/index.php\/wp-json\/wp\/v2\/product"}],"about":[{"href":"https:\/\/dienmaytuandat.com\/index.php\/wp-json\/wp\/v2\/types\/product"}],"replies":[{"embeddable":true,"href":"https:\/\/dienmaytuandat.com\/index.php\/wp-json\/wp\/v2\/comments?post=27876"}],"version-history":[{"count":6,"href":"https:\/\/dienmaytuandat.com\/index.php\/wp-json\/wp\/v2\/product\/27876\/revisions"}],"predecessor-version":[{"id":30084,"href":"https:\/\/dienmaytuandat.com\/index.php\/wp-json\/wp\/v2\/product\/27876\/revisions\/30084"}],"wp:featuredmedia":[{"embeddable":true,"href":"https:\/\/dienmaytuandat.com\/index.php\/wp-json\/wp\/v2\/media\/27922"}],"wp:attachment":[{"href":"https:\/\/dienmaytuandat.com\/index.php\/wp-json\/wp\/v2\/media?parent=27876"}],"wp:term":[{"taxonomy":"product_brand","embeddable":true,"href":"https:\/\/dienmaytuandat.com\/index.php\/wp-json\/wp\/v2\/product_brand?post=27876"},{"taxonomy":"product_cat","embeddable":true,"href":"https:\/\/dienmaytuandat.com\/index.php\/wp-json\/wp\/v2\/product_cat?post=27876"},{"taxonomy":"product_tag","embeddable":true,"href":"https:\/\/dienmaytuandat.com\/index.php\/wp-json\/wp\/v2\/product_tag?post=27876"}],"curies":[{"name":"wp","href":"https:\/\/api.w.org\/{rel}","templated":true}]}}