{"id":28377,"date":"2024-07-08T09:54:10","date_gmt":"2024-07-08T09:54:10","guid":{"rendered":"https:\/\/dienmaytuandat.com\/?post_type=product&#038;p=28377"},"modified":"2024-10-15T02:58:46","modified_gmt":"2024-10-15T02:58:46","slug":"may-giat-toshiba-inverter-9-5-kg-tw-t21bu105uwv","status":"publish","type":"product","link":"https:\/\/dienmaytuandat.com\/index.php\/san-pham\/may-giat-toshiba-inverter-9-5-kg-tw-t21bu105uwv\/","title":{"rendered":"M\u00e1y gi\u1eb7t Toshiba Inverter 9.5 kg TW-T21BU105UWV"},"content":{"rendered":"<p>T\u1ed5ng quan thi\u1ebft k\u1ebf<br \/>\n&#8211; Ki\u1ec3u d\u00e1ng: Toshiba TW-T21BU105UWV(MG) thu\u1ed9c d\u00f2ng m\u00e1y gi\u1eb7t c\u1eeda ngang sang tr\u1ecdng v\u1edbi gam m\u00e0u x\u00e1m \u0111\u1eadm trang nh\u00e3, v\u1ecf ngo\u00e0i l\u00e0m t\u1eeb kim lo\u1ea1i s\u01a1n t\u0129nh \u0111i\u1ec7n duy tr\u00ec t\u00ednh th\u1ea9m m\u1ef9 cao, s\u1eed d\u1ee5ng b\u1ec1n b\u1ec9, k\u1ebft c\u1ea5u r\u1eafn ch\u1eafc, b\u1ea3o v\u1ec7 linh ki\u1ec7n b\u00ean trong an to\u00e0n khi v\u1eadn chuy\u1ec3n, s\u1eed d\u1ee5ng.<\/p>\n<p>&#8211; T\u00edch h\u1ee3p b\u1ea3ng \u0111i\u1ec1u khi\u1ec3n c\u1ea3m \u1ee9ng v\u1edbi ch\u1ec9 d\u1eabn song ng\u1eef Anh &#8211; Vi\u1ec7t \u0111i k\u00e8m n\u00fat xoay, m\u00e0n h\u00ecnh hi\u1ec3n th\u1ecb r\u00f5 n\u00e9t mang \u0111\u1ebfn s\u1ef1 thu\u1eadn ti\u1ec7n cho m\u1ecdi ng\u01b0\u1eddi trong vi\u1ec7c theo d\u00f5i v\u00e0 t\u00f9y ch\u1ecdn ch\u01b0\u01a1ng tr\u00ecnh ch\u00ednh x\u00e1c h\u01a1n.<\/p>\n<p>&#8211; N\u1eafp m\u00e1y 2 l\u1edbp, ch\u1ea5t li\u1ec7u k\u00ednh ch\u1ecbu l\u1ef1c c\u00f3 kh\u1ea3 n\u0103ng ch\u1ecbu va ch\u1ea1m t\u1ed1t, \u0111\u01b0\u1ee3c l\u00e0m trong tr\u1ebbo cho b\u1ea1n quan s\u00e1t \u0111\u01b0\u1ee3c qu\u00e1 tr\u00ecnh gi\u1eb7t \u0111\u1ed3 b\u00ean trong khi thi\u1ebft b\u1ecb \u0111ang v\u1eadn h\u00e0nh.<\/p>\n<p>&#8211; L\u1ed3ng gi\u1eb7t th\u00e9p kh\u00f4ng g\u1ec9 ch\u1ea5t l\u01b0\u1ee3ng cao ch\u1ed1ng oxy h\u00f3a, ch\u1ed1ng \u0103n m\u00f2n, h\u1ea1n ch\u1ebf \u0111\u01b0\u1ee3c vi khu\u1ea9n, m\u1ea3ng b\u00e1m trong l\u1ed3ng gi\u1eb7t, gi\u1eef b\u1ed9 ph\u1eadn n\u00e0y c\u1ee7a m\u00e1y gi\u1eb7t b\u1ec1n t\u1ed1t h\u01a1n.<br \/>\nKh\u1ed1i l\u01b0\u1ee3ng v\u00e0 ch\u01b0\u01a1ng tr\u00ecnh<br \/>\n&#8211; M\u1eabu m\u00e1y gi\u1eb7t Toshiba n\u00e0y c\u00f3 kh\u1ed1i l\u01b0\u1ee3ng gi\u1eb7t t\u1ed1i \u0111a 9.5 kg l\u00e0 l\u1ef1a ch\u1ecdn ph\u00f9 h\u1ee3p cho gia \u0111\u00ecnh c\u00f3 t\u1eeb 5 &#8211; 7 ng\u01b0\u1eddi.<\/p>\n<p>&#8211; Trang b\u1ecb 15 ch\u01b0\u01a1ng tr\u00ecnh ho\u1ea1t \u0111\u1ed9ng \u0111\u01b0\u1ee3c c\u00e0i \u0111\u1eb7t s\u1eb5n: \u0111\u1ed3 cotton, gi\u1eb7t nhanh 15 ph\u00fat, gi\u1eb7t 45 ph\u00fat, gi\u1eb7t h\u01a1i n\u01b0\u1edbc, gi\u1eb7t ti\u1ebft ki\u1ec7m, b\u1ea3o v\u1ec7 m\u00e0u, v\u1ec7 sinh l\u1ed3ng gi\u1eb7t, chu tr\u00ecnh t\u1ea3i v\u1ec1,&#8230; Trong \u0111\u00f3 ch\u01b0\u01a1ng tr\u00ecnh gi\u1eb7t nhanh 15 ph\u00fat gi\u00fap \u0111\u1ea9y nhanh t\u1ed1c \u0111\u1ed9 gi\u1eb7t \u0111\u1ec3 b\u1ea1n c\u00f3 \u0111\u01b0\u1ee3c b\u1ed9 \u0111\u1ed3 s\u1ea1ch tinh t\u01b0\u01a1m \u0111\u1ec3 di\u1ec7n, kh\u00f4ng b\u1ecb tr\u1ec5 gi\u1edd d\u1ef1 ti\u1ec7c, \u0111i h\u1ecdc hay \u0111i l\u00e0m.<br \/>\nC\u00f4ng ngh\u1ec7 gi\u1eb7t<br \/>\n&#8211; UFB si\u00eau b\u1ecdt kh\u00ed NANO: c\u00e1ch th\u1ee9c ho\u1ea1t \u0111\u1ed9ng c\u1ee7a c\u00f4ng ngh\u1ec7 n\u00e0y l\u00e0 t\u1ea1o ra nh\u1eefng b\u1ecdt kh\u00ed k\u00edch th\u01b0\u1edbc si\u00eau nh\u1ecf nano h\u00fat c\u00e1c ph\u00e2n t\u1eed ch\u1ea5t gi\u1eb7t t\u1ea9y, ph\u00e2n b\u1ed1 \u0111\u1ebfn m\u1ecdi n\u01a1i trong n\u01b0\u1edbc, cho b\u1ed9t gi\u1eb7t th\u1ea5m s\u00e2u v\u00e0o t\u1eebng s\u1ee3i v\u1ea3i, \u0111\u00e1nh bay c\u00e1c v\u1ebft b\u1ea9n, h\u1ed7 tr\u1ee3 n\u01b0\u1edbc x\u1ea3 v\u1ea3i ph\u00e1t huy t\u1ed1i \u0111a nh\u1edd \u0111\u00f3 qu\u1ea7n \u00e1o \u0111\u01b0\u1ee3c gi\u1eb7t s\u00e2u v\u00e0 th\u01a1m tho l\u00e2u h\u01a1n.<br \/>\n&#8211; Aroma+: gi\u1eef cho b\u1ec1 m\u1eb7t v\u1ea3i m\u1ec1m m\u1ea1i, l\u01b0u h\u01b0\u01a1ng \u0111\u1ec3 \u0111\u1ed3 gi\u1eb7t th\u01a1m tho su\u1ed1t ng\u00e0y.<\/p>\n<p>&#8211; Great Steam: \u0111\u01b0a lu\u1ed3ng h\u01a1i n\u01b0\u1edbc n\u00f3ng x\u00e2m nh\u1eadp v\u00e0o trong s\u1ee3i v\u1ea3i, ti\u00eau di\u1ec7t vi khu\u1ea9n c\u00f3 h\u1ea1i v\u00e0 t\u00e1c nh\u00e2n g\u00e2y d\u1ecb \u1ee9ng gi\u00fap qu\u1ea7n \u00e1o \u0111\u01b0\u1ee3c gi\u1eb7t s\u1ea1ch s\u1ebd, b\u1ea3o v\u1ec7 s\u1ee9c kh\u1ecfe cho gia \u0111\u00ecnh b\u1ea1n.<\/p>\n<p>&#8211; Color Alive: v\u1edbi c\u00f4ng ngh\u1ec7 n\u00e0y h\u1ec7 th\u1ed1ng gi\u1eb7t tr\u00ean thi\u1ebft b\u1ecb \u0111\u01b0\u1ee3c t\u1ed1i \u01b0u \u0111\u1ec3 \u0111\u1ea3m b\u1ea3o qu\u00e1 tr\u00ecnh gi\u1eb7t hi\u1ec7u qu\u1ea3, h\u1ea1n ch\u1ebf s\u1ef1 bi\u1ebfn d\u1ea1ng c\u1ee7a s\u1ee3i v\u1ea3i, gi\u1ea3m \u0111\u1ed9 phai m\u00e0u cho ch\u1ea5t li\u1ec7u v\u1ea3i b\u1ec1n h\u01a1n, m\u00e0u s\u1eafc trang ph\u1ee5c \u0111\u01b0\u1ee3c l\u01b0u gi\u1eef d\u00e0i l\u00e2u h\u01a1n.<br \/>\n\u0110\u1ed9ng c\u01a1, c\u00f4ng ngh\u1ec7 ti\u1ebft ki\u1ec7m \u0111i\u1ec7n<br \/>\n&#8211; S\u1eed d\u1ee5ng \u0111\u1ed9ng c\u01a1 nam ch\u00e2m v\u0129nh c\u1eedu truy\u1ec1n \u0111\u1ed9ng d\u00e2y Curoa m\u1ea1nh m\u1ebd v\u1edbi t\u1ed1c \u0111\u1ed9 quay 1200 v\u00f2ng\/ph\u00fat gi\u00fap lo\u1ea1i b\u1ecf c\u00e1c v\u1ebft b\u1ea9n tr\u00ean qu\u1ea7n \u00e1o d\u1ec5 d\u00e0ng h\u01a1n.<\/p>\n<p>&#8211; C\u00f4ng ngh\u1ec7 Origin Inverter cho \u0111\u1ed9ng c\u01a1 ch\u1ea1y tr\u01a1n tru, \u00eam \u00e1i, h\u1ea1n ch\u1ebf ti\u1ebfng \u1ed3n kh\u00f3 ch\u1ecbu khi thi\u1ebft b\u1ecb ho\u1ea1t \u0111\u1ed9ng, \u0111\u1ed3ng th\u1eddi gi\u00fap gi\u1ea3m hao ph\u00ed \u0111i\u1ec7n n\u0103ng t\u1ed1i \u0111a cho gia \u0111\u00ecnh b\u1ea1n.<\/p>\n<p>&#8211; Nh\u00e3n n\u0103ng l\u01b0\u1ee3ng: 5 sao v\u1edbi hi\u1ec7u su\u1ea5t s\u1eed d\u1ee5ng \u0111i\u1ec7n 10.6 Wh\/kg.<\/p>\n<p>Ti\u1ec7n \u00edch<br \/>\n&#8211; Th\u00eam \u0111\u1ed3 trong khi gi\u1eb7t: khi b\u1ea1n l\u1ee1 kh\u1edfi \u0111\u1ed9ng m\u00e1y m\u00e0 c\u00f3 \u0111\u1ed3 c\u00f2n s\u00f3t b\u00ean ngo\u00e0i, b\u1ea1n c\u00f3 th\u1ec3 s\u1eed d\u1ee5ng ch\u1ee9c n\u0103ng n\u00e0y \u0111\u1ec3 cho \u0111\u1ed3 v\u00e0o b\u00ean trong thu\u1eadn ti\u1ec7n.<\/p>\n<p>&#8211; H\u1eb9n gi\u1edd gi\u1eb7t k\u1ebft th\u00fac: t\u00ednh n\u0103ng h\u1ed7 tr\u1ee3 ng\u01b0\u1eddi d\u00f9ng ki\u1ec3m so\u00e1t th\u1eddi gian gi\u1eb7t t\u00f9y theo mong mu\u1ed1n c\u1ee7a m\u00ecnh.<\/p>\n<p>&#8211; Kh\u00f3a tr\u1ebb em: khi s\u1eed d\u1ee5ng s\u1ebd t\u1eaft ch\u1ee9c n\u0103ng m\u1ecdi ph\u00edm b\u1ea5m ngo\u1ea1i tr\u1eeb ph\u00edm ngu\u1ed3n v\u00e0 n\u00fat kh\u00f3a tr\u1ebb em nh\u1eb1m ng\u0103n ch\u1eb7n tr\u1ebb nh\u1ecf v\u00f4 t\u00ecnh t\u00e1c \u0111\u1ed9ng v\u00e0o m\u00e1y g\u00e2y tr\u1edf ng\u1ea1i cho qu\u00e1 tr\u00ecnh gi\u1eb7t v\u00e0 c\u00f3 th\u1ec3 g\u00e2y nguy hi\u1ec3m cho tr\u1ebb.<\/p>\n<p>&#8211; V\u1ec7 sinh l\u1ed3ng gi\u1eb7t: lo\u1ea1i b\u1ecf c\u00e1c b\u1ee5i b\u1ea9n, m\u1ea3ng b\u00e1m \u0111\u1ec3 gi\u1eef l\u1ed3ng gi\u1eb7t s\u1ea1ch, tr\u00e1nh t\u1ea1o m\u00f4i tr\u01b0\u1eddng cho vi khu\u1ea9n, n\u1ea5m m\u1ed1c ph\u00e1t tri\u1ec3n.<\/p>\n<p>&#8211; Van s\u1eed d\u1ee5ng \u0111\u01b0\u1ee3c v\u1edbi \u00e1p l\u1ef1c n\u01b0\u1edbc y\u1ebfu: c\u1ea5u tr\u00fac van c\u1ea5p n\u01b0\u1edbc tr\u00ean d\u00f2ng m\u00e1y gi\u1eb7t Toshiba BU-UWV \u0111\u00e3 \u0111\u01b0\u1ee3c c\u1ea3i ti\u1ebfn, cho t\u1ed1c \u0111\u1ed9 d\u00f2ng n\u01b0\u1edbc \u0111i v\u00e0o m\u00e1y gi\u1eb7t nhanh v\u00e0 m\u1ea1nh h\u01a1n. Nh\u1edd \u0111\u00f3, qu\u00e1 tr\u00ecnh ho\u1ea1t \u0111\u1ed9ng c\u1ee7a m\u00e1y gi\u1eb7t \u0111\u01b0\u1ee3c di\u1ec5n ra b\u00ecnh th\u01b0\u1eddng, ngay c\u1ea3 khi \u00e1p su\u1ea5t n\u01b0\u1edbc c\u1ea5p v\u00e0o r\u1ea5t th\u1ea5p. C\u00f3 th\u1ec3 n\u00f3i, van c\u1ea5p n\u01b0\u1edbc m\u1edbi n\u00e0y s\u1ebd gi\u00fap cho m\u00e1y gi\u1eb7t Toshiba c\u00f3 th\u1ec3 ho\u1ea1t \u0111\u1ed9ng v\u1edbi \u00e1p l\u1ef1c t\u1eeb 0.01MPa (t\u01b0\u01a1ng \u0111\u01b0\u01a1ng 1m).<\/p>\n<p>&#8211; M\u00e1y gi\u1eb7t Inverter n\u00e0y c\u00f2n c\u00f3 th\u1ec3 ch\u1ec9nh nhi\u1ec7t \u0111\u1ed9 n\u01b0\u1edbc, ch\u1ec9nh s\u1ed1 v\u00f2ng v\u1eaft t\u00f9y theo nhu c\u1ea7u gi\u1eb7t.<\/p>\n<p>&#8211; \u0110i\u1ec1u khi\u1ec3n t\u1eeb xa b\u1eb1ng \u0111i\u1ec7n tho\u1ea1i th\u00f4ng minh qua ph\u1ea7n m\u1ec1m TSmartLife: th\u00f4ng qua k\u1ebft n\u1ed1i Wifi, m\u00e1y gi\u1eb7t li\u00ean k\u1ebft v\u1edbi thi\u1ebft b\u1ecb di \u0111\u1ed9ng cho b\u1ea1n \u0111i\u1ec1u khi\u1ec3n c\u00e1c ch\u1ee9c n\u0103ng d\u1ec5 d\u00e0ng m\u00e0 kh\u00f4ng c\u1ea7n di chuy\u1ec3n l\u1ea1i g\u1ea7n m\u00e1y.<\/p>\n","protected":false},"excerpt":{"rendered":"<ul>\n<li><span style=\"font-size: 14pt;\"><strong>\u0110\u1eb7c \u0110i\u1ec3m N\u1ed5i B\u1eadt<\/strong><\/span><\/li>\n<li>T\u1ed5ng l\u00ean \u0111\u1ebfn 15 ch\u01b0\u01a1ng tr\u00ecnh gi\u1eb7t, \u0111\u00e1p \u1ee9ng \u0111a d\u1ea1ng nhu c\u1ea7u gi\u1eb7t gi\u0169<\/li>\n<li>C\u00f4ng ngh\u1ec7 Origin Inverter ti\u1ebft ki\u1ec7m \u0111i\u1ec7n, v\u1eadn h\u00e0nh \u00eam \u00e1i v\u00e0 b\u1ec1n b\u1ec9<\/li>\n<li>Gi\u1eb7t si\u00eau s\u1ea1ch, b\u1ea3o v\u1ec7 s\u1ee3i v\u1ea3i t\u1ed1i \u01b0u v\u1edbi c\u00f4ng ngh\u1ec7 Great Waves Pro<\/li>\n<li>C\u00f4ng ngh\u1ec7 Aroma+ gi\u00fap \u0111\u1ed3 sau khi gi\u1eb7t th\u01a1m h\u01a1n, m\u1ec1m m\u1ea1i h\u01a1n<\/li>\n<li>C\u00f4ng ngh\u1ec7 gi\u1eb7t h\u01a1i n\u01b0\u1edbc Great Steam kh\u1eed m\u00f9i, di\u1ec7t khu\u1ea9n hi\u1ec7u qu\u1ea3<\/li>\n<li>T\u00ednh n\u0103ng k\u1ebft n\u1ed1i Wifi \u0111\u1ec3 \u0111i\u1ec1u khi\u1ec3n, gi\u00e1m s\u00e1t th\u00f4ng qua Smartphone<\/li>\n<li>M\u00e1y gi\u1eb7t Toshiba trang b\u1ecb van s\u1eed d\u1ee5ng \u0111\u01b0\u1ee3c n\u01b0\u1edbc v\u1edbi \u00e1p l\u1ef1c y\u1ebfu<\/li>\n<li>M\u00e1y gi\u1eb7t Toshiba di\u1ec7n m\u1ea1o sang tr\u1ecdng, n\u00e2ng t\u1ea7m kh\u00f4ng gian sinh s\u1ed1ng<\/li>\n<\/ul>\n","protected":false},"featured_media":28378,"comment_status":"open","ping_status":"closed","template":"","meta":[],"product_brand":[],"product_cat":[28],"product_tag":[],"class_list":{"0":"post-28377","1":"product","2":"type-product","3":"status-publish","4":"has-post-thumbnail","6":"product_cat-may-giat","8":"first","9":"instock","10":"sale","11":"taxable","12":"shipping-taxable","13":"purchasable","14":"product-type-simple"},"_links":{"self":[{"href":"https:\/\/dienmaytuandat.com\/index.php\/wp-json\/wp\/v2\/product\/28377","targetHints":{"allow":["GET"]}}],"collection":[{"href":"https:\/\/dienmaytuandat.com\/index.php\/wp-json\/wp\/v2\/product"}],"about":[{"href":"https:\/\/dienmaytuandat.com\/index.php\/wp-json\/wp\/v2\/types\/product"}],"replies":[{"embeddable":true,"href":"https:\/\/dienmaytuandat.com\/index.php\/wp-json\/wp\/v2\/comments?post=28377"}],"version-history":[{"count":1,"href":"https:\/\/dienmaytuandat.com\/index.php\/wp-json\/wp\/v2\/product\/28377\/revisions"}],"predecessor-version":[{"id":30520,"href":"https:\/\/dienmaytuandat.com\/index.php\/wp-json\/wp\/v2\/product\/28377\/revisions\/30520"}],"wp:featuredmedia":[{"embeddable":true,"href":"https:\/\/dienmaytuandat.com\/index.php\/wp-json\/wp\/v2\/media\/28378"}],"wp:attachment":[{"href":"https:\/\/dienmaytuandat.com\/index.php\/wp-json\/wp\/v2\/media?parent=28377"}],"wp:term":[{"taxonomy":"product_brand","embeddable":true,"href":"https:\/\/dienmaytuandat.com\/index.php\/wp-json\/wp\/v2\/product_brand?post=28377"},{"taxonomy":"product_cat","embeddable":true,"href":"https:\/\/dienmaytuandat.com\/index.php\/wp-json\/wp\/v2\/product_cat?post=28377"},{"taxonomy":"product_tag","embeddable":true,"href":"https:\/\/dienmaytuandat.com\/index.php\/wp-json\/wp\/v2\/product_tag?post=28377"}],"curies":[{"name":"wp","href":"https:\/\/api.w.org\/{rel}","templated":true}]}}