{"id":28431,"date":"2024-07-10T09:58:46","date_gmt":"2024-07-10T09:58:46","guid":{"rendered":"https:\/\/dienmaytuandat.com\/?post_type=product&#038;p=28431"},"modified":"2024-10-17T09:50:38","modified_gmt":"2024-10-17T09:50:38","slug":"may-lanh-toshiba-inverter-1-5-hp-ras-h13z1kcvg-v","status":"publish","type":"product","link":"https:\/\/dienmaytuandat.com\/index.php\/san-pham\/may-lanh-toshiba-inverter-1-5-hp-ras-h13z1kcvg-v\/","title":{"rendered":"M\u00e1y l\u1ea1nh Toshiba Inverter 1.5 HP RAS-H13S4KCV2G-V"},"content":{"rendered":"<p>&nbsp;<\/p>\n<p>&nbsp;<\/p>\n","protected":false},"excerpt":{"rendered":"<p><span style=\"font-size: 14pt;\"><strong>\u0110\u1eb7c \u0110i\u1ec3m N\u1ed5i B\u1eadt\u00a0<\/strong><\/span><\/p>\n<p>C\u00f4ng su\u1ea5t l\u00e0m l\u1ea1nh 1.5HP th\u00edch h\u1ee3p<strong> cho ph\u00f2ng di\u1ec7n t\u00edch t\u1eeb 15 &#8211; 20m\u00b2<\/strong><br \/>\n<strong>C\u00f4ng ngh\u1ec7 DC Hybrid Inverter ti\u1ebft ki\u1ec7m \u0111i\u1ec7n<\/strong>, v\u1eadn h\u00e0nh b\u1ec1n b\u1ec9 v\u00e0 \u00eam \u00e1i<br \/>\nT\u00edch h\u1ee3p c\u00f4ng ngh\u1ec7 di\u1ec7t khu\u1ea9n Ultra Fresh, b\u1ed9 l\u1ecdc ch\u1ed1ng n\u1ea5m m\u1ed1c<br \/>\n<strong>\u0110\u1ea3o gi\u00f3 l\u00ean xu\u1ed1ng t\u1ef1 \u0111\u1ed9ng<\/strong>, l\u01b0u th\u00f4ng kh\u00ed m\u00e1t \u0111\u1ec1u kh\u1eafp ph\u00f2ng<br \/>\n<strong>Ch\u1ebf \u0111\u1ed9 Hi Power cho kh\u1ea3 n\u0103ng l\u00e0m m\u00e1t c\u1ef1c k\u1ef3 nhanh ch\u00f3ng<\/strong><br \/>\nCh\u1ebf \u0111\u1ed9 h\u1eb9n gi\u1edd t\u1eaft m\u00e1y \u0111\u1ec3 ch\u1ee7 \u0111\u1ed9ng ki\u1ec3m so\u00e1t, \u0111\u1eb7c bi\u1ec7t h\u1eefu \u00edch v\u1ec1 \u0111\u00eam<br \/>\nT\u00ednh n\u0103ng ECO t\u0103ng c\u01b0\u1eddng kh\u1ea3 n\u0103ng ti\u1ebft ki\u1ec7m \u0111i\u1ec7n cho gia \u0111\u00ecnh<br \/>\nT\u1ef1 kh\u1edfi \u0111\u1ed9ng l\u1ea1i khi c\u00f3 \u0111i\u1ec7n, ti\u1ebft ki\u1ec7m th\u1eddi gian thi\u1ebft l\u1eadp l\u1ea1i m\u00e1y<br \/>\nM\u00e1y l\u1ea1nh Toshiba sang tr\u1ecdng, n\u00e2ng t\u1ea7m kh\u00f4ng gian l\u1eafp \u0111\u1eb7t<\/p>\n","protected":false},"featured_media":30576,"comment_status":"open","ping_status":"closed","template":"","meta":[],"product_brand":[],"product_cat":[29],"product_tag":[],"class_list":{"0":"post-28431","1":"product","2":"type-product","3":"status-publish","4":"has-post-thumbnail","6":"product_cat-may-lanh","8":"first","9":"instock","10":"taxable","11":"shipping-taxable","12":"purchasable","13":"product-type-variable"},"_links":{"self":[{"href":"https:\/\/dienmaytuandat.com\/index.php\/wp-json\/wp\/v2\/product\/28431","targetHints":{"allow":["GET"]}}],"collection":[{"href":"https:\/\/dienmaytuandat.com\/index.php\/wp-json\/wp\/v2\/product"}],"about":[{"href":"https:\/\/dienmaytuandat.com\/index.php\/wp-json\/wp\/v2\/types\/product"}],"replies":[{"embeddable":true,"href":"https:\/\/dienmaytuandat.com\/index.php\/wp-json\/wp\/v2\/comments?post=28431"}],"version-history":[{"count":2,"href":"https:\/\/dienmaytuandat.com\/index.php\/wp-json\/wp\/v2\/product\/28431\/revisions"}],"predecessor-version":[{"id":30364,"href":"https:\/\/dienmaytuandat.com\/index.php\/wp-json\/wp\/v2\/product\/28431\/revisions\/30364"}],"wp:featuredmedia":[{"embeddable":true,"href":"https:\/\/dienmaytuandat.com\/index.php\/wp-json\/wp\/v2\/media\/30576"}],"wp:attachment":[{"href":"https:\/\/dienmaytuandat.com\/index.php\/wp-json\/wp\/v2\/media?parent=28431"}],"wp:term":[{"taxonomy":"product_brand","embeddable":true,"href":"https:\/\/dienmaytuandat.com\/index.php\/wp-json\/wp\/v2\/product_brand?post=28431"},{"taxonomy":"product_cat","embeddable":true,"href":"https:\/\/dienmaytuandat.com\/index.php\/wp-json\/wp\/v2\/product_cat?post=28431"},{"taxonomy":"product_tag","embeddable":true,"href":"https:\/\/dienmaytuandat.com\/index.php\/wp-json\/wp\/v2\/product_tag?post=28431"}],"curies":[{"name":"wp","href":"https:\/\/api.w.org\/{rel}","templated":true}]}}