{"id":28625,"date":"2024-07-14T08:15:45","date_gmt":"2024-07-14T08:15:45","guid":{"rendered":"https:\/\/dienmaytuandat.com\/?post_type=product&#038;p=28625"},"modified":"2024-10-07T09:25:20","modified_gmt":"2024-10-07T09:25:20","slug":"smart-tivi-samsung-4k-43-inch-ua43au7700kxxv","status":"publish","type":"product","link":"https:\/\/dienmaytuandat.com\/index.php\/san-pham\/smart-tivi-samsung-4k-43-inch-ua43au7700kxxv\/","title":{"rendered":"Smart Tivi Samsung 4K 43 inch UA43AU7700KXXV"},"content":{"rendered":"<p>&nbsp;<\/p>\n<p>K\u00edch th\u01b0\u1edbc 43 inch, \u0111\u01b0\u1eddng vi\u1ec1n m\u1ecfng nh\u1eb9, n\u1ed5i b\u1eadt kh\u00f4ng gian ph\u00f2ng kh\u00e1ch<br \/>\nSmart Tivi Samsung 4K 43 inch UA43AU7700KXXV s\u1edf h\u1eefu thi\u1ebft k\u1ebf Airslim kh\u00f4ng vi\u1ec1n 3 c\u1ea1nh tinh t\u1ebf, mang \u0111\u1ebfn ng\u01b0\u1eddi d\u00f9ng tr\u1ea3i nghi\u1ec7m m\u00e3n nh\u00e3n. Nh\u1edd v\u00e0o vi\u1ec7c lo\u1ea1i b\u1ecf \u0111i d\u1ea1ng khung vi\u1ec1n d\u00e0y to, khi\u1ebfn ng\u01b0\u1eddi xem b\u1ecb xao nh\u00e3ng t\u1ea7m m\u1eaft. H\u01a1n n\u1eefa vi\u1ec7c thi\u1ebft k\u1ebf n\u00e0y c\u00f2n t\u1ea1o \u0111i\u1ec3m nh\u1ea5n cho kh\u00f4ng gian s\u1ed1ng v\u1eeba \u0111\u1ea3m b\u1ea3o t\u1ea7m m\u1eaft c\u1ee7a b\u1ea1n lu\u00f4n gi\u1eef ch\u1eb7t tr\u00ean n\u1ed9i dung m\u00e0n h\u00ecnh m\u1ecdi l\u00fac. Tivi s\u1edf h\u1eefu m\u00e0n h\u00ecnh k\u00edch th\u01b0\u1edbc 43 inch, s\u1ea3n ph\u1ea9m l\u00e0 l\u1ef1a ch\u1ecdn l\u00fd t\u01b0\u1edfng cho ph\u00f2ng kh\u00e1ch, ph\u00f2ng ng\u1ee7, hay v\u0103n ph\u00f2ng l\u00e0m vi\u1ec7c&#8230;.<\/p>\n<p><img fetchpriority=\"high\" decoding=\"async\" class=\"size-medium wp-image-28645 aligncenter\" src=\"https:\/\/dienmaytuandat.com\/wp-content\/uploads\/2024\/07\/smart-tivi-samsung-4k-75-inch-ua75au7700kxxv-thiet-ke-400x233.webp\" alt=\"\" width=\"400\" height=\"233\" \/><\/p>\n<p>B\u1ed9 X\u1eed L\u00fd Crystal 4K, t\u00e1i hi\u1ec7n m\u00e0u s\u1eafc ch\u00e2n th\u1ef1c<br \/>\nSmart Tivi Samsung 4K 43 inch UA43AU7700KXXV s\u1edf h\u1eefu \u0111\u1ed9 ph\u00e2n gi\u1ea3i H\u00ecnh \u1ea3nh 4k, mang \u0111\u1ebfn th\u01b0\u1edbc phim s\u1eafc n\u00e9t g\u1ea5p 4 l\u1ea7n Full HD. B\u00ean c\u1ea1nh \u0111\u00f3, Tivi c\u00f2n t\u00edch h\u1ee3p B\u1ed9 X\u1eed L\u00fd Crystal 4K gi\u00fap n\u00e2ng c\u1ea5p m\u1ecdi n\u1ed9i dung b\u1ea1n y\u00eau th\u00edch l\u00ean chu\u1ea9n 4K \u1ea5n t\u01b0\u1ee3ng. Gi\u1edd \u0111\u00e2y b\u1ea1n ho\u00e0n to\u00e0n c\u00f3 th\u1ec3 chi\u00eam ng\u01b0\u1ee1ng s\u1eafc m\u00e0u hi\u1ec3n th\u1ecb s\u1ed1ng \u0111\u1ed9ng v\u00e0 ch\u00e2n th\u1ef1c v\u1edbi c\u00f4ng ngh\u1ec7 Color Mapping ti\u00ean ti\u1ebfn.<\/p>\n<p><img decoding=\"async\" class=\"size-medium wp-image-28643 aligncenter\" src=\"https:\/\/dienmaytuandat.com\/wp-content\/uploads\/2024\/07\/smart-tivi-samsung-4k-75-inch-ua75au7700kxxv-PurColor-400x240.webp\" alt=\"\" width=\"400\" height=\"240\" \/><\/p>\n<p>C\u00f4ng Ngh\u1ec7 Motion Xcelerator<br \/>\nSmart Tivi Samsung 4K 43 inch UA43AU7700KXXV t\u00edch h\u1ee3p C\u00f4ng Ngh\u1ec7 Motion Xcelerator cho ph\u00e9p b\u1ea1n xem r\u00f5 nh\u1eefng ph\u00e2n c\u1ea3nh \u0111ua xe ho\u1eb7c r\u01b0\u1ee3t \u0111u\u1ed5i, c\u00e1c khung h\u00ecnh thay \u0111\u1ed5i li\u00ean t\u1ee5c d\u1ec5 d\u1eabn \u0111\u1ebfn hi\u1ec7n t\u01b0\u1ee3ng &#8220;b\u00f3ng ma&#8221; tr\u00ean m\u00e0n h\u00ecnh. C\u00f4ng ngh\u1ec7 Motion Xcelerator s\u1ebd t\u1ef1 \u0111\u1ed9ng b\u1ed5 sung th\u00eam khung h\u00ecnh \u0111\u1ec3 n\u1ed9i dung r\u00f5 n\u00e9t v\u00e0 m\u01b0\u1ee3t m\u00e0 h\u01a1n.<\/p>\n<p><img decoding=\"async\" class=\"size-medium wp-image-28641 aligncenter\" src=\"https:\/\/dienmaytuandat.com\/wp-content\/uploads\/2024\/07\/smart-tivi-samsung-4k-75-inch-ua75au7700kxxv-do-phan-giai-4k-400x233.webp\" alt=\"\" width=\"400\" height=\"233\" \/><\/p>\n<p>T\u00e1i Hi\u1ec7n S\u1eafc M\u00e0u Cu\u1ed9c S\u1ed1ng, R\u1ef1c R\u1ee1 V\u00e0 S\u1ed1ng \u0110\u1ed9ng H\u01a1n<br \/>\nTivi SamSung s\u1ebd khi\u1ebfn b\u1ea1n cho\u00e1ng ng\u1ee3p tr\u01b0\u1edbc d\u1ea3i m\u00e0u s\u1eafc hi\u1ec3n th\u1ecb r\u1ed9ng l\u1edbn v\u00e0 r\u1ef1c r\u1ee1 t\u1eeb c\u00f4ng ngh\u1ec7 PurColor. \u0110\u1eafm ch\u00ecm trong t\u1eebng khung h\u00ecnh s\u1ed1ng \u0111\u1ed9ng v\u00e0 ch\u00e2n th\u1ef1c nh\u01b0 b\u01b0\u1edbc ra t\u1eeb cu\u1ed9c s\u1ed1ng.<br \/>\nC\u00f4ng Ngh\u1ec7 HDR<\/p>\n<p><img loading=\"lazy\" decoding=\"async\" class=\"size-medium wp-image-28642 aligncenter\" src=\"https:\/\/dienmaytuandat.com\/wp-content\/uploads\/2024\/07\/smart-tivi-samsung-4k-75-inch-ua75au7700kxxv-HDR-400x240.webp\" alt=\"\" width=\"400\" height=\"240\" \/><\/p>\n<p>&nbsp;<\/p>\n<p>Smart Tivi Samsung 4K 43 inch UA43AU7700KXXV c\u00f3 kh\u1ea3 n\u0103ng c\u1ea3i thi\u1ec7n \u0111\u1ed9 s\u00e1ng TV v\u01b0\u1ee3t tr\u1ed9i v\u1edbi c\u00f4ng ngh\u1ec7 HDR \u0111\u1ec9nh cao. Cung c\u1ea5p d\u1ea3i m\u00e0u s\u1eafc l\u1edbn v\u00e0 hi\u1ec3n th\u1ecb chi ti\u1ebft, s\u1eafc n\u00e9t h\u00ecnh \u1ea3nh ngay c\u1ea3 trong khung h\u00ecnh t\u1ed1i s\u00e2u th\u1eb3m.<br \/>\nC\u00f4ng ngh\u1ec7 Q-Symphony<\/p>\n<p>&nbsp;<\/p>\n","protected":false},"excerpt":{"rendered":"<p><span style=\"font-size: 14pt;\"><strong>\u0110\u1eb7c \u0110i\u1ec3m N\u1ed5i B\u1eadt<\/strong><\/span><\/p>\n<ul>\n<li><strong>\u0110\u1ed9 ph\u00e2n gi\u1ea3i 4K<\/strong> hi\u1ec3n th\u1ecb h\u00ecnh \u1ea3nh s\u1eafc n\u00e9t,<strong> chi ti\u1ebft g\u1ea5p 4 l\u1ea7n Full HD<\/strong><\/li>\n<li>C\u00f4ng ngh\u1ec7 PurColor mang \u0111\u1ebfn khung h\u00ecnh r\u1ef1c r\u1ee1 v\u1edbi d\u1ea3i m\u00e0u r\u1ed9ng h\u01a1n<\/li>\n<li>B\u1ed9 x\u1eed l\u00fd Crystal 4K t\u1ef1 \u0111\u1ed9ng tinh ch\u1ec9nh m\u00e0u s\u1eafc, t\u1ed1i \u01b0u t\u1ef7 l\u1ec7 t\u01b0\u01a1ng ph\u1ea3n<\/li>\n<li>\u00f4ng ngh\u1ec7 HDR10+ gi\u00fap n\u00e2ng cao \u0111\u1ed9 s\u00e2u v\u00e0 \u0111\u1ed9 chi ti\u1ebft c\u1ee7a h\u00ecnh \u1ea3nh<\/li>\n<li>H\u00ecnh \u1ea3nh chi ti\u1ebft, \u0111\u1ed9 t\u01b0\u01a1ng ph\u1ea3n cao v\u1edbi c\u00f4ng ngh\u1ec7 UHD Dimming<\/li>\n<li>C\u00f4ng ngh\u1ec7 Dolby Digital Plus mang \u0111\u1ebfn \u00e2m thanh s\u1ed1ng \u0111\u1ed9ng m\u1ea1nh m\u1ebd<\/li>\n<\/ul>\n","protected":false},"featured_media":28632,"comment_status":"open","ping_status":"closed","template":"","meta":[],"product_brand":[],"product_cat":[32],"product_tag":[],"class_list":{"0":"post-28625","1":"product","2":"type-product","3":"status-publish","4":"has-post-thumbnail","6":"product_cat-tv","8":"first","9":"instock","10":"sale","11":"taxable","12":"shipping-taxable","13":"purchasable","14":"product-type-simple"},"_links":{"self":[{"href":"https:\/\/dienmaytuandat.com\/index.php\/wp-json\/wp\/v2\/product\/28625","targetHints":{"allow":["GET"]}}],"collection":[{"href":"https:\/\/dienmaytuandat.com\/index.php\/wp-json\/wp\/v2\/product"}],"about":[{"href":"https:\/\/dienmaytuandat.com\/index.php\/wp-json\/wp\/v2\/types\/product"}],"replies":[{"embeddable":true,"href":"https:\/\/dienmaytuandat.com\/index.php\/wp-json\/wp\/v2\/comments?post=28625"}],"version-history":[{"count":2,"href":"https:\/\/dienmaytuandat.com\/index.php\/wp-json\/wp\/v2\/product\/28625\/revisions"}],"predecessor-version":[{"id":30465,"href":"https:\/\/dienmaytuandat.com\/index.php\/wp-json\/wp\/v2\/product\/28625\/revisions\/30465"}],"wp:featuredmedia":[{"embeddable":true,"href":"https:\/\/dienmaytuandat.com\/index.php\/wp-json\/wp\/v2\/media\/28632"}],"wp:attachment":[{"href":"https:\/\/dienmaytuandat.com\/index.php\/wp-json\/wp\/v2\/media?parent=28625"}],"wp:term":[{"taxonomy":"product_brand","embeddable":true,"href":"https:\/\/dienmaytuandat.com\/index.php\/wp-json\/wp\/v2\/product_brand?post=28625"},{"taxonomy":"product_cat","embeddable":true,"href":"https:\/\/dienmaytuandat.com\/index.php\/wp-json\/wp\/v2\/product_cat?post=28625"},{"taxonomy":"product_tag","embeddable":true,"href":"https:\/\/dienmaytuandat.com\/index.php\/wp-json\/wp\/v2\/product_tag?post=28625"}],"curies":[{"name":"wp","href":"https:\/\/api.w.org\/{rel}","templated":true}]}}