{"id":28651,"date":"2024-07-14T08:45:31","date_gmt":"2024-07-14T08:45:31","guid":{"rendered":"https:\/\/dienmaytuandat.com\/?post_type=product&#038;p=28651"},"modified":"2024-07-15T02:11:52","modified_gmt":"2024-07-15T02:11:52","slug":"tivi-lg-uhd-uq7050-43-inch-4k-smart-tv-43uq7050","status":"publish","type":"product","link":"https:\/\/dienmaytuandat.com\/index.php\/san-pham\/tivi-lg-uhd-uq7050-43-inch-4k-smart-tv-43uq7050\/","title":{"rendered":"Tivi LG UHD UQ7050 43 inch 4K Smart TV | 43UQ7050"},"content":{"rendered":"<p>T\u1ed5ng quan thi\u1ebft k\u1ebf<br \/>\n&#8211; LG 43UQ7050 thi\u1ebft k\u1ebf m\u1ecfng, \u0111\u01b0\u1eddng vi\u1ec1n thanh m\u1ea3nh c\u00f9ng c\u00e1c chi ti\u1ebft tinh t\u1ebf gi\u00fap b\u1ed5 sung h\u00e0i h\u00f2a v\u00e0o kh\u00f4ng gian n\u1ed9i th\u1ea5t c\u1ee7a gia \u0111\u00ecnh.<\/p>\n<p>&#8211; K\u00edch th\u01b0\u1edbc m\u00e0n h\u00ecnh 43 inch l\u00e0 l\u1ef1a ch\u1ecdn ph\u00f9 h\u1ee3p v\u1edbi c\u0103n ph\u00f2ng kh\u00e1ch, ph\u00f2ng ng\u1ee7, ph\u00f2ng l\u00e0m vi\u1ec7c c\u00f3 di\u1ec7n t\u00edch nh\u1ecf.<\/p>\n<p>&#8211; S\u1eed d\u1ee5ng ch\u00e2n \u0111\u1ebf tivi l\u00e0m t\u1eeb v\u1ecf nh\u1ef1a l\u00f5i kim lo\u1ea1i c\u00f3 \u0111\u1ed9 b\u1ec1n cao, ch\u1ecbu l\u1ef1c t\u1ed1t, n\u00e2ng \u0111\u1ee1 thi\u1ebft b\u1ecb c\u00e2n b\u1eb1ng khi l\u1eafp \u0111\u1eb7t ki\u1ec3u \u0111\u1ec3 b\u00e0n. N\u1ebfu mu\u1ed1n b\u1ed1 tr\u00ed tivi ki\u1ec3u treo t\u01b0\u1eddng ch\u1ec9 c\u1ea7n th\u00e1o r\u1eddi ch\u00e2n \u0111\u1ebf ra.<\/p>\n<p><img fetchpriority=\"high\" decoding=\"async\" class=\"size-medium wp-image-28741 aligncenter\" src=\"https:\/\/dienmaytuandat.com\/wp-content\/uploads\/2024\/07\/tv-uhd-01-real-4k-uhd-tv-desktop-400x275.webp\" alt=\"\" width=\"400\" height=\"275\" \/><br \/>\nC\u00f4ng ngh\u1ec7 h\u00ecnh \u1ea3nh<br \/>\n&#8211; \u0110\u1ed9 ph\u00e2n gi\u1ea3i 4K mang \u0111\u1ebfn tr\u1ea3i nghi\u1ec7m h\u00ecnh \u1ea3nh trong v\u1eaft nh\u01b0 pha l\u00ea.<\/p>\n<p>&#8211; B\u1ed9 x\u1eed l\u00fd \u03b15 Gen5 AI 4K th\u00f4ng qua vi\u1ec7c t\u1ed1i \u01b0u kh\u1ea3 n\u0103ng hi\u1ec3n th\u1ecb h\u00ecnh \u1ea3nh, m\u00e0u s\u1eafc chi ti\u1ebft t\u1ea1o n\u00ean tr\u1ea3i nghi\u1ec7m xem ng\u1eadp tr\u00e0n \u0111\u1ea7y ch\u00e2n th\u1ef1c.<br \/>\n&#8211; C\u00f4ng ngh\u1ec7 HLG, HDR10 v\u00e0 HDR Dynamic Tone Mapping cho n\u1ed9i dung \u0111\u1ea1t \u0111\u1ed9 t\u01b0\u01a1ng ph\u1ea3n cao, m\u00e0u s\u1eafc sinh \u0111\u1ed9ng, c\u00e1c chi ti\u1ebft trong v\u00f9ng s\u00e1ng v\u00e0 t\u1ed1i \u1edf c\u00f9ng m\u1ed9t khung h\u00ecnh \u0111\u01b0\u1ee3c th\u1ec3 hi\u1ec7n \u0111\u1ea7y \u0111\u1ee7.<\/p>\n<p>&#8211; C\u00f4ng ngh\u1ec7 4K AI Upscaling n\u00e2ng c\u1ea5p khung h\u00ecnh l\u00ean g\u1ea7n chu\u1ea9n 4K cho b\u1ea1n \u0111\u01b0\u1ee3c th\u01b0\u1edfng th\u1ee9c n\u1ed9i dung s\u1eafc n\u00e9t trong t\u1eebng kho\u1ea3nh kh\u1eafc.<\/p>\n<p>&#8211; Theo d\u00f5i b\u1ed9 phim \u0111i\u1ec7n \u1ea3nh theo g\u00f3c nh\u00ecn c\u1ee7a \u0111\u1ea1o di\u1ec5n khi k\u00edch ho\u1ea1t ch\u1ebf \u0111\u1ed9 l\u00e0m phim FilmMaker Mode.<\/p>\n<p>&#8211; T\u1eadn h\u01b0\u1edfng ch\u01a1i game m\u01b0\u1ee3t m\u00e0, chinh ph\u1ee5c m\u1ecdi th\u1eed th\u00e1ch v\u1edbi ch\u1ebf \u0111\u1ed9 game HGIG v\u00e0 c\u00f4ng ngh\u1ec7 Auto Low Latency Mode (ALLM).<\/p>\n<p>M\u1eddi b\u1ea1n xem th\u00eam: Nh\u1eefng \u0111\u1ed9 ph\u00e2n gi\u1ea3i m\u00e0n h\u00ecnh ph\u1ed5 bi\u1ebfn hi\u1ec7n nay tr\u00ean tivi<\/p>\n<p>C\u00f4ng ngh\u1ec7 \u00e2m thanh<br \/>\n&#8211; Smart tivi trang b\u1ecb 2 loa, t\u1ed5ng c\u00f4ng su\u1ea5t 20W.<\/p>\n<p>&#8211; C\u00f4ng ngh\u1ec7 AI Sound (Virtual 5.1 Up-mix) v\u1edbi tr\u00ed tu\u1ec7 nh\u00e2n t\u1ea1o Al tr\u1ed9n \u00e2m thanh 2 k\u00eanh m\u00f4 ph\u1ecfng n\u00ean \u00e2m v\u00f2m 5.1 gi\u00fap n\u00e2ng cao ch\u1ea5t l\u01b0\u1ee3ng \u00e2m thanh cho b\u1ea1n xem c\u00e1c n\u1ed9i dung th\u00eam h\u1ea5p d\u1eabn, l\u00f4i cu\u1ed1n.<\/p>\n<p>&#8211; C\u00f4ng ngh\u1ec7 AI Acoustic Tuning ph\u1ed1i h\u1ee3p v\u1edbi Magic Remote nh\u1eadn bi\u1ebft k\u00edch c\u1ee1 c\u1ee7a c\u0103n ph\u00f2ng, n\u01a1i s\u1eafp \u0111\u1eb7t tivi v\u00e0 ch\u1ed7 b\u1ea1n ng\u1ed3i \u0111\u1ec3 t\u1eeb \u0111\u00f3 \u0111i\u1ec1u ch\u1ec9nh, c\u00e2n b\u1eb1ng ch\u1ea5t \u00e2m sao cho t\u01b0\u01a1ng th\u00edch v\u1edbi kh\u00f4ng gian \u0111\u1ec3 mang \u0111\u1ebfn tr\u1ea3i nghi\u1ec7m nghe tuy\u1ec7t v<\/p>\n<div style=\"width: 1600px;\" class=\"wp-video\"><video class=\"wp-video-shortcode\" id=\"video-28651-1\" width=\"1600\" height=\"1000\" preload=\"metadata\" controls=\"controls\"><source type=\"video\/webm\" src=\"https:\/\/dienmaytuandat.com\/wp-content\/uploads\/2024\/07\/tv-uhd-04-a5gen5-ai-processor-desktop.webm?_=1\" \/><a href=\"https:\/\/dienmaytuandat.com\/wp-content\/uploads\/2024\/07\/tv-uhd-04-a5gen5-ai-processor-desktop.webm\">https:\/\/dienmaytuandat.com\/wp-content\/uploads\/2024\/07\/tv-uhd-04-a5gen5-ai-processor-desktop.webm<\/a><\/video><\/div>\n<p>\u1eddi h\u01a1n.<\/p>\n<p>&#8211; Ch\u1ebf \u0111\u1ed9 l\u1ecdc tho\u1ea1i gi\u00fap l\u1ecdc nhi\u1ec5u \u0111\u1ec3 gi\u1ecdng n\u00f3i t\u1eeb ch\u1ee7 th\u1ec3 trong c\u00e1c n\u1ed9i dung phim \u1ea3nh, tin t\u1ee9c \u0111\u01b0\u1ee3c truy\u1ec1n \u0111\u1ea1t \u0111\u1ebfn ng\u01b0\u1eddi nghe r\u00f5 r\u00e0ng h\u01a1n.<br \/>\nH\u1ec7 \u0111i\u1ec1u h\u00e0nh<\/p>\n<p>&#8211; Giao di\u1ec7n h\u1ec7 \u0111i\u1ec1u h\u00e0nh webOS 22 thi\u1ebft k\u1ebf tr\u1ef1c quan, c\u00e1c n\u1ed9i dung d\u1ec5 d\u00e0ng t\u00ecm ki\u1ebfm v\u00e0 truy c\u1eadp.<\/p>\n<p>&#8211; Cung c\u1ea5p h\u00e0ng lo\u1ea1t \u1ee9ng d\u1ee5ng \u0111\u01b0\u1ee3c s\u1eed d\u1ee5ng r\u1ed9ng r\u00e3i nh\u01b0 YouTube, Netflix, FPT Play, Galaxy Play (Fim+), VieON,\u2026 cho b\u1ea1n th\u1ecfa s\u1ee9c l\u1ef1a ch\u1ecdn v\u00e0 t\u1eadn h\u01b0\u1edfng theo \u00fd mu\u1ed1n.<\/p>\n<p>Xem th\u00eam: C\u00e1ch xem phim b\u1eb1ng tr\u00ecnh duy\u1ec7t web tr\u00ean tivi<\/p>\n<p><img decoding=\"async\" class=\" wp-image-28747 aligncenter\" src=\"https:\/\/dienmaytuandat.com\/wp-content\/uploads\/2024\/07\/tv-uhd-09-cinema-desktop-369x300.webp\" alt=\"\" width=\"382\" height=\"310\" \/><\/p>\n<p>Ti\u1ec7n \u00edch<br \/>\n&#8211; Magic Remote t\u00edch h\u1ee3p micro t\u00ecm ki\u1ebfm b\u1eb1ng gi\u1ecdng n\u00f3i v\u00e0 AI ThinQ gi\u00fap tivi LG tr\u1edf th\u00e0nh m\u1ed9t tr\u1ea3i nghi\u1ec7m th\u00f4ng minh v\u00e0 ti\u1ec7n l\u1ee3i \u0111\u00edch th\u1ef1c cho m\u1ecdi ng\u01b0\u1eddi d\u00f9ng.<\/p>\n<p>&#8211; H\u1ed7 tr\u1ee3 t\u00ednh n\u0103ng nh\u1eadn di\u1ec7n m\u1ec7nh l\u1ec7nh gi\u1ecdng n\u00f3i v\u00e0 Google Assistant h\u1ed7 tr\u1ee3 ti\u1ebfng Vi\u1ec7t gi\u00fap b\u1ea1n \u0111i\u1ec1u khi\u1ec3n b\u1eb1ng gi\u1ecdng n\u00f3i linh ho\u1ea1t.<\/p>\n<p>&#8211; T\u00ednh n\u0103ng AirPlay 2 (iPhone) gi\u00fap tr\u00ecnh chi\u1ebfu m\u00e0n h\u00ecnh \u0111i\u1ec7n tho\u1ea1i l\u00ean smart tivi LG cho b\u1ea1n theo d\u00f5i c\u00e1c video, h\u00ecnh \u1ea3nh to r\u00f5 h\u01a1n.<\/p>\n<p>Xem th\u00eam: 9 c\u00e1ch k\u1ebft n\u1ed1i \u0111i\u1ec7n tho\u1ea1i Android v\u1edbi tivi LG \u0111\u01a1n gi\u1ea3n, hi\u1ec7u qu\u1ea3 nh\u1ea5t<\/p>\n","protected":false},"excerpt":{"rendered":"<ul>\n<li>\u0110\u1eb7c \u0111i\u1ec3m n\u1ed5i b\u1eadt<\/li>\n<li>Tivi 4K UHD hi\u1ec7n th\u1ecb r\u00f5 n\u00e9t, ch\u00e2n th\u1eadt.<\/li>\n<li>M\u00e0n h\u00ecnh 43 inch ph\u00f9 h\u1ee3p kh\u00f4ng gian ph\u00f2ng ng\u1ee7.<\/li>\n<li>B\u1ed9 x\u1eed l\u00fd AI \u03b15 th\u1ebf h\u1ec7 5 n\u00e2ng cao tr\u1ea3i nghi\u1ec7m.<\/li>\n<li>\u0110\u1ed9 s\u00e1ng \u0111\u01b0\u1ee3c \u0111i\u1ec1u ch\u1ec9nh \u0111\u1ec3 t\u0103ng c\u01b0\u1eddng m\u00e0u s\u1eafc v\u00e0 r\u00f5 n\u00e9t v\u1edbi HDR10.<\/li>\n<li>C\u00f9ng Filmmaker Mode th\u01b0\u1edfng th\u1ee9c nh\u1eefng b\u1ed9 phim y\u00eau th\u00edch c\u1ee7a b\u1ea1n.<\/li>\n<\/ul>\n","protected":false},"featured_media":28569,"comment_status":"open","ping_status":"closed","template":"","meta":[],"product_brand":[],"product_cat":[32],"product_tag":[],"class_list":{"0":"post-28651","1":"product","2":"type-product","3":"status-publish","4":"has-post-thumbnail","6":"product_cat-tv","8":"first","9":"instock","10":"taxable","11":"shipping-taxable","12":"product-type-simple"},"_links":{"self":[{"href":"https:\/\/dienmaytuandat.com\/index.php\/wp-json\/wp\/v2\/product\/28651","targetHints":{"allow":["GET"]}}],"collection":[{"href":"https:\/\/dienmaytuandat.com\/index.php\/wp-json\/wp\/v2\/product"}],"about":[{"href":"https:\/\/dienmaytuandat.com\/index.php\/wp-json\/wp\/v2\/types\/product"}],"replies":[{"embeddable":true,"href":"https:\/\/dienmaytuandat.com\/index.php\/wp-json\/wp\/v2\/comments?post=28651"}],"version-history":[{"count":0,"href":"https:\/\/dienmaytuandat.com\/index.php\/wp-json\/wp\/v2\/product\/28651\/revisions"}],"wp:featuredmedia":[{"embeddable":true,"href":"https:\/\/dienmaytuandat.com\/index.php\/wp-json\/wp\/v2\/media\/28569"}],"wp:attachment":[{"href":"https:\/\/dienmaytuandat.com\/index.php\/wp-json\/wp\/v2\/media?parent=28651"}],"wp:term":[{"taxonomy":"product_brand","embeddable":true,"href":"https:\/\/dienmaytuandat.com\/index.php\/wp-json\/wp\/v2\/product_brand?post=28651"},{"taxonomy":"product_cat","embeddable":true,"href":"https:\/\/dienmaytuandat.com\/index.php\/wp-json\/wp\/v2\/product_cat?post=28651"},{"taxonomy":"product_tag","embeddable":true,"href":"https:\/\/dienmaytuandat.com\/index.php\/wp-json\/wp\/v2\/product_tag?post=28651"}],"curies":[{"name":"wp","href":"https:\/\/api.w.org\/{rel}","templated":true}]}}