{"id":28656,"date":"2024-07-14T10:14:55","date_gmt":"2024-07-14T10:14:55","guid":{"rendered":"https:\/\/dienmaytuandat.com\/?post_type=product&#038;p=28656"},"modified":"2024-07-15T01:35:36","modified_gmt":"2024-07-15T01:35:36","slug":"google-tivi-sony-4k-55-inch-kd-55x75k","status":"publish","type":"product","link":"https:\/\/dienmaytuandat.com\/index.php\/san-pham\/google-tivi-sony-4k-55-inch-kd-55x75k\/","title":{"rendered":"Google Tivi Sony 4K 55 inch KD-55X75K"},"content":{"rendered":"<p>T\u1ed5ng quan thi\u1ebft k\u1ebf<br \/>\n&#8211; Google Tivi Sony 4K 55 inch KD-55X75K c\u00f3 v\u1ebb ngo\u00e0i t\u1ed1i gi\u1ea3n, sang tr\u1ecdng, \u0111\u01b0\u1eddng vi\u1ec1n m\u00e0u \u0111en l\u00e0m n\u1ed5i b\u1eadt c\u00e1c n\u1ed9i dung tr\u00ecnh chi\u1ebfu tr\u00ean m\u00e0n h\u00ecnh, cho b\u1ea1n t\u1eadp trung t\u1eadn h\u01b0\u1edfng gi\u1ea3i tr\u00ed h\u1ea5p d\u1eabn.<\/p>\n<p>&#8211; C\u00f3 th\u1ec3 b\u1ed1 tr\u00ed theo ki\u1ec3u treo t\u01b0\u1eddng ho\u1eb7c \u0111\u1ec3 b\u00e0n, tivi \u0111i k\u00e8m ch\u00e2n \u0111\u1ebf d\u1ea1ng ch\u1eef V \u00fap ng\u01b0\u1ee3c, ch\u1ea5t li\u1ec7u nh\u1ef1a t\u1ed1t b\u1ec1n ch\u1eafc, \u0111\u1eb7t tivi th\u0103ng b\u1eb1ng tr\u00ean k\u1ec7 t\u1ee7.<\/p>\n<p>&#8211; M\u00e0n h\u00ecnh 55 inch, ph\u00f9 h\u1ee3p s\u1eed d\u1ee5ng trong nhi\u1ec1u kh\u00f4ng gian kh\u00e1c nhau nh\u01b0 ph\u00f2ng kh\u00e1ch, ph\u00f2ng ng\u1ee7 gia \u0111\u00ecnh \u0111\u1ebfn ph\u00f2ng h\u1ed9i ngh\u1ecb c\u1ee7a c\u00f4ng ty.<img fetchpriority=\"high\" decoding=\"async\" class=\"wp-image-28663 aligncenter\" src=\"https:\/\/dienmaytuandat.com\/wp-content\/uploads\/2024\/07\/google-sony-4k-55-inch-kd-55x75k-020422-052324-400x224.jpg\" alt=\"\" width=\"383\" height=\"215\" \/><\/p>\n<p>C\u00f4ng ngh\u1ec7 h\u00ecnh \u1ea3nh<br \/>\n&#8211; \u0110\u1ed9 ph\u00e2n gi\u1ea3i 4K v\u1edbi m\u1eadt \u0111\u1ed9 \u0111i\u1ec3m \u1ea3nh cao gi\u00fap t\u00e1i hi\u1ec7n c\u00e1c th\u01b0\u1edbc phim chi ti\u1ebft, s\u1ed1ng \u0111\u1ed9ng.<\/p>\n<p>&#8211; B\u1ed9 x\u1eed l\u00fd X1 4K HDR x\u1eed l\u00fd h\u00ecnh \u1ea3nh tinh vi, gi\u1ea3m nhi\u1ec5u, gi\u1ea3m m\u1edd, t\u0103ng \u0111\u1ed9 chi ti\u1ebft cho b\u1ea1n \u0111\u01b0\u1ee3c th\u01b0\u1edfng th\u1ee9c khung h\u00ecnh ch\u1ea5t l\u01b0\u1ee3ng cao, h\u00ecnh \u1ea3nh r\u00f5 \u0111\u1eb9p, cu\u1ed1n h\u00fat.<\/p>\n<p>&#8211; Motionflow XR 200 t\u1ea1o v\u00e0 b\u1ed5 sung th\u00eam khung h\u00ecnh v\u00e0o n\u1ed9i dung ban \u0111\u1ea7u \u0111\u1ec3 nh\u1eefng c\u1ea3nh quay chuy\u1ec3n \u0111\u1ed9ng tr\u00f4ng m\u01b0\u1ee3t m\u00e0, s\u1eafc n\u00e9t h\u01a1n.<\/p>\n<p>M\u1eddi b\u1ea1n xem th\u00eam: Nh\u1eefng \u0111\u1ed9 ph\u00e2n gi\u1ea3i m\u00e0n h\u00ecnh ph\u1ed5 bi\u1ebfn hi\u1ec7n nay tr\u00ean tivi<\/p>\n<p><img decoding=\"async\" class=\"size-medium wp-image-28664 aligncenter\" src=\"https:\/\/dienmaytuandat.com\/wp-content\/uploads\/2024\/07\/google-sony-4k-55-inch-kd-55x75k-280622-102327-400x224.gif\" alt=\"\" width=\"400\" height=\"224\" \/><\/p>\n<p>&nbsp;<\/p>\n<p>C\u00f4ng ngh\u1ec7 \u00e2m thanh<br \/>\n&#8211; S-Force Front Surround mang \u0111\u1ebfn tr\u1ea3i nghi\u1ec7m nh\u01b0 \u1edf r\u1ea1p h\u00e1t \u0111\u00edch th\u1ef1c v\u1edbi ch\u1ea5t \u00e2m \u0111a chi\u1ec1u bao tr\u00f9m kh\u00f4ng gian.<\/p>\n<p>&#8211; C\u00f4ng ngh\u1ec7 DTS Digital Surround gi\u1ea3i m\u00e3 \u00e2m thanh v\u00f2m v\u1edbi ch\u1ea5t l\u01b0\u1ee3ng v\u01b0\u1ee3t xa ch\u1ea5t l\u01b0\u1ee3ng \u00e2m thanh c\u1ee7a \u0111\u0129a CD th\u00f4ng th\u01b0\u1eddng, cho b\u1ea1n nghe nh\u1ea1c ho\u1eb7c xem phim l\u00f4i cu\u1ed1n, \u1ea5n t\u01b0\u1ee3ng h\u01a1n.<\/p>\n<p>&#8211; S-Master Digital Amplifier khu\u1ebfch \u0111\u1ea1i \u00e2m thanh \u0111\u1ed3ng th\u1eddi lo\u1ea1i b\u1ecf ti\u1ebfng \u1ed3n, \u0111\u1ed9 nhi\u1ec5u \u0111\u1ec3 b\u1ea1n \u0111\u01b0\u1ee3c tr\u1ea3i nghi\u1ec7m \u00e2m thanh m\u1ea1nh m\u1ebd, trong tr\u1ebbo.<img decoding=\"async\" class=\"size-medium wp-image-28665 aligncenter\" src=\"https:\/\/dienmaytuandat.com\/wp-content\/uploads\/2024\/07\/google-sony-4k-55-inch-kd-55x75k-220722-075716-400x223.jpg\" alt=\"\" width=\"400\" height=\"223\" \/><\/p>\n<p>&nbsp;<\/p>\n<p>H\u1ec7 \u0111i\u1ec1u h\u00e0nh<br \/>\n&#8211; Tivi Sony s\u1eed d\u1ee5ng h\u1ec7 \u0111i\u1ec1u h\u00e0nh Google TV c\u00f3 giao di\u1ec7n g\u1ecdn g\u00e0ng, thi\u1ebft k\u1ebf cho ph\u00e9p b\u1ea1n d\u1ec5 d\u00e0ng t\u00ecm ki\u1ebfm v\u00e0 truy c\u1eadp v\u00e0o c\u00e1c n\u1ed9i dung y\u00eau th\u00edch.<\/p>\n<p>&#8211; T\u00edch h\u1ee3p kho \u1ee9ng d\u1ee5ng \u0111a d\u1ea1ng v\u1edbi nhi\u1ec1u \u1ee9ng d\u1ee5ng quen thu\u1ed9c nh\u01b0 Youtube, Netflix, VieON, Galaxy Play (Fim+), FPT Play,&#8230;<\/p>\n<p>Xem th\u00eam: C\u00e1ch xem phim b\u1eb1ng tr\u00ecnh duy\u1ec7t web tr\u00ean tivi<\/p>\n<p><img loading=\"lazy\" decoding=\"async\" class=\"wp-image-28666 aligncenter\" src=\"https:\/\/dienmaytuandat.com\/wp-content\/uploads\/2024\/07\/google-sony-4k-55-inch-kd-55x75k-020422-052330-400x224.jpg\" alt=\"\" width=\"405\" height=\"227\" \/><\/p>\n<p>Ti\u1ec7n \u00edch<br \/>\n&#8211; H\u1ed7 tr\u1ee3 tr\u1ee3 l\u00fd gi\u1ecdng n\u00f3i Google Assistant c\u00f3 ti\u1ebfng Vi\u1ec7t cho b\u1ea1n \u0111i\u1ec1u khi\u1ec3n tivi b\u1eb1ng gi\u1ecdng n\u00f3i linh ho\u1ea1t.<\/p>\n<p>&#8211; T\u00ednh n\u0103ng Chromecast chi\u1ebfu m\u00e0n h\u00ecnh \u0111i\u1ec7n tho\u1ea1i l\u00ean m\u00e0n h\u00ecnh l\u1edbn c\u1ee7a Google Tivi Sony d\u1ec5 d\u00e0ng, t\u1eeb \u0111\u00f3 ng\u01b0\u1eddi d\u00f9ng c\u00f3 th\u1ec3 th\u01b0\u1edfng th\u1ee9c c\u00e1c h\u00ecnh \u1ea3nh, video, xem t\u00e0i li\u1ec7u trong \u0111i\u1ec7n tho\u1ea1i tho\u1ea3i m\u00e1i, r\u00f5 r\u00e0ng h\u01a1n.<\/p>\n<p><img loading=\"lazy\" decoding=\"async\" class=\"size-medium wp-image-28668 aligncenter\" src=\"https:\/\/dienmaytuandat.com\/wp-content\/uploads\/2024\/07\/google-sony-4k-55-inch-kd-55x75k-220722-075720-400x223.jpg\" alt=\"\" width=\"400\" height=\"223\" \/><\/p>\n<p>&#8211; Ngo\u00e0i remote, b\u1ea1n c\u00f2n c\u00f3 th\u1ec3 c\u00e0i \u0111\u1eb7t \u1ee9ng d\u1ee5ng Android TV v\u00e0o thi\u1ebft b\u1ecb di \u0111\u1ed9ng c\u1ee7a m\u00ecnh v\u00e0 \u0111i\u1ec1u khi\u1ec3n Google Tivi t\u1eeb xa \u0111\u01a1n gi\u1ea3n.<\/p>\n<p>&#8211; C\u00f3 remote th\u00f4ng minh thi\u1ebft k\u1ebf g\u1ecdn nh\u1eb9, c\u00e1c ph\u00edm b\u1ea5m k\u00edch c\u1ee1 h\u1ee3p l\u00fd, thao t\u00e1c t\u00f9y ch\u1ec9nh ch\u1ee9c n\u0103ng d\u1ec5 d\u00e0ng. \u0110\u1eb7c bi\u1ec7t, remote c\u00f3 trang b\u1ecb micro \u0111\u1ec3 b\u1ea1n t\u00ecm ki\u1ebfm b\u1eb1ng gi\u1ecdng n\u00f3i thu\u1eadn ti\u1ec7n.<\/p>\n<p><img loading=\"lazy\" decoding=\"async\" class=\" wp-image-28669 aligncenter\" src=\"https:\/\/dienmaytuandat.com\/wp-content\/uploads\/2024\/07\/google-sony-4k-55-inch-kd-55x75k-220722-075718-400x223.jpg\" alt=\"\" width=\"459\" height=\"256\" \/><\/p>\n<p>&nbsp;<\/p>\n","protected":false},"excerpt":{"rendered":"<ul>\n<li>L\u1eafp \u0111\u1eb7t mi\u1ec5n ph\u00ed l\u00fac giao h\u00e0ng<\/li>\n<li>H\u01b0 g\u00ec \u0111\u1ed5i n\u1ea5y 12 th\u00e1ng t\u1eadn nh\u00e0 (mi\u1ec5n ph\u00ed th\u00e1ng \u0111\u1ea7u) Xem chi ti\u1ebft<\/li>\n<li>B\u1ea3o h\u00e0nh ch\u00ednh h\u00e3ng tivi 2 n\u0103m, c\u00f3 ng\u01b0\u1eddi \u0111\u1ebfn t\u1eadn nh\u00e0<\/li>\n<li>Th\u00f9ng tivi c\u00f3: S\u00e1ch h\u01b0\u1edbng d\u1eabn, Ch\u00e2n \u0111\u1ebf, Remote Sony<\/li>\n<li>B\u1ea3o h\u00e0nh Remote 1 n\u0103m<\/li>\n<\/ul>\n","protected":false},"featured_media":28674,"comment_status":"open","ping_status":"closed","template":"","meta":[],"product_brand":[],"product_cat":[32],"product_tag":[],"class_list":{"0":"post-28656","1":"product","2":"type-product","3":"status-publish","4":"has-post-thumbnail","6":"product_cat-tv","8":"first","9":"instock","10":"taxable","11":"shipping-taxable","12":"purchasable","13":"product-type-simple"},"_links":{"self":[{"href":"https:\/\/dienmaytuandat.com\/index.php\/wp-json\/wp\/v2\/product\/28656","targetHints":{"allow":["GET"]}}],"collection":[{"href":"https:\/\/dienmaytuandat.com\/index.php\/wp-json\/wp\/v2\/product"}],"about":[{"href":"https:\/\/dienmaytuandat.com\/index.php\/wp-json\/wp\/v2\/types\/product"}],"replies":[{"embeddable":true,"href":"https:\/\/dienmaytuandat.com\/index.php\/wp-json\/wp\/v2\/comments?post=28656"}],"version-history":[{"count":0,"href":"https:\/\/dienmaytuandat.com\/index.php\/wp-json\/wp\/v2\/product\/28656\/revisions"}],"wp:featuredmedia":[{"embeddable":true,"href":"https:\/\/dienmaytuandat.com\/index.php\/wp-json\/wp\/v2\/media\/28674"}],"wp:attachment":[{"href":"https:\/\/dienmaytuandat.com\/index.php\/wp-json\/wp\/v2\/media?parent=28656"}],"wp:term":[{"taxonomy":"product_brand","embeddable":true,"href":"https:\/\/dienmaytuandat.com\/index.php\/wp-json\/wp\/v2\/product_brand?post=28656"},{"taxonomy":"product_cat","embeddable":true,"href":"https:\/\/dienmaytuandat.com\/index.php\/wp-json\/wp\/v2\/product_cat?post=28656"},{"taxonomy":"product_tag","embeddable":true,"href":"https:\/\/dienmaytuandat.com\/index.php\/wp-json\/wp\/v2\/product_tag?post=28656"}],"curies":[{"name":"wp","href":"https:\/\/api.w.org\/{rel}","templated":true}]}}