{"id":28667,"date":"2024-07-14T09:20:30","date_gmt":"2024-07-14T09:20:30","guid":{"rendered":"https:\/\/dienmaytuandat.com\/?post_type=product&#038;p=28667"},"modified":"2024-10-22T08:18:12","modified_gmt":"2024-10-22T08:18:12","slug":"may-lam-mat-khong-khi-aqua-cc86","status":"publish","type":"product","link":"https:\/\/dienmaytuandat.com\/index.php\/san-pham\/may-lam-mat-khong-khi-aqua-cc86\/","title":{"rendered":"M\u00e1y l\u00e0m m\u00e1t kh\u00f4ng kh\u00ed AQUA CC86"},"content":{"rendered":"","protected":false},"excerpt":{"rendered":"<p><strong>\u00a0 \u0110\u1eb6C \u0110I\u1ec2M N\u1ed4I B\u1eacT<\/strong><\/p>\n<p>\u0111i\u1ec1u khi\u1ec3n b\u1eb1ng c\u01a1 v\u1edbi n\u00fat v\u1eb7n xoay th\u1ea9m m\u0129<\/p>\n<p>ph\u00f9 h\u1ee3p v\u1edbi kh\u00f4ng gia l\u1edbn t\u1eeb 35 &#8211; 65 m2<\/p>\n<p>l\u01b0u l\u01b0\u1ee3ng gi\u00f3 8000m3\/gi\u1edd<\/p>\n<p>th\u00f9ng n\u01b0\u1edbc l\u1edbn 40 l\u00edt<\/p>\n<p>c\u00f3 hai h\u1ed9p \u0111\u00e1 kh\u00f4 \u0111i k\u00e8m<\/p>\n","protected":false},"featured_media":28729,"comment_status":"open","ping_status":"closed","template":"","meta":[],"product_brand":[],"product_cat":[42],"product_tag":[],"class_list":{"0":"post-28667","1":"product","2":"type-product","3":"status-publish","4":"has-post-thumbnail","6":"product_cat-may-lam-mat","8":"first","9":"instock","10":"sale","11":"taxable","12":"shipping-taxable","13":"purchasable","14":"product-type-simple"},"_links":{"self":[{"href":"https:\/\/dienmaytuandat.com\/index.php\/wp-json\/wp\/v2\/product\/28667","targetHints":{"allow":["GET"]}}],"collection":[{"href":"https:\/\/dienmaytuandat.com\/index.php\/wp-json\/wp\/v2\/product"}],"about":[{"href":"https:\/\/dienmaytuandat.com\/index.php\/wp-json\/wp\/v2\/types\/product"}],"replies":[{"embeddable":true,"href":"https:\/\/dienmaytuandat.com\/index.php\/wp-json\/wp\/v2\/comments?post=28667"}],"version-history":[{"count":2,"href":"https:\/\/dienmaytuandat.com\/index.php\/wp-json\/wp\/v2\/product\/28667\/revisions"}],"predecessor-version":[{"id":30617,"href":"https:\/\/dienmaytuandat.com\/index.php\/wp-json\/wp\/v2\/product\/28667\/revisions\/30617"}],"wp:featuredmedia":[{"embeddable":true,"href":"https:\/\/dienmaytuandat.com\/index.php\/wp-json\/wp\/v2\/media\/28729"}],"wp:attachment":[{"href":"https:\/\/dienmaytuandat.com\/index.php\/wp-json\/wp\/v2\/media?parent=28667"}],"wp:term":[{"taxonomy":"product_brand","embeddable":true,"href":"https:\/\/dienmaytuandat.com\/index.php\/wp-json\/wp\/v2\/product_brand?post=28667"},{"taxonomy":"product_cat","embeddable":true,"href":"https:\/\/dienmaytuandat.com\/index.php\/wp-json\/wp\/v2\/product_cat?post=28667"},{"taxonomy":"product_tag","embeddable":true,"href":"https:\/\/dienmaytuandat.com\/index.php\/wp-json\/wp\/v2\/product_tag?post=28667"}],"curies":[{"name":"wp","href":"https:\/\/api.w.org\/{rel}","templated":true}]}}