{"id":28749,"date":"2024-07-15T02:20:18","date_gmt":"2024-07-15T02:20:18","guid":{"rendered":"https:\/\/dienmaytuandat.com\/?post_type=product&#038;p=28749"},"modified":"2024-07-15T02:47:19","modified_gmt":"2024-07-15T02:47:19","slug":"loa-daiton-ts-10g250n","status":"publish","type":"product","link":"https:\/\/dienmaytuandat.com\/index.php\/san-pham\/loa-daiton-ts-10g250n\/","title":{"rendered":"Loa DaIton TS-10G250N"},"content":{"rendered":"<p>\u0110\u1eb6C \u0110I\u1ec2M N\u1ed4I B\u1eacT<br \/>\nB\u1ea1n \u0111ang t\u00ecm m\u1ed9t chi\u1ebfc loa k\u00e9o nh\u1ecf g\u1ecdn c\u00f4ng su\u1ea5t l\u1edbn h\u1ed7 tr\u1ee3 b\u00e1nh xe di chuy\u1ec3n nh\u1eb9 nh\u00e0ng? Loa karaoke Dalton TS-10G250N l\u00e0 s\u1ef1 l\u1ef1a ch\u1ecdn c\u1ef1c k\u1ef3 ho\u00e0n h\u1ea3o cho kh\u00f4ng gian nh\u1ecf nh\u1eafn \u1ea5m c\u00fang c\u1ee7a gia \u0111\u00ecnh b\u1ea1n.<\/p>\n<p>Loa Dalton TS-10G250N c\u00f3 thi\u1ebft k\u1ebf g\u1ecdn nh\u1eb9, hi\u1ec7n \u0111\u1ea1i, \u0111\u00e1p \u1ee9ng nhu c\u1ea7u ca h\u00e1t m\u1ecdi l\u00fac, m\u1ecdi n\u01a1i. \u0110\u01b0\u1ee3c trang b\u1ecb tay k\u00e9o v\u00e0 h\u1ec7 th\u1ed1ng b\u00e1nh xe gi\u00fap cho loa c\u00f3 t\u00ednh di \u0111\u1ed9ng cao h\u01a1n<\/p>\n<p>K\u1ebft n\u1ed1i \u0111\u1ea7y \u0111\u1ee7 th\u00f4ng qua c\u00e1c h\u00ecnh th\u1ee9c k\u1ebft n\u1ed1i g\u1ed3m: Bluetooth, th\u1ebb nh\u1edb SD, USB, \u0111\u00e0i FM, jack c\u1eafm b\u00f4ng sen\u2026H\u1ed7 tr\u1ee3 gh\u00e9p n\u1ed1i d\u1ec5 d\u00e0ng v\u1edbi c\u00e1c thi\u1ebft b\u1ecb th\u00f4ng minh nh\u01b0 \u0111i\u1ec7n tho\u1ea1i, laptop, m\u00e1y t\u00ednh b\u1ea3ng, tivi \u2026<\/p>\n<p>TS-10G250N r\u1ea5t ph\u00f9 h\u1ee3p v\u1edbi c\u00e1c b\u1eefa ti\u1ec7c, picnic, ca h\u00e1t karaoke t\u1eeb trong nh\u00e0 cho \u0111\u1ebfn ngo\u00e0i tr\u1eddi.<br \/>\n\u0110I K\u00c8M MICRO KH\u00d4NG D\u00c2Y<br \/>\nLoa Dalton TS-10G250N \u0111i k\u00e8m l\u00e0 02 micro kh\u00f4ng d\u00e2y s\u00f3ng UHF. Vi\u1ec7c s\u1eed d\u1ee5ng t\u1ea7n s\u1ed1 UHF gi\u00fap cho vi\u1ec7c k\u1ebft n\u1ed1i v\u00e0 truy\u1ec1n t\u00edn hi\u1ec7u micro \u0111\u01b0\u1ee3c chu\u1ea9n v\u00e0 m\u1ea1nh m\u1ebd h\u01a1n.<\/p>\n<p>\u0110\u1eb7c bi\u1ec7t micro kh\u00f4ng d\u00e2y c\u00f3 kh\u1ea3 n\u0103ng ch\u1ec9nh \u0111\u01b0\u1ee3c 16 t\u1ea7n s\u1ed1 k\u1ebft n\u1ed1i, vi\u1ec7c n\u00e0y gi\u00fap cho loa tr\u00e1nh tr\u01b0\u1eddng h\u1ee3p tr\u00f9ng l\u1eb7p t\u1ea7n s\u1ed1 micro v\u1edbi c\u00e1c loa kh\u00e1c \u1edf g\u1ea7n.<\/p>\n<p>THI\u1ebeT K\u1ebe CH\u1eaeC CH\u1eaeN<br \/>\nTrong s\u1ed1 b\u1ed9 s\u01b0u t\u1eadp loa karaoke c\u1ee7a Dalton, TS-10G250N l\u00e0 s\u1ef1 k\u1ebft h\u1ee3p ho\u00e0n h\u1ea3o gi\u1eefa n\u00e9t hi\u1ec7n \u0111\u1ea1i b\u1edfi thi\u1ebft k\u1ebf g\u1ecdn nh\u1eb9 v\u00e0 c\u1ed5 \u0111i\u1ec3n \u0111\u1eb7c tr\u01b0ng cho d\u00f2ng loa k\u00e9o d\u1ea1ng th\u00f9ng v\u00e0 c\u00f3 h\u1ed7 tr\u1ee3 b\u00e1nh xe k\u00e9o di chuy\u1ec3n m\u1ed9t c\u00e1ch nh\u1eb9 nh\u00e0ng.<\/p>\n<p>Loa \u0111\u01b0\u1ee3c thi\u1ebft k\u1ebf v\u1edbi th\u00e2n h\u00ecnh b\u1eb1ng ch\u1ea5t li\u1ec7u g\u1ed7 MDF s\u01a1n nh\u00e1m ch\u1ed1ng tr\u1ea7y hoa v\u0103n n\u1ed5i gi\u1ea3 v\u00e2n \u0111\u00e1 c\u1ef1c k\u1ef3 sang tr\u1ecdng. C\u00f9ng v\u1edbi \u0111\u00f3 l\u00e0 m\u1eb7t l\u01b0\u1edbi s\u1eaft s\u01a1n t\u0129nh \u0111i\u1ec7n gi\u00fap b\u1ea3o v\u1ec7 th\u00e0nh ph\u1ea7n b\u00ean trong loa v\u00e0 mang l\u1ea1i t\u00ednh th\u1ea9m m\u1ef9 cao cho loa TS-10G250N.<\/p>\n<p>M\u1eb7t l\u01b0\u1edbi loa thi\u1ebft k\u1ebf \u0111\u01a1n gi\u1ea3n v\u1edbi c\u00e1c h\u1ecda ti\u1ebft tr\u00ean l\u01b0\u1edbi, logo ch\u00ednh gi\u1eefa t\u1ea1o \u0111i\u1ec3m nh\u1ea5n gi\u00fap loa c\u00f3 s\u1ef1 c\u00e2n x\u1ee9ng ho\u00e0n m\u1ef9.<\/p>\n<p>Th\u00e2n h\u00ecnh loa \u0111\u01b0\u1ee3c thi\u1ebft k\u1ebf nh\u1ecf g\u1ecdn, t\u1ed5ng tr\u1ecdng l\u01b0\u1ee3ng loa ch\u1ec9 20 kg, v\u1edbi k\u00edch th\u01b0\u1edbc loa ch\u1ec9 cao 66.5 x ngang 33 x s\u00e2u 30 cm. V\u00e0 \u0111\u1ec3 h\u1ed7 tr\u1ee3 cho vi\u1ec7c di chuy\u1ec3n, loa \u0111\u01b0\u1ee3c trang b\u1ecb 4 b\u00e1nh xe c\u00f3 kh\u00f3a c\u00e0i k\u1ebft h\u1ee3p v\u1edbi hai tay n\u1eafm kho\u00e9t \u00e2m hai b\u00ean v\u1eeba th\u1ea9m m\u1ef9 m\u00e0 r\u1ea5t ti\u1ec7n l\u1ee3i cho vi\u1ec7c khi\u00eang nh\u1ea5c. T\u1eeb \u0111\u00f3, gi\u00fap cho ng\u01b0\u1eddi d\u00f9ng c\u00f3 th\u1ec3 x\u00e1ch ho\u1eb7c k\u00e9o \u0111\u1ec1u r\u1ea5t d\u1ec5 d\u00e0ng m\u00e0 kh\u00f4ng c\u1ea7n ph\u1ea3i t\u1ed1n qu\u00e1 nhi\u1ec1u s\u1ee9c.<\/p>\n<p>C\u00d4NG SU\u1ea4T M\u1ea0NH M\u1ebc<\/p>\n<p>Loa k\u00e9o Dalton TS-10G250N \u0111\u01b0\u1ee3c Dalton trang b\u1ecb h\u1ec7 th\u1ed1ng 2 loa: 1 loa bass 10 inches v\u00e0 1 loa treble 1 inch h\u1ecdng c\u00f2i. Loa bass v\u1edbi c\u1ee7 t\u1eeb l\u1edbn gi\u00fap \u0111em l\u1ea1i ti\u1ebfng tr\u1ea7m ch\u1eafc v\u00e0 g\u1ecdn, loa treble v\u1edbi thi\u1ebft k\u1ebf h\u1ecdng c\u00f2i gi\u00fap cho ti\u1ebfng ca trong tr\u1ebbo v\u00e0 lan t\u1ecfa v\u1edbi kh\u00f4ng gian r\u1ed9ng.<\/p>\n<p>Loa s\u1eed d\u1ee5ng m\u1ea1ch c\u00f4ng su\u1ea5t Class AB gi\u00fap loa c\u00f3 kh\u1ea3 n\u0103ng t\u00e1i t\u1ea1o \u00e2m thanh s\u1ed1ng \u0111\u1ed9ng, m\u1ea1nh m\u1ebd v\u00e0 chi ti\u1ebft. Loa \u0111\u1ea1t c\u00f4ng su\u1ea5t l\u00ean \u0111\u1ebfn 300W, r\u1ea5t ph\u00f9 h\u1ee3p cho c\u00e1c kh\u00f4ng gian 15 \u2013 30m2. D\u00f9 b\u1ea1n c\u00f3 h\u00e1t karaoke \u1edf trong nh\u00e0 hay ngo\u00e0i tr\u1eddi th\u00ec ch\u1ea5t \u00e2m c\u0169ng v\u00f4 c\u00f9ng \u1ea5n t\u01b0\u1ee3ng khi\u1ebfn b\u1ea1n ph\u1ea3i ng\u1ea1c nhi\u00ean. \u0110\u00e2y l\u00e0 chi\u1ebfc loa c\u00f3 th\u1ec3 ch\u01a1i t\u1ed1t m\u1ecdi lo\u1ea1i d\u00f2ng nh\u1ea1c kh\u00e1c nhau t\u1eeb Ballad, Jazz cho \u0111\u1ebfn Pop,\u2026 \u0110\u00e1p \u1ee9ng \u0111\u01b0\u1ee3c h\u1ea7u h\u1ebft nhu c\u1ea7u c\u0169ng nh\u01b0 m\u1ee5c \u0111\u00edch s\u1eed d\u1ee5ng c\u1ee7a ng\u01b0\u1eddi d\u00f9ng.<\/p>\n<p>\u0110I\u1ec0U CH\u1ec8NH \u00c2M THANH<br \/>\nC\u1ee5m tinh ch\u1ec9nh \u0111\u01b0\u1ee3c \u0111\u1eb7t ph\u00eda sau loa, \u0111\u01b0\u1ee3c thi\u1ebft k\u1ebf r\u1ea5t hi\u1ec7n \u0111\u1ea1i v\u00e0 d\u1ec5 s\u1eed d\u1ee5ng, b\u1ea1n c\u00f3 th\u1ec3 \u0111i\u1ec1u ch\u1ec9nh \u00e2m thanh c\u1ee7a loa, \u00e2m thanh c\u1ee7a micro, v\u00e0 \u0111i\u1ec1u ch\u1ec9nh echo, bass, treble ph\u00f9 h\u1ee3p v\u1edbi tone gi\u1ecdng c\u1ee7a m\u00ecnh nh\u01b0 m\u1ed9t d\u00e0n karaoke chuy\u00ean nghi\u1ec7p.<\/p>\n<p>\u0110\u1eb7c bi\u1ec7t m\u1ea1ch t\u1ea1o ti\u1ebfng vang ECHO \u0111\u01b0\u1ee3c s\u1eed d\u1ee5ng IC 65831P c\u1ee7a Nh\u1eadt n\u00ean ti\u1ebfng vang ECHO \u1ea5m v\u00e0 trong<\/p>\n<p>+ \u0110i\u1ec1u ch\u1ec9nh cho micro g\u1ed3m 3 n\u00fat: VOL MIC, TREBLE MIC v\u00e0 BASS MIC (volume, treble, bass)<\/p>\n<p>+ \u0110i\u1ec1u ch\u1ec9nh echo g\u1ed3m 2 n\u00fat: DELAY v\u00e0 ECHO<\/p>\n<p>+ \u0110i\u1ec1u ch\u1ec9nh nh\u1ea1c g\u1ed3m 3 n\u00fat: VOL MUSIC, TREBLE MUSIC v\u00e0 BASS MUSIC (volume, treble, bass)<\/p>\n<p>C\u00e1c n\u00fat ch\u1ec9nh \u0111\u01b0\u1ee3c k\u00fd hi\u1ec7u r\u00f5 r\u00e0ng cho b\u1ea1n d\u1ec5 d\u00e0ng quan s\u00e1t v\u00e0 t\u00f9y ch\u1ec9nh ch\u1ee9c n\u0103ng chu\u1ea9n x\u00e1c cho \u00e2m thanh c\u1ee7a loa v\u00e0 \u00e2m thanh micro ph\u00f9 h\u1ee3p nh\u1ea5t mang \u0111\u1ebfn s\u1ef1 ti\u1ec7n l\u1ee3i cho ng\u01b0\u1eddi s\u1eed d\u1ee5ng.<\/p>\n<p>KH\u1ea2 N\u0102NG K\u1ebeT N\u1ed0I<\/p>\n<p>Loa k\u00e9o Dalton TS-10G250N c\u00f3 th\u1ec3 k\u1ebft n\u1ed1i chu\u1ea9n Bluetooth 4.0. M\u00e0n h\u00ecnh LED hi\u1ec3n th\u1ecb k\u1ebft h\u1ee3p v\u1edbi c\u00e1c n\u00fat ch\u1ecdn ch\u1ee9c n\u0103ng s\u1eed d\u1ee5ng c\u1ee7a loa h\u1ed7 tr\u1ee3 cho ng\u01b0\u1eddi d\u00f9ng ti\u1ec7n l\u1ee3i h\u01a1n.<\/p>\n<p>C\u00e1c h\u00ecnh th\u1ee9c k\u1ebft n\u1ed1i kh\u00e1c m\u00e0 loa h\u1ed7 tr\u1ee3 l\u00e0: th\u1ebb nh\u1edb SD, USB, \u0111\u00e0i FM, jack c\u1eafm b\u00f4ng sen..<\/p>\n<p>TH\u1edcI GIAN S\u1eec D\u1ee4NG<br \/>\nLoa k\u00e9o Dalton TS-10G250N l\u00e0 loa k\u00e9o b\u00ecnh s\u1eed d\u1ee5ng b\u00ecnh Acquy 12V\/7.2Ah. Th\u1eddi gian s\u1ea1c kho\u1ea3ng 4 ti\u1ebfng l\u00e0 b\u1ea1n c\u00f3 th\u1ec3 tho\u1ea3i m\u00e1i ca h\u00e1t v\u00e0 nghe nh\u1ea1c t\u1eeb 3-4 ti\u1ebfng. B\u1ea1n c\u0169ng c\u00f3 th\u1ec3 v\u1eeba s\u1ea1c v\u1eeba s\u1eed d\u1ee5ng m\u00e0 kh\u00f4ng lo \u0111\u1ebfn tu\u1ed5i th\u1ecd c\u1ee7a b\u00ecnh.<\/p>\n<p>\u01afu \u0111i\u1ec3m n\u1ed5i b\u1eadt c\u1ee7a loa TS-10G250N l\u00e0 c\u00f3 c\u1ed5ng k\u1ebft n\u1ed1i DC 12V b\u00ean ngo\u00e0i nh\u1eb1m \u0111a d\u1ea1ng th\u00eam ph\u01b0\u01a1ng \u00e1n c\u1eafm ngu\u1ed3n cho loa.<\/p>\n","protected":false},"excerpt":{"rendered":"<p>C\u00f4ng su\u1ea5t: 300W<br \/>\nBass loa: 10 inches<br \/>\nK\u00edch th\u01b0\u1edbc: (60.5 x 33 x 30) cm<br \/>\nTr\u1ecdng l\u01b0\u1ee3ng: 20 kg<\/p>\n","protected":false},"featured_media":28750,"comment_status":"open","ping_status":"closed","template":"","meta":[],"product_brand":[],"product_cat":[112],"product_tag":[],"class_list":{"0":"post-28749","1":"product","2":"type-product","3":"status-publish","4":"has-post-thumbnail","6":"product_cat-loa","8":"first","9":"instock","10":"taxable","11":"shipping-taxable","12":"purchasable","13":"product-type-simple"},"_links":{"self":[{"href":"https:\/\/dienmaytuandat.com\/index.php\/wp-json\/wp\/v2\/product\/28749","targetHints":{"allow":["GET"]}}],"collection":[{"href":"https:\/\/dienmaytuandat.com\/index.php\/wp-json\/wp\/v2\/product"}],"about":[{"href":"https:\/\/dienmaytuandat.com\/index.php\/wp-json\/wp\/v2\/types\/product"}],"replies":[{"embeddable":true,"href":"https:\/\/dienmaytuandat.com\/index.php\/wp-json\/wp\/v2\/comments?post=28749"}],"version-history":[{"count":0,"href":"https:\/\/dienmaytuandat.com\/index.php\/wp-json\/wp\/v2\/product\/28749\/revisions"}],"wp:featuredmedia":[{"embeddable":true,"href":"https:\/\/dienmaytuandat.com\/index.php\/wp-json\/wp\/v2\/media\/28750"}],"wp:attachment":[{"href":"https:\/\/dienmaytuandat.com\/index.php\/wp-json\/wp\/v2\/media?parent=28749"}],"wp:term":[{"taxonomy":"product_brand","embeddable":true,"href":"https:\/\/dienmaytuandat.com\/index.php\/wp-json\/wp\/v2\/product_brand?post=28749"},{"taxonomy":"product_cat","embeddable":true,"href":"https:\/\/dienmaytuandat.com\/index.php\/wp-json\/wp\/v2\/product_cat?post=28749"},{"taxonomy":"product_tag","embeddable":true,"href":"https:\/\/dienmaytuandat.com\/index.php\/wp-json\/wp\/v2\/product_tag?post=28749"}],"curies":[{"name":"wp","href":"https:\/\/api.w.org\/{rel}","templated":true}]}}