{"id":28813,"date":"2024-07-15T11:26:34","date_gmt":"2024-07-15T11:26:34","guid":{"rendered":"https:\/\/dienmaytuandat.com\/?post_type=product&#038;p=28813"},"modified":"2024-07-15T11:29:08","modified_gmt":"2024-07-15T11:29:08","slug":"smart-tivi-samsung-4k-43-inch-ua43au7002","status":"publish","type":"product","link":"https:\/\/dienmaytuandat.com\/index.php\/san-pham\/smart-tivi-samsung-4k-43-inch-ua43au7002\/","title":{"rendered":"Smart Tivi Samsung 4K 43 inch UA43AU7002"},"content":{"rendered":"<p>T\u1ed5ng quan thi\u1ebft k\u1ebf<br \/>\n&#8211; Smart Tivi Samsung 4K 43 inch UA43AU7002 thi\u1ebft k\u1ebf tinh gi\u1ea3n m\u00e0 sang \u0111\u1eb9p, tinh t\u1ebf v\u1edbi m\u00e0n h\u00ecnh ph\u1eb3ng vi\u1ec1n m\u1ecfng 3 c\u1ea1nh, m\u1edf r\u1ed9ng khung h\u00ecnh tr\u1ea3i nghi\u1ec7m v\u00e0 n\u00e2ng cao th\u1ea9m m\u1ef9 c\u1ee7a kh\u00f4ng gian l\u1eafp \u0111\u1eb7t.<\/p>\n<p>&#8211; K\u00edch th\u01b0\u1edbc m\u00e0n h\u00ecnh 43 inch g\u1ecdn g\u00e0ng, ph\u00f9 h\u1ee3p b\u1ed1 tr\u00ed cho ph\u00f2ng kh\u00e1ch gia \u0111\u00ecnh, ph\u00f2ng ng\u1ee7 hay ph\u00f2ng h\u1ecdp nh\u1ecf,\u2026<\/p>\n<p>&#8211; Tivi s\u1eed d\u1ee5ng ch\u00e2n \u0111\u1ebf d\u1ea1ng ch\u1eef V \u00fap ng\u01b0\u1ee3c n\u00e2ng \u0111\u1ee1 ch\u1eafc ch\u1eafn m\u00e0n h\u00ecnh, d\u1ec5 d\u00e0ng \u0111\u1eb7t tr\u00ean k\u1ec7 t\u1ee7, kh\u00f4ng g\u00e2y v\u01b0\u1edbng. \u0110\u1ec3 ti\u1ebft ki\u1ec7m di\u1ec7n t\u00edch, b\u1ea1n c\u00f3 th\u1ec3 th\u00e1o r\u1eddi ch\u00e2n \u0111\u1ebf \u0111\u1ec3 l\u1eafp tivi ki\u1ec3u treo t\u01b0\u1eddng.<\/p>\n<p><img fetchpriority=\"high\" decoding=\"async\" class=\"size-medium wp-image-28814 aligncenter\" src=\"https:\/\/dienmaytuandat.com\/wp-content\/uploads\/2024\/07\/smart-samsung-4k-43-inch-ua43au7002-160522-023039-400x224.jpg\" alt=\"\" width=\"400\" height=\"224\" \/><\/p>\n<p>C\u00f4ng ngh\u1ec7 h\u00ecnh \u1ea3nh<br \/>\n&#8211; \u0110\u1ed9 ph\u00e2n gi\u1ea3i 4K (3.840 x 2.160) mang \u0111\u1ebfn h\u00ecnh \u1ea3nh s\u1eafc n\u00e9t g\u1ea5p 4 l\u1ea7n \u0111\u1ed9 ph\u00e2n gi\u1ea3i Full HD.<\/p>\n<p>&#8211; B\u1ed9 x\u1eed l\u00fd Crystal 4K t\u1ef1 \u0111\u1ed9ng tinh ch\u1ec9nh, t\u1ed1i \u01b0u t\u1ef7 l\u1ec7 t\u01b0\u01a1ng ph\u1ea3n v\u00e0 d\u1ea3i m\u00e0u r\u1ed9ng \u0111\u1ec3 h\u00ecnh \u1ea3nh hi\u1ec3n th\u1ecb t\u1ef1 nhi\u00ean, ho\u00e0n h\u1ea3o nh\u1ea5t.<\/p>\n<p>&#8211; C\u00f4ng ngh\u1ec7 HDR10+ c\u1ea3i ti\u1ebfn \u0111\u1ed9 s\u00e1ng hi\u1ec3n th\u1ecb khung h\u00ecnh, UHD Dimming gia t\u0103ng hi\u1ec3n th\u1ecb chi ti\u1ebft c\u1ee7a h\u00ecnh \u1ea3nh m\u00e0 kh\u00f4ng l\u00e0m thay \u0111\u1ed5i c\u00e1c \u0111\u1eb7c t\u00ednh g\u1ed1c c\u1ee7a h\u00ecnh \u0111\u1ec3 mang l\u1ea1i tr\u1ea3i nghi\u1ec7m h\u00ecnh \u1ea3nh hi\u1ec3n th\u1ecb l\u00f4i cu\u1ed1n h\u01a1n.<\/p>\n<p>&#8211; C\u00f4ng ngh\u1ec7 Contrast Enhancer t\u0103ng \u0111\u1ed9 t\u01b0\u01a1ng ph\u1ea3n, bao ph\u1ee7 l\u00ean m\u00e0n h\u00ecnh nhi\u1ec1u l\u1edbp s\u00e1ng t\u1ed1i cho m\u1ed7i v\u1eadt th\u1ec3, hi\u1ec3n th\u1ecb r\u00f5 n\u00e9t c\u00e1c chi ti\u1ebft \u1ea9n, cho c\u1ea3m nh\u1eadn ch\u00e2n th\u1ef1c v\u00e0 r\u00f5 r\u00e0ng h\u01a1n khi xem.<\/p>\n<p>&#8211; PurColor mang \u0111\u1ebfn h\u1ec7 m\u00e0u m\u1edf r\u1ed9ng \u0111\u1ec3 t\u00e1i t\u1ea1o m\u00e0u s\u1eafc r\u1ef1c r\u1ee1, sinh \u0111\u1ed9ng t\u1ef1a nh\u01b0 ngo\u00e0i \u0111\u1eddi th\u1ef1c.<\/p>\n<p>&#8211; Motion Xcelerator t\u1ef1 \u0111\u1ed9ng th\u00eam khung h\u00ecnh v\u00e0o n\u1ed9i dung ban \u0111\u1ea7u \u0111\u1ec3 c\u00e1c h\u00ecnh \u1ea3nh chuy\u1ec3n \u0111\u1ed9ng li\u1ec1n m\u1ea1ch h\u01a1n, r\u00f5 n\u00e9t, t\u1eadn h\u01b0\u1edfng m\u00e0n h\u00ecnh game, c\u00e1c tr\u1eadn \u0111\u1ea5u th\u1ec3 thao hay phim \u0111i\u1ec7n \u1ea3nh th\u00eam th\u1ecfa m\u00e3n.<\/p>\n<p>M\u1eddi b\u1ea1n xem th\u00eam: Nh\u1eefng \u0111\u1ed9 ph\u00e2n gi\u1ea3i m\u00e0n h\u00ecnh ph\u1ed5 bi\u1ebfn hi\u1ec7n nay tr\u00ean tivi<\/p>\n<p><img decoding=\"async\" class=\"size-medium wp-image-28643 aligncenter\" src=\"https:\/\/dienmaytuandat.com\/wp-content\/uploads\/2024\/07\/smart-tivi-samsung-4k-75-inch-ua75au7700kxxv-PurColor-400x240.webp\" alt=\"\" width=\"400\" height=\"240\" \/><\/p>\n<p>C\u00f4ng ngh\u1ec7 \u00e2m thanh<br \/>\n&#8211; C\u00f4ng ngh\u1ec7 Adaptive Sound t\u1ed1i \u01b0u \u00e2m thanh theo t\u1eebng th\u1ec3 lo\u1ea1i n\u1ed9i dung m\u00e0 tivi \u0111ang ph\u00e1t v\u00e0 theo m\u00f4i tr\u01b0\u1eddng \u0111ang xem \u0111\u1ec3 b\u1ea1n \u0111\u01b0\u1ee3c tr\u1ea3i nghi\u1ec7m \u00e2m thanh t\u1ed1t nh\u1ea5t c\u00f9ng c\u1ea3m th\u1ee5 tr\u1ecdn v\u1eb9n n\u1ed9i dung truy\u1ec1n t\u1ea3i.<\/p>\n<p>&#8211; Tivi Samsung trang b\u1ecb loa t\u1ed5ng c\u00f4ng su\u1ea5t 20W cho \u00e2m thanh s\u1ed1ng \u0111\u1ed9ng, t\u0103ng c\u01b0\u1eddng hi\u1ec7u \u1ee9ng lan t\u1ecfa khi k\u1ebft h\u1ee3p v\u1edbi loa thanh Samsung qua c\u00f4ng ngh\u1ec7 Q-Symphony, ki\u1ebfn t\u1ea1o kh\u00f4ng gian gi\u1ea3i tr\u00ed b\u00f9ng n\u1ed5.<\/p>\n<p><img decoding=\"async\" class=\"size-medium wp-image-28815 aligncenter\" src=\"https:\/\/dienmaytuandat.com\/wp-content\/uploads\/2024\/07\/smart-samsung-4k-43-inch-ua43au7002-3-2-400x224.jpg\" alt=\"\" width=\"400\" height=\"224\" \/><\/p>\n<p>H\u1ec7 \u0111i\u1ec1u h\u00e0nh<br \/>\nSmart tivi Samsung thi\u1ebft l\u1eadp h\u1ec7 \u0111i\u1ec1u h\u00e0nh Tizen\u2122 tr\u1ef1c quan, d\u1ec5 hi\u1ec3u, d\u1ec5 thao t\u00e1c, t\u00edch h\u1ee3p kho \u1ee9ng d\u1ee5ng phong ph\u00fa nh\u01b0 YouTube, FPT Play, Galaxy Play (Fim+), Clip TV, Netflix, MyTV, POPS Kids, Spotify,&#8230; th\u1ecfa s\u1ee9c ph\u1ee5c v\u1ee5 nhu c\u1ea7u gi\u1ea3i tr\u00ed c\u1ee7a c\u00e1c th\u00e0nh vi\u00ean trong gia \u0111\u00ecnh.<\/p>\n<p>Xem th\u00eam: C\u00e1ch xem phim b\u1eb1ng tr\u00ecnh duy\u1ec7t web tr\u00ean tivi<\/p>\n<p><img loading=\"lazy\" decoding=\"async\" class=\"size-medium wp-image-28816 aligncenter\" src=\"https:\/\/dienmaytuandat.com\/wp-content\/uploads\/2024\/07\/smart-samsung-4k-50-inch-ua50au7002-130522-045202-400x224.jpg\" alt=\"\" width=\"400\" height=\"224\" \/><\/p>\n<p>Ti\u1ec7n \u00edch<br \/>\n&#8211; T\u00ednh n\u0103ng AirPlay 2 (iPhone), Screen Mirroring (Android) h\u1ed7 tr\u1ee3 b\u1ea1n chia s\u1ebb c\u00e1c video, h\u00ecnh \u1ea3nh t\u1eeb m\u00e0n h\u00ecnh \u0111i\u1ec7n tho\u1ea1i l\u00ean tivi \u0111\u01a1n gi\u1ea3n \u0111\u1ec3 c\u00f3 \u0111\u01b0\u1ee3c khung h\u00ecnh l\u1edbn h\u01a1n.<\/p>\n<p>&#8211; \u1ee8ng d\u1ee5ng SmartThings cho ph\u00e9p s\u1eed d\u1ee5ng \u0111i\u1ec7n tho\u1ea1i \u0111\u1ec3 \u0111i\u1ec1u khi\u1ec3n tivi t\u1eeb xa ti\u1ec7n l\u1ee3i.<\/p>\n<p>&#8211; Smart tivi c\u00f2n c\u00f3 ch\u1ebf \u0111\u1ed9 PC tr\u00ean tivi cho ph\u00e9p k\u1ebft n\u1ed1i tivi v\u1edbi PC, chu\u1ed9t m\u00e1y t\u00ednh \u0111\u1ec3 ph\u1ee5c v\u1ee5 c\u00e1c t\u00e1c v\u1ee5 v\u0103n ph\u00f2ng, x\u1eed l\u00fd c\u00f4ng vi\u1ec7c t\u1ea1i nh\u00e0 hay h\u1ed7 tr\u1ee3 h\u1ecdc t\u1eadp t\u1ed1t h\u01a1n.<\/p>\n<p>Xem th\u00eam : H\u01b0\u1edbng d\u1eabn d\u00f2 k\u00eanh tr\u00ean Smart TV Samsung<\/p>\n<p><img loading=\"lazy\" decoding=\"async\" class=\"size-medium wp-image-28817 aligncenter\" src=\"https:\/\/dienmaytuandat.com\/wp-content\/uploads\/2024\/07\/smart-samsung-4k-43-inch-ua43au7002-5-2-400x222.jpg\" alt=\"\" width=\"400\" height=\"222\" \/><\/p>\n","protected":false},"excerpt":{"rendered":"<ul>\n<li>L\u1eafp \u0111\u1eb7t mi\u1ec5n ph\u00ed l\u00fac giao h\u00e0ng<\/li>\n<li>H\u01b0 g\u00ec \u0111\u1ed5i n\u1ea5y 12 th\u00e1ng t\u1eadn nh\u00e0 (mi\u1ec5n ph\u00ed th\u00e1ng \u0111\u1ea7u) Xem chi ti\u1ebft<\/li>\n<li>B\u1ea3o h\u00e0nh ch\u00ednh h\u00e3ng tivi 2 n\u0103m, c\u00f3 ng\u01b0\u1eddi \u0111\u1ebfn t\u1eadn nh\u00e0<\/li>\n<li>Th\u00f9ng tivi c\u00f3: S\u00e1ch h\u01b0\u1edbng d\u1eabn, Remote, Ch\u00e2n \u0111\u1ebf<\/li>\n<li>B\u1ea3o h\u00e0nh Remote 1 n\u0103m<\/li>\n<\/ul>\n","protected":false},"featured_media":28818,"comment_status":"open","ping_status":"closed","template":"","meta":[],"product_brand":[],"product_cat":[32],"product_tag":[],"class_list":{"0":"post-28813","1":"product","2":"type-product","3":"status-publish","4":"has-post-thumbnail","6":"product_cat-tv","8":"first","9":"instock","10":"taxable","11":"shipping-taxable","12":"purchasable","13":"product-type-simple"},"_links":{"self":[{"href":"https:\/\/dienmaytuandat.com\/index.php\/wp-json\/wp\/v2\/product\/28813","targetHints":{"allow":["GET"]}}],"collection":[{"href":"https:\/\/dienmaytuandat.com\/index.php\/wp-json\/wp\/v2\/product"}],"about":[{"href":"https:\/\/dienmaytuandat.com\/index.php\/wp-json\/wp\/v2\/types\/product"}],"replies":[{"embeddable":true,"href":"https:\/\/dienmaytuandat.com\/index.php\/wp-json\/wp\/v2\/comments?post=28813"}],"version-history":[{"count":0,"href":"https:\/\/dienmaytuandat.com\/index.php\/wp-json\/wp\/v2\/product\/28813\/revisions"}],"wp:featuredmedia":[{"embeddable":true,"href":"https:\/\/dienmaytuandat.com\/index.php\/wp-json\/wp\/v2\/media\/28818"}],"wp:attachment":[{"href":"https:\/\/dienmaytuandat.com\/index.php\/wp-json\/wp\/v2\/media?parent=28813"}],"wp:term":[{"taxonomy":"product_brand","embeddable":true,"href":"https:\/\/dienmaytuandat.com\/index.php\/wp-json\/wp\/v2\/product_brand?post=28813"},{"taxonomy":"product_cat","embeddable":true,"href":"https:\/\/dienmaytuandat.com\/index.php\/wp-json\/wp\/v2\/product_cat?post=28813"},{"taxonomy":"product_tag","embeddable":true,"href":"https:\/\/dienmaytuandat.com\/index.php\/wp-json\/wp\/v2\/product_tag?post=28813"}],"curies":[{"name":"wp","href":"https:\/\/api.w.org\/{rel}","templated":true}]}}