{"id":28837,"date":"2024-07-16T01:11:39","date_gmt":"2024-07-16T01:11:39","guid":{"rendered":"https:\/\/dienmaytuandat.com\/?post_type=product&#038;p=28837"},"modified":"2024-07-16T01:11:40","modified_gmt":"2024-07-16T01:11:40","slug":"loa-xach-tay-vhm-6k10-plus","status":"publish","type":"product","link":"https:\/\/dienmaytuandat.com\/index.php\/san-pham\/loa-xach-tay-vhm-6k10-plus\/","title":{"rendered":"Loa x\u00e1ch tay VHM 6K10 PLUS"},"content":{"rendered":"<p>Loa x\u00e1ch tay VHM 6K10 PLUS, m\u1eabu loa \u0111\u01b0\u1ee3c r\u00e1p t\u1ea1i Vi\u1ec7t Nam, nh\u1ecf g\u1ecdn v\u00e0 c\u00f3 th\u1ec3 x\u00e1ch tay, ti\u1ec7n d\u00f9ng khi \u0111i ch\u01a1i ho\u1eb7c d\u00f9ng cho nh\u1eefng c\u00f4ng vi\u1ec7c \u0111\u00f2i h\u1ecfi vi\u1ec7c di chuy\u1ec3n linh ho\u1ea1t. Loa karaoke x\u00e1ch tay VHP pro audio 6K10 plus c\u00f3 3 \u0111\u01b0\u1eddng ti\u1ebfng n\u00ean \u00e2m thanh kh\u00e1 hay, c\u00f4ng su\u1ea5t max 150W, s\u1eed d\u1ee5ng chip DSP, main c\u00f3 reverb&#8230;.Gi\u00e1 c\u1ee7a loa di \u0111\u1ed9ng VHF 6K10 plus c\u0169ng ch\u1ec9 t\u1ea7m h\u01a1n 3 tri\u1ec7u n\u00ean c\u0169ng ph\u00f9 h\u1ee3p v\u1edbi \u0111\u1ea1i b\u1ed9 ph\u1eadn kh\u00e1ch h\u00e0ng Vi\u1ec7t, loa s\u1eed d\u1ee5ng 2 micro kh\u00f4ng d\u00e2y \u0111\u1ec3 ph\u00e1t bi\u1ec3u ho\u1eb7c h\u00e1t karaoke, loa c\u00f3 h\u1ed7 tr\u1ee3 ch\u1ee9c n\u0103ng ch\u01a1i nh\u1ea1c c\u1ee5&#8230;..Qu\u00fd v\u1ecb n\u00e0o c\u00f3 nhu c\u1ea7u MUA LOA th\u00ec LI\u00caN H\u1ec6 NGAY v\u1edbi ch\u00fang t\u00f4i nh\u00e9!<\/p>\n<p>Gi\u00e1 tr\u00ean web ch\u1ec9 mang t\u00ednh tham kh\u1ea3o, kh\u00f4ng ph\u1ea3i gi\u00e1 b\u00e1n c\u1ee7a thi\u1ebft b\u1ecb.<\/p>\n","protected":false},"excerpt":{"rendered":"<p>Loa x\u00e1ch tay VHM 6K10 PLUS, v\u1ecf g\u1ed7 c\u00f4ng nghi\u1ec7p, loa c\u00f3 3 \u0111\u01b0\u1eddng ti\u1ebfng, c\u00f4ng su\u1ea5t kh\u00e1 l\u1edbn, t\u00edch h\u1ee3p chip DSP h\u1ed7 tr\u1ee3 th\u00eam reverb, c\u00f3 k\u00e8m theo 2 micro&#8230;<\/p>\n","protected":false},"featured_media":28843,"comment_status":"open","ping_status":"closed","template":"","meta":[],"product_brand":[],"product_cat":[112],"product_tag":[],"class_list":{"0":"post-28837","1":"product","2":"type-product","3":"status-publish","4":"has-post-thumbnail","6":"product_cat-loa","8":"first","9":"instock","10":"taxable","11":"shipping-taxable","12":"purchasable","13":"product-type-simple"},"_links":{"self":[{"href":"https:\/\/dienmaytuandat.com\/index.php\/wp-json\/wp\/v2\/product\/28837","targetHints":{"allow":["GET"]}}],"collection":[{"href":"https:\/\/dienmaytuandat.com\/index.php\/wp-json\/wp\/v2\/product"}],"about":[{"href":"https:\/\/dienmaytuandat.com\/index.php\/wp-json\/wp\/v2\/types\/product"}],"replies":[{"embeddable":true,"href":"https:\/\/dienmaytuandat.com\/index.php\/wp-json\/wp\/v2\/comments?post=28837"}],"version-history":[{"count":0,"href":"https:\/\/dienmaytuandat.com\/index.php\/wp-json\/wp\/v2\/product\/28837\/revisions"}],"wp:featuredmedia":[{"embeddable":true,"href":"https:\/\/dienmaytuandat.com\/index.php\/wp-json\/wp\/v2\/media\/28843"}],"wp:attachment":[{"href":"https:\/\/dienmaytuandat.com\/index.php\/wp-json\/wp\/v2\/media?parent=28837"}],"wp:term":[{"taxonomy":"product_brand","embeddable":true,"href":"https:\/\/dienmaytuandat.com\/index.php\/wp-json\/wp\/v2\/product_brand?post=28837"},{"taxonomy":"product_cat","embeddable":true,"href":"https:\/\/dienmaytuandat.com\/index.php\/wp-json\/wp\/v2\/product_cat?post=28837"},{"taxonomy":"product_tag","embeddable":true,"href":"https:\/\/dienmaytuandat.com\/index.php\/wp-json\/wp\/v2\/product_tag?post=28837"}],"curies":[{"name":"wp","href":"https:\/\/api.w.org\/{rel}","templated":true}]}}