{"id":28948,"date":"2024-07-16T08:04:52","date_gmt":"2024-07-16T08:04:52","guid":{"rendered":"https:\/\/dienmaytuandat.com\/?post_type=product&#038;p=28948"},"modified":"2024-10-09T11:13:00","modified_gmt":"2024-10-09T11:13:00","slug":"may-loc-nuoc-aqua-plus-gold-2-voi-3-che-do","status":"publish","type":"product","link":"https:\/\/dienmaytuandat.com\/index.php\/san-pham\/may-loc-nuoc-aqua-plus-gold-2-voi-3-che-do\/","title":{"rendered":"M\u00e1y l\u1ecdc n\u01b0\u1edbc Aqua Plus Gold 2 v\u00f2i 3 ch\u1ebf \u0111\u1ed9"},"content":{"rendered":"<p><iframe title=\"M\u00e1y l\u1ecdc n\u01b0\u1edbc Aqua 2 v\u00f2i, 3 ch\u1ebf \u0111\u1ed9\" width=\"500\" height=\"281\" src=\"https:\/\/www.youtube.com\/embed\/awJyrtXZt2w?feature=oembed\" frameborder=\"0\" allow=\"accelerometer; autoplay; clipboard-write; encrypted-media; gyroscope; picture-in-picture; web-share\" referrerpolicy=\"strict-origin-when-cross-origin\" allowfullscreen><\/iframe><\/p>\n","protected":false},"excerpt":{"rendered":"<p><span style=\"font-size: 14pt;\"><strong>\u0110\u1eb7c \u0110i\u1ec3m N\u1ed5i B\u1eadt<\/strong><\/span><\/p>\n<p>C\u01a1 c\u1ea5u l\u1ecdc: t\u1eeb 9c\u1ea5p l\u1ecdc tr\u1edf l\u00ean;<br \/>\nC\u00f4ng ngh\u1ec7 Block l\u00e0m l\u1ea1nh nhanh, l\u1ea1nh s\u00e2u;<br \/>\nM\u00e0ng l\u1ecdc RO nh\u1eadp kh\u1ea9u tr\u1ef1c ti\u1ebfp;<br \/>\nV\u00f2i n\u00f3ng l\u1ea1nh ri\u00eang bi\u1ec7t c\u00f3 ch\u1ee9c n\u0103ng kh\u00f3a n\u00f3ng<\/p>\n<p>&nbsp;<\/p>\n","protected":false},"featured_media":30312,"comment_status":"open","ping_status":"closed","template":"","meta":[],"product_brand":[],"product_cat":[113],"product_tag":[],"class_list":{"0":"post-28948","1":"product","2":"type-product","3":"status-publish","4":"has-post-thumbnail","6":"product_cat-may-loc-nuoc","8":"first","9":"instock","10":"sale","11":"taxable","12":"shipping-taxable","13":"purchasable","14":"product-type-simple"},"_links":{"self":[{"href":"https:\/\/dienmaytuandat.com\/index.php\/wp-json\/wp\/v2\/product\/28948","targetHints":{"allow":["GET"]}}],"collection":[{"href":"https:\/\/dienmaytuandat.com\/index.php\/wp-json\/wp\/v2\/product"}],"about":[{"href":"https:\/\/dienmaytuandat.com\/index.php\/wp-json\/wp\/v2\/types\/product"}],"replies":[{"embeddable":true,"href":"https:\/\/dienmaytuandat.com\/index.php\/wp-json\/wp\/v2\/comments?post=28948"}],"version-history":[{"count":5,"href":"https:\/\/dienmaytuandat.com\/index.php\/wp-json\/wp\/v2\/product\/28948\/revisions"}],"predecessor-version":[{"id":30310,"href":"https:\/\/dienmaytuandat.com\/index.php\/wp-json\/wp\/v2\/product\/28948\/revisions\/30310"}],"wp:featuredmedia":[{"embeddable":true,"href":"https:\/\/dienmaytuandat.com\/index.php\/wp-json\/wp\/v2\/media\/30312"}],"wp:attachment":[{"href":"https:\/\/dienmaytuandat.com\/index.php\/wp-json\/wp\/v2\/media?parent=28948"}],"wp:term":[{"taxonomy":"product_brand","embeddable":true,"href":"https:\/\/dienmaytuandat.com\/index.php\/wp-json\/wp\/v2\/product_brand?post=28948"},{"taxonomy":"product_cat","embeddable":true,"href":"https:\/\/dienmaytuandat.com\/index.php\/wp-json\/wp\/v2\/product_cat?post=28948"},{"taxonomy":"product_tag","embeddable":true,"href":"https:\/\/dienmaytuandat.com\/index.php\/wp-json\/wp\/v2\/product_tag?post=28948"}],"curies":[{"name":"wp","href":"https:\/\/api.w.org\/{rel}","templated":true}]}}