{"id":28965,"date":"2024-07-16T08:32:36","date_gmt":"2024-07-16T08:32:36","guid":{"rendered":"https:\/\/dienmaytuandat.com\/?post_type=product&#038;p=28965"},"modified":"2024-07-16T08:33:17","modified_gmt":"2024-07-16T08:33:17","slug":"28965","status":"publish","type":"product","link":"https:\/\/dienmaytuandat.com\/index.php\/san-pham\/28965\/","title":{"rendered":"LOA KARAOKE X\u00c1CH TAY 6H52"},"content":{"rendered":"","protected":false},"excerpt":{"rendered":"<p>LOA KARAOKE X\u00c1CH TAY PRO 6H52 (\u0110\u1ece) C\u00f4ng su\u1ea5t: 100W (PMPO:150W) Bass: 1.6 t\u1ea5c x2 Treble: 250 x1 Mid: 3in x1 C\u1ed5ng k\u1ebft n\u1ed1i: USB\/MICRO SD\/AUX IN, AUDIO OUT, MIC IN, GUITAR IN Bluetooth 5.0, c\u00f3 Reverb c\u1ef1c hay \u00c2m [\u2026]<\/p>\n","protected":false},"featured_media":0,"comment_status":"open","ping_status":"closed","template":"","meta":[],"product_brand":[],"product_cat":[112],"product_tag":[],"class_list":{"0":"post-28965","1":"product","2":"type-product","3":"status-publish","5":"product_cat-loa","7":"first","8":"instock","9":"taxable","10":"shipping-taxable","11":"product-type-simple"},"_links":{"self":[{"href":"https:\/\/dienmaytuandat.com\/index.php\/wp-json\/wp\/v2\/product\/28965","targetHints":{"allow":["GET"]}}],"collection":[{"href":"https:\/\/dienmaytuandat.com\/index.php\/wp-json\/wp\/v2\/product"}],"about":[{"href":"https:\/\/dienmaytuandat.com\/index.php\/wp-json\/wp\/v2\/types\/product"}],"replies":[{"embeddable":true,"href":"https:\/\/dienmaytuandat.com\/index.php\/wp-json\/wp\/v2\/comments?post=28965"}],"version-history":[{"count":0,"href":"https:\/\/dienmaytuandat.com\/index.php\/wp-json\/wp\/v2\/product\/28965\/revisions"}],"wp:attachment":[{"href":"https:\/\/dienmaytuandat.com\/index.php\/wp-json\/wp\/v2\/media?parent=28965"}],"wp:term":[{"taxonomy":"product_brand","embeddable":true,"href":"https:\/\/dienmaytuandat.com\/index.php\/wp-json\/wp\/v2\/product_brand?post=28965"},{"taxonomy":"product_cat","embeddable":true,"href":"https:\/\/dienmaytuandat.com\/index.php\/wp-json\/wp\/v2\/product_cat?post=28965"},{"taxonomy":"product_tag","embeddable":true,"href":"https:\/\/dienmaytuandat.com\/index.php\/wp-json\/wp\/v2\/product_tag?post=28965"}],"curies":[{"name":"wp","href":"https:\/\/api.w.org\/{rel}","templated":true}]}}