{"id":28999,"date":"2024-07-16T11:03:55","date_gmt":"2024-07-16T11:03:55","guid":{"rendered":"https:\/\/dienmaytuandat.com\/?post_type=product&#038;p=28999"},"modified":"2024-07-16T11:03:55","modified_gmt":"2024-07-16T11:03:55","slug":"k210h","status":"publish","type":"product","link":"https:\/\/dienmaytuandat.com\/index.php\/san-pham\/k210h\/","title":{"rendered":"K210H"},"content":{"rendered":"<p>\u0110\u1eb7c \u0111i\u1ec3m n\u1ed5i b\u00e2t:<\/p>\n<p>Loa Karaoke X\u00e1ch Tay Dalton K210H \u2013 S\u1ef1 K\u1ebft H\u1ee3p Ho\u00e0n H\u1ea3o c\u1ee7a C\u00f4ng Ngh\u1ec7 \u00c2m Thanh v\u00e0 Thi\u1ebft K\u1ebf Hi\u1ec7n \u0110\u1ea1i<\/p>\n<p>B\u1ea1n \u0111ang t\u00ecm ki\u1ebfm m\u1ed9t chi\u1ebfc loa karaoke x\u00e1ch tay kh\u00f4ng ch\u1ec9 \u0111\u01a1n thu\u1ea7n l\u00e0 s\u1ea3n ph\u1ea9m th\u00f4ng th\u01b0\u1eddng, m\u00e0 c\u00f2n l\u00e0 bi\u1ec3u t\u01b0\u1ee3ng c\u1ee7a s\u1ef1 ti\u00ean ti\u1ebfn trong c\u00f4ng ngh\u1ec7 \u00e2m thanh v\u00e0 thi\u1ebft k\u1ebf hi\u1ec7n \u0111\u1ea1i? \u0110\u1eebng b\u1ecf l\u1ee1 c\u01a1 h\u1ed9i tr\u1ea3i nghi\u1ec7m Dalton K210H \u2013 s\u1ea3n ph\u1ea9m v\u01b0\u1ee3t tr\u1ed9i v\u1edbi c\u00f4ng su\u1ea5t m\u1ea1nh m\u1ebd, t\u00ednh di \u0111\u1ed9ng v\u00e0 ch\u1ea5t \u00e2m si\u00eau n\u1ed9i l\u1ef1c.<\/p>\n<p>Thi\u1ebft K\u1ebf \u0110\u1eb3ng C\u1ea5p<\/p>\n<p>M\u1ed9t \u0111i\u1ec3m n\u1ed5i b\u1eadt ngay t\u1eeb c\u00e1i nh\u00ecn \u0111\u1ea7u ti\u00ean l\u00e0 s\u1ef1 kh\u00e1c bi\u1ec7t l\u1edbn trong thi\u1ebft k\u1ebf c\u1ee7a Dalton K210H so v\u1edbi c\u00e1c m\u1eabu loa tr\u01b0\u1edbc \u0111\u00e2y c\u1ee7a Dalton. Loa n\u00e0y s\u1edf h\u1eefu thi\u1ebft k\u1ebf \u0111\u1eb9p m\u1eaft v\u1edbi c\u00e1c g\u00f3c c\u1ea1nh \u0111\u01b0\u1ee3c ch\u0103m ch\u00fat t\u1ec9 m\u1ec9, t\u1ea1o ra m\u1ed9t v\u1ebb ngo\u00e0i ho\u00e0n h\u1ea3o t\u1eeb m\u1ecdi g\u00f3c \u0111\u1ed9. M\u1ed7i chi ti\u1ebft c\u1ee7a Dalton K210H \u0111\u1ec1u \u0111\u01b0\u1ee3c thi\u1ebft k\u1ebf v\u1edbi s\u1ef1 tinh t\u1ebf v\u00e0 s\u1ef1 t\u00f4n tr\u1ecdng \u0111\u1ebfn t\u1eebng chi ti\u1ebft nh\u1ecf nh\u1ea5t.<\/p>\n<p>Th\u00e2n loa \u0111\u01b0\u1ee3c l\u00e0m b\u1eb1ng g\u1ed7 cao c\u1ea5p v\u00e0 tone m\u00e0u \u0111en m\u1ea1nh m\u1ebd t\u1ea1o n\u00ean s\u1ef1 sang tr\u1ecdng v\u00e0 \u0111\u1eb3ng c\u1ea5p cho Dalton K210H. S\u1ef1 k\u1ebft h\u1ee3p ho\u00e0n h\u1ea3o gi\u1eefa c\u00e1c y\u1ebfu t\u1ed1 thi\u1ebft k\u1ebf tinh t\u1ebf v\u00e0 m\u00e0u s\u1eafc m\u1ea1nh m\u1ebd kh\u00f4ng ch\u1ec9 l\u00e0m cho loa tr\u1edf n\u00ean n\u1ed5i b\u1eadt m\u00e0 c\u00f2n t\u00f4n l\u00ean v\u1ebb \u0111\u1eb3ng c\u1ea5p c\u1ee7a kh\u00f4ng gian s\u1eed d\u1ee5ng.<\/p>\n<p>Dalton K210H kh\u00f4ng ch\u1ec9 \u0111\u01a1n thu\u1ea7n l\u00e0 m\u1ed9t thi\u1ebft b\u1ecb \u00e2m thanh m\u00e0 c\u00f2n l\u00e0 m\u1ed9t bi\u1ec3u t\u01b0\u1ee3ng c\u1ee7a phong c\u00e1ch v\u00e0 c\u00e1 t\u00ednh. V\u1edbi thi\u1ebft k\u1ebf \u0111\u1ed9c \u0111\u00e1o v\u00e0 s\u1ef1 k\u1ebft h\u1ee3p h\u00e0i h\u00f2a gi\u1eefa \u0111\u1eb3ng c\u1ea5p v\u00e0 sang tr\u1ecdng, loa n\u00e0y l\u00e0 l\u1ef1a ch\u1ecdn ho\u00e0n h\u1ea3o cho nh\u1eefng ng\u01b0\u1eddi y\u00eau th\u00edch s\u1ef1 \u0111\u1ed9c \u0111\u00e1o v\u00e0 mu\u1ed1n t\u1ea1o \u0111i\u1ec3m nh\u1ea5n trong kh\u00f4ng gian s\u1ed1ng c\u1ee7a m\u00ecnh.<\/p>\n<p>C\u00f4ng Su\u1ea5t M\u1ea1nh M\u1ebd<\/p>\n<p>\u0110i\u1ec1u \u0111\u1eb7c bi\u1ec7t v\u1ec1 Dalton K210H ch\u00ednh l\u00e0 c\u00f4ng su\u1ea5t v\u00f4 c\u00f9ng m\u1ea1nh m\u1ebd \u2013 l\u00ean \u0111\u1ebfn 850W. V\u1edbi m\u1ee9c c\u00f4ng su\u1ea5t n\u00e0y, b\u1ea1n c\u00f3 th\u1ec3 ho\u00e0n to\u00e0n tin t\u01b0\u1edfng v\u00e0o kh\u1ea3 n\u0103ng c\u1ee7a loa trong vi\u1ec7c t\u00e1i t\u1ea1o \u00e2m thanh s\u1ed1ng \u0111\u1ed9ng v\u00e0 s\u00e2u l\u1eafng. Cho d\u00f9 b\u1ea1n \u0111ang t\u1ed5 ch\u1ee9c m\u1ed9t bu\u1ed5i ti\u1ec7c nh\u1ecf t\u1ea1i nh\u00e0 hay m\u1ed9t s\u1ef1 ki\u1ec7n l\u1edbn h\u01a1n ngo\u00e0i tr\u1eddi, Dalton K210H lu\u00f4n s\u1eb5n s\u00e0ng \u0111\u1ec3 l\u00e0m b\u1ea1n h\u00e0i l\u00f2ng.<\/p>\n<p>K\u1ebft N\u1ed1i \u0110a D\u1ea1ng<\/p>\n<p>Kh\u00f4ng ch\u1ec9 gi\u1edbi h\u1ea1n \u1edf c\u00f4ng su\u1ea5t m\u1ea1nh m\u1ebd, Dalton K210H c\u00f2n s\u1edf h\u1eefu c\u00e1c t\u00ednh n\u0103ng k\u1ebft n\u1ed1i \u0111a d\u1ea1ng, bao g\u1ed3m Bluetooth, USB, Optical v\u00e0 k\u1ebft n\u1ed1i kh\u00f4ng d\u00e2y UHF cho micro. \u0110i\u1ec1u n\u00e0y mang l\u1ea1i s\u1ef1 linh ho\u1ea1t cho b\u1ea1n trong vi\u1ec7c k\u1ebft n\u1ed1i v\u1edbi c\u00e1c thi\u1ebft b\u1ecb kh\u00e1c nhau nh\u01b0 \u0111i\u1ec7n tho\u1ea1i di \u0111\u1ed9ng, m\u00e1y t\u00ednh b\u1ea3ng, m\u00e1y t\u00ednh, v\u00e0 h\u01a1n th\u1ebf n\u1eefa.<\/p>\n<p>Ch\u1ea5t \u00c2m Si\u00eau N\u1ed9i L\u1ef1c<\/p>\n<p>V\u1edbi 2 bass 10 inches, Dalton K210H t\u1ea1o ra ch\u1ea5t \u00e2m si\u00eau n\u1ed9i l\u1ef1c v\u00e0 m\u1ea1nh m\u1ebd. Kh\u00f4ng ch\u1ec9 v\u1eady, \u0111i k\u00e8m v\u1edbi 2 micro kh\u00f4ng d\u00e2y s\u00f3ng UHF, gi\u1ecdng ca c\u1ee7a b\u1ea1n s\u1ebd \u0111\u01b0\u1ee3c truy\u1ec1n \u0111i m\u1ed9t c\u00e1ch m\u01b0\u1ee3t m\u00e0 v\u00e0 vang d\u1ed9i, l\u00e0m cho m\u1ecdi bu\u1ed5i h\u00e1t karaoke tr\u1edf n\u00ean \u0111\u1ec9nh cao h\u01a1n bao gi\u1edd h\u1ebft.<\/p>\n<p>Dalton K210H kh\u00f4ng ch\u1ec9 l\u00e0 m\u1ed9t chi\u1ebfc loa karaoke x\u00e1ch tay th\u00f4ng th\u01b0\u1eddng, m\u00e0 c\u00f2n l\u00e0 bi\u1ec3u t\u01b0\u1ee3ng c\u1ee7a s\u1ef1 k\u1ebft h\u1ee3p ho\u00e0n h\u1ea3o gi\u1eefa c\u00f4ng ngh\u1ec7 \u00e2m thanh ti\u00ean ti\u1ebfn v\u00e0 thi\u1ebft k\u1ebf hi\u1ec7n \u0111\u1ea1i. V\u1edbi c\u00f4ng su\u1ea5t m\u1ea1nh m\u1ebd, t\u00ednh di \u0111\u1ed9ng v\u00e0 ch\u1ea5t \u00e2m si\u00eau n\u1ed9i l\u1ef1c, Dalton K210H s\u1ebd l\u00e0 \u0111\u1ed1i t\u00e1c \u0111\u00e1ng tin c\u1eady c\u1ee7a b\u1ea1n trong m\u1ecdi d\u1ecbp ti\u1ec7c t\u00f9ng v\u00e0 gi\u1ea3i tr\u00ed. H\u00e3y s\u1edf h\u1eefu ngay Dalton K210H \u0111\u1ec3 tr\u1ea3i nghi\u1ec7m s\u1ef1 ho\u00e0n h\u1ea3o t\u1eeb h\u00f4m nay!<\/p>\n","protected":false},"excerpt":{"rendered":"<p>C\u00f4ng su\u1ea5t: 850W<br \/>\nBass loa: 10 inches x 2<br \/>\nK\u00edch th\u01b0\u1edbc: (69,5x30x31,5) cm<br \/>\nTr\u1ecdng l\u01b0\u1ee3ng: 26 kg<br \/>\nT\u00ednh n\u0103ng n\u1ed5i b\u1eadt<br \/>\n-H\u1ed7 tr\u1ee3 k\u1ebft n\u1ed1i Bluetooth, USB.<\/p>\n<p>-T\u00edch h\u1ee3p 2 micro kh\u00f4ng d\u00e2y, s\u00f3ng UHF. Ch\u1ee9c n\u0103ng \u0111i\u1ec1u ch\u1ec9nh \u0111\u01b0\u1ee3c t\u1ea7n s\u1ed1.<\/p>\n","protected":false},"featured_media":0,"comment_status":"open","ping_status":"closed","template":"","meta":[],"product_brand":[],"product_cat":[112],"product_tag":[],"class_list":{"0":"post-28999","1":"product","2":"type-product","3":"status-publish","5":"product_cat-loa","7":"first","8":"instock","9":"taxable","10":"shipping-taxable","11":"purchasable","12":"product-type-simple"},"_links":{"self":[{"href":"https:\/\/dienmaytuandat.com\/index.php\/wp-json\/wp\/v2\/product\/28999","targetHints":{"allow":["GET"]}}],"collection":[{"href":"https:\/\/dienmaytuandat.com\/index.php\/wp-json\/wp\/v2\/product"}],"about":[{"href":"https:\/\/dienmaytuandat.com\/index.php\/wp-json\/wp\/v2\/types\/product"}],"replies":[{"embeddable":true,"href":"https:\/\/dienmaytuandat.com\/index.php\/wp-json\/wp\/v2\/comments?post=28999"}],"version-history":[{"count":0,"href":"https:\/\/dienmaytuandat.com\/index.php\/wp-json\/wp\/v2\/product\/28999\/revisions"}],"wp:attachment":[{"href":"https:\/\/dienmaytuandat.com\/index.php\/wp-json\/wp\/v2\/media?parent=28999"}],"wp:term":[{"taxonomy":"product_brand","embeddable":true,"href":"https:\/\/dienmaytuandat.com\/index.php\/wp-json\/wp\/v2\/product_brand?post=28999"},{"taxonomy":"product_cat","embeddable":true,"href":"https:\/\/dienmaytuandat.com\/index.php\/wp-json\/wp\/v2\/product_cat?post=28999"},{"taxonomy":"product_tag","embeddable":true,"href":"https:\/\/dienmaytuandat.com\/index.php\/wp-json\/wp\/v2\/product_tag?post=28999"}],"curies":[{"name":"wp","href":"https:\/\/api.w.org\/{rel}","templated":true}]}}