{"id":29030,"date":"2024-07-16T14:00:48","date_gmt":"2024-07-16T14:00:48","guid":{"rendered":"https:\/\/dienmaytuandat.com\/?post_type=product&#038;p=29030"},"modified":"2024-07-16T14:00:49","modified_gmt":"2024-07-16T14:00:49","slug":"loa-dalton-ps-k8a-luxury","status":"publish","type":"product","link":"https:\/\/dienmaytuandat.com\/index.php\/san-pham\/loa-dalton-ps-k8a-luxury\/","title":{"rendered":"Loa Dalton PS-K8A Luxury"},"content":{"rendered":"<p>\u0110\u1eb6C \u0110I\u1ec2M N\u1ed4I B\u1eacT<br \/>\nLoa di \u0111\u1ed9ng x\u00e1ch tay Dalton PS-K8A Luxury l\u00e0 phi\u00ean b\u1ea3n ho\u00e0n h\u1ea3o cho d\u00f2ng loa karaoke di \u0111\u1ed9ng trong n\u0103m 2022.V\u1edbi thi\u1ebft k\u1ebf t\u1ed1i \u01b0u v\u1ec1 d\u00f2ng loa karaoke x\u00e1ch tay, Dalton \u0111\u00e3 cho ra m\u1eaft d\u00f2ng s\u1ea3n ph\u1ea9m m\u1edbi Loa PS-K8A Luxury s\u1edf h\u1eefu thi\u1ebft k\u1ebf t\u01b0\u01a1ng \u0111\u1ed3ng v\u1edbi \u0111\u00e0n anh PS-K10A, nh\u01b0ng chi\u1ebfc loa PS-K8A Luxury c\u00f3 k\u00edch th\u01b0\u1edbc nh\u1ecf nh\u1eafn h\u01a1n, tr\u1ecdng l\u01b0\u1ee3ng nh\u1eb9 h\u01a1n.<\/p>\n<p>V\u1edbi c\u00f4ng su\u1ea5t cao 250Watt \u0111\u1ea7y uy l\u1ef1c, d\u00f9 ch\u01a1i trong nh\u00e0 hay ngo\u00e0i tr\u1eddi PS-K8A \u0111\u1ec1u mang t\u1edbi ch\u1ea5t \u00e2m chi ti\u1ebft s\u1eafc n\u00e9t, d\u1ea3i mid t\u1ef1 nhi\u00ean, d\u1ea3i bass m\u1ea1nh m\u1ebd cho cu\u1ed9c vui b\u1ea5t t\u1eadn.<\/p>\n<p>\u0110\u1eb7t bi\u1ec7t loa PS-K8A Luxury \u0111\u01b0\u1ee3c thi\u1ebft k\u1ebf nh\u1ecf g\u1ecdn chuy\u00ean d\u00f9ng cho Karaoke tr\u00ean xe h\u01a1i 5 ch\u1ed7 hay 7 ch\u1ed5 ng\u1ed3i, \u00e2m thanh c\u1ef1c hay, ch\u1ed1ng h\u00fa r\u00edt khi ng\u1ed3i h\u00e1t g\u1ea7n loa. PS-K8A Luxury l\u00e0 s\u1ef1 l\u1ef1a ch\u1ecdn ho\u00e0n h\u1ea3o cho nh\u1eefng chuy\u1ebfn \u0111i du l\u1ecbch.<\/p>\n<p>\u0110I K\u00c8M MICRO KH\u00d4NG D\u00c2Y<br \/>\nLoa x\u00e1ch tay Dalton PS-K8A Luxury c\u00f2n \u0111\u01b0\u1ee3c trang b\u1ecb 2 micro kh\u00f4ng d\u00e2y s\u00f3ng UHF c\u00f3 th\u1ec3 \u0111i\u1ec1u ch\u1ec9nh 16 t\u1ea7n s\u1ed1 kh\u00e1c nhau \u0111\u1ec3 tr\u00e1nh tr\u00f9ng l\u1eb7p t\u1ea7n s\u1ed1 v\u1edbi c\u00e1c loa kh\u00e1c. Micro c\u00f3 th\u1ec3 k\u1ebft n\u1ed1i nhi\u1ec1u loa k\u00e9o Dalton c\u00f9ng m\u1ed9t l\u00fac \u0111\u1ec3 ph\u1ee7 r\u1ed9ng \u00e2m thanh h\u01a1n trong kh\u00f4ng gian mong mu\u1ed1n<\/p>\n<p>Ph\u1ea7n th\u00e2n micro \u0111\u01b0\u1ee3c l\u00e0m b\u1eb1ng ch\u1ea5t li\u1ec7u kim lo\u1ea1i nguy\u00ean kh\u1ed1i l\u1ea5p l\u00e1nh, gi\u00fap t\u1ea1o n\u00ean v\u1ebb \u0111\u1eb9p v\u00e0 s\u1ef1 sang tr\u1ecdng cho micro. \u0110\u1ea7u cartridge dynamic c\u1ee7a micro \u0111\u01b0\u1ee3c thi\u1ebft k\u1ebf d\u00f2ng cao c\u1ea5p gi\u00fap gi\u1ecdng ca trung th\u1ef1c v\u00e0 trong s\u00e1ng h\u01a1n<\/p>\n<p>C\u00d4NG SU\u1ea4T M\u1ea0NH M\u1ebc<br \/>\nLoa karaoke di \u0111\u1ed9ng Dalton PS-K8A Luxury \u0111\u01b0\u1ee3c thi\u1ebft k\u1ebf v\u1edbi C\u00f4ng su\u1ea5t 250W class AB, h\u1ec7 th\u1ed1ng loa 2 Way: m\u1ed9t loa tr\u1ea7m 8 inches \u0111\u01b0\u1eddng k\u00ednh nam ch\u00e2m 100mm gi\u00fap mang l\u1ea1i \u00e2m thanh ch\u1eafc, kh\u1ecfe. M\u1ed9t loa treble h\u1ecdng c\u00f2i l\u1edbn t\u1ea1o n\u00ean d\u1ea3i mid cao s\u1eafc n\u00e9t, ti\u1ebfng treble bay b\u1ed5ng v\u00e0 lan t\u1ecfa kh\u1eafp kh\u00f4ng gian r\u1ed9ng l\u1edbn.<\/p>\n<p>C\u00f4ng su\u1ea5t t\u1ed1i \u0111a l\u00ean \u0111\u1ebfn 250W. Ch\u00ednh v\u00ec v\u1eady, PS-K8A Luxury c\u00f3 kh\u1ea3 n\u0103ng tr\u00ecnh di\u1ec5n \u00e2m thanh v\u00f4 c\u00f9ng m\u01b0\u1ee3t m\u00e0, s\u1ed1ng \u0111\u1ed9ng v\u00e0 chi ti\u1ebft. K\u1ec3 c\u1ea3 h\u00e1t karaoke \u1edf trong nh\u00e0 kh\u00f4ng gian 20 \u2013 30m2 hay ngo\u00e0i tr\u1eddi th\u00ec model n\u00e0y s\u1ebd mang \u0111\u1ebfn cho b\u1ea1n nh\u1eefng tr\u1ea3i nghi\u1ec7m v\u00f4 c\u00f9ng ch\u1ea5t.<\/p>\n<p>THI\u1ebeT K\u1ebe CH\u1eaeC CH\u1eaeN<br \/>\nThi\u1ebft k\u1ebf h\u00ecnh ch\u1eef nh\u1eadt v\u1edbi gam m\u00e0u x\u00e1m \u0111en sang tr\u1ecdng, t\u1ea1o \u0111i\u1ec3m nh\u1ea5n cho kh\u00f4ng gian s\u1eed d\u1ee5ng th\u00eam hi\u1ec7n \u0111\u1ea1i, \u0111\u1eb3ng c\u1ea5p. Loa cho c\u1ea3m gi\u00e1c r\u1ea5t ch\u1eafc ch\u1eafn v\u00e0 c\u00e1 t\u00ednh.<\/p>\n<p>Th\u00e2n loa Dalton \u0111\u01b0\u1ee3c l\u00e0m t\u1eeb ch\u1ea5t li\u1ec7u g\u1ed7 t\u1ed1t cho \u0111\u1ed9 b\u1ec1n cao, h\u1ea1n ch\u1ebf bi\u1ebfn d\u1ea1ng khi x\u1ea3y ra va ch\u1ea1m. V\u1edbi s\u01a1n nh\u00e1m hoa v\u0103n n\u1ed5i gi\u1ea3 \u0111\u00e1 c\u1ef1c k\u1ef3 sang tr\u1ecdng c\u00f3 kh\u1ea3 n\u0103ng ch\u1ed1ng tr\u1ea7y x\u01b0\u1edbc \u0111\u1ea3m b\u1ea3o v\u1ebb \u0111\u1eb9p ho\u00e0n m\u1ef9 c\u1ee7a chi\u1ebfc loa theo n\u0103m th\u00e1ng. M\u00e0n l\u01b0\u1edbi che loa \u0111\u01b0\u1ee3c l\u00e0m t\u1eeb v\u1ea3i m\u1ec1m v\u1edbi h\u1ecda ti\u1ebft s\u1ecdc caro m\u00e0u \u0111en x\u00e1m \u0111\u1eb9p m\u1eaft v\u00e0 m\u1ec1m m\u1ea1i.<\/p>\n<p>T\u00edch h\u1ee3p tay x\u00e1ch cho b\u1ea1n d\u1ec5 d\u00e0ng di chuy\u1ec3n khi c\u1ea7n thay \u0111\u1ed5i v\u1ecb tr\u00ed \u0111\u1eb7t loa.<\/p>\n<p>Thi\u1ebft k\u1ebf t\u1ed1i gi\u1ea3n v\u1edbi k\u00edch th\u01b0\u1edbc: (42\u00d726.5\u00d723) cm v\u00e0 tr\u1ecdng l\u01b0\u1ee3ng 12 kg gi\u00fap vi\u1ec7c di chuy\u1ec3n mang theo chi\u1ebfc loa, h\u00e1t karaoke m\u1ecdi l\u00fac ch\u01b0a bao gi\u1edd d\u1ec5 d\u00e0ng \u0111\u1ebfn v\u1eady.<\/p>\n<p>KH\u1ea2 N\u0102NG K\u1ebeT N\u1ed0I<br \/>\nV\u1edbi chi\u1ebfc loa Dalton PS-K8A Luxury, b\u1ea1n c\u00f3 th\u1ec3 d\u1ec5 d\u00e0ng k\u1ebft n\u1ed1i \u0111\u1ebfn c\u00e1c thi\u1ebft b\u1ecb th\u00f4ng minh m\u1ed9t c\u00e1ch nhanh ch\u00f3ng v\u00e0 d\u1ec5 d\u00e0ng nh\u01b0 \u0111i\u1ec7n tho\u1ea1i, laptop, m\u00e1y t\u00ednh b\u1ea3ng\u2026 th\u00f4ng qua c\u1ed5ng bluetooth 4.0. Ngo\u00e0i ra loa c\u00f2n h\u1ed7 tr\u1ee3 c\u00e1c c\u1ed5ng k\u1ebft n\u1ed1i kh\u00e1c nh\u01b0: USB, th\u1ebb nh\u1edb SD card, ng\u1ecf v\u00e0o AUX IN jack c\u1eafm 3.5mm, \u0111\u00e0i FM<\/p>\n<p>Ngo\u00e0i micro kh\u00f4ng d\u00e2y c\u00f2n c\u00f3 th\u1ec3 k\u1ebft n\u1ed1i micro c\u00f3 d\u00e2y v\u1edbi loa khi c\u1ea7n qua jack c\u1eafm 6.5mm tr\u00ean m\u1eb7t \u0111i\u1ec1u khi\u1ec3n<\/p>\n<p>\u0110I\u1ec0U CH\u1ec8NH \u00c2M THANH<\/p>\n<p>Loa karaoke x\u00e1ch tay Dalton PS-K8A Luxury \u0111\u01b0\u1ee3c thi\u1ebft k\u1ebf c\u00e1c n\u00fat tinh ch\u1ec9nh \u00e2m thanh \u0111\u1eb7t ph\u00eda tr\u00ean m\u1ed9t t\u1ea5m nh\u00f4m phay x\u01b0\u1edbc tinh t\u1ebf v\u00e0 t\u00f9y ch\u1ec9nh ch\u00ednh x\u00e1c cho \u00e2m thanh c\u1ee7a loa trong kh\u00f4ng gian s\u1eed d\u1ee5ng. \u0110\u1eb7c bi\u1ec7t m\u1ea1ch t\u1ea1o ti\u1ebfng vang ECHO \u0111\u01b0\u1ee3c s\u1eed d\u1ee5ng IC 65831P c\u1ee7a Nh\u1eadt n\u00ean ti\u1ebfng vang ECHO r\u1ea5t \u1ea5m v\u00e0 trong<\/p>\n<p>\u0110i\u1ec1u ch\u1ec9nh cho micro g\u1ed3m 3 n\u00fat: V.MIC, HI v\u00e0 LOW (volum, treble, bass)<\/p>\n<p>\u0110i\u1ec1u ch\u1ec9nh echo g\u1ed3m 2 n\u00fat: DELAY v\u00e0 ECHO<\/p>\n<p>\u0110i\u1ec1u ch\u1ec9nh nh\u1ea1c g\u1ed3m 3 n\u00fat: V. MUSIC, HI v\u00e0 LOW (volum, treble, bass)<\/p>\n<p>TH\u1edcI GIAN S\u1eec D\u1ee4NG<br \/>\nLoa PS-K8A Luxury \u0111\u01b0\u1ee3c trang b\u1ecb ngu\u1ed3n b\u00ecnh \u1eafc quy 12V\/5AH, th\u1eddi gian ph\u00e1t c\u1ee7a loa \u0111\u01b0\u1ee3c 3 \u0111\u1ebfn 4 ti\u1ebfng v\u00e0 \u0111\u01b0\u1ee3c x\u1ea1c \u0111\u1ea7y pin b\u1eb1ng ngu\u1ed3n \u0111i\u1ec7n AC 220V trong th\u1eddi gian 3 ti\u1ebfng. Khi \u1edf nh\u00e0 c\u00f3 th\u1ec3 s\u1eed d\u1ee5ng loa b\u1eb1ng ngu\u1ed3n \u0111i\u1ec7n tr\u1ef1c ti\u1ebfp, ho\u1eb7c c\u00f3 th\u1ec3 v\u1eeba s\u1ea1c v\u1eeba s\u1eed d\u1ee5ng m\u00e0 kh\u00f4ng lo h\u1ebft b\u00ecnh.<\/p>\n<p>\u01afu \u0111i\u1ec3m n\u1ed5i b\u1eadt c\u1ee7a loa PS-K8A Luxury l\u00e0 c\u00f3 c\u1ed5ng k\u1ebft n\u1ed1i DC 12V b\u00ean ngo\u00e0i, c\u00f3 th\u1ec3 l\u1ea5y ngu\u1ed3n \u0111i\u1ec7n 12V t\u1eeb xe \u00d4 t\u00f4 \u1edf n\u00fat nh\u1ea5n d\u00e0nh cho \u0111\u1ed1t thu\u1ed1c l\u00e1 \u1edf table xe, gi\u00fap loa h\u00e1t tho\u1ea3i m\u00e1i kh\u00f4ng lo h\u1ebft \u0111i\u1ec7n, khi \u0111i du l\u1ecbch ho\u1eb7c h\u00e1t karaoke tr\u00ean xe h\u01a1i.<\/p>\n","protected":false},"excerpt":{"rendered":"<p>C\u00f4ng su\u1ea5t: 250W<br \/>\nBass loa: 8 inches<br \/>\nK\u00edch th\u01b0\u1edbc: (26.5x 42x 23) cm<br \/>\nTr\u1ecdng l\u01b0\u1ee3ng: 12 kg<\/p>\n<p>T\u00ednh n\u0103ng n\u1ed5i b\u1eadt<\/p>\n<p>-H\u1ed7 tr\u1ee3 k\u1ebft n\u1ed1i Bluetooth, USB.<\/p>\n<p>-T\u00edch h\u1ee3p 2 micro kh\u00f4ng d\u00e2y, s\u00f3ng UHF.<br \/>\nCh\u1ee9c n\u0103ng \u0111i\u1ec1u ch\u1ec9nh \u0111\u01b0\u1ee3c t\u1ea7n s\u1ed1.<\/p>\n","protected":false},"featured_media":0,"comment_status":"open","ping_status":"closed","template":"","meta":[],"product_brand":[],"product_cat":[112],"product_tag":[],"class_list":{"0":"post-29030","1":"product","2":"type-product","3":"status-publish","5":"product_cat-loa","7":"first","8":"instock","9":"taxable","10":"shipping-taxable","11":"purchasable","12":"product-type-simple"},"_links":{"self":[{"href":"https:\/\/dienmaytuandat.com\/index.php\/wp-json\/wp\/v2\/product\/29030","targetHints":{"allow":["GET"]}}],"collection":[{"href":"https:\/\/dienmaytuandat.com\/index.php\/wp-json\/wp\/v2\/product"}],"about":[{"href":"https:\/\/dienmaytuandat.com\/index.php\/wp-json\/wp\/v2\/types\/product"}],"replies":[{"embeddable":true,"href":"https:\/\/dienmaytuandat.com\/index.php\/wp-json\/wp\/v2\/comments?post=29030"}],"version-history":[{"count":0,"href":"https:\/\/dienmaytuandat.com\/index.php\/wp-json\/wp\/v2\/product\/29030\/revisions"}],"wp:attachment":[{"href":"https:\/\/dienmaytuandat.com\/index.php\/wp-json\/wp\/v2\/media?parent=29030"}],"wp:term":[{"taxonomy":"product_brand","embeddable":true,"href":"https:\/\/dienmaytuandat.com\/index.php\/wp-json\/wp\/v2\/product_brand?post=29030"},{"taxonomy":"product_cat","embeddable":true,"href":"https:\/\/dienmaytuandat.com\/index.php\/wp-json\/wp\/v2\/product_cat?post=29030"},{"taxonomy":"product_tag","embeddable":true,"href":"https:\/\/dienmaytuandat.com\/index.php\/wp-json\/wp\/v2\/product_tag?post=29030"}],"curies":[{"name":"wp","href":"https:\/\/api.w.org\/{rel}","templated":true}]}}