{"id":29057,"date":"2024-07-17T12:34:36","date_gmt":"2024-07-17T12:34:36","guid":{"rendered":"https:\/\/dienmaytuandat.com\/?post_type=product&#038;p=29057"},"modified":"2024-07-17T12:34:36","modified_gmt":"2024-07-17T12:34:36","slug":"google-tivi-sony-4k-65-inch-kd-65x75k","status":"publish","type":"product","link":"https:\/\/dienmaytuandat.com\/index.php\/san-pham\/google-tivi-sony-4k-65-inch-kd-65x75k\/","title":{"rendered":"Google Tivi Sony 4K 65 inch KD-65X75K"},"content":{"rendered":"<p>T\u1ed5ng quan thi\u1ebft k\u1ebf<br \/>\n&#8211; Google Tivi Sony 4K 65 inch KD-65X75K c\u00f3 thi\u1ebft k\u1ebf h\u00ecnh ch\u1eef nh\u1eadt quen thu\u1ed9c, \u0111\u01b0\u1eddng n\u00e9t s\u1eafc s\u1ea3o, tinh t\u1ebf, g\u00f3p ph\u1ea7n t\u1ea1o s\u1ef1 sang tr\u1ecdng, cao c\u1ea5p cho m\u1ecdi kh\u00f4ng gian s\u1ed1ng.<\/p>\n<p>&#8211; V\u1edbi k\u00edch c\u1ee1 65 inch, m\u00e0n h\u00ecnh tivi cho t\u1ea7m nh\u00ecn r\u1ed9ng, tr\u1ea3i nghi\u1ec7m xem m\u00e3n nh\u00e3n, l\u1ef1a ch\u1ecdn ph\u00f9 h\u1ee3p v\u1edbi c\u00e1c gian ph\u00f2ng kh\u00e1ch, ph\u00f2ng h\u1ed9i ngh\u1ecb, ph\u00f2ng ng\u1ee7 c\u00f3 di\u1ec7n t\u00edch v\u1eeba v\u00e0 l\u1edbn.<\/p>\n<p>&#8211; Thi\u1ebft k\u1ebf ch\u00e2n \u0111\u1ebf ch\u1eef V \u00fap ng\u01b0\u1ee3c, l\u1eafp \u0111\u1eb7t \u1edf 2 ph\u00eda c\u1ee7a tivi Sony c\u00e2n b\u1eb1ng, gi\u00fap b\u1ed1 tr\u00ed tivi \u1ed5n \u0111\u1ecbnh khi \u0111\u1ec3 b\u00e0n. B\u1ea1n c\u0169ng c\u00f3 th\u1ec3 l\u1eafp \u0111\u1eb7t ki\u1ec3u treo t\u01b0\u1eddng bi\u1ebfn tivi th\u00e0nh v\u1eadt trang tr\u00ed, ho\u00e0n thi\u1ec7n \u00fd t\u01b0\u1edfng thi\u1ebft k\u1ebf n\u1ed9i th\u1ea5t c\u1ee7a m\u00ecnh.<\/p>\n<p><img fetchpriority=\"high\" decoding=\"async\" class=\"size-medium wp-image-29058 aligncenter\" src=\"https:\/\/dienmaytuandat.com\/wp-content\/uploads\/2024\/07\/google-sony-4k-65-inch-kd-65x75k-010422-084647-400x224.jpg\" alt=\"\" width=\"400\" height=\"224\" srcset=\"https:\/\/dienmaytuandat.com\/wp-content\/uploads\/2024\/07\/google-sony-4k-65-inch-kd-65x75k-010422-084647-400x224.jpg 400w, https:\/\/dienmaytuandat.com\/wp-content\/uploads\/2024\/07\/google-sony-4k-65-inch-kd-65x75k-010422-084647-768x429.jpg 768w, https:\/\/dienmaytuandat.com\/wp-content\/uploads\/2024\/07\/google-sony-4k-65-inch-kd-65x75k-010422-084647-430x240.jpg 430w, https:\/\/dienmaytuandat.com\/wp-content\/uploads\/2024\/07\/google-sony-4k-65-inch-kd-65x75k-010422-084647-700x391.jpg 700w, https:\/\/dienmaytuandat.com\/wp-content\/uploads\/2024\/07\/google-sony-4k-65-inch-kd-65x75k-010422-084647-150x84.jpg 150w, https:\/\/dienmaytuandat.com\/wp-content\/uploads\/2024\/07\/google-sony-4k-65-inch-kd-65x75k-010422-084647.jpg 1020w\" sizes=\"(max-width: 400px) 100vw, 400px\" \/><\/p>\n<p>C\u00f4ng ngh\u1ec7 h\u00ecnh \u1ea3nh<br \/>\n&#8211; H\u00ecnh \u1ea3nh c\u00f3 \u0111\u1ed9 ph\u00e2n gi\u1ea3i 4K hi\u1ec3n th\u1ecb s\u1eafc n\u00e9t g\u1ea5p 4 l\u1ea7n so v\u1edbi Full HD.<\/p>\n<p>&#8211; B\u1ed9 x\u1eed l\u00fd X1 4K HDR t\u00edch h\u1ee3p thu\u1eadt to\u00e1n cao c\u1ea5p t\u0103ng c\u01b0\u1eddng chi ti\u1ebft cho khung h\u00ecnh, gi\u1ea3m \u0111\u1ed9 nhi\u1ec5u \u0111\u1ec3 h\u00ecnh \u1ea3nh hi\u1ec3n th\u1ecb r\u00f5 r\u00e0ng, c\u1ea3nh chuy\u1ec3n \u0111\u1ed9ng m\u01b0\u1ee3t m\u00e0, sinh \u0111\u1ed9ng nh\u01b0 b\u01b0\u1edbc ra t\u1eeb cu\u1ed9c s\u1ed1ng.<\/p>\n<p>&#8211; C\u00f4ng ngh\u1ec7 Motionflow XR 200 ch\u00e8n th\u00eam khung h\u00ecnh v\u00e0o gi\u1eefa c\u00e1c khung h\u00ecnh g\u1ed1c gi\u00fap l\u00e0m r\u00f5 h\u01a1n nh\u1eefng c\u1ea3nh chuy\u1ec3n \u0111\u1ed9ng nhanh.<\/p>\n<p>M\u1eddi b\u1ea1n xem th\u00eam: Nh\u1eefng \u0111\u1ed9 ph\u00e2n gi\u1ea3i m\u00e0n h\u00ecnh ph\u1ed5 bi\u1ebfn hi\u1ec7n nay tr\u00ean tivi<\/p>\n<p><img decoding=\"async\" class=\"size-medium wp-image-28664 aligncenter\" src=\"https:\/\/dienmaytuandat.com\/wp-content\/uploads\/2024\/07\/google-sony-4k-55-inch-kd-55x75k-280622-102327-400x224.gif\" alt=\"\" width=\"400\" height=\"224\" \/><\/p>\n<p>C\u00f4ng ngh\u1ec7 \u00e2m thanh<br \/>\n&#8211; DTS Digital Surround t\u00e1i t\u1ea1o \u00e2m thanh v\u00f2m sinh \u0111\u1ed9ng, lan t\u1ecfa r\u1ed9ng kh\u1eafp kh\u00f4ng gian cho b\u1ea1n \u0111\u1eafm ch\u00ecm v\u00e0o ch\u01b0\u01a1ng tr\u00ecnh gi\u1ea3i tr\u00ed \u0111ang theo d\u00f5i.<\/p>\n<p>&#8211; B\u1ed9 khu\u1ebfch \u0111\u1ea1i \u00e2m thanh S-Master Digital Amplifier lo\u1ea1i b\u1ecf ti\u1ebfng \u1ed3n, \u0111\u1ed9 nhi\u1ec5u t\u1ed1i \u0111a \u0111\u1ec3 t\u1ea1o ra ch\u1ea5t \u00e2m m\u1ea1nh m\u1ebd, l\u00f4i cu\u1ed1n tr\u00ean Google Tivi.<\/p>\n<p>&#8211; C\u00f4ng ngh\u1ec7 S-Force Front Surround gi\u1ea3 l\u1eadp tr\u01b0\u1eddng \u00e2m thanh \u0111a chi\u1ec1u cho b\u1ea1n \u0111\u01b0\u1ee3c th\u01b0\u1edfng th\u1ee9c ch\u1ea5t \u00e2m 360\u00b0 ch\u00e2n th\u1eadt nh\u01b0 \u0111ang ng\u1ed3i trong r\u1ea1p chi\u1ebfu phim th\u1ef1c s\u1ef1.<\/p>\n<p>&nbsp;<\/p>\n<p><img decoding=\"async\" class=\"size-medium wp-image-28665 aligncenter\" src=\"https:\/\/dienmaytuandat.com\/wp-content\/uploads\/2024\/07\/google-sony-4k-55-inch-kd-55x75k-220722-075716-400x223.jpg\" alt=\"\" width=\"400\" height=\"223\" \/><\/p>\n<p>&nbsp;<\/p>\n<p>H\u1ec7 \u0111i\u1ec1u h\u00e0nh<br \/>\n&#8211; Giao di\u1ec7n h\u1ec7 \u0111i\u1ec1u h\u00e0nh Google TV h\u01b0\u1edbng \u0111\u1ebfn s\u1ef1 th\u00e2n thi\u1ec7n n\u00ean ng\u01b0\u1eddi d\u00f9ng m\u1edbi l\u00e0m quen c\u0169ng d\u1ec5 d\u00e0ng s\u1eed d\u1ee5ng, t\u00f9y ch\u1ecdn \u1ee9ng d\u1ee5ng y\u00eau th\u00edch \u0111\u1ec3 tr\u1ea3i nghi\u1ec7m.<\/p>\n<p>&#8211; Ph\u1ee5c v\u1ee5 t\u1ed1t cho nhu c\u1ea7u gi\u1ea3i tr\u00ed \u0111a d\u1ea1ng c\u1ee7a c\u00e1c th\u00e0nh vi\u00ean trong gia \u0111\u00ecnh b\u1ea1n v\u1edbi th\u01b0 vi\u1ec7n \u1ee9ng d\u1ee5ng phong ph\u00fa, c\u00f3 c\u00e1c \u1ee9ng d\u1ee5ng ph\u1ed5 bi\u1ebfn nh\u01b0 Netflix, Youtube, VieON, Galaxy Play (Fim+), FPT Play,&#8230;<img loading=\"lazy\" decoding=\"async\" class=\"size-medium wp-image-28666 aligncenter\" src=\"https:\/\/dienmaytuandat.com\/wp-content\/uploads\/2024\/07\/google-sony-4k-55-inch-kd-55x75k-020422-052330-400x224.jpg\" alt=\"\" width=\"400\" height=\"224\" \/><\/p>\n<p>Ti\u1ec7n \u00edch<br \/>\n&#8211; T\u00ecm ki\u1ebfm th\u00f4ng tin, \u0111i\u1ec1u khi\u1ec3n tivi b\u1eb1ng gi\u1ecdng n\u00f3i ti\u1ebfng Vi\u1ec7t v\u1edbi tr\u1ee3 l\u00fd \u1ea3o Google Assistant.<\/p>\n<p>&#8211; Chia s\u1ebb c\u00e1c h\u00ecnh \u1ea3nh, video, t\u00e0i li\u1ec7u t\u1eeb \u0111i\u1ec7n tho\u1ea1i l\u00ean tivi d\u1ec5 d\u00e0ng th\u00f4ng qua t\u00ednh n\u0103ng Chromecast.<\/p>\n<p><img loading=\"lazy\" decoding=\"async\" class=\"size-medium wp-image-28669 aligncenter\" src=\"https:\/\/dienmaytuandat.com\/wp-content\/uploads\/2024\/07\/google-sony-4k-55-inch-kd-55x75k-220722-075718-400x223.jpg\" alt=\"\" width=\"400\" height=\"223\" \/><\/p>\n<p>&nbsp;<\/p>\n<p>&#8211; Linh ho\u1ea1t \u0111i\u1ec1u khi\u1ec3n Google Tivi Sony b\u1eb1ng \u0111i\u1ec7n tho\u1ea1i v\u1edbi \u1ee9ng d\u1ee5ng Android TV.<\/p>\n<p>&#8211; Remote th\u00f4ng minh (RMF-TX520P) t\u00edch h\u1ee3p micro cho ph\u00e9p b\u1ea1n t\u00ecm ki\u1ebfm b\u1eb1ng gi\u1ecdng n\u00f3i trong tr\u1ebbo, r\u00f5 r\u00e0ng. C\u00e1c ph\u00edm c\u1ee7a remote \u0111\u01b0\u1ee3c ch\u1ebf t\u00e1c \u0111\u01a1n gi\u1ea3n, c\u00f3 bi\u1ec3u t\u01b0\u1ee3ng ch\u1ec9 d\u1eabn, d\u1ec5 d\u00e0ng quan s\u00e1t v\u00e0 t\u00f9y ch\u1ec9nh ch\u1ee9c n\u0103ng tivi b\u1eb1ng tay.<\/p>\n<p><img loading=\"lazy\" decoding=\"async\" class=\"size-medium wp-image-28668 aligncenter\" src=\"https:\/\/dienmaytuandat.com\/wp-content\/uploads\/2024\/07\/google-sony-4k-55-inch-kd-55x75k-220722-075720-400x223.jpg\" alt=\"\" width=\"400\" height=\"223\" \/><\/p>\n<p>&nbsp;<\/p>\n<p>&nbsp;<\/p>\n<p>&nbsp;<\/p>\n","protected":false},"excerpt":{"rendered":"<ul>\n<li>\u0110\u1eb7c \u0111i\u1ec3m n\u1ed5i b\u1eadt<\/li>\n<li>C\u00f4ng ngh\u1ec7 4K X-Reality PRO n\u00e2ng c\u1ea5p h\u00ecnh \u1ea3nh l\u00ean 4K g\u1ea5p 4 l\u1ea7n v\u1edbi FHD<\/li>\n<li>M\u00e0n h\u00ecnh s\u1eed d\u1ee5ng c\u00f4ng ngh\u1ec7 LED n\u1ec1n cho \u0111\u1ed9 t\u01b0\u01a1ng ph\u1ea3n cao h\u00ecnh \u1ea3nh r\u00f5 n\u00e9t<\/li>\n<li>C\u00f4ng ngh\u1ec7 t\u1ea1o m\u00e0u Live Color v\u1edbi b\u1ea3ng m\u00e0u r\u1ed9ng, \u0111\u1eb9p m\u1eaft v\u00e0 s\u1ed1ng \u0111\u1ed9ng<\/li>\n<li>C\u00f4ng ngh\u1ec7 chuy\u1ec3n \u0111\u1ed9ng XR Motion r\u00f5 n\u00e9t ngay c\u1ea3 trong c\u00e1c c\u1ea3nh nhanh<\/li>\n<li>Cho ph\u00e9p t\u00f9y ch\u1ecdn \u00e2m thanh theo n\u1ed9i dung xem phim, ca nh\u1ea1c, b\u00f3ng \u0111\u00e1\u2026<\/li>\n<li>C\u00f4ng su\u1ea5t loa 20W (10W + 10W), 2.0 k\u00eanh cho \u00e2m thanh ch\u1ea5t l\u01b0\u1ee3ng cao<\/li>\n<li>K\u1ebft h\u1ee3p c\u00f4ng ngh\u1ec7 Clear Phase cho \u00e2m thanh tr\u1ea3i nghi\u1ec7m r\u00f5 r\u00e0ng t\u1ef1 nhi\u00ean<\/li>\n<\/ul>\n","protected":false},"featured_media":28961,"comment_status":"open","ping_status":"closed","template":"","meta":[],"product_brand":[],"product_cat":[32],"product_tag":[],"class_list":{"0":"post-29057","1":"product","2":"type-product","3":"status-publish","4":"has-post-thumbnail","6":"product_cat-tv","8":"first","9":"instock","10":"taxable","11":"shipping-taxable","12":"purchasable","13":"product-type-simple"},"_links":{"self":[{"href":"https:\/\/dienmaytuandat.com\/index.php\/wp-json\/wp\/v2\/product\/29057","targetHints":{"allow":["GET"]}}],"collection":[{"href":"https:\/\/dienmaytuandat.com\/index.php\/wp-json\/wp\/v2\/product"}],"about":[{"href":"https:\/\/dienmaytuandat.com\/index.php\/wp-json\/wp\/v2\/types\/product"}],"replies":[{"embeddable":true,"href":"https:\/\/dienmaytuandat.com\/index.php\/wp-json\/wp\/v2\/comments?post=29057"}],"version-history":[{"count":0,"href":"https:\/\/dienmaytuandat.com\/index.php\/wp-json\/wp\/v2\/product\/29057\/revisions"}],"wp:featuredmedia":[{"embeddable":true,"href":"https:\/\/dienmaytuandat.com\/index.php\/wp-json\/wp\/v2\/media\/28961"}],"wp:attachment":[{"href":"https:\/\/dienmaytuandat.com\/index.php\/wp-json\/wp\/v2\/media?parent=29057"}],"wp:term":[{"taxonomy":"product_brand","embeddable":true,"href":"https:\/\/dienmaytuandat.com\/index.php\/wp-json\/wp\/v2\/product_brand?post=29057"},{"taxonomy":"product_cat","embeddable":true,"href":"https:\/\/dienmaytuandat.com\/index.php\/wp-json\/wp\/v2\/product_cat?post=29057"},{"taxonomy":"product_tag","embeddable":true,"href":"https:\/\/dienmaytuandat.com\/index.php\/wp-json\/wp\/v2\/product_tag?post=29057"}],"curies":[{"name":"wp","href":"https:\/\/api.w.org\/{rel}","templated":true}]}}