{"id":29059,"date":"2024-07-17T12:28:33","date_gmt":"2024-07-17T12:28:33","guid":{"rendered":"https:\/\/dienmaytuandat.com\/?post_type=product&#038;p=29059"},"modified":"2024-07-17T12:28:33","modified_gmt":"2024-07-17T12:28:33","slug":"loa-daiton-la8-s118","status":"publish","type":"product","link":"https:\/\/dienmaytuandat.com\/index.php\/san-pham\/loa-daiton-la8-s118\/","title":{"rendered":"Loa DaIton LA8-S118"},"content":{"rendered":"<p>DALTON LA8<br \/>\nACTIVE THREE-WAY PORTABLE COLUMN ARRAY<br \/>\nH\u1ec6 TH\u1ed0NG \u00c2M THANH KARAOKE LOA C\u1ed8T 3 WAY<br \/>\nH\u1ec7 th\u1ed1ng \u00e2m thanh karaoke 3 Way Dalton LA8 l\u00e0 m\u1ed9t thi\u1ebft k\u1ebf m\u1edbi nh\u1ea5t cho d\u00f2ng karaoke di \u0111\u1ed9ng ra m\u1eaft trong n\u0103m 2023 c\u1ee7a Dalton,v\u1edbi h\u1ec7 th\u1ed1ng x\u1eed l\u00ed t\u00edn hi\u1ec7u ph\u00e2n t\u1ea7n 3 k\u00eanh \u00e2m thanh ri\u00eang bi\u1ec7t cho 3 m\u1ea1ch c\u00f4ng su\u1ea5t cho loa t\u1ea1o s\u1ef1 \u0111\u1ed9t ph\u00e1 m\u1edbi trong c\u00f4ng ngh\u1ec7 \u00e2m thanh karaoke loa di \u0111\u1ed9ng.<\/p>\n<p>V\u1edbi h\u00ecnh d\u00e1ng c\u1ed9t bao g\u1ed3m hai loa,b\u00ean d\u01b0\u1edbi l\u00e0 loa sub LA8-S118 v\u00e0 b\u00ean tr\u00ean l\u00e0 loa c\u1ed9t LA8-F605 \u0111\u01b0\u1ee3c \u0111\u1eb7t tr\u00ean tr\u1ee5 \u0111\u1ee1 b\u1eb1ng kim lo\u1ea1i t\u1ea1o d\u00e1ng d\u1ee9ng cao \u0111\u1eb9p,ph\u00f9 h\u1ee3p m\u1ecdi kh\u00f4ng gian trong nh\u00e0 hay ngo\u00e0i tr\u1eddi, loa c\u1ed9t \u0111\u01b0\u1ee3c t\u00edch h\u1ee3p nhi\u1ec1u loa theo tr\u1ee5c \u0111\u1ee9ng n\u00ean t\u1ea1o \u00e1p l\u1ef1c c\u1ed9ng h\u01b0\u1edfng \u00e2m thanh ph\u00e1t \u0111\u1ecb r\u1ea5t xa.V\u1edbi thi\u1ebft k\u1ebf loa Sub v\u00e0 loa full r\u1eddi n\u00ean r\u1ea5t thu\u1eadn ti\u1ec7n khi di chuy\u1ec3n bi\u1ec3u di\u1ec5n trong c\u00e1c show ca nh\u1ea1c<\/p>\n<p>H\u1ec7 th\u1ed1ng \u00e2m thanh Dalton LA8 l\u00e0 d\u00f2ng karaoke c\u00f3 c\u00f4ng su\u1ea5t 3 Way m\u1ea1nh nh\u1ea5t trong c\u00e1c ph\u00e2n kh\u00fac loa di \u0111\u1ed9ng v\u00e0 cung c\u1ea5p kh\u1ea3 n\u0103ng t\u00e1i t\u1ea1o \u00e2m thanh \u0111\u1eb7c bi\u1ec7t s\u00e2u l\u1eafng v\u00e0 sinh \u0111\u1ed9ng gi\u00e0u c\u1ea3m x\u00fac do \u0111\u01b0\u1ee3c t\u00edch h\u1ee3p 3 b\u1ed9 khu\u1ebfch \u0111\u1ea1i c\u00f4ng su\u1ea5t 1500W bao g\u1ed3m 2 class H k\u1ebft h\u1ee3p c\u00f9ng 1 class AB v\u1edbi SUB 800W, MF 600W v\u00e0 HI 100W .<\/p>\n<p>B\u1ed9 khu\u1ebfch \u0111\u1ea1i Pre-Amplifier \u0111\u01b0\u1ee3c thi\u1ebft k\u1ebf c\u00f4ng phu v\u1edbi 3 b\u1ed9 ph\u00e2n t\u1ea7ng ri\u00eang bi\u1ec7t cung c\u1ea5p t\u00edn hi\u1ec7u cho 3 b\u1ed9 c\u00f4ng su\u1ea5t t\u1eebng loa n\u00ean \u00e2m thanh r\u1ea5t chi ti\u1ebft s\u00e1ng trong<\/p>\n<p>\u0110i\u1ec3m \u0111\u1eb7c bi\u1ec7t nh\u1ea5t c\u1ee7a loa c\u1ed9t 3 Way Dalton LA8 l\u00e0 b\u1ed9 hi\u1ec7u \u1ee9ng \u00e2m thanh ECHO-REVERB. \u0110i\u1ec1u ch\u1ec9nh ti\u1ebfng vang qua 3 n\u00fat: Echo, Delay v\u00e0 Repeat. \u0110i\u1ec1u ch\u1ec9nh hi\u1ec7u \u1ee9ng kh\u00f4ng gian c\u1ee7a \u00e2m thanh qua 2 n\u00fat: Decay v\u00e0 Reverb. \u0110\u1eb7c bi\u1ec7t ti\u1ebfng REVERB c\u1ef1c hay s\u00e1ng v\u00e0 m\u1ec1m m\u1ea1i ,c\u00f3 th\u1ec3 h\u00e1t karaoke b\u1eb1ng REVERB kh\u00f4ng c\u00f3 ECHO v\u1eabn nh\u1eb9 v\u00e0 hay<\/p>\n<p>Ph\u1ea7n tr\u00ean l\u00e0 loa c\u1ed9t LA8-F605 v\u1edbi c\u1ea5u t\u1ea1o g\u1ed3m 6 loa Mid 5\u2019\u2019 t\u1ea1o cho ti\u1ebfng ca \u1ea5m \u00e1p v\u00e0 c\u1ed9ng h\u01b0\u1edfng vang xa v\u00e0 01 loa HF Driver 1.75\u201d hi\u1ec7u su\u1ea5t cao ,t\u00edch h\u1ee3p h\u1ecdng c\u00f2i Array 90\u00d760 \u0111\u1ed9 ph\u00e2n t\u00e1n r\u1ed9ng ,nghe \u00e2m thanh r\u1ea5t s\u00e1ng v\u00e0 trong.<\/p>\n<p>Ph\u1ea7n d\u01b0\u1edbi l\u00e0 loa LA8-S118 \u0111\u01b0\u1ee3c t\u00edch h\u1ee3p c\u1ee7 loa si\u00eau tr\u1ea7m 18 \u201dmang \u0111\u1ebfn \u00e2m thanh tr\u1ea7m m\u1ea1nh m\u1ebd, gi\u00fap cho ti\u1ebfng tr\u1ed1ng s\u00f4i \u0111\u1ed9ng . Ph\u1ea7n \u0111\u1ebf loa SUB nh\u1edd c\u00f3 g\u1eafn b\u00e1nh xe n\u00ean r\u1ea5t d\u1ec5 di chuy\u1ec3n.<\/p>\n<p>H\u1ec7 th\u1ed1ng DALTON LA8 l\u00e0 b\u1ed9 d\u00e0n loa \u00e2m thanh nh\u1ea1c s\u1ed1ng t\u00edch h\u1ee3p c\u00f4ng su\u1ea5t 3 WAY 1500W m\u1ea1nh v\u00e0 ch\u1ea5t l\u01b0\u1ee3ng hay nh\u1ea5t kh\u00f4ng c\u00f3 \u0111\u1ed1i th\u1ee7<\/p>\n<p>T\u00cdCH H\u1ee2P MICRO KH\u00d4NG D\u00c2Y<br \/>\nH\u1ec7 th\u1ed1ng DALTON LA8 c\u00f2n \u0111\u01b0\u1ee3c trang b\u1ecb 2 micro kh\u00f4ng d\u00e2y s\u00f3ng UHF c\u00f3 th\u1ec3 \u0111i\u1ec1u ch\u1ec9nh 10 t\u1ea7ng s\u1ed1 kh\u00e1c nhau \u0111\u1ec3 tr\u00e1nh tr\u00f9ng l\u1eb7p t\u1ea7ng s\u1ed1 v\u1edbi c\u00e1c loa kh\u00e1c. Micro h\u1ed7 tr\u1ee3 th\u00eam m\u1ea1ch REVEB\/ECHO. Micro c\u00f3 th\u1ec3 k\u1ebft n\u1ed1i nhi\u1ec1u loa Dalton c\u00f9ng m\u1ed9t l\u00fac \u0111\u1ec3 ph\u1ee7 r\u1ed9ng \u00e2m thanh h\u01a1n trong kh\u00f4ng gian mong mu\u1ed1n<\/p>\n<p>Ph\u1ea7n th\u00e2n micro \u0111\u01b0\u1ee3c l\u00e0m b\u1eb1ng ch\u1ea5t li\u1ec7u kim lo\u1ea1i nguy\u00ean kh\u1ed1i l\u1ea5p l\u00e1nh,gi\u00fap t\u1ea1o n\u00ean v\u1ebb \u0111\u1eb9p v\u00e0 s\u1ef1 sang tr\u1ecdng cho micro. \u0110\u1ea7u cartridge dynamic c\u1ee7a micro \u0111\u01b0\u1ee3c thi\u1ebft k\u1ebf d\u00f2ng cao c\u1ea5p gi\u00fap gi\u1ecdng ca trung th\u1ef1c v\u00e0 trong s\u00e1ng h\u01a1n<\/p>\n<p>KH\u1ea2 N\u0102NG K\u1ebeT N\u1ed0I<br \/>\nH\u1ec7 th\u1ed1ng loa DALTON LA8 b\u1ea1n c\u00f3 th\u1ec3 d\u1ec5 d\u00e0ng k\u1ebft n\u1ed1i \u0111\u1ebfn c\u00e1c thi\u1ebft b\u1ecb th\u00f4ng minh m\u1ed9t c\u00e1ch nhanh ch\u00f3ng v\u00e0 d\u1ec5 d\u00e0ng nh\u01b0 \u0111i\u1ec7n tho\u1ea1i, laptop, m\u00e1y t\u00ednh b\u1ea3ng,\u2026th\u00f4ng qua c\u1ed5ng bluetooth 4.0. Ngo\u00e0i ra loa c\u00f2n h\u1ed7 tr\u1ee3 c\u00e1c c\u1ed5ng k\u1ebft n\u1ed1i kh\u00e1c nh\u01b0: Bluetooth 5.0, USB, ng\u1ecf v\u00e0o AUX ,LINE IN 6mm,<\/p>\n<p>Ngo\u00e0i micro kh\u00f4ng d\u00e2y c\u00f2n c\u00f3 th\u1ec3 k\u1ebft n\u1ed1i micro c\u00f3 d\u00e2y v\u1edbi loa khi c\u1ea7n qua jack c\u1eafm 6ly tr\u00ean m\u1eb7t \u0111i\u1ec1u khi\u1ec3n v\u00e0 c\u00f3 jack c\u1eafm 6ly cho ghita<\/p>\n<p>B\u1ed8 \u0110I\u1ec0U CH\u1ec8NH \u00c2M THANH<br \/>\nH\u1ec7 th\u1ed1ng loa DALTON LA8-F605\/LA8-S118 \u0111\u01b0\u1ee3c thi\u1ebft k\u1ebf c\u00e1c n\u00fat tinh ch\u1ec9nh \u00e2m thanh \u0111\u1eb7t ph\u00eda tr\u00ean n\u00ean vi\u1ec7c c\u00e2n ch\u1ec9nh \u00e2m thanh r\u1ea5t thu\u1eadn ti\u1ec7n.<\/p>\n<p>\u0110i\u1ec1u ch\u1ec9nh cho micro kh\u00f4ng d\u00e2y g\u1ed3m 4 n\u00fat :V.MIC,LOW,MID v\u00e0 HI (volum,bass ,mid,tr\u00e9p),C\u00f3 volume \u0111i\u1ec1u ch\u1ec9nh khi k\u1ebft h\u1ee3p v\u1edbi Micro ngo\u00e0i<\/p>\n<p>\u0110i\u1ec1u ch\u1ec9nh b\u1ed9 hi\u1ec7u \u1ee9ng \u00e2m thanh g\u1ed3m 5 n\u00fat : ECHO,DELAY,REPEAT,DECAY v\u00e0 REVERB, \u0110\u1eb7t bi\u1ec7t m\u1ea1ch t\u1ea1o ti\u1ebfng vang ECHO \u0111\u01b0\u1ee3c s\u1eed d\u1ee5ng IC 65831P c\u1ee7a Nh\u1eadt n\u00ean ti\u1ebfng vang ECHO \u1ea5m v\u00e0 trong,IC REVERB c\u1ee7a M\u1ef9 n\u00ean ti\u1ebfng s\u00e1ng v\u00e0 nh\u1eb9<\/p>\n<p>\u0110i\u1ec1u ch\u1ec9nh nh\u1ea1c g\u1ed3m 3 n\u00fat : V.MUSIC ,HI v\u00e0 LOW (volum,tr\u00e9p,bass),k\u1ebft h\u1ee3p v\u1edbi volume ch\u1ec9nh l\u1edbn nh\u1ecf khi ch\u01a1i \u0111\u00e0n Ghita<\/p>\n<p>Bo m\u1ea1ch \u0111i\u1ec1u ch\u1ec9nh cho loa Subwoofer \u0111\u01b0\u1ee3c thi\u1ebft k\u1ebf n\u1eb1m ph\u00eda sau g\u1ed3m c\u00e1c n\u00fat ch\u1ec9nh volume l\u1edbn nh\u1ecf,\u0111i\u1ec1u ch\u1ec9nh t\u1ea7ng s\u1ed1 c\u1eaft t\u1eeb 50Hz \u0111\u1ebfn 250Hz v\u00e0 \u0111\u1eb7t bi\u1ec7t c\u00f3 Jack 6ly line in khi k\u1ebft n\u1ed1i 2 h\u1ec7 th\u1ed1ng loa h\u00e1t c\u00f9ng l\u00fac.<\/p>\n","protected":false},"excerpt":{"rendered":"<p>C\u00f4ng su\u1ea5t :1500W<\/p>\n<p>K\u00edch th\u01b0\u1edbc S118: (51\u00d750,5\u00d776) cm<\/p>\n<p>K\u00edch th\u01b0\u1edbc F605: (17\u00d718,5\u00d7121) cm<\/p>\n<p>M\u1ea1ch c\u00f4ng su\u1ea5t: ClassHx2, Class ABx1ss<\/p>\n","protected":false},"featured_media":0,"comment_status":"open","ping_status":"closed","template":"","meta":[],"product_brand":[],"product_cat":[112],"product_tag":[],"class_list":{"0":"post-29059","1":"product","2":"type-product","3":"status-publish","5":"product_cat-loa","7":"first","8":"instock","9":"taxable","10":"shipping-taxable","11":"purchasable","12":"product-type-simple"},"_links":{"self":[{"href":"https:\/\/dienmaytuandat.com\/index.php\/wp-json\/wp\/v2\/product\/29059","targetHints":{"allow":["GET"]}}],"collection":[{"href":"https:\/\/dienmaytuandat.com\/index.php\/wp-json\/wp\/v2\/product"}],"about":[{"href":"https:\/\/dienmaytuandat.com\/index.php\/wp-json\/wp\/v2\/types\/product"}],"replies":[{"embeddable":true,"href":"https:\/\/dienmaytuandat.com\/index.php\/wp-json\/wp\/v2\/comments?post=29059"}],"version-history":[{"count":0,"href":"https:\/\/dienmaytuandat.com\/index.php\/wp-json\/wp\/v2\/product\/29059\/revisions"}],"wp:attachment":[{"href":"https:\/\/dienmaytuandat.com\/index.php\/wp-json\/wp\/v2\/media?parent=29059"}],"wp:term":[{"taxonomy":"product_brand","embeddable":true,"href":"https:\/\/dienmaytuandat.com\/index.php\/wp-json\/wp\/v2\/product_brand?post=29059"},{"taxonomy":"product_cat","embeddable":true,"href":"https:\/\/dienmaytuandat.com\/index.php\/wp-json\/wp\/v2\/product_cat?post=29059"},{"taxonomy":"product_tag","embeddable":true,"href":"https:\/\/dienmaytuandat.com\/index.php\/wp-json\/wp\/v2\/product_tag?post=29059"}],"curies":[{"name":"wp","href":"https:\/\/api.w.org\/{rel}","templated":true}]}}