{"id":29070,"date":"2024-07-18T02:49:13","date_gmt":"2024-07-18T02:49:13","guid":{"rendered":"https:\/\/dienmaytuandat.com\/?post_type=product&#038;p=29070"},"modified":"2024-10-17T10:23:55","modified_gmt":"2024-10-17T10:23:55","slug":"29070","status":"publish","type":"product","link":"https:\/\/dienmaytuandat.com\/index.php\/san-pham\/29070\/","title":{"rendered":"Loa DaIton TS-18G800XP"},"content":{"rendered":"","protected":false},"excerpt":{"rendered":"<p><span style=\"font-size: 14pt;\"><strong>\u0110\u1eb7c \u0110i\u1ec3m N\u1ed5i B\u1eadt\u00a0<\/strong><\/span><\/p>\n<p>C\u00f4ng su\u1ea5t: 850W<br \/>\nBass loa: 18 inches<br \/>\nK\u00edch th\u01b0\u1edbc: (81.5 x 51.5 x 45.2) cm<br \/>\nTr\u1ecdng l\u01b0\u1ee3ng: 44 kg<br \/>\nT\u00ednh n\u0103ng n\u1ed5i b\u1eadt<\/p>\n<p>-H\u1ed7 tr\u1ee3 k\u1ebft n\u1ed1i Bluetooth, USB.<\/p>\n<p>-T\u00edch h\u1ee3p 2 micro kh\u00f4ng d\u00e2y, s\u00f3ng UHF.<br \/>\nCh\u1ee9c n\u0103ng \u0111i\u1ec1u ch\u1ec9nh \u0111\u01b0\u1ee3c t\u1ea7n s\u1ed1.<\/p>\n","protected":false},"featured_media":29140,"comment_status":"open","ping_status":"closed","template":"","meta":[],"product_brand":[],"product_cat":[112],"product_tag":[],"class_list":{"0":"post-29070","1":"product","2":"type-product","3":"status-publish","4":"has-post-thumbnail","6":"product_cat-loa","8":"first","9":"instock","10":"taxable","11":"shipping-taxable","12":"purchasable","13":"product-type-simple"},"_links":{"self":[{"href":"https:\/\/dienmaytuandat.com\/index.php\/wp-json\/wp\/v2\/product\/29070","targetHints":{"allow":["GET"]}}],"collection":[{"href":"https:\/\/dienmaytuandat.com\/index.php\/wp-json\/wp\/v2\/product"}],"about":[{"href":"https:\/\/dienmaytuandat.com\/index.php\/wp-json\/wp\/v2\/types\/product"}],"replies":[{"embeddable":true,"href":"https:\/\/dienmaytuandat.com\/index.php\/wp-json\/wp\/v2\/comments?post=29070"}],"version-history":[{"count":2,"href":"https:\/\/dienmaytuandat.com\/index.php\/wp-json\/wp\/v2\/product\/29070\/revisions"}],"predecessor-version":[{"id":30602,"href":"https:\/\/dienmaytuandat.com\/index.php\/wp-json\/wp\/v2\/product\/29070\/revisions\/30602"}],"wp:featuredmedia":[{"embeddable":true,"href":"https:\/\/dienmaytuandat.com\/index.php\/wp-json\/wp\/v2\/media\/29140"}],"wp:attachment":[{"href":"https:\/\/dienmaytuandat.com\/index.php\/wp-json\/wp\/v2\/media?parent=29070"}],"wp:term":[{"taxonomy":"product_brand","embeddable":true,"href":"https:\/\/dienmaytuandat.com\/index.php\/wp-json\/wp\/v2\/product_brand?post=29070"},{"taxonomy":"product_cat","embeddable":true,"href":"https:\/\/dienmaytuandat.com\/index.php\/wp-json\/wp\/v2\/product_cat?post=29070"},{"taxonomy":"product_tag","embeddable":true,"href":"https:\/\/dienmaytuandat.com\/index.php\/wp-json\/wp\/v2\/product_tag?post=29070"}],"curies":[{"name":"wp","href":"https:\/\/api.w.org\/{rel}","templated":true}]}}