{"id":29082,"date":"2024-07-18T03:18:12","date_gmt":"2024-07-18T03:18:12","guid":{"rendered":"https:\/\/dienmaytuandat.com\/?post_type=product&#038;p=29082"},"modified":"2024-07-18T03:18:13","modified_gmt":"2024-07-18T03:18:13","slug":"loa-daiton-ts-15g700x","status":"publish","type":"product","link":"https:\/\/dienmaytuandat.com\/index.php\/san-pham\/loa-daiton-ts-15g700x\/","title":{"rendered":"Loa DaIton TS-15G700X"},"content":{"rendered":"<p>\u0110I\u1ec2M N\u1ed4I B\u1eacT<\/p>\n<p>Loa k\u00e9o Dalton TS-15G700X l\u00e0 s\u1ea3n ph\u1ea9m c\u00f3 m\u1eb7t tr\u00ean th\u1ecb tr\u01b0\u1eddng t\u1eeb n\u0103m 2020, th\u1eeba h\u01b0\u1edfng \u0111\u01b0\u1ee3c nh\u1eefng y\u1ebfu t\u1ed1 n\u1ed5i b\u1eadt nh\u01b0 c\u00f4ng su\u1ea5t, t\u00ednh n\u0103ng x\u1eed l\u00fd t\u1ed1t. TS-15G700X chi\u1ec1u l\u00f2ng c\u00e1c kh\u00e1ch h\u00e0ng v\u1edbi thi\u1ebft k\u1ebf v\u00e0 ch\u1ea5t l\u01b0\u1ee3ng tuy\u1ec7t v\u1eddi.<\/p>\n<p>Loa \u0111\u01b0\u1ee3c thi\u1ebft k\u1ebf v\u1edbi giao di\u1ec7n r\u1ea5t n\u0103ng \u0111\u1ed9ng v\u00e0 hi\u1ec7n \u0111\u1ea1i, tr\u1ebb trung ph\u00f9 h\u1ee3p v\u1edbi c\u00e1c kh\u00f4ng gian 30 \u2013 50m2 trong nh\u00e0 ho\u1eb7c ngo\u00e0i tr\u1eddi.<\/p>\n<p>\u0110I K\u00c8M MICRO KH\u00d4NG D\u00c2Y<\/p>\n<p>Loa k\u00e9o TS-15G700X c\u0169ng \u0111i k\u00e8m l\u00e0 02 micro kh\u00f4ng d\u00e2y s\u00f3ng UHF. Vi\u1ec7c s\u1eed d\u1ee5ng t\u1ea7n s\u1ed1 UHF gi\u00fap cho vi\u1ec7c k\u1ebft n\u1ed1i v\u00e0 truy\u1ec1n t\u00edn hi\u1ec7u micro \u0111\u01b0\u1ee3c chu\u1ea9n v\u00e0 m\u1ea1nh m\u1ebd h\u01a1n. \u0110\u1eb7c bi\u1ec7t micro kh\u00f4ng d\u00e2y c\u00f3 kh\u1ea3 n\u0103ng ch\u1ec9nh \u0111\u01b0\u1ee3c t\u1ea7n s\u1ed1 k\u1ebft n\u1ed1i, vi\u1ec7c n\u00e0y gi\u00fap cho loa tr\u00e1nh tr\u01b0\u1eddng h\u1ee3p tr\u00f9ng l\u1eb7p t\u1ea7n s\u1ed1 micro v\u1edbi c\u00e1c loa kh\u00e1c \u1edf g\u1ea7n. Th\u00e2n micro \u0111\u01b0\u1ee3c thi\u1ebft k\u1ebf b\u1eb1ng ch\u1ea5t li\u1ec7u kim lo\u1ea1i nguy\u00ean kh\u1ed1i c\u1ee9ng c\u00e1p, phay hoa v\u0103n tinh x\u1ea3o gi\u00fap t\u1ea1o n\u00e9t th\u1ea9m m\u1ef9 v\u00e0 s\u1ef1 sang tr\u1ecdng cho micro.<\/p>\n<p>C\u00d4NG SU\u1ea4T M\u1ea0NH M\u1ebc<\/p>\n<p>C\u00f4ng ngh\u1ec7 \u00e2m thanh s\u1edf h\u1eefu m\u1ea1ch c\u00f4ng su\u1ea5t Class AB gi\u00fap loa \u0111\u1ea1t c\u00f4ng su\u1ea5t l\u00ean \u0111\u1ebfn 700W c\u1ef1c s\u00f4i \u0111\u1ed9ng \u00e2m thanh to, r\u00f5 r\u00e0ng v\u00e0 c\u1ef1c k\u00ec s\u00f4i \u0111\u1ed9ng, c\u00e1c b\u1ea1n c\u00f3 th\u1ec3 th\u1ecfa s\u1ee9c \u0111am m\u00ea karaoke ho\u1eb7c nghe nh\u1ea1c v\u1edbi m\u1eabu loa n\u00e0y<\/p>\n<p>Loa TS-15G700X g\u1ed3m c\u00f3 c\u00e1c loa th\u00e0nh ph\u1ea7n: m\u1ed9t loa bass 15 inches (4 t\u1ea5c) \u0111em l\u1ea1i \u00e2m tr\u1ea7m m\u1ea1nh, ch\u1eafc v\u00e0 m\u1ed9t loa treble 1.5 inches c\u00f3 thi\u1ebft k\u1ebf h\u1ecdng c\u00f2i gi\u00fap cho \u00e2m cao trong tr\u1ebbo v\u00e0 lan t\u1ecfa kh\u1eafp kh\u00f4ng gian r\u1ed9ng. C\u00e1c d\u1ea3i bass s\u1ebd \u0111\u01b0\u1ee3c ki\u1ec3m so\u00e1t m\u01b0\u1ee3t m\u00e0, d\u00e0y d\u1eb7n, c\u00e1c d\u1ea3i cao t\u1ea7n v\u00e0 trung t\u1ea7n c\u0169ng \u0111\u01b0\u1ee3c \u0111\u1ea3m b\u1ea3o \u0111\u1ed9 tinh t\u1ebf v\u00e0 h\u1ea1n ch\u1ebf t\u1ed1i \u0111a s\u1ef1 r\u00e8 h\u00fa, g\u00e2y kh\u00f3 ch\u1ecbu khi h\u00e1t karaoke ho\u1eb7c nghe nh\u1ea1c.<\/p>\n<p>THI\u1ebeT K\u1ebe CH\u1eaeC CH\u1eaeN<\/p>\n<p>Dalton \u0111\u00e3 \u0111em \u0111\u1ebfn cho ng\u01b0\u1eddi d\u00f9ng s\u1ef1 thu h\u00fat b\u1edfi v\u1ebb b\u1ec1 ngo\u00e0i \u1ea5n t\u01b0\u1ee3ng, s\u1ef1 h\u00f2a quy\u1ec7n b\u1edfi \u00e2m thanh ch\u1ea5t l\u01b0\u1ee3ng c\u00f9ng s\u1ef1 th\u1ecfa m\u00e3n b\u1edfi nh\u1eefng t\u00ednh n\u0103ng \u00e2m thanh \u0111\u01b0\u1ee3c t\u00edch h\u1ee3p trong s\u1ea3n ph\u1ea9m<\/p>\n<p>Ch\u1ea5t li\u1ec7u g\u1ed7 MDF s\u01a1n nh\u00e1m ch\u1ed1ng tr\u1ea7y x\u01b0\u1edbc c\u00f9ng v\u1edbi nh\u1eefng hoa v\u0103n v\u00e2n \u0111\u00e1 n\u1ed5i b\u1eadt. M\u1eb7t l\u01b0\u1edbi \u0111\u01a1n gi\u1ea3n nh\u01b0ng r\u1ea5t \u201cch\u1ea5t\u201d, ph\u1ed1i m\u00e0u x\u00e1m c\u00e0ng l\u00e0m cho loa tr\u1edf n\u00ean m\u1ea1nh m\u1ebd h\u01a1n. Ch\u1eef X \u0111\u01b0\u1ee3c d\u1eadp \u00e2m tr\u00ean l\u01b0\u1edbi loa, logo ch\u00ednh gi\u1eefa to\u00e1t l\u00ean v\u1ebb sang tr\u1ecdng, t\u1ea1o \u0111i\u1ec3m nh\u1ea5n c\u0169ng nh\u01b0 ghi l\u1ea1i d\u1ea5u \u1ea5n c\u1ee7a th\u01b0\u01a1ng hi\u1ec7u.<\/p>\n<p>TS-15G700X ch\u1ec9 35kg, k\u00edch th\u01b0\u1edbc c\u1ee7a loa 77.2 x 44.5 x 41.5 cm, loa k\u00e9o n\u00e0y c\u00f2n \u0111\u01b0\u1ee3c trang b\u1ecb 4 b\u00e1nh xe xoay 360 \u0111\u1ed9 v\u1eeba mang t\u00ednh th\u1ea9m m\u1ef9, v\u1eeba ti\u1ec7n l\u1ee3i cho vi\u1ec7c di chuy\u1ec3n.<\/p>\n<p>KH\u1ea2 N\u0102NG K\u1ebeT N\u1ed0I<\/p>\n<p>B\u1ea3ng \u0111i\u1ec1u khi\u1ec3n c\u1ee7a loa \u0111\u01b0\u1ee3c thi\u1ebft k\u1ebf r\u1ea5t hi\u1ec7n \u0111\u1ea1i v\u00e0 d\u1ec5 s\u1eed d\u1ee5ng. M\u00e0n h\u00ecnh led hi\u1ec3n th\u1ecb k\u1ebft h\u1ee3p v\u1edbi n\u00fat b\u1ea5m ch\u1ecdn l\u1ef1a c\u00e1c ch\u1ee9c n\u0103ng s\u1eed d\u1ee5ng cho loa.<\/p>\n<p>Loa h\u1ed7 tr\u1ee3 c\u00e1c h\u00ecnh th\u1ee9c k\u1ebft n\u1ed1i nh\u01b0: Bluetooth, th\u1ebb nh\u1edb SD, USB, \u0111\u00e0i FM, jack c\u1eafm b\u00f4ng sen.<\/p>\n<p>C\u00e1c b\u1ea1n c\u00f3 th\u1ec3 tho\u1ea3i m\u00e1i s\u1eed d\u1ee5ng loa ph\u00e1t nh\u1ea1c ho\u1eb7c karaoke ch\u1ec9 \u0111\u01a1n gi\u1ea3n t\u1eeb nh\u1eefng thi\u1ebft b\u1ecb hi\u1ec7n \u0111\u1ea1i c\u1ee7a m\u00ecnh nh\u01b0: smartphone, tablet, smart tivi.<\/p>\n<p>\u0110\u1ea3m b\u1ea3o \u0111\u01b0\u1eddng truy\u1ec1n kh\u00f4ng b\u1ecb nhi\u1ec5u hay gi\u00e1n \u0111o\u1ea1n trong kho\u1ea3ng c\u00e1ch 10m. B\u1ea1n ch\u1ec9 c\u1ea7n th\u1ef1c hi\u1ec7n thao t\u00e1c m\u1edf bluetooth \u1edf loa v\u00e0 thi\u1ebft b\u1ecb c\u1ea7n gh\u00e9p n\u1ed1i l\u00e0 \u0111\u00e3 c\u00f3 th\u1ec3 h\u00e1t karaoke th\u1ecfa th\u00edch.<\/p>\n<p>Ngo\u00e0i micro kh\u00f4ng d\u00e2y c\u00f2n c\u00f3 th\u1ec3 k\u1ebft n\u1ed1i micro b\u00ean ngo\u00e0i v\u1edbi loa khi c\u1ea7n qua jack c\u1eafm 6.5mm tr\u00ean m\u1eb7t \u0111i\u1ec1u khi\u1ec3n<\/p>\n<p>TH\u1edcI GIAN S\u1eec D\u1ee4NG<\/p>\n<p>Loa k\u00e9o Dalton TS-15G700X c\u00f3 th\u1ec3 s\u1eed d\u1ee5ng b\u1eb1ng ngu\u1ed3n \u0111i\u1ec7n tr\u1ef1c ti\u1ebfp 220V ho\u1eb7c b\u00ecnh Acquy 12V\/12Ah \u0111\u1ea3m b\u1ea3o t\u00edn hi\u1ec7u k\u1ebft n\u1ed1i \u0111\u01b0\u1ee3c li\u00ean t\u1ee5c, c\u00f4ng su\u1ea5t b\u1ec1n v\u1eefng kh\u00f4ng b\u1ecb ng\u1eaft qu\u00e3ng trong qu\u00e1 tr\u00ecnh s\u1eed d\u1ee5ng. Th\u1eddi gian x\u1ea1c b\u00ecnh kho\u1ea3ng 4 ti\u1ebfng, cho th\u1eddi gian s\u1eed d\u1ee5ng l\u00ean \u0111\u1ebfn 3- 4 ti\u1ebfng.<\/p>\n<p>Loa c\u00f3 h\u1ed7 tr\u1ee3 th\u00eam m\u1ed9t c\u1ed5ng k\u1ebft n\u1ed1i ngu\u1ed3n 12V gi\u00fap b\u1ea1n th\u1ecfa s\u1ee9c nghe nh\u1ea1c, h\u00e1t karaoke v\u1edbi c\u1ea3 nh\u1eefng n\u01a1i kh\u00f4ng c\u00f3 \u0111i\u1ec7n, \u0111\u1ea3m b\u1ea3o cho nh\u1eefng bu\u1ed5i ti\u1ec7c s\u00f4i \u0111\u1ed9ng kh\u00f4ng b\u1ecb gi\u00e1n \u0111o\u1ea1n.<\/p>\n","protected":false},"excerpt":{"rendered":"<p>C\u00f4ng su\u1ea5t: 700W<br \/>\nBass loa: 15 inches<br \/>\nK\u00edch th\u01b0\u1edbc: (77.2 x 44.5 x 41.5) cm<br \/>\nTr\u1ecdng l\u01b0\u1ee3ng: 35 kg<\/p>\n<p>T\u00ednh n\u0103ng n\u1ed5i b\u1eadt<\/p>\n<p>-H\u1ed7 tr\u1ee3 k\u1ebft n\u1ed1i Bluetooth, USB.<\/p>\n<p>-T\u00edch h\u1ee3p 2 micro kh\u00f4ng d\u00e2y, s\u00f3ng UHF.<br \/>\nCh\u1ee9c n\u0103ng \u0111i\u1ec1u ch\u1ec9nh \u0111\u01b0\u1ee3c t\u1ea7n s\u1ed1.<\/p>\n","protected":false},"featured_media":0,"comment_status":"open","ping_status":"closed","template":"","meta":[],"product_brand":[],"product_cat":[112],"product_tag":[],"class_list":{"0":"post-29082","1":"product","2":"type-product","3":"status-publish","5":"product_cat-loa","7":"first","8":"instock","9":"taxable","10":"shipping-taxable","11":"purchasable","12":"product-type-simple"},"_links":{"self":[{"href":"https:\/\/dienmaytuandat.com\/index.php\/wp-json\/wp\/v2\/product\/29082","targetHints":{"allow":["GET"]}}],"collection":[{"href":"https:\/\/dienmaytuandat.com\/index.php\/wp-json\/wp\/v2\/product"}],"about":[{"href":"https:\/\/dienmaytuandat.com\/index.php\/wp-json\/wp\/v2\/types\/product"}],"replies":[{"embeddable":true,"href":"https:\/\/dienmaytuandat.com\/index.php\/wp-json\/wp\/v2\/comments?post=29082"}],"version-history":[{"count":0,"href":"https:\/\/dienmaytuandat.com\/index.php\/wp-json\/wp\/v2\/product\/29082\/revisions"}],"wp:attachment":[{"href":"https:\/\/dienmaytuandat.com\/index.php\/wp-json\/wp\/v2\/media?parent=29082"}],"wp:term":[{"taxonomy":"product_brand","embeddable":true,"href":"https:\/\/dienmaytuandat.com\/index.php\/wp-json\/wp\/v2\/product_brand?post=29082"},{"taxonomy":"product_cat","embeddable":true,"href":"https:\/\/dienmaytuandat.com\/index.php\/wp-json\/wp\/v2\/product_cat?post=29082"},{"taxonomy":"product_tag","embeddable":true,"href":"https:\/\/dienmaytuandat.com\/index.php\/wp-json\/wp\/v2\/product_tag?post=29082"}],"curies":[{"name":"wp","href":"https:\/\/api.w.org\/{rel}","templated":true}]}}