{"id":29122,"date":"2024-07-18T09:59:21","date_gmt":"2024-07-18T09:59:21","guid":{"rendered":"https:\/\/dienmaytuandat.com\/?post_type=product&#038;p=29122"},"modified":"2024-07-18T09:59:21","modified_gmt":"2024-07-18T09:59:21","slug":"loa-daiton-ts-15g500x","status":"publish","type":"product","link":"https:\/\/dienmaytuandat.com\/index.php\/san-pham\/loa-daiton-ts-15g500x\/","title":{"rendered":"Loa DaIton TS-15G500X"},"content":{"rendered":"<p>\u0110\u1eb6C \u0110I\u1ec2M N\u1ed4I B\u1eacT<\/p>\n<p>Loa karaoke Dalton TS-15G500X thu h\u00fat b\u1ea1n t\u1eeb \u00e1nh nh\u00ecn \u0111\u1ea7u ti\u00ean b\u1edfi thi\u1ebft k\u1ebf c\u1ed5 \u0111i\u1ec3n v\u00e0 sang tr\u1ecdng. V\u1edbi thi\u1ebft k\u1ebf t\u1ed1i \u01b0u v\u1ec1 ki\u1ec3u d\u00e1ng, d\u00f2ng loa karaoke Loa TS-15G500X s\u1edf h\u1eefu \u0111\u01b0\u1eddng n\u00e9t thi\u1ebft k\u1ebf tinh x\u1ea3o, chi ti\u1ebft.<\/p>\n<p>C\u00f4ng su\u1ea5t loa l\u00ean \u0111\u1ebfn 600Watt \u0111\u1ea7y uy l\u1ef1c, d\u00f9 ch\u01a1i trong nh\u00e0 hay ngo\u00e0i tr\u1eddi TS-15G500X \u0111\u1ec1u mang t\u1edbi ch\u1ea5t \u00e2m chi ti\u1ebft s\u1eafc n\u00e9t, d\u1ea3i mid t\u1ef1 nhi\u00ean, d\u1ea3i bass m\u1ea1nh m\u1ebd cho cu\u1ed9c vui b\u1ea5t t\u1eadn.<\/p>\n<p>\u0110\u1eb7t bi\u1ec7t loa TS-15G500X \u0111\u01b0\u1ee3c thi\u1ebft k\u1ebf nh\u1ecf g\u1ecdn chuy\u00ean d\u00f9ng cho Karaoke trong nh\u00e0 hay ngo\u00e0i tr\u1eddi v\u1edbi \u00e2m thanh c\u1ef1c hay. TS-15G500X l\u00e0 s\u1ef1 l\u1ef1a ch\u1ecdn ho\u00e0n h\u1ea3o cho nh\u1eefng chuy\u1ebfn \u0111i du l\u1ecbch.<\/p>\n<p>\u0110I K\u00c8M MICRO KH\u00d4NG D\u00c2Y<\/p>\n<p>Loa k\u00e9o TS-15G500X c\u0169ng \u0111i k\u00e8m l\u00e0 02 micro kh\u00f4ng d\u00e2y s\u00f3ng UHF. Vi\u1ec7c s\u1eed d\u1ee5ng t\u1ea7n s\u1ed1 UHF gi\u00fap cho vi\u1ec7c k\u1ebft n\u1ed1i v\u00e0 truy\u1ec1n t\u00edn hi\u1ec7u micro \u0111\u01b0\u1ee3c chu\u1ea9n v\u00e0 m\u1ea1nh m\u1ebd h\u01a1n. \u0110\u1eb7c bi\u1ec7t micro kh\u00f4ng d\u00e2y c\u00f3 kh\u1ea3 n\u0103ng ch\u1ec9nh \u0111\u01b0\u1ee3c t\u1ea7n s\u1ed1 k\u1ebft n\u1ed1i. Vi\u1ec7c n\u00e0y gi\u00fap cho loa tr\u00e1nh tr\u01b0\u1eddng h\u1ee3p tr\u00f9ng l\u1eb7p t\u1ea7n s\u1ed1 micro v\u1edbi c\u00e1c loa kh\u00e1c \u1edf g\u1ea7n. Th\u00e2n micro \u0111\u01b0\u1ee3c thi\u1ebft k\u1ebf b\u1eb1ng ch\u1ea5t li\u1ec7u kim lo\u1ea1i nguy\u00ean kh\u1ed1i c\u1ee9ng c\u00e1p, phay hoa v\u0103n tinh x\u1ea3o gi\u00fap t\u1ea1o n\u00e9t th\u1ea9m m\u1ef9 v\u00e0 s\u1ef1 sang tr\u1ecdng cho micro.<\/p>\n<p>C\u00d4NG SU\u1ea4T M\u1ea0NH M\u1ebc<\/p>\n<p>Loa TS-15G500X s\u1eed d\u1ee5ng m\u1ea1ch c\u00f4ng su\u1ea5t Class AB cho c\u00f4ng su\u1ea5t l\u00ean \u0111\u1ebfn 600W c\u1ef1c s\u00f4i \u0111\u1ed9ng, th\u1ec3 hi\u1ec7n r\u00f5 t\u1eebng \u00e2m s\u1eafc m\u1ed9t c\u00e1ch vang d\u1ed9i \u0111\u1ea7y m\u1ea1nh m\u1ebd m\u00e0 v\u1eabn gi\u1eef \u0111\u01b0\u1ee3c ch\u1ea5t l\u01b0\u1ee3ng \u00e2m thanh nguy\u00ean b\u1ea3n.<\/p>\n<p>TS-15G500X trang b\u1ecb h\u1ec7 th\u1ed1ng 2 ways: m\u1ed9t loa bass 15 inches (4 t\u1ea5c) v\u1edbi c\u1ee7 loa l\u1edbn cho \u00e2m tr\u1ea7m m\u1ea1nh v\u00e0 ch\u1eafc, v\u00e0 m\u1ed9t loa treble 1.5 inches s\u1eed d\u1ee5ng thi\u1ebft k\u1ebf d\u1ea1ng h\u1ecdng c\u00f2i gi\u00fap ti\u1ebfng treble trong tr\u1ebbo v\u00e0 lan t\u1ecfa trong kh\u00f4ng gian r\u1ed9ng l\u1edbn.<\/p>\n<p>THI\u00caT K\u1ebe CH\u1eaeC CH\u1eaeN<\/p>\n<p>Loa k\u00e9o Karaoke Dalton TS-15G500X c\u00f3 thi\u1ebft k\u1ebf Th\u00f9ng loa \u0111\u01b0\u1ee3c l\u00e0m t\u1eeb g\u1ed7, \u0111\u01b0\u1ee3c s\u01a1n ba l\u1edbp v\u1edbi h\u1ecda ti\u1ebft v\u00e2n \u0111\u00e1 n\u1ed5i, c\u1ee9ng c\u00e1p v\u00e0 b\u1ec1n b\u1ec9 gi\u00fap t\u0103ng th\u00eam ph\u1ea7n sang tr\u1ecdng cho loa k\u00e9o, \u0111\u1ea3m b\u1ea3o thu h\u00fat \u00e1nh m\u1eaft b\u1ea1n t\u1eeb c\u00e1i nh\u00ecn \u0111\u1ea7u ti\u00ean. Thi\u1ebft k\u1ebf t\u00f4ng m\u00e0u \u0111en \u0111\u1ea7y huy\u1ec1n b\u00ed, gi\u00fap t\u1ea1o th\u00eam \u0111i\u1ec3m nh\u1ea5n cho kh\u00f4ng gian nh\u00e0 b\u1ea1n.<\/p>\n<p>Loa c\u00f3 k\u00edch th\u01b0\u1edbc l\u1ea7n l\u01b0\u1ee3t: chi\u1ec1u cao v\u1edbi 77.2cm, chi\u1ec1u r\u1ed9ng l\u00e0 45.5cm v\u00e0 chi\u1ec1u s\u00e2u l\u00e0 41.5cm c\u00f9ng tr\u1ecdng l\u01b0\u1ee3ng c\u1ee7a chi\u1ebfc loa l\u00e0 33kg v\u00e0 \u0111\u01b0\u1ee3c trang b\u1ecb 04 b\u00e1nh xe c\u00f3 kh\u00f3a c\u00e0i xoay 360 \u0111\u1ed9 gi\u00fap loa di chuy\u1ec3n kh\u00e1 linh ho\u1ea1t. B\u00ean h\u00f4ng loa c\u0169ng \u0111\u01b0\u1ee3c thi\u1ebft k\u1ebf th\u00eam 1 tay k\u00e9o gi\u00fap cho di chuy\u1ec3n loa nh\u1eb9 nh\u00e0ng h\u01a1n.<\/p>\n<p>Dalton c\u00f3 thi\u1ebft k\u1ebf 02 tay n\u1eafm kho\u00e9t \u00e2m v\u00e0o th\u00e2n h\u1ed7 tr\u1ee3 khi\u00eang nh\u1ea5c v\u1edbi nh\u1eefng n\u01a1i g\u1ed3 gh\u1ec1, kh\u00f4ng b\u1eb1ng ph\u1eb3ng r\u1ea5t ti\u1ec7n d\u1ee5ng v\u00e0 v\u00f4 c\u00f9ng th\u1ea9m m\u1ef9.<\/p>\n<p>KH\u1ea2 N\u0102NG K\u1ebeT N\u1ed0I<\/p>\n<p>B\u1ea3ng \u0111i\u1ec1u khi\u1ec3n c\u1ee7a loa \u0111\u01b0\u1ee3c thi\u1ebft k\u1ebf r\u1ea5t hi\u1ec7n \u0111\u1ea1i v\u00e0 d\u1ec5 s\u1eed d\u1ee5ng. M\u00e0n h\u00ecnh led hi\u1ec3n th\u1ecb k\u1ebft h\u1ee3p v\u1edbi n\u00fat b\u1ea5m ch\u1ecdn l\u1ef1a c\u00e1c ch\u1ee9c n\u0103ng s\u1eed d\u1ee5ng cho loa.<\/p>\n<p>Loa h\u1ed7 tr\u1ee3 c\u00e1c h\u00ecnh th\u1ee9c k\u1ebft n\u1ed1i nh\u01b0: Bluetooth, th\u1ebb nh\u1edb SD, USB, \u0111\u00e0i FM, jack c\u1eafm b\u00f4ng sen.<\/p>\n<p>\u0110\u1ea3m b\u1ea3o \u0111\u01b0\u1eddng truy\u1ec1n kh\u00f4ng b\u1ecb nhi\u1ec5u hay gi\u00e1n \u0111o\u1ea1n trong kho\u1ea3ng c\u00e1ch 10m. B\u1ea1n ch\u1ec9 c\u1ea7n th\u1ef1c hi\u1ec7n thao t\u00e1c m\u1edf bluetooth \u1edf loa v\u00e0 thi\u1ebft b\u1ecb c\u1ea7n gh\u00e9p n\u1ed1i l\u00e0 \u0111\u00e3 c\u00f3 th\u1ec3 h\u00e1t karaoke th\u1ecfa th\u00edch.<\/p>\n<p>Ngo\u00e0i micro kh\u00f4ng d\u00e2y c\u00f2n c\u00f3 th\u1ec3 k\u1ebft n\u1ed1i micro c\u00f3 d\u00e2y v\u1edbi loa khi c\u1ea7n qua jack c\u1eafm 6.5mm tr\u00ean m\u1eb7t \u0111i\u1ec1u khi\u1ec3n<\/p>\n<p>\u0110\u1eb7c bi\u1ec7t m\u1ea1ch t\u1ea1o ti\u1ebfng vang ECHO \u0111\u01b0\u1ee3c s\u1eed d\u1ee5ng IC 65831P c\u1ee7a Nh\u1eadt n\u00ean ti\u1ebfng vang ECHO r\u1ea5t \u1ea5m v\u00e0 trong<\/p>\n<p>\u0110i\u1ec1u ch\u1ec9nh cho micro g\u1ed3m 4 n\u00fat: V.MIC, HI, MID v\u00e0 LOW (volume, treble, mid, bass)<\/p>\n<p>\u0110i\u1ec1u ch\u1ec9nh echo g\u1ed3m 2 n\u00fat: DELAY v\u00e0 ECHO<br \/>\nTH\u1edcI GIAN S\u1eec D\u1ee4NG<\/p>\n<p>Loa k\u00e9o Dalton TS-15G500X c\u00f3 th\u1ec3 s\u1eed d\u1ee5ng b\u1eb1ng ngu\u1ed3n \u0111i\u1ec7n AC 220V ho\u1eb7c b\u00ecnh acquy DC 12V\/12Ah cho th\u1eddi gian s\u1eed d\u1ee5ng li\u00ean t\u1ee5c trong kho\u1ea3ng t\u1eeb 3 \u0111\u1ebfn 5 gi\u1edd \u0111\u1ed3ng h\u1ed3. Qua \u0111\u00f3 gi\u00fap cho b\u1ea1n th\u1ecfa s\u1ee9c nghe nh\u1ea1c, h\u00e1t karaoke ngay c\u1ea3 nh\u1eefng n\u01a1i kh\u00f4ng c\u00f3 \u1ed5 c\u1eafm \u0111i\u1ec7n nh\u01b0 nh\u1eefng bu\u1ed5i picnic, b\u1eefa ti\u1ec7c ngo\u00e0i tr\u1eddi, \u2026<\/p>\n<p>Ngo\u00e0i ra, loa TS-15G500X c\u00f2n c\u00f3 c\u1ed5ng k\u1ebft n\u1ed1i DC 12V b\u00ean ngo\u00e0i. Gi\u00fap h\u1ed7 tr\u1ee3 \u0111\u1eafc l\u1ef1c cho b\u1ea1n khi s\u1eed d\u1ee5ng \u1edf nh\u1eefng \u0111\u1ecba \u0111i\u1ec3m kh\u00f4ng c\u00f3 ngu\u1ed3n \u0111i\u1ec7n 220V.<\/p>\n","protected":false},"excerpt":{"rendered":"<p>T\u00ednh n\u0103ng n\u1ed5i b\u1eadt<\/p>\n<p>-H\u1ed7 tr\u1ee3 k\u1ebft n\u1ed1i Bluetooth, USB.<\/p>\n<p>-T\u00edch h\u1ee3p 2 micro kh\u00f4ng d\u00e2y, s\u00f3ng UHF.<br \/>\nCh\u1ee9c n\u0103ng \u0111i\u1ec1u ch\u1ec9nh \u0111\u01b0\u1ee3c t\u1ea7n s\u1ed1.<br \/>\nC\u00f4ng su\u1ea5t: 600W<br \/>\nBass loa: 15 inches<br \/>\nK\u00edch th\u01b0\u1edbc: (77.2 x 44.5 x 41.5) cm<br \/>\nTr\u1ecdng l\u01b0\u1ee3ng: 33 kg<\/p>\n","protected":false},"featured_media":0,"comment_status":"open","ping_status":"closed","template":"","meta":[],"product_brand":[],"product_cat":[112],"product_tag":[],"class_list":{"0":"post-29122","1":"product","2":"type-product","3":"status-publish","5":"product_cat-loa","7":"first","8":"instock","9":"taxable","10":"shipping-taxable","11":"purchasable","12":"product-type-simple"},"_links":{"self":[{"href":"https:\/\/dienmaytuandat.com\/index.php\/wp-json\/wp\/v2\/product\/29122","targetHints":{"allow":["GET"]}}],"collection":[{"href":"https:\/\/dienmaytuandat.com\/index.php\/wp-json\/wp\/v2\/product"}],"about":[{"href":"https:\/\/dienmaytuandat.com\/index.php\/wp-json\/wp\/v2\/types\/product"}],"replies":[{"embeddable":true,"href":"https:\/\/dienmaytuandat.com\/index.php\/wp-json\/wp\/v2\/comments?post=29122"}],"version-history":[{"count":0,"href":"https:\/\/dienmaytuandat.com\/index.php\/wp-json\/wp\/v2\/product\/29122\/revisions"}],"wp:attachment":[{"href":"https:\/\/dienmaytuandat.com\/index.php\/wp-json\/wp\/v2\/media?parent=29122"}],"wp:term":[{"taxonomy":"product_brand","embeddable":true,"href":"https:\/\/dienmaytuandat.com\/index.php\/wp-json\/wp\/v2\/product_brand?post=29122"},{"taxonomy":"product_cat","embeddable":true,"href":"https:\/\/dienmaytuandat.com\/index.php\/wp-json\/wp\/v2\/product_cat?post=29122"},{"taxonomy":"product_tag","embeddable":true,"href":"https:\/\/dienmaytuandat.com\/index.php\/wp-json\/wp\/v2\/product_tag?post=29122"}],"curies":[{"name":"wp","href":"https:\/\/api.w.org\/{rel}","templated":true}]}}