{"id":29131,"date":"2024-07-18T10:09:42","date_gmt":"2024-07-18T10:09:42","guid":{"rendered":"https:\/\/dienmaytuandat.com\/?post_type=product&#038;p=29131"},"modified":"2024-07-18T10:09:42","modified_gmt":"2024-07-18T10:09:42","slug":"loa-dalton-ts15g550n","status":"publish","type":"product","link":"https:\/\/dienmaytuandat.com\/index.php\/san-pham\/loa-dalton-ts15g550n\/","title":{"rendered":"Loa DaLton TS15G550N"},"content":{"rendered":"<p>\u0110\u1eb6C \u0110I\u1ec2M N\u1ed4I B\u1eacT<\/p>\n<p>N\u1ebfu b\u1ea1n \u0111ang mu\u1ed1n t\u00ecm ki\u1ebfm m\u1ed9t chi\u1ebfc loa k\u00e9o h\u1ed9i t\u1ee5 \u0111\u1ea7y \u0111\u1ee7 c\u00e1c th\u1ebf m\u1ea1nh v\u1ec1 thi\u1ebft k\u1ebf, c\u00f4ng su\u1ea5t, ch\u1ea5t l\u01b0\u1ee3ng \u00e2m thanh th\u00ec \u0111\u00e2y ch\u00ednh l\u00e0 chi\u1ebfc loa sinh ra gi\u00e0nh cho b\u1ea1n.<\/p>\n<p>Mang trong m\u00ecnh s\u1ef1 m\u1ea1nh m\u1ebd v\u00e0 s\u1ee9c ph\u1ee7 s\u00f3ng m\u00e3nh li\u1ec7t c\u1ee7a d\u00f2ng loa k\u00e9o, loa k\u00e9o Dalton TS-15G550N mang \u0111\u1ebfn nh\u1eefng tr\u1ea3i nghi\u1ec7m \u00e2m thanh \u1ea5n t\u01b0\u1ee3ng.<\/p>\n<p>H\u1ed9i t\u1ee5 nh\u1eefng k\u1ebft tinh t\u1eeb kh\u00e2u nghi\u00ean c\u1ee9u, \u0111\u1ebfn ch\u1ebf t\u00e1c v\u00e0 th\u00eam v\u00e0o \u0111\u00f3 l\u00e0 nh\u1eefng t\u00ednh n\u0103ng \u00e2m thanh \u01b0u vi\u1ec7t, TS-15G550N l\u00e0 chi\u1ebfc loa x\u1ee9ng \u0111\u00e1ng \u0111\u1ec3 b\u1ea1n s\u1edf h\u1eefu.<\/p>\n<p>\u0110I K\u00c8M MICRO KH\u00d4NG D\u00c2Y<\/p>\n<p>Loa k\u00e9o TS-15G550N c\u0169ng \u0111i k\u00e8m l\u00e0 02 micro kh\u00f4ng d\u00e2y s\u00f3ng UHF. Vi\u1ec7c s\u1eed d\u1ee5ng t\u1ea7n s\u1ed1 UHF gi\u00fap cho vi\u1ec7c k\u1ebft n\u1ed1i v\u00e0 truy\u1ec1n t\u00edn hi\u1ec7u micro \u0111\u01b0\u1ee3c chu\u1ea9n v\u00e0 m\u1ea1nh m\u1ebd h\u01a1n. \u0110\u1eb7c bi\u1ec7t micro kh\u00f4ng d\u00e2y c\u00f3 kh\u1ea3 n\u0103ng ch\u1ec9nh \u0111\u01b0\u1ee3c t\u1ea7n s\u1ed1 k\u1ebft n\u1ed1i. Vi\u1ec7c n\u00e0y gi\u00fap cho loa tr\u00e1nh tr\u01b0\u1eddng h\u1ee3p tr\u00f9ng l\u1eb7p t\u1ea7n s\u1ed1 micro v\u1edbi c\u00e1c loa kh\u00e1c \u1edf g\u1ea7n. Th\u00e2n micro \u0111\u01b0\u1ee3c thi\u1ebft k\u1ebf b\u1eb1ng ch\u1ea5t li\u1ec7u kim lo\u1ea1i c\u1ee9ng c\u00e1p, s\u01a1n t\u0129nh \u0111i\u1ec7n m\u00e0u \u0111en x\u00e1m gi\u00fap t\u1ea1o n\u00e9t th\u1ea9m m\u1ef9 v\u00e0 s\u1ef1 sang tr\u1ecdng cho micro.<\/p>\n<p>THI\u1ebeT K\u1ebe CH\u1eaeC CH\u1eaeN<\/p>\n<p>Dalton \u0111\u00e3 \u0111em \u0111\u1ebfn cho ng\u01b0\u1eddi d\u00f9ng s\u1ef1 thu h\u00fat b\u1edfi v\u1ebb b\u1ec1 ngo\u00e0i \u1ea5n t\u01b0\u1ee3ng, s\u1ef1 h\u00f2a quy\u1ec7n b\u1edfi \u00e2m thanh ch\u1ea5t l\u01b0\u1ee3ng c\u00f9ng s\u1ef1 th\u1ecfa m\u00e3n b\u1edfi nh\u1eefng t\u00ednh n\u0103ng \u00e2m thanh \u0111\u01b0\u1ee3c t\u00edch h\u1ee3p trong s\u1ea3n ph\u1ea9m<\/p>\n<p>Ch\u1ea5t li\u1ec7u g\u1ed7 MDF s\u01a1n nh\u00e1m ch\u1ed1ng tr\u1ea7y x\u01b0\u1edbc c\u00f9ng v\u1edbi nh\u1eefng hoa v\u0103n v\u00e2n \u0111\u00e1 n\u1ed5i b\u1eadt. M\u1eb7t l\u01b0\u1edbi c\u1ee7a loa \u0111\u01b0\u1ee3c thi\u1ebft k\u1ebf \u0111\u01a1n gi\u1ea3n v\u1edbi c\u00e1c \u0111\u01b0\u1eddng ch\u1ea1y d\u1ecdc v\u00e0 logo ch\u00ednh gi\u1eefa t\u1ea1o \u0111i\u1ec3m nh\u1ea5n c\u0169ng nh\u01b0 ghi l\u1ea1i d\u1ea5u \u1ea5n c\u1ee7a th\u01b0\u01a1ng hi\u1ec7u.<\/p>\n<p>TS-15G550N ch\u1ec9 32kg, k\u00edch th\u01b0\u1edbc c\u1ee7a loa ch\u1ec9 77,2 x s\u00e2u 44,5 x 41,5 cm, chi\u1ebfc loa c\u00f3 k\u00edch th\u01b0\u1edbc nh\u1ecf g\u1ecdn, loa k\u00e9o n\u00e0y c\u00f2n \u0111\u01b0\u1ee3c trang b\u1ecb 4 b\u00e1nh xe xoay 360 \u0111\u1ed9 c\u00f9ng v\u1edbi 2 tay n\u1eafm kho\u00e9t \u00e2m hai b\u00ean, v\u1eeba mang t\u00ednh th\u1ea9m m\u1ef9, v\u1eeba ti\u1ec7n l\u1ee3i cho vi\u1ec7c di chuy\u1ec3n.<\/p>\n<p>Thi\u1ebft k\u1ebf th\u00f9ng g\u1ed7 c\u0169ng \u0111\u1eb7c bi\u1ec7t gi\u00fap cho \u00e2m thanh \u0111\u01b0\u1ee3c \u1ea5m v\u00e0 uy l\u1ef1c h\u01a1n.<\/p>\n<p>Ph\u1ea7n tr\u01b0\u1edbc c\u1ee7a loa l\u00e0 m\u1eb7t l\u01b0\u1edbi tinh t\u1ebf v\u1edbi c\u00e1c \u0111\u01b0\u1eddng vi\u1ec1n ch\u1ea1y d\u1ecdc gi\u00fap gia t\u0103ng t\u00ednh th\u1ea9m m\u1ef9 v\u00e0 \u0111\u1ed9 c\u1ee9ng c\u00e1p.<\/p>\n<p>C\u00d4NG SU\u1ea4T M\u1ea0NH M\u1ebc<\/p>\n<p>Loa s\u1edf h\u1eefu c\u00f4ng su\u1ea5t l\u00ean \u0111\u1ebfn 550W c\u1ef1c s\u00f4i \u0111\u1ed9ng \u00e2m thanh to, r\u00f5 r\u00e0ng v\u00e0 c\u1ef1c k\u00ec s\u00f4i \u0111\u1ed9ng, c\u00e1c b\u1ea1n c\u00f3 th\u1ec3 th\u1ecfa s\u1ee9c \u0111am m\u00ea karaoke ho\u1eb7c nghe nh\u1ea1c v\u1edbi m\u1eabu loa n\u00e0y<\/p>\n<p>Loa TS-15G550N \u0111\u01b0\u1ee3c trang b\u1ecb h\u1ec7 th\u1ed1ng 2 loa: 1 loa bass 15 inches v\u00e0 1 loa treble 1.5 inches \u0111\u1ea3m b\u1ea3o \u00e2m thanh ph\u00e1t ra \u0111\u01b0\u1ee3c s\u1ef1 chi ti\u1ebft, \u0111\u1ed3ng \u0111\u1ec1u, trung th\u1ef1c v\u00e0 t\u1ef1 nhi\u00ean nh\u1ea5t. Loa bass v\u1edbi c\u1ee7 t\u1eeb l\u1edbn, t\u1ea1o n\u00ean \u00e2m tr\u1ea7m ch\u1eafc v\u00e0 s\u00e2u, loa treble v\u1edbi thi\u1ebft k\u1ebf h\u1ecdng c\u00f2i cho \u00e2m cao trong tr\u1ebbo v\u00e0 c\u00f3 \u0111\u1ed9 ph\u1ee7 s\u00f3ng trong kh\u00f4ng gian r\u1ed9ng.<\/p>\n<p>C\u00e1c d\u1ea3i bass s\u1ebd \u0111\u01b0\u1ee3c ki\u1ec3m so\u00e1t m\u01b0\u1ee3t m\u00e0, d\u00e0y d\u1eb7n, c\u00e1c d\u1ea3i cao t\u1ea7n v\u00e0 trung t\u1ea7n c\u0169ng \u0111\u01b0\u1ee3c \u0111\u1ea3m b\u1ea3o \u0111\u1ed9 tinh t\u1ebf v\u00e0 h\u1ea1n ch\u1ebf t\u1ed1i \u0111a s\u1ef1 r\u00e8 h\u00fa, g\u00e2y kh\u00f3 ch\u1ecbu khi h\u00e1t karaoke ho\u1eb7c nghe nh\u1ea1c.<\/p>\n<p>KH\u1ea2 N\u0102NG K\u1ebeT N\u1ed0I<\/p>\n<p>B\u1ea3ng \u0111i\u1ec1u khi\u1ec3n c\u1ee7a loa \u0111\u01b0\u1ee3c thi\u1ebft k\u1ebf r\u1ea5t hi\u1ec7n \u0111\u1ea1i v\u00e0 d\u1ec5 s\u1eed d\u1ee5ng. M\u00e0n h\u00ecnh led hi\u1ec3n th\u1ecb k\u1ebft h\u1ee3p v\u1edbi n\u00fat b\u1ea5m ch\u1ecdn l\u1ef1a c\u00e1c ch\u1ee9c n\u0103ng s\u1eed d\u1ee5ng cho loa.<\/p>\n<p>Loa h\u1ed7 tr\u1ee3 c\u00e1c h\u00ecnh th\u1ee9c k\u1ebft n\u1ed1i nh\u01b0: Bluetooth 4.0, th\u1ebb nh\u1edb SD, USB, \u0111\u00e0i FM, jack c\u1eafm b\u00f4ng sen.<\/p>\n<p>C\u00e1c b\u1ea1n c\u00f3 th\u1ec3 tho\u1ea3i m\u00e1i s\u1eed d\u1ee5ng loa ph\u00e1t nh\u1ea1c ho\u1eb7c karaoke ch\u1ec9 \u0111\u01a1n gi\u1ea3n t\u1eeb nh\u1eefng thi\u1ebft b\u1ecb hi\u1ec7n \u0111\u1ea1i c\u1ee7a m\u00ecnh nh\u01b0: smartphone, tablet, smart tivi.<\/p>\n<p>\u0110\u1ea3m b\u1ea3o \u0111\u01b0\u1eddng truy\u1ec1n kh\u00f4ng b\u1ecb nhi\u1ec5u hay gi\u00e1n \u0111o\u1ea1n trong kho\u1ea3ng c\u00e1ch 10m. B\u1ea1n ch\u1ec9 c\u1ea7n th\u1ef1c hi\u1ec7n thao t\u00e1c m\u1edf bluetooth \u1edf loa v\u00e0 thi\u1ebft b\u1ecb c\u1ea7n gh\u00e9p n\u1ed1i l\u00e0 \u0111\u00e3 c\u00f3 th\u1ec3 h\u00e1t karaoke th\u1ecfa th\u00edch.<\/p>\n<p>Ngo\u00e0i micro kh\u00f4ng d\u00e2y c\u00f2n c\u00f3 th\u1ec3 k\u1ebft n\u1ed1i micro c\u00f3 d\u00e2y v\u1edbi loa khi c\u1ea7n qua jack c\u1eafm 6.5mm tr\u00ean m\u1eb7t \u0111i\u1ec1u khi\u1ec3n<br \/>\n\u0110I\u1ec0U CH\u1ec8NH \u00c2M THANH<\/p>\n<p>Loa karaoke Dalton TS-15G550N trang b\u1ecb thanh tinh ch\u1ec9nh ph\u00eda sau loa v\u1edbi c\u00e1c n\u00fat ch\u1ec9nh \u0111\u01b0\u1ee3c k\u00fd hi\u1ec7u r\u00f5 r\u00e0ng cho b\u1ea1n d\u1ec5 d\u00e0ng quan s\u00e1t v\u00e0 t\u00f9y ch\u1ec9nh ch\u1ee9c n\u0103ng chu\u1ea9n x\u00e1c cho \u00e2m thanh c\u1ee7a loa v\u00e0 \u00e2m thanh micro ph\u00f9 h\u1ee3p nh\u1ea5t mang \u0111\u1ebfn s\u1ef1 ti\u1ec7n l\u1ee3i cho ng\u01b0\u1eddi d\u00f9ng khi s\u1eed d\u1ee5ng.<\/p>\n<p>\u0110\u1eb7c bi\u1ec7t m\u1ea1ch t\u1ea1o ti\u1ebfng vang ECHO \u0111\u01b0\u1ee3c s\u1eed d\u1ee5ng IC 65831P c\u1ee7a Nh\u1eadt n\u00ean ti\u1ebfng vang ECHO \u1ea5m v\u00e0 trong<\/p>\n<p>+ \u0110i\u1ec1u ch\u1ec9nh cho micro g\u1ed3m 3 n\u00fat: VOL MIC, TREBLE MIC v\u00e0 BASS MIC (volume, treble, bass)<\/p>\n<p>+ \u0110i\u1ec1u ch\u1ec9nh echo g\u1ed3m 2 n\u00fat: DELAY v\u00e0 ECHO<\/p>\n<p>+ \u0110i\u1ec1u ch\u1ec9nh nh\u1ea1c g\u1ed3m 3 n\u00fat: VOL MUSIC, TREBLE MUSIC v\u00e0 BASS MUSIC (volume, treble, bass)<\/p>\n<p>TH\u1edcI GIAN S\u1eec D\u1ee4NG<\/p>\n<p>Loa k\u00e9o Dalton TS-15G550N c\u00f3 th\u1ec3 s\u1eed d\u1ee5ng b\u1eb1ng ngu\u1ed3n \u0111i\u1ec7n tr\u1ef1c ti\u1ebfp 220V ho\u1eb7c b\u00ecnh Acquy 12V\/12Ah \u0111\u1ea3m b\u1ea3o t\u00edn hi\u1ec7u k\u1ebft n\u1ed1i \u0111\u01b0\u1ee3c li\u00ean t\u1ee5c, c\u00f4ng su\u1ea5t b\u1ec1n v\u1eefng kh\u00f4ng b\u1ecb ng\u1eaft qu\u00e3ng trong qu\u00e1 tr\u00ecnh s\u1eed d\u1ee5ng.<\/p>\n<p>\u01afu \u0111i\u1ec3m n\u1ed5i b\u1eadt c\u1ee7a loa TS-15G550N l\u00e0 c\u00f3 c\u1ed5ng k\u1ebft n\u1ed1i DC 12V b\u00ean ngo\u00e0i ph\u00f9 h\u1ee3p v\u1edbi c\u00e1c \u0111\u1ecba \u0111i\u1ec3m s\u1eed d\u1ee5ng loa b\u1ecb thi\u1ebfu ngu\u1ed3n \u0111i\u1ec7n 220V. \u0110\u1eb7c \u0111i\u1ec3m n\u00e0y gi\u00fap b\u1ea1n th\u1ecfa s\u1ee9c nghe nh\u1ea1c, h\u00e1t karaoke v\u1edbi c\u1ea3 nh\u1eefng n\u01a1i kh\u00f4ng c\u00f3 \u0111i\u1ec7n, \u0111\u1ea3m b\u1ea3o cho nh\u1eefng bu\u1ed5i ti\u1ec7c s\u00f4i \u0111\u1ed9ng kh\u00f4ng b\u1ecb gi\u00e1n \u0111o\u1ea1n.<\/p>\n","protected":false},"excerpt":{"rendered":"<p>C\u00f4ng su\u1ea5t: 550W<br \/>\nBass loa: 15 inches<br \/>\nK\u00edch th\u01b0\u1edbc: (77.2 x 44.5 x 41.5) cm<br \/>\nTr\u1ecdng l\u01b0\u1ee3ng: 32 kg<\/p>\n<p>T\u00ednh n\u0103ng n\u1ed5i b\u1eadt<\/p>\n<p>-H\u1ed7 tr\u1ee3 k\u1ebft n\u1ed1i Bluetooth, USB.<\/p>\n<p>-T\u00edch h\u1ee3p 2 micro kh\u00f4ng d\u00e2y, s\u00f3ng UHF.<br \/>\nCh\u1ee9c n\u0103ng \u0111i\u1ec1u ch\u1ec9nh \u0111\u01b0\u1ee3c t\u1ea7n s\u1ed1.<\/p>\n","protected":false},"featured_media":29132,"comment_status":"open","ping_status":"closed","template":"","meta":[],"product_brand":[],"product_cat":[112],"product_tag":[],"class_list":{"0":"post-29131","1":"product","2":"type-product","3":"status-publish","4":"has-post-thumbnail","6":"product_cat-loa","8":"first","9":"instock","10":"taxable","11":"shipping-taxable","12":"purchasable","13":"product-type-simple"},"_links":{"self":[{"href":"https:\/\/dienmaytuandat.com\/index.php\/wp-json\/wp\/v2\/product\/29131","targetHints":{"allow":["GET"]}}],"collection":[{"href":"https:\/\/dienmaytuandat.com\/index.php\/wp-json\/wp\/v2\/product"}],"about":[{"href":"https:\/\/dienmaytuandat.com\/index.php\/wp-json\/wp\/v2\/types\/product"}],"replies":[{"embeddable":true,"href":"https:\/\/dienmaytuandat.com\/index.php\/wp-json\/wp\/v2\/comments?post=29131"}],"version-history":[{"count":0,"href":"https:\/\/dienmaytuandat.com\/index.php\/wp-json\/wp\/v2\/product\/29131\/revisions"}],"wp:featuredmedia":[{"embeddable":true,"href":"https:\/\/dienmaytuandat.com\/index.php\/wp-json\/wp\/v2\/media\/29132"}],"wp:attachment":[{"href":"https:\/\/dienmaytuandat.com\/index.php\/wp-json\/wp\/v2\/media?parent=29131"}],"wp:term":[{"taxonomy":"product_brand","embeddable":true,"href":"https:\/\/dienmaytuandat.com\/index.php\/wp-json\/wp\/v2\/product_brand?post=29131"},{"taxonomy":"product_cat","embeddable":true,"href":"https:\/\/dienmaytuandat.com\/index.php\/wp-json\/wp\/v2\/product_cat?post=29131"},{"taxonomy":"product_tag","embeddable":true,"href":"https:\/\/dienmaytuandat.com\/index.php\/wp-json\/wp\/v2\/product_tag?post=29131"}],"curies":[{"name":"wp","href":"https:\/\/api.w.org\/{rel}","templated":true}]}}