{"id":29147,"date":"2024-07-18T10:33:17","date_gmt":"2024-07-18T10:33:17","guid":{"rendered":"https:\/\/dienmaytuandat.com\/?post_type=product&#038;p=29147"},"modified":"2024-07-18T10:33:17","modified_gmt":"2024-07-18T10:33:17","slug":"loa-dalton-ls-908","status":"publish","type":"product","link":"https:\/\/dienmaytuandat.com\/index.php\/san-pham\/loa-dalton-ls-908\/","title":{"rendered":"Loa DaLton LS-908"},"content":{"rendered":"<p>\u0110\u1eb6C \u0110I\u1ec2M N\u1ed4I B\u1eacT<\/p>\n<p>Ng\u00e0y nay, loa k\u00e9o di \u0111\u1ed9ng \u0111\u00e3 tr\u1edf n\u00ean r\u1ea5t quen thu\u1ed9c v\u00e0 ph\u1ed5 bi\u1ebfn v\u1edbi ng\u01b0\u1eddi d\u00e2n Vi\u1ec7t Nam. T\u00ednh di \u0111\u1ed9ng cao, c\u00f4ng su\u1ea5t l\u1edbn v\u00e0 nhi\u1ec1u ti\u1ec7n nghi h\u01a1n \u0111\u00e3 gi\u00fap cho th\u1ecb tr\u01b0\u1eddng loa k\u00e9o di \u0111\u1ed9ng tr\u1edf n\u00ean s\u00f4i n\u1ed5i h\u01a1n. Tuy nhi\u00ean, d\u00e0n karaoke gia \u0111\u00ecnh (ampli + loa + micro) v\u1eabn l\u00e0 m\u1ed9t s\u1ea3n ph\u1ea9m lu\u00f4n chi\u1ec1u l\u00f2ng \u0111\u01b0\u1ee3c c\u00e1c Kh\u00e1ch h\u00e0ng kh\u00f3 t\u00ednh v\u00ec s\u1ef1 tinh t\u1ebf, sang tr\u1ecdng v\u00e0 n\u00e9t \u0111\u1eb3ng c\u1ea5p m\u00e0 d\u00e0n karaoke gia \u0111\u00ecnh mang l\u1ea1i m\u00e0 kh\u00f4ng c\u00f3 s\u1ea3n ph\u1ea9m loa k\u00e9o di \u0111\u1ed9ng n\u00e0o thay th\u1ebf \u0111\u01b0\u1ee3c. Ch\u00ednh v\u00ec v\u1eady, Dalton v\u1eabn lu\u00f4n kh\u00f4ng ng\u1eebng nghi\u00ean c\u1ee9u v\u00e0 ph\u00e1t tri\u1ec3n cho ra c\u00e1c d\u00f2ng s\u1ea3n ph\u1ea9m karaoke gia \u0111\u00ecnh m\u1edbi.<\/p>\n<p>V\u00e0 loa \u0111\u1ee9ng LS-908 l\u00e0 d\u00f2ng loa \u0111\u1ee9ng v\u1eeba cho ra m\u1eaft n\u0103m 2022, s\u1edf h\u1eefu \u0111\u01b0\u1eddng n\u00e9t thi\u1ebft k\u1ebf v\u00e0 th\u00f4ng s\u1ed1 k\u1ef9 thu\u1eadt \u0111\u1ea7y \u1ea5n t\u01b0\u1ee3ng. Loa \u0111\u1ee9ng LS-908 l\u00e0 s\u1ef1 k\u1ebft h\u1ee3p ho\u00e0n h\u1ea3o v\u1edbi ampli DA-9700XM \u0111\u1ec3 t\u1ea1o n\u00ean b\u1ed9 d\u00e0n karaoke \u201cx\u1ecbn x\u00f2\u201d nh\u1ea5t c\u1ee7a Dalton th\u1eddi \u0111i\u1ec3m hi\u1ec7n t\u1ea1i. B\u1ed9 d\u00e0n karaoke n\u00e0y h\u1ee9a h\u1eb9n s\u1ebd \u0111em \u0111\u1ebfn cho Kh\u00e1ch h\u00e0ng s\u1ef1 tr\u1ea3i nghi\u1ec7m v\u1ec1 \u00e2m thanh tuy\u1ec7t v\u1eddi nh\u1ea5t.<br \/>\nTHI\u1ebeT K\u1ebe TINH T\u1ebe \u2013 \u0110\u1eacM N\u00c9T SANG TR\u1eccNG<\/p>\n<p>Loa \u0111\u1ee9ng LS-908 \u0111\u01b0\u1ee3c thi\u1ebft k\u1ebf theo phong c\u00e1ch t\u00e2n c\u1ed5 \u0111i\u1ec3n pha ch\u00fat s\u1ef1 hi\u1ec7n \u0111\u1ea1i v\u00e0 tinh t\u1ebf. V\u1edbi th\u00e2n h\u00ecnh \u0111\u1ed3 s\u1ed9 chi\u1ec1u cao l\u00ean \u0111\u1ebfn 1.06 m\u00e9t gi\u00fap cho loa c\u00f3 d\u00e1ng v\u1ebb nh\u01b0 c\u00e1c d\u00f2ng loa Hi-end c\u1ed5 \u0111i\u1ec3n. M\u00e0u s\u01a1n \u0111en c\u0169ng g\u00f3p ph\u1ea7n gi\u00fap cho loa t\u0103ng th\u00eam \u0111\u1ed9 quy\u1ebfn r\u0169 v\u00e0 huy\u1ec1n b\u00ed.<\/p>\n<p>Th\u00e2n loa b\u1eb1ng g\u1ed7, s\u01a1n nh\u00e1m ch\u1ed1ng tr\u1ea7y cho v\u1ebb c\u1ee9ng c\u00e1p v\u00e0 b\u1ec1 th\u1ebf. Tr\u1ecdng l\u01b0\u1ee3ng m\u1ed7i loa 21 kg.<\/p>\n<p>M\u00e0ng l\u01b0\u1edbi loa s\u1eed d\u1ee5ng l\u1edbp v\u1ea3i m\u1ec1m m\u00e0u \u0111en pha kim tuy\u1ebfn l\u1ea5p l\u00e1nh li\u1ec1n m\u1ea1ch t\u1eeb tr\u00ean xu\u1ed1ng d\u01b0\u1edbi gi\u00fap t\u1ea1o t\u00ednh th\u1ea9m m\u1ef9 cao, g\u00f3p ph\u1ea7n trang tr\u00ed th\u00eam \u0111\u1ed9 sang tr\u1ecdng cho ng\u00f4i nh\u00e0 b\u1ea1n.<\/p>\n<p>\u0110\u1ec8NH CAO C\u1ee6A S\u1ef0 HO\u00c0N H\u1ea2O<\/p>\n<p>Loa \u0111\u1ee9ng Dalton LS-908 \u0111\u01b0\u1ee3c trang b\u1ecb 4 loa 3 \u0111\u01b0\u1eddng ti\u1ebfng g\u1ed3m:<\/p>\n<p>+ 2 loa bass 10 inches cho \u00e2m tr\u1ea7m ch\u1eafc g\u1ecdn v\u00e0 tr\u1ea7m \u1ea5m<\/p>\n<p>+ 1 loa mid 5 inches cho ti\u1ebfng ca \u0111\u01b0\u1ee3c d\u00e0y d\u1eb7n<\/p>\n<p>+ 1 loa treble 1 inch cho \u00e2m thanh bay b\u1ed5ng trong s\u00e1ng.<\/p>\n<p>S\u1ef1 ph\u1ed1i h\u1ee3p nh\u1ecbp nh\u00e0ng gi\u1eefa c\u00e1c loa \u0111\u1ea3m nhi\u1ec7m d\u1ea3i t\u1ea7n s\u1ed1 ri\u00eang bi\u1ec7t gi\u00fap t\u1ea1o n\u00ean \u00e2m thanh t\u1ed5ng th\u1ec3 v\u1edbi phong c\u00e1ch r\u1ed9ng m\u1edf, t\u00e1ch b\u1ea1ch v\u00e0 r\u1ea5t h\u00e0i h\u00f2a, gi\u00fap cho loa t\u00e1i t\u1ea1o \u00e2m thanh m\u1ed9t c\u00e1ch chi ti\u1ebft v\u00e0 trung th\u1ef1c nh\u1ea5t.<\/p>\n<p>Loa \u0111\u1ee9ng Dalton LS-908 c\u00f3 c\u00f4ng su\u1ea5t l\u00ean \u0111\u1ebfn 300W \/ loa. Ph\u00f9 h\u1ee3p v\u1edbi kh\u00f4ng gian 30 \u2013 50m2<\/p>\n<p>V\u1edbi t\u00ednh n\u0103ng v\u00e0 thi\u1ebft k\u1ebf c\u1ee7a s\u1ea3n ph\u1ea9m loa \u0111\u1ee9ng LS-908 n\u00e0y, K\u1ebft h\u1ee3p v\u1edbi ampli t\u00edch h\u1ee3p micro DA -9700XM, h\u1ee9a h\u1eb9n \u0111\u00e2y s\u1ebd l\u00e0 b\u1ed9 d\u00e0n karaoke \u0111\u1ec9nh cao, ch\u1ea5t l\u01b0\u1ee3ng \u00e2m thanh tuy\u1ec7t m\u1ef9, kh\u1eb3ng \u0111\u1ecbnh \u0111\u01b0\u1ee3c \u0111\u1eb3ng c\u1ea5p c\u1ee7a b\u1ea1n.<\/p>\n","protected":false},"excerpt":{"rendered":"<p>C\u00f4ng su\u1ea5t: 300W \/Loa<br \/>\nBass loa: 10 inches x 2<br \/>\nK\u00edch th\u01b0\u1edbc: (106 x 31 x 32) cm<br \/>\nTr\u1ecdng l\u01b0\u1ee3ng: 21,5 kg \/ Loa<\/p>\n","protected":false},"featured_media":0,"comment_status":"open","ping_status":"closed","template":"","meta":[],"product_brand":[],"product_cat":[112],"product_tag":[],"class_list":{"0":"post-29147","1":"product","2":"type-product","3":"status-publish","5":"product_cat-loa","7":"first","8":"instock","9":"taxable","10":"shipping-taxable","11":"purchasable","12":"product-type-simple"},"_links":{"self":[{"href":"https:\/\/dienmaytuandat.com\/index.php\/wp-json\/wp\/v2\/product\/29147","targetHints":{"allow":["GET"]}}],"collection":[{"href":"https:\/\/dienmaytuandat.com\/index.php\/wp-json\/wp\/v2\/product"}],"about":[{"href":"https:\/\/dienmaytuandat.com\/index.php\/wp-json\/wp\/v2\/types\/product"}],"replies":[{"embeddable":true,"href":"https:\/\/dienmaytuandat.com\/index.php\/wp-json\/wp\/v2\/comments?post=29147"}],"version-history":[{"count":0,"href":"https:\/\/dienmaytuandat.com\/index.php\/wp-json\/wp\/v2\/product\/29147\/revisions"}],"wp:attachment":[{"href":"https:\/\/dienmaytuandat.com\/index.php\/wp-json\/wp\/v2\/media?parent=29147"}],"wp:term":[{"taxonomy":"product_brand","embeddable":true,"href":"https:\/\/dienmaytuandat.com\/index.php\/wp-json\/wp\/v2\/product_brand?post=29147"},{"taxonomy":"product_cat","embeddable":true,"href":"https:\/\/dienmaytuandat.com\/index.php\/wp-json\/wp\/v2\/product_cat?post=29147"},{"taxonomy":"product_tag","embeddable":true,"href":"https:\/\/dienmaytuandat.com\/index.php\/wp-json\/wp\/v2\/product_tag?post=29147"}],"curies":[{"name":"wp","href":"https:\/\/api.w.org\/{rel}","templated":true}]}}