{"id":29170,"date":"2024-07-18T13:34:42","date_gmt":"2024-07-18T13:34:42","guid":{"rendered":"https:\/\/dienmaytuandat.com\/?post_type=product&#038;p=29170"},"modified":"2024-07-18T13:34:42","modified_gmt":"2024-07-18T13:34:42","slug":"may-loc-nuoc-makano-h-hero-nong-nguoi-2d-mn201","status":"publish","type":"product","link":"https:\/\/dienmaytuandat.com\/index.php\/san-pham\/may-loc-nuoc-makano-h-hero-nong-nguoi-2d-mn201\/","title":{"rendered":"M\u00e1y l\u1ecdc n\u01b0\u1edbc Makano H-Hero n\u00f3ng ngu\u1ed9i 2D MN201"},"content":{"rendered":"<p>Nh\u00e2n 2 ki\u1ec1m t\u00ednh \u0111\u1ed9t ph\u00e1, duy nh\u1ea5t tr\u00ean th\u1ecb tr\u01b0\u1eddng<br \/>\nM\u00e1y l\u1ecdc n\u01b0\u1edbc Makano H-Hero t\u1ef1 h\u00e0o s\u1edf h\u1eefu c\u00f4ng ngh\u1ec7 \u0111\u1ed9c quy\u1ec1n v\u01b0\u1ee3t tr\u1ed9i &#8211; c\u00f3 \u0111\u1ebfn 2 c\u1ea5p n\u00e2ng ki\u1ec1m, g\u1ea5p \u0111\u00f4i th\u1ecb tr\u01b0\u1eddng chung c\u1ea3 v\u1ec1 ch\u1ea5t l\u01b0\u1ee3ng v\u00e0 s\u1ed1 l\u01b0\u1ee3ng.<\/p>\n<p>Nh\u1edd t\u00ednh n\u0103ng \u0111\u1eb7c bi\u1ec7t n\u00e0y, M\u00e1y l\u1ecdc n\u01b0\u1edbc Makano H-Hero n\u00f3ng ngu\u1ed9i 2D nh\u00e2n 2 ki\u1ec1m t\u00ednh \u0111\u1ea3m b\u1ea3o \u0111\u1ed9 pH t\u1eeb 8,0 \u0111\u1ebfn 9,5 (\u00b10,5) trong n\u01b0\u1edbc. \u0110\u00e2y l\u00e0 m\u1ee9c ki\u1ec1m l\u00fd t\u01b0\u1edfng \u0111\u1ec3 duy tr\u00ec s\u1ef1 c\u00e2n b\u1eb1ng pH trong c\u01a1 th\u1ec3, gi\u00fap t\u1ea1o m\u00f4i tr\u01b0\u1eddng n\u1ed9i b\u00e0o t\u1ed1t nh\u1ea5t cho c\u00e1c ho\u1ea1t \u0111\u1ed9ng c\u01a1 h\u1ecdc v\u00e0 h\u00f3a h\u1ecdc c\u1ee7a c\u01a1 th\u1ec3. V\u1edbi c\u00f4ng ngh\u1ec7 ti\u00ean ti\u1ebfn, m\u00e1y l\u1ecdc n\u01b0\u1edbc Makano H-Hero n\u00f3ng ngu\u1ed9i \u0111\u1ea3m b\u1ea3o cho ra ngu\u1ed3n n\u01b0\u1edbc tinh khi\u1ebft, kh\u00f4ng ch\u1ee9a b\u1ea5t k\u1ef3 h\u1ee3p ch\u1ea5t axit hay c\u00e1c t\u00e1c nh\u00e2n g\u00e2y h\u1ea1i sau m\u00e0ng l\u1ecdc RO.<\/p>\n<p>11 c\u1ea5p l\u1ecdc s\u1ea1ch v\u00e0 b\u1ed5 sung c\u00e1c d\u01b0\u1ee1ng ch\u1ea5t thi\u1ebft y\u1ebfu.<br \/>\nLo\u1ea1i b\u1ecf 99,99% vi khu\u1ea9n, t\u1ea1p ch\u1ea5t, kim lo\u1ea1i n\u1eb7ng v\u00e0 c\u00e1c ch\u1ea5t \u00f4 nhi\u1ec5m kh\u00e1c trong n\u01b0\u1edbc, \u0111\u1ed3ng th\u1eddi b\u1ed5 sung th\u00eam c\u00e1c kho\u00e1ng ch\u1ea5t c\u1ea7n thi\u1ebft, gi\u00fap c\u1ea3i thi\u1ec7n s\u1ee9c kh\u1ecfe v\u00e0 \u0111em \u0111\u1ebfn m\u1ed9t cu\u1ed9c s\u1ed1ng kh\u1ecfe m\u1ea1nh.<\/p>\n<p>7 L\u00f5i n\u00e2ng c\u1ea5p c\u1ea3i thi\u1ec7n ngu\u1ed3n n\u01b0\u1edbc v\u00e0 ch\u1ed1ng t\u00e1i nhi\u1ec5m khu\u1ea9n<br \/>\nL\u00f5i T33 than ho\u1ea1t t\u00ednh g\u00e1o d\u1eeba: T\u1ea1o v\u1ecb ng\u1ecdt cho n\u01b0\u1edbc t\u1eeb ngu\u1ed3n kho\u00e1ng ch\u1ea5t t\u1ef1 nhi\u00ean c\u00f3 trong g\u00e1o d\u1eeba.<br \/>\nNh\u00e2n \u0111\u00f4i ki\u1ec1m t\u00ednh 2 l\u00f5i: C\u00f3 t\u00e1c d\u1ee5ng gi\u1ea3m oxy h\u00f3a cho c\u01a1 th\u1ec3, t\u1ea1o ra c\u00e1c ion ki\u1ec1m l\u00e0m t\u0103ng \u0111\u1ed9 pH c\u1ee7a n\u01b0\u1edbc l\u00ean \u0111\u1ebfn 9,5 (\u00b10,5), gi\u00fap c\u00e2n b\u1eb1ng pH cho c\u01a1 th\u1ec3.<br \/>\nKho\u00e1ng \u0111\u00e1: B\u1ed5 sung c\u00e1c ch\u1ea5t kho\u00e1ng cho ngu\u1ed3n n\u01b0\u1edbc nh\u01b0 Canxi, S\u1eaft, Magie,&#8230;<br \/>\nL\u00f5i kho\u00e1ng t\u1ed5ng h\u1ee3p: \u1ed4n \u0111\u1ecbnh \u0111\u1ed9 pH, b\u1ed5 sung kho\u00e1ng ch\u1ea5t cho ngu\u1ed3n n\u01b0\u1edbc: Ca, Mg, K, Si,&#8230;<br \/>\nH\u1ed3ng ngo\u1ea1i: Ho\u1ea1t h\u00f3a c\u00e1c ph\u00e2n t\u1eed n\u01b0\u1edbc, t\u0103ng l\u01b0\u1ee3ng oxy trong n\u01b0\u1edbc gi\u00fap c\u01a1 th\u1ec3 h\u1ea5p th\u1ee5 n\u01b0\u1edbc nhanh v\u00e0 hi\u1ec7u qu\u1ea3 h\u01a1n, gi\u1ea3m thi\u1ec3u t\u00ecnh tr\u1ea1ng kh\u00f4 da v\u00e0 l\u00e0m ch\u1eadm qu\u00e1 tr\u00ecnh l\u00e3o h\u00f3a.<br \/>\nNano b\u1ea1c: Di\u1ec7t khu\u1ea9n v\u00e0 ch\u1ed1ng t\u00e1i nhi\u1ec5m khu\u1ea9n cho n\u01b0\u1edbc trong qu\u00e1 tr\u00ecnh l\u01b0u th\u00f4ng h\u1ec7 th\u1ed1ng l\u1ecdc.<br \/>\n3 c\u1ea5p l\u1ecdc th\u00f4 lo\u1ea1i b\u1ecf c\u1eb7n b\u1ea9n v\u00e0 t\u1ea1p ch\u1ea5t \u0111\u1ed9c h\u1ea1i<br \/>\nL\u00f5i l\u1ecdc PP 10&#8221; 5 micron: L\u1ecdc c\u00e1c ch\u1ea5t c\u1eb7n b\u1ea9n k\u00edch th\u01b0\u1edbc l\u1edbn h\u01a1n 5 micromet, l\u1ecdc ch\u1ea5t huy\u1ec1n ph\u00f9, c\u00e1c d\u1ea1ng g\u1ec9 s\u00e9t, b\u00f9n \u0111\u1ea5t\u2026<br \/>\nL\u00f5i l\u1ecdc CTO 10&#8243;: H\u1ea5p th\u1ee5 v\u00e0 lo\u1ea1i b\u1ecf t\u1ea1p ch\u1ea5t h\u1eefu c\u01a1, clo d\u01b0, thu\u1ed1c b\u1ea3o v\u1ec7 th\u1ef1c v\u1eadt, m\u00f9i h\u00f4i, m\u00f9i kh\u00f3 ch\u1ecbu,&#8230;trong n\u01b0\u1edbc<br \/>\nL\u00f5i l\u1ecdc PP 10&#8221; 1 micron: Lo\u1ea1i c\u00e1c c\u1eb7n b\u1ea9n l\u1edbn h\u01a1n ho\u1eb7c b\u1eb1ng 1 micromet, b\u1ea3o v\u1ec7 m\u00e0ng RO h\u1ea1n ch\u1ebf t\u1eafc ngh\u1ebdn.<br \/>\nM\u00e0ng RO \u0111\u1ea3m b\u1ea3o n\u01b0\u1edbc u\u1ed1ng \u0111\u1ea1t chu\u1ea9n<br \/>\nM\u00e0ng l\u1ecdc RO Daikiosan v\u1edbi khe l\u1ecdc si\u00eau nh\u1ecf ch\u1ec9 c\u00f3 k\u00edch th\u01b0\u1edbc 0,0001 micromet, m\u00e0ng l\u1ecdc RO \u0111\u1ea3m b\u1ea3o lo\u1ea1i b\u1ecf h\u1ea7u h\u1ebft c\u00e1c ch\u1ea5t \u00f4 nhi\u1ec5m v\u00e0 vi khu\u1ea9n c\u00f3 h\u1ea1i c\u00f3 trong n\u01b0\u1edbc.<\/p>\n<p>Ch\u1ee9c n\u0103ng n\u00f3ng ngu\u1ed9i c\u1ea5p thi\u1ebft cho c\u1ea3 nh\u00e0<br \/>\nCh\u1ebf \u0111\u1ed9 \u0111un s\u00f4i n\u01b0\u1edbc n\u00f3ng l\u00e0 gi\u1ea3i ph\u00e1p tuy\u1ec7t v\u1eddi cho b\u1ea1n khi kh\u00f4ng \u0111\u1ee7 th\u1eddi gian \u0111un s\u00f4i n\u01b0\u1edbc \u0111\u1ec3 d\u00f9ng cho n\u1ea5u \u0103n ho\u1eb7c ch\u1ebf bi\u1ebfn nh\u1eefng th\u1ee9c u\u1ed1ng kh\u00e1c.<br \/>\nCh\u1ec9 v\u1edbi 1 thao t\u00e1c v\u1eb7n v\u00f2i c\u00f3 ngay ly n\u01b0\u1edbc m\u00e1t l\u00e0nh gi\u1ea3i t\u1ecfa c\u01a1n kh\u00e1t cho c\u1ea3 gia \u0111\u00ecnh.<\/p>\n<p>\u0110\u1ea1t chu\u1ea9n n\u01b0\u1edbc u\u1ed1ng tr\u1ef1c ti\u1ebfp c\u1ee7a B\u1ed9 Y T\u1ebf<br \/>\nM\u00e1y l\u1ecdc n\u01b0\u1edbc Makano H-Hero n\u00f3ng ngu\u1ed9i cho ra ngu\u1ed3n n\u01b0\u1edbc \u0111\u1ea1t ti\u00eau chu\u1ea9n u\u1ed1ng tr\u1ef1c ti\u1ebfp, t\u1ee9c l\u00e0 b\u1ea1n c\u00f3 th\u1ec3 s\u1eed d\u1ee5ng tr\u1ef1c ti\u1ebfp n\u01b0\u1edbc t\u1eeb m\u00e1y l\u1ecdc m\u00e0 kh\u00f4ng c\u1ea7n \u0111un s\u00f4i. \u0110i\u1ec1u n\u00e0y ti\u1ebft ki\u1ec7m th\u1eddi gian v\u00e0 c\u00f4ng s\u1ee9c, \u0111\u1ed3ng th\u1eddi \u0111\u1ea3m b\u1ea3o ngu\u1ed3n n\u01b0\u1edbc s\u1ea1ch, an to\u00e0n v\u00e0 ti\u1ec7n l\u1ee3i cho c\u1ea3 gia \u0111\u00ecnh. M\u00e1y \u0111\u01b0\u1ee3c ki\u1ec3m \u0111\u1ecbnh ch\u1ea5t l\u01b0\u1ee3ng theo \u0111\u1ecbnh k\u1ef3, ch\u1eb7t ch\u1ebd \u0111\u1ea1t chu\u1ea9n tr\u00ean c\u00e1c m\u1eabu ki\u1ec3m nghi\u1ec7m:<\/p>\n<p>S\u1ea3n ph\u1ea9m \u0111\u1ea1t ti\u00eau chu\u1ea9n Qu\u1ed1c gia TCVN 11978:2017 v\u1ec1 m\u00e1y l\u1ecdc n\u01b0\u1edbc gia \u0111\u00ecnh.<br \/>\nPh\u00f9 h\u1ee3p Quy chu\u1ea9n k\u1ef9 thu\u1eadt Qu\u1ed1c gia QCVN 4:2009\/BKHCN v\u00e0 s\u1eeda \u0111\u1ed5i 1:2016 QCVN 4:2009\/BKHCN v\u1ec1 an to\u00e0n thi\u1ebft b\u1ecb \u0111i\u1ec7n, \u0111i\u1ec7n t\u1eed.<br \/>\nM\u1eabu n\u01b0\u1edbc \u0103n u\u1ed1ng tr\u1ef1c ti\u1ebfp sau khi qua h\u1ec7 th\u1ed1ng l\u1ecdc c\u1ee7a m\u00e1y l\u1ecdc n\u01b0\u1edbc RO nh\u00e3n hi\u1ec7u Makano c\u00f3 t\u00e1c ch\u1ec9 ti\u00eau ph\u00f9 h\u1ee3p v\u1edbi QCVN 01:2009\/BYT: Quy chu\u1ea9n k\u1ef9 thu\u1eadt qu\u1ed1c gia v\u1ec1 ch\u1ea5t l\u01b0\u1ee3ng n\u01b0\u1edbc \u0103n u\u1ed1ng v\u00e0 QCVN 6-1:2010\/BYT: Quy chu\u1ea9n k\u1ef9 thu\u1eadt qu\u1ed1c gia \u0111\u1ed1i v\u1edbi n\u01b0\u1edbc u\u1ed1ng \u0111\u00f3ng chai (u\u1ed1ng tr\u1ef1c ti\u1ebfp) do B\u1ed9 Y t\u1ebf ban h\u00e0nh.<br \/>\nS\u1ea3n ph\u1ea9m \u0111\u01b0\u1ee3c gi\u00e1m s\u00e1t ch\u1ea5t l\u01b0\u1ee3ng b\u1edfi Vi\u1ec7n Y t\u1ebf C\u00f4ng c\u1ed9ng TP.HCM thu\u1ed9c B\u1ed9 Y t\u1ebf, \u0111\u01b0\u1ee3c l\u1ea5y m\u1eabu \u0111\u1ecbnh k\u1ef3 theo t\u1eebng l\u00f4 th\u1eed nghi\u1ec7m, \u0111\u1ea3m b\u1ea3o ch\u1ea5t l\u01b0\u1ee3ng tr\u01b0\u1edbc khi \u0111\u01b0a ra th\u1ecb tr\u01b0\u1eddng\u2026<\/p>\n","protected":false},"excerpt":{"rendered":"<p>\u0110\u1eb7c \u0111i\u1ec3m n\u1ed5i b\u1eadt:<\/p>\n<p>-Lo\u1ea1i b\u1ecf 100% n\u01b0\u1edbc mang t\u00ednh axit sau m\u00e0ng RO<\/p>\n<p>-B\u1ed5 sung kho\u00e1ng ch\u1ea5t\u00a0 c\u1ea7n thi\u1ebft cho c\u01a1 th\u1ec3<\/p>\n<p>-Ngu\u1ed3n n\u01b0\u1edbc s\u1ea1ch \u0111\u1ea1t chu\u1ea9n<\/p>\n","protected":false},"featured_media":0,"comment_status":"open","ping_status":"closed","template":"","meta":[],"product_brand":[],"product_cat":[112],"product_tag":[],"class_list":{"0":"post-29170","1":"product","2":"type-product","3":"status-publish","5":"product_cat-loa","7":"first","8":"instock","9":"taxable","10":"shipping-taxable","11":"purchasable","12":"product-type-simple"},"_links":{"self":[{"href":"https:\/\/dienmaytuandat.com\/index.php\/wp-json\/wp\/v2\/product\/29170","targetHints":{"allow":["GET"]}}],"collection":[{"href":"https:\/\/dienmaytuandat.com\/index.php\/wp-json\/wp\/v2\/product"}],"about":[{"href":"https:\/\/dienmaytuandat.com\/index.php\/wp-json\/wp\/v2\/types\/product"}],"replies":[{"embeddable":true,"href":"https:\/\/dienmaytuandat.com\/index.php\/wp-json\/wp\/v2\/comments?post=29170"}],"version-history":[{"count":0,"href":"https:\/\/dienmaytuandat.com\/index.php\/wp-json\/wp\/v2\/product\/29170\/revisions"}],"wp:attachment":[{"href":"https:\/\/dienmaytuandat.com\/index.php\/wp-json\/wp\/v2\/media?parent=29170"}],"wp:term":[{"taxonomy":"product_brand","embeddable":true,"href":"https:\/\/dienmaytuandat.com\/index.php\/wp-json\/wp\/v2\/product_brand?post=29170"},{"taxonomy":"product_cat","embeddable":true,"href":"https:\/\/dienmaytuandat.com\/index.php\/wp-json\/wp\/v2\/product_cat?post=29170"},{"taxonomy":"product_tag","embeddable":true,"href":"https:\/\/dienmaytuandat.com\/index.php\/wp-json\/wp\/v2\/product_tag?post=29170"}],"curies":[{"name":"wp","href":"https:\/\/api.w.org\/{rel}","templated":true}]}}