{"id":29188,"date":"2024-07-19T04:26:59","date_gmt":"2024-07-19T04:26:59","guid":{"rendered":"https:\/\/dienmaytuandat.com\/?post_type=product&#038;p=29188"},"modified":"2024-07-19T04:45:19","modified_gmt":"2024-07-19T04:45:19","slug":"may-loc-nuoc-makano-x-guard-mkw-32010m","status":"publish","type":"product","link":"https:\/\/dienmaytuandat.com\/index.php\/san-pham\/may-loc-nuoc-makano-x-guard-mkw-32010m\/","title":{"rendered":"M\u00e1y l\u1ecdc n\u01b0\u1edbc Makano X-Guard MKW-32010M"},"content":{"rendered":"<p>Thi\u1ebft k\u1ebf m\u1eb7t k\u00ednh c\u01b0\u1eddng l\u1ef1c in 2D si\u00eau b\u1ec1n, si\u00eau \u0111\u1eb9p<br \/>\nM\u00e1y l\u1ecdc n\u01b0\u1edbc X-Guard RO in 2D Makano MKW-32010M kh\u00f4ng ch\u1ec9 c\u00f3 t\u00ednh n\u0103ng hi\u1ec7n \u0111\u1ea1i m\u00e0 c\u00f2n c\u00f3 thi\u1ebft k\u1ebf tinh t\u1ebf, sang tr\u1ecdng v\u1edbi m\u1eb7t k\u00ednh 2D cao c\u1ea5p. \u0110\u00e2y s\u1ebd l\u00e0 m\u1ed9t \u0111i\u1ec3m nh\u1ea5n ho\u00e0n h\u1ea3o \u1edf b\u1ea5t k\u00ec kh\u00f4ng gian nh\u01b0 gia \u0111\u00ecnh, v\u0103n ph\u00f2ng,&#8230;<br \/>\nS\u1ea3n ph\u1ea9m c\u0169ng \u0111\u01b0\u1ee3c trang b\u1ecb c\u00e1c linh ph\u1ee5 ki\u1ec7n cao c\u1ea5p, \u0111\u1ea3m b\u1ea3o ti\u00eau chu\u1ea9n v\u1ec7 sinh an to\u00e0n th\u1ef1c ph\u1ea9m, \u0111\u1ea1t chu\u1ea9n NSF M\u1ef9<br \/>\nHi\u1ec7u su\u1ea5t l\u1ecdc v\u01b0\u1ee3t tr\u1ed9i<br \/>\nNgu\u1ed3n n\u01b0\u1edbc tinh khi\u1ebft s\u1ebd \u0111\u01b0\u1ee3c M\u00e1y l\u1ecdc n\u01b0\u1edbc cao c\u1ea5p Makano X-Guard MKW-32010M cung c\u1ea5p 10 l\u00edt\/Gi\u1edd li\u00ean t\u1ee5c. V\u00ec th\u1ebf, n\u1ebfu gia \u0111\u00ecnh kh\u00e1ch h\u00e0ng c\u00f3 4-5 th\u00e0nh vi\u00ean th\u00ec ho\u00e0n to\u00e0n c\u00f3 th\u1ec3 y\u00ean t\u00e2m l\u1ef1a ch\u1ecdn lo\u1ea1i thi\u1ebft b\u1ecb ph\u00f9 h\u1ee3p v\u00e0 \u0111\u1eddi m\u1edbi nh\u1ea5t n\u00e0y \u0111\u1ec3 s\u1eed d\u1ee5ng.<\/p>\n<p>Y\u00ean t\u00e2m s\u1eed d\u1ee5ng n\u01b0\u1edbc v\u1edbi c\u00f4ng ngh\u1ec7 AI<br \/>\nM\u00e1y l\u1ecdc n\u01b0\u1edbc X-Guard RO in 2D Makano MKW-32010M t\u1ef1 h\u00e0o v\u1edbi c\u00f4ng ngh\u1ec7 AI 3 ng\u1eaft, 3 b\u00e1o c\u00f9ng b\u1ea3ng \u0111i\u1ec1u khi\u1ec3n th\u00e2n thi\u1ec7n v\u1edbi ng\u01b0\u1eddi d\u00f9ng, cung c\u1ea5p th\u00f4ng tin chi ti\u1ebft v\u1ec1 ch\u1ea5t l\u01b0\u1ee3ng n\u01b0\u1edbc. AI c\u0169ng gi\u00fap cung c\u1ea5p c\u00e1c c\u1ea3nh b\u00e1o thay th\u1ebf t\u1ef1 \u0111\u1ed9ng cho l\u00f5i x\u1ea3y ra v\u1ea5n \u0111\u1ec1, do \u0111\u00f3 \u0111\u1ea3m b\u1ea3o hi\u1ec7u su\u1ea5t t\u1ed1i \u01b0u m\u1ecdi l\u00fac. H\u01a1n n\u1eefa, c\u00e1c c\u1ea3nh b\u00e1o ti\u1ec7n l\u1ee3i c\u1ee7a m\u00e1y gi\u00fap ng\u01b0\u1eddi d\u00f9ng lu\u00f4n \u0111\u01b0\u1ee3c th\u00f4ng b\u00e1o v\u1ec1 t\u00ecnh tr\u1ea1ng ho\u1ea1t \u0111\u1ed9ng c\u1ee7a m\u00e1y m\u1ed9t c\u00e1ch d\u1ec5 d\u00e0ng.<\/p>\n<p>C\u00f4ng ngh\u1ec7 AI MKW-32010M<\/p>\n<p>H\u1ec7 th\u1ed1ng 10 c\u1ea5p l\u1ecdc th\u00f4ng minh, ngu\u1ed3n n\u01b0\u1edbc tinh khi\u1ebft, gi\u00e0u kho\u00e1ng ch\u1ea5t<br \/>\nM\u00e1y l\u1ecdc n\u01b0\u1edbc X-Guard RO in 2D Makano MKW-32010M s\u1edf h\u1eefu c\u1ea5u h\u00ecnh \u1ea5n t\u01b0\u1ee3ng v\u1edbi 10 l\u00f5i l\u1ecdc mang \u0111\u1ebfn cho ng\u01b0\u1eddi d\u00f9ng ngu\u1ed3n n\u01b0\u1edbc u\u1ed1ng an to\u00e0n \u0111\u1ea1t ch\u1ee9ng nh\u1eadn c\u1ee7a B\u1ed9 Y t\u1ebf. Kh\u00e1ch h\u00e0ng c\u00f3 th\u1ec3 y\u00ean t\u00e2m khi bi\u1ebft r\u1eb1ng h\u1ecd \u0111ang s\u1eed d\u1ee5ng ngu\u1ed3n n\u01b0\u1edbc v\u1edbi ch\u1ea5t l\u01b0\u1ee3ng h\u00e0ng \u0111\u1ea7u. C\u00e1c l\u00f5i l\u1ecdc n\u00e0y kh\u00f4ng ch\u1ec9 \u0111\u1ea3m b\u1ea3o ch\u1ea5t l\u01b0\u1ee3ng n\u01b0\u1edbc \u0111\u1ea7u ra m\u00e0 c\u00f2n \u0111\u1ea3m b\u1ea3o lu\u00f4n c\u00f3 c\u00e1c kho\u00e1ng ch\u1ea5t c\u1ea7n thi\u1ebft \u0111\u1ec3 t\u0103ng c\u01b0\u1eddng v\u00e0 b\u1ea3o v\u1ec7 s\u1ee9c kh\u1ecfe ng\u01b0\u1eddi d\u00f9ng. 10 l\u00f5i l\u1ecdc bao g\u1ed3m 3 l\u00f5i l\u1ecdc th\u00f4, m\u00e0ng RO v\u00e0 6 l\u00f5i l\u1ecdc n\u00e2ng c\u1ea5p:<\/p>\n<p>B\u1ed9 3 l\u00f5i l\u1ecdc th\u00f4 gi\u00fap l\u1ecdc s\u1ea1ch c\u1eb7n b\u1ea9n, vi khu\u1ea9n<br \/>\nL\u00f5i l\u1ecdc PP 10&#8221; 5micron MakanoI<br \/>\nL\u00f5i l\u1ecdc CTO than anthracite 10&#8243; Makano<br \/>\nL\u00f5i l\u1ecdc PP 10&#8221; 1 micron Makano<br \/>\n(Th\u1eddi gian thay l\u00f5i l\u1ecdc: Kho\u1ea3ng 3- 6 th\u00e1ng t\u00f9y thu\u1ed9c ch\u1ea5t l\u01b0\u1ee3ng ngu\u1ed3n n\u01b0\u1edbc \u0111\u1ea7u v\u00e0o)<\/p>\n<p>M\u00e0ng l\u1ecdc tinh RO CSM cho ra ngu\u1ed3n n\u01b0\u1edbc tinh khi\u1ebft nh\u1ea5t<br \/>\nS\u1eed d\u1ee5ng c\u01a1 ch\u1ebf l\u1ecdc th\u1ea9m th\u1ea5u ng\u01b0\u1ee3c, m\u00e0ng l\u1ecdc RO c\u1ee7a m\u00e1y l\u1ecdc n\u01b0\u1edbc X-Guard RO in 2D Makano MKW-32010M ch\u1ec9 cho ph\u00e9p c\u00e1c ph\u00e2n t\u1eed n\u01b0\u1edbc si\u00eau m\u1ecbn \u0111i qua c\u00e1c l\u1ed7 nh\u1ecf c\u00f3 k\u00edch th\u01b0\u1edbc 0,1-0,5 nanomet \u0111i qua gi\u00fap lo\u1ea1i b\u1ecf ph\u1ea7n l\u1edbn c\u00e1c t\u1ea1p ch\u1ea5t, bao g\u1ed3m vi khu\u1ea9n, vi r\u00fat v\u00e0 kim lo\u1ea1i n\u1eb7ng, \u0111\u1ec3 l\u1ea1i n\u01b0\u1edbc s\u1ea1ch v\u00e0 tinh khi\u1ebft.<\/p>\n<p>(Th\u1eddi gian thay l\u00f5i: C\u00f3 th\u1ec3 l\u00ean \u0111\u1ebfn 36 th\u00e1ng, t\u00f9y thu\u1ed9c v\u00e0o ch\u1ea5t l\u01b0\u1ee3ng n\u01b0\u1edbc \u0111\u1ea7u v\u00e0o)<\/p>\n<p>B\u00f9 kho\u00e1ng v\u00e0 ch\u1ed1ng t\u00e1i nhi\u1ec5m khu\u1ea9n qua b\u1ed9 6 l\u00f5i n\u00e2ng c\u1ea5p<br \/>\nL\u00f5i T33 than ho\u1ea1t t\u00ednh g\u00e1o d\u1eeba Makano<br \/>\nL\u00f5i Alkaline Makano<br \/>\nL\u00f5i kho\u00e1ng \u0111\u00e1 Makano<br \/>\nL\u00f5i kho\u00e1ng t\u1ed5ng h\u1ee3p Makano<br \/>\nL\u00f5i H\u1ed3ng ngo\u1ea1i Makano<br \/>\nL\u00f5i Nano b\u1ea1c Makano<br \/>\n(Th\u1eddi gian thay l\u1ecdc: Kho\u1ea3ng 9 &#8211; 12 th\u00e1ng t\u00f9y thu\u1ed9c ch\u1ea5t l\u01b0\u1ee3ng n\u01b0\u1edbc tinh l\u1ecdc)<\/p>\n<p>Y\u00ean t\u00e2m s\u1eed d\u1ee5ng v\u1edbi ch\u00ednh s\u00e1ch b\u1ea3o h\u00e0nh v\u01b0\u1ee3t th\u1eddi gian<br \/>\nB\u1ea3o h\u00e0nh 5 n\u0103m cho Block v\u00e0 38 th\u00e1ng cho ph\u1ea7n \u0111i\u1ec7n<br \/>\nB\u1ea3o h\u00e0nh 1 \u0111\u1ed5i 1 trong v\u00f2ng 30 ng\u00e0y n\u1ebfu k\u00edch ho\u1ea1t b\u1ea3o h\u00e0nh \u0111i\u1ec7n t\u1eed v\u00e0 l\u1ed7i do nh\u00e0 s\u1ea3n xu\u1ea5t<br \/>\n(\u0110i\u1ec1u ki\u1ec7n: Khi \u0111\u1ed5i tr\u1ea3 M\u00e1y l\u1ecdc n\u01b0\u1edbc cao c\u1ea5p Makano X-Guard MKW-32010M ph\u1ea3i c\u00f2n nguy\u00ean th\u00f9ng, \u0111\u1ea7y \u0111\u1ee7 linh ki\u1ec7n, ph\u1ee5 ki\u1ec7n, s\u00e1ch h\u01b0\u1edbng d\u1eabn s\u1eed d\u1ee5ng v\u00e0 c\u00f3 H\u00f3a \u0111\u01a1n GTGT)<\/p>\n<p>M\u00e1y l\u1ecdc n\u01b0\u1edbc X-Guard RO in 2D Makano MKW-32010M v\u1edbi ch\u1ea5t l\u01b0\u1ee3ng n\u01b0\u1edbc \u0111\u1ea1t chu\u1ea9n ch\u1ea5t l\u01b0\u1ee3ng cao<br \/>\nQuy chu\u1ea9n QCVN 01:2009\/BYT: Quy chu\u1ea9n k\u1ef9 thu\u1eadt qu\u1ed1c gia v\u1ec1 ch\u1ea5t l\u01b0\u1ee3ng n\u01b0\u1edbc \u0103n u\u1ed1ng<br \/>\nQCVN 6-1:2010\/BYT: Quy chu\u1ea9n k\u1ef9 thu\u1eadt qu\u1ed1c gia \u0111\u1ed1i v\u1edbi n\u01b0\u1edbc u\u1ed1ng \u0111\u00f3ng chai (u\u1ed1ng tr\u1ef1c ti\u1ebfp). S\u1ea3n ph\u1ea9m \u0111\u01b0\u1ee3c gi\u00e1m s\u00e1t ch\u1ea5t l\u01b0\u1ee3ng b\u1edfi Vi\u1ec7n Y t\u1ebf C\u00f4ng c\u1ed9ng TP.HCM thu\u1ed9c B\u1ed9 Y t\u1ebf, \u0111\u01b0\u1ee3c l\u1ea5y m\u1eabu, \u0111\u1ea3m b\u1ea3o ch\u1ea5t l\u01b0\u1ee3ng tr\u01b0\u1edbc khi \u0111\u01b0a ra th\u1ecb tr\u01b0\u1eddng.<br \/>\nTi\u00eau chu\u1ea9n Qu\u1ed1c gia TCVN 11978:2017 v\u1ec1 m\u00e1y l\u1ecdc n\u01b0\u1edbc d\u00f9ng trong gia \u0111\u00ecnh.<br \/>\nQuy chu\u1ea9n k\u1ef9 thu\u1eadt Qu\u1ed1c Gia: QCVN 4:2009\/BKHCN v\u00e0 s\u1eeda \u0111\u1ed5i 1:2016 QCVN 4:2009\/BKHCN: Quy chu\u1ea9n k\u1ef9 thu\u1eadt Qu\u1ed1c gia v\u1ec1 an to\u00e0n thi\u1ebft b\u1ecb \u0111i\u1ec7n v\u00e0 \u0111i\u1ec7n t\u1eed<\/p>\n","protected":false},"excerpt":{"rendered":"<p>C\u00f4ng ngh\u1ec7 A.I 3 ng\u1eaft<br \/>\n&#8211; Ng\u1eaft \u0111i\u1ec7n khi x\u1ea3y ra s\u1ef1 c\u1ed1,ngu\u1ed3n kh\u00f4ng \u1ed5n \u0111\u1ecbnh<br \/>\n&#8211; Ng\u1eaft n\u01b0\u1edbc khi \u00e1p l\u1ef1c \u0111\u1ea7u v\u00e0o kh\u1ed5ng \u0111\u1ee7 v\u00e0 r\u00f2 r\u1ec9 b\u00ean trong<br \/>\n&#8211; Ng\u1eaft n\u01b0\u1edbc khi ch\u1ea5t l\u01b0\u1ee3ng n\u01b0\u1edbc kh\u00f4ng \u0111\u1ea1t chu\u1ea9n<\/p>\n<p>B\u1ed9 x\u1eed l\u00fd A.I 3 b\u00e1o \u0111i\u1ec1u khi\u1ec3n t\u1ef1 \u0111\u1ed9ng<br \/>\n-B\u00e1o l\u1ed7i v\u00e0 ho\u1ea1t \u0111\u1ed9ng c\u1ee7a m\u00e1y<br \/>\n-B\u00e1o thay m\u00e0ng RO<br \/>\n-B\u00e1o thay l\u00f5i 1,2,3<\/p>\n","protected":false},"featured_media":0,"comment_status":"open","ping_status":"closed","template":"","meta":[],"product_brand":[],"product_cat":[113],"product_tag":[],"class_list":{"0":"post-29188","1":"product","2":"type-product","3":"status-publish","5":"product_cat-may-loc-nuoc","7":"first","8":"instock","9":"taxable","10":"shipping-taxable","11":"purchasable","12":"product-type-simple"},"_links":{"self":[{"href":"https:\/\/dienmaytuandat.com\/index.php\/wp-json\/wp\/v2\/product\/29188","targetHints":{"allow":["GET"]}}],"collection":[{"href":"https:\/\/dienmaytuandat.com\/index.php\/wp-json\/wp\/v2\/product"}],"about":[{"href":"https:\/\/dienmaytuandat.com\/index.php\/wp-json\/wp\/v2\/types\/product"}],"replies":[{"embeddable":true,"href":"https:\/\/dienmaytuandat.com\/index.php\/wp-json\/wp\/v2\/comments?post=29188"}],"version-history":[{"count":0,"href":"https:\/\/dienmaytuandat.com\/index.php\/wp-json\/wp\/v2\/product\/29188\/revisions"}],"wp:attachment":[{"href":"https:\/\/dienmaytuandat.com\/index.php\/wp-json\/wp\/v2\/media?parent=29188"}],"wp:term":[{"taxonomy":"product_brand","embeddable":true,"href":"https:\/\/dienmaytuandat.com\/index.php\/wp-json\/wp\/v2\/product_brand?post=29188"},{"taxonomy":"product_cat","embeddable":true,"href":"https:\/\/dienmaytuandat.com\/index.php\/wp-json\/wp\/v2\/product_cat?post=29188"},{"taxonomy":"product_tag","embeddable":true,"href":"https:\/\/dienmaytuandat.com\/index.php\/wp-json\/wp\/v2\/product_tag?post=29188"}],"curies":[{"name":"wp","href":"https:\/\/api.w.org\/{rel}","templated":true}]}}