{"id":29211,"date":"2024-07-19T04:56:22","date_gmt":"2024-07-19T04:56:22","guid":{"rendered":"https:\/\/dienmaytuandat.com\/?post_type=product&#038;p=29211"},"modified":"2024-10-17T09:16:28","modified_gmt":"2024-10-17T09:16:28","slug":"may-loc-nuoc-makano-x-guard-nong-nguoi-lanh-mkw-32710m","status":"publish","type":"product","link":"https:\/\/dienmaytuandat.com\/index.php\/san-pham\/may-loc-nuoc-makano-x-guard-nong-nguoi-lanh-mkw-32710m\/","title":{"rendered":"M\u00e1y l\u1ecdc n\u01b0\u1edbc Makano X-Guard n\u00f3ng ngu\u1ed9i l\u1ea1nh MKW-32710M"},"content":{"rendered":"","protected":false},"excerpt":{"rendered":"<p><span style=\"font-size: 14pt;\"><strong>\u0110\u1eb7c \u0110i\u1ec3m N\u1ed5i B\u1eadt<\/strong><\/span><\/p>\n<p>C\u00f4ng ngh\u1ec7 A.I 3 ng\u1eaft<br \/>\n&#8211; Ng\u1eaft \u0111i\u1ec7n khi x\u1ea3y ra s\u1ef1 c\u1ed1,ngu\u1ed3n kh\u00f4ng \u1ed5n \u0111\u1ecbnh<br \/>\n&#8211; Ng\u1eaft n\u01b0\u1edbc khi \u00e1p l\u1ef1c \u0111\u1ea7u v\u00e0o kh\u1ed5ng \u0111\u1ee7 v\u00e0 r\u00f2 r\u1ec9 b\u00ean trong<br \/>\n&#8211; Ng\u1eaft n\u01b0\u1edbc khi ch\u1ea5t l\u01b0\u1ee3ng n\u01b0\u1edbc kh\u00f4ng \u0111\u1ea1t chu\u1ea9n<br \/>\nB\u1ed9 x\u1eed l\u00fd A.I 3 b\u00e1o \u0111i\u1ec1u khi\u1ec3n t\u1ef1 \u0111\u1ed9ng<br \/>\n-B\u00e1o l\u1ed7i v\u00e0 ho\u1ea1t \u0111\u1ed9ng c\u1ee7a m\u00e1y<br \/>\n-B\u00e1o thay m\u00e0ng RO<br \/>\n-B\u00e1o thay l\u00f5i 1,2,3<\/p>\n","protected":false},"featured_media":29215,"comment_status":"open","ping_status":"closed","template":"","meta":[],"product_brand":[],"product_cat":[113],"product_tag":[],"class_list":{"0":"post-29211","1":"product","2":"type-product","3":"status-publish","4":"has-post-thumbnail","6":"product_cat-may-loc-nuoc","8":"first","9":"instock","10":"taxable","11":"shipping-taxable","12":"purchasable","13":"product-type-simple"},"_links":{"self":[{"href":"https:\/\/dienmaytuandat.com\/index.php\/wp-json\/wp\/v2\/product\/29211","targetHints":{"allow":["GET"]}}],"collection":[{"href":"https:\/\/dienmaytuandat.com\/index.php\/wp-json\/wp\/v2\/product"}],"about":[{"href":"https:\/\/dienmaytuandat.com\/index.php\/wp-json\/wp\/v2\/types\/product"}],"replies":[{"embeddable":true,"href":"https:\/\/dienmaytuandat.com\/index.php\/wp-json\/wp\/v2\/comments?post=29211"}],"version-history":[{"count":2,"href":"https:\/\/dienmaytuandat.com\/index.php\/wp-json\/wp\/v2\/product\/29211\/revisions"}],"predecessor-version":[{"id":30578,"href":"https:\/\/dienmaytuandat.com\/index.php\/wp-json\/wp\/v2\/product\/29211\/revisions\/30578"}],"wp:featuredmedia":[{"embeddable":true,"href":"https:\/\/dienmaytuandat.com\/index.php\/wp-json\/wp\/v2\/media\/29215"}],"wp:attachment":[{"href":"https:\/\/dienmaytuandat.com\/index.php\/wp-json\/wp\/v2\/media?parent=29211"}],"wp:term":[{"taxonomy":"product_brand","embeddable":true,"href":"https:\/\/dienmaytuandat.com\/index.php\/wp-json\/wp\/v2\/product_brand?post=29211"},{"taxonomy":"product_cat","embeddable":true,"href":"https:\/\/dienmaytuandat.com\/index.php\/wp-json\/wp\/v2\/product_cat?post=29211"},{"taxonomy":"product_tag","embeddable":true,"href":"https:\/\/dienmaytuandat.com\/index.php\/wp-json\/wp\/v2\/product_tag?post=29211"}],"curies":[{"name":"wp","href":"https:\/\/api.w.org\/{rel}","templated":true}]}}