{"id":29253,"date":"2024-07-19T10:53:25","date_gmt":"2024-07-19T10:53:25","guid":{"rendered":"https:\/\/dienmaytuandat.com\/?post_type=product&#038;p=29253"},"modified":"2024-07-20T07:44:46","modified_gmt":"2024-07-20T07:44:46","slug":"may-loc-nuoc-makano-x-guard-tu-truong-nong-nguoi-lanh-mkw-36711m","status":"publish","type":"product","link":"https:\/\/dienmaytuandat.com\/index.php\/san-pham\/may-loc-nuoc-makano-x-guard-tu-truong-nong-nguoi-lanh-mkw-36711m\/","title":{"rendered":"M\u00e1y l\u1ecdc n\u01b0\u1edbc Makano X-Guard T\u1eeb tr\u01b0\u1eddng n\u00f3ng ngu\u1ed9i l\u1ea1nh MKW-36711M"},"content":{"rendered":"<p>L\u00f5i t\u1ea1o \u0111i\u1ec7n t\u1eeb tr\u01b0\u1eddng t\u1ea1o n\u01b0\u1edbc k\u1ef3 di\u1ec7u<br \/>\nL\u00f5i t\u1ea1o \u0111i\u1ec7n t\u1eeb tr\u01b0\u1eddng &#8211; N\u01b0\u1edbc k\u1ef3 di\u1ec7u: M\u00e1y l\u1ecdc n\u01b0\u1edbc t\u1eeb tr\u01b0\u1eddng X-Guard n\u00f3ng ngu\u1ed9i l\u1ea1nh Makano MKW-36711M gi\u00fap chuy\u1ec3n h\u00f3a c\u1ea5u tr\u00fac n\u01b0\u1edbc t\u1eeb h\u00ecnh b\u00f4ng tuy\u1ebft qua h\u00ecnh l\u1ee5c gi\u00e1c, kh\u00f4i ph\u1ee5c tr\u1ea1ng th\u00e1i t\u1ef1 nhi\u00ean c\u1ee7a ngu\u1ed3n n\u01b0\u1edbc.<\/p>\n<p>C\u1ea5u tr\u00fac \u0111\u1ed9c \u0111\u1ed9c \u0111\u00e1o: Bao g\u1ed3m 6 ph\u1ea7n t\u1eed n\u01b0\u1edbc h\u1ee3p l\u1ea1i th\u00e0nh m\u1ed9t nh\u00f3m t\u01b0\u01a1ng \u0111\u1ed3ng v\u1edbi c\u1ea5u tr\u00fac c\u1ee7a n\u01b0\u1edbc trong t\u1ebf b\u00e0o gi\u00fap t\u0103ng t\u1ed1c \u0111\u1ed9 v\u00e0 kh\u1ea3 n\u0103ng h\u1ea5p thu qua th\u00e0nh t\u1ebf b\u00e0o, h\u1ed7 tr\u1ee3 th\u1ea3i \u0111\u1ed9c v\u00e0 trao \u0111\u1ed5i ch\u1ea5t, v\u1eadn chuy\u1ec3n oxy, dinh d\u01b0\u1ee1ng, kho\u00e1ng ch\u1ea5t.<br \/>\nN\u0103ng l\u01b0\u1ee3ng t\u1eeb t\u00ednh: N\u01b0\u1edbc t\u1eeb tr\u01b0\u1eddng l\u00e0 n\u01b0\u1edbc \u0111\u01b0\u1ee3c b\u1ed5 sung t\u1eeb t\u00ednh c\u00f3 \u0111\u01b0\u1ee3c sau khi \u0111i qua l\u00f5i x\u1eed l\u00fd t\u1eeb tr\u01b0\u1eddng \u0111\u1ea7u ti\u00ean v\u00e0 duy nh\u1ea5t tr\u00ean m\u00e1y l\u1ecdc n\u01b0\u1edbc Makano X-Guard T\u1eeb Tr\u01b0\u1eddng. S\u1edf h\u1eefu nh\u1eefng \u0111\u1eb7c t\u00ednh qu\u00fd nh\u01b0 l\u01b0u gi\u1eef tr\u1ecdn v\u1eb9n h\u01b0\u01a1ng v\u1ecb tr\u00e0, c\u00e0 ph\u00ea, gi\u1eef l\u1ea1i dinh d\u01b0\u1ee1ng, m\u00f9i v\u1ecb trong th\u1ef1c ph\u1ea9m.<br \/>\nGi\u00e0u Electron t\u1ef1 do: C\u00e1c Electron t\u1ef1 do c\u00f3 t\u00e1c d\u1ee5ng li\u00ean k\u1ebft v\u1edbi c\u00e1c g\u1ed1c t\u1ef1 do b\u00ean trong c\u01a1 th\u1ec3, gi\u00fap c\u01a1 th\u1ec3 \u0111\u1ea1t tr\u1ea1ng th\u00e1i \u1ed5n \u0111\u1ecbnh, h\u1ed7 tr\u1ee3 l\u00e0m ch\u1eadm qu\u00e1 tr\u00ecnh oxy h\u00f3a, l\u00e3o h\u00f3a c\u1ee7a da v\u00e0 c\u01a1 th\u1ec3<br \/>\nC\u00f3 th\u1ec3 b\u1ea1n quan t\u00e2m: N\u01b0\u1edbc t\u1eeb tr\u01b0\u1eddng l\u00e0 g\u00ec? Th\u1ef1c h\u01b0 v\u1ec1 c\u00f4ng d\u1ee5ng n\u01b0\u1edbc t\u1eeb tr\u01b0\u1eddng<\/p>\n<p>N\u01b0\u1edbc t\u1eeb tr\u01b0\u1eddng l\u00e0 n\u01b0\u1edbc k\u1ef3 di\u1ec7u, v\u00f4 c\u00f9ng t\u1ed1t cho s\u1ee9c kh\u1ecfe<br \/>\nM\u00e1y l\u1ecdc n\u01b0\u1edbc t\u1eeb tr\u01b0\u1eddng X-Guard n\u00f3ng ngu\u1ed9i l\u1ea1nh Makano MKW-36711M nh\u1edd c\u00f4ng ngh\u1ec7 \u0111i\u1ec7n t\u1eeb tr\u01b0\u1eddng \u0111\u1eb7c bi\u1ec7t, gi\u00fap chuy\u1ec3n h\u00f3a c\u1ea5u tr\u00fac n\u01b0\u1edbc t\u1eeb h\u00ecnh b\u00f4ng tuy\u1ebft qua h\u00ecnh l\u1ee5c gi\u00e1c, h\u1ed7 tr\u1ee3 c\u1ea3i thi\u1ec7n kh\u1ea3 n\u0103ng chuy\u1ec3n h\u00f3a v\u00e0 h\u1ea5p thu \u1edf c\u1ea5p \u0111\u1ed9 t\u1ebf b\u00e0o, v\u00ec v\u1eady n\u01b0\u1edbc v\u00e0o c\u01a1 th\u1ec3, v\u00e0o th\u1ef1c ph\u1ea9m, tr\u00e0, c\u00e0 ph\u00ea \u2026.nhanh h\u01a1n,qua \u0111\u00f3 h\u1ed7 tr\u1ee3:<\/p>\n<p>N\u01b0\u1edbc t\u1eeb tr\u01b0\u1eddng l\u00e0 n\u01b0\u1edbc k\u1ef3 di\u1ec7u cho s\u1ee9c kh\u1ecfe<\/p>\n<p>\u0110\u1ea9y nhanh qu\u00e1 tr\u00ecnh h\u1ea5p th\u1ee5 n\u01b0\u1edbc c\u1ee7a t\u1ebf b\u00e0o<br \/>\nT\u0103ng c\u01b0\u1eddng trao \u0111\u1ed5i ch\u1ea5t, th\u1ea3i \u0111\u1ed9c<br \/>\nC\u00e2n b\u1eb1ng v\u00e0 ch\u1ed1ng oxy h\u00f3a<br \/>\nG\u00f3p ph\u1ea7n ng\u0103n ng\u1eeba ti\u1ec3u \u0111\u01b0\u1eddng, s\u1ecfi th\u1eadn&#8230;<br \/>\nPha tr\u00e0, c\u00e0 ph\u00ea, n\u1ea5u \u0103n&#8230; ngon h\u01a1n &amp; r\u1ea5t nhi\u1ec1u t\u00e1c d\u1ee5ng kh\u00e1c&#8230;<br \/>\nM\u00e1y t\u1ea1o n\u01b0\u1edbc t\u1eeb tr\u01b0\u1eddng duy nh\u1ea5t c\u00f3 3 lo\u1ea1i n\u01b0\u1edbc: N\u00f3ng &#8211; T\u1eeb tr\u01b0\u1eddng &#8211; L\u1ea1nh<br \/>\nDuy nh\u1ea5t tr\u00ean th\u1ecb tr\u01b0\u1eddng m\u00e1y l\u1ecdc n\u01b0\u1edbc t\u1ea1o n\u01b0\u1edbc t\u1eeb tr\u01b0\u1eddng l\u1ea1i t\u00edch h\u1ee3p 3 ch\u1ee9c n\u0103ng n\u01b0\u1edbc cho ph\u00e9p b\u1ea1n th\u1ecfa th\u00edch l\u1ef1a ch\u1ecdn lo\u1ea1i n\u01b0\u1edbc ho\u1eb7c pha n\u01b0\u1edbc theo m\u1ee9c nhi\u1ec7t mong mu\u1ed1n:<\/p>\n<p>M\u00e1y l\u1ecdc n\u01b0\u1edbc t\u1eeb tr\u01b0\u1eddng duy nh\u1ea5t c\u00f3 n\u00f3ng &#8211; t\u1eeb tr\u01b0\u1eddng &#8211; l\u1ea1nh<\/p>\n<p>&#8211; N\u01b0\u1edbc n\u00f3ng: N\u1ea5u \u0103n, pha m\u00ec, pha tr\u00e0&#8230; chu\u1ea9n v\u1ecb v\u00e0 gi\u1eef tr\u1ecdn h\u01b0\u01a1ng v\u1ecb.<\/p>\n<p>&#8211; N\u01b0\u1edbc l\u1ea1nh: Gi\u1ea3i kh\u00e1t ng\u00e0y h\u00e8, l\u00e0m \u0111\u00e1 nhanh h\u01a1n&#8230;<\/p>\n<p>&#8211; N\u01b0\u1edbc t\u1eeb tr\u01b0\u1eddng: u\u1ed1ng h\u00e0ng ng\u00e0y.<\/p>\n<p>&#8211; Pha n\u01b0\u1edbc: B\u1ea1n c\u00f3 th\u1ec3 s\u1eed d\u1ee5ng c\u00e1c lo\u1ea1i n\u01b0\u1edbc tr\u00ean \u0111\u1ec3 pha nhi\u1ec7t \u0111\u1ed9 n\u01b0\u1edbc theo nhu c\u1ea7u.<\/p>\n<p>N\u01b0\u1edbc s\u1ea1ch c\u1ea3 ng\u00e0y v\u1edbi c\u00f4ng su\u1ea5t l\u1ecdc 10 l\u00edt\/gi\u1edd<br \/>\nM\u00e1y l\u1ecdc n\u01b0\u1edbc t\u1eeb tr\u01b0\u1eddng X-Guard n\u00f3ng ngu\u1ed9i l\u1ea1nh Makano MKW-36711M v\u1edbi c\u00f4ng su\u1ea5t 10 l\u00edt\/gi\u1edd cung c\u1ea5p \u0111\u1ea7y \u0111\u1ee7 cho nhu c\u1ea7u cho c\u1ea3 gia \u0111\u00ecnh b\u1ea1n.<\/p>\n<p>B\u00ecnh ch\u1ee9a \u0111\u01b0\u1ee3c l\u00e0m t\u1eeb ch\u1ea5t li\u1ec7u cao c\u1ea5p \u0111\u1ea3m b\u1ea3o an to\u00e0n v\u1ec7 sinh th\u1ef1c ph\u1ea9m, kh\u00f4ng \u1ea3nh g\u00e2y \u1ea3nh h\u01b0\u1edfng x\u1ea5u \u0111\u1ebfn ngu\u1ed3n n\u01b0\u1edbc, kh\u00f4ng g\u00e2y h\u1ea1i \u0111\u1ebfn s\u1ee9c kh\u1ecfe ng\u01b0\u1eddi d\u00f9ng.<\/p>\n<p>M\u00e1y l\u1ecdc n\u01b0\u1edbc t\u1eeb tr\u01b0\u1eddng MKW-36711M c\u00f3 t\u1edbi 11 l\u00f5i<br \/>\nL\u1ea7n \u0111\u1ea7u ti\u00ean v\u00e0 duy nh\u1ea5t tr\u00ean th\u1ecb tr\u01b0\u1eddng c\u00f3 d\u00f2ng m\u00e1y l\u1ecdc n\u01b0\u1edbc t\u1eeb tr\u01b0\u1eddng c\u00f3 11 c\u1ea5p, trong \u0111\u00f3 c\u00f3 l\u00f5i x\u1eed l\u00fd n\u01b0\u1edbc t\u1eeb tr\u01b0\u1eddng gi\u00fap \u0111\u00e1p \u1ee9ng ch\u1ee9c n\u0103ng ch\u00ednh:<\/p>\n<p>&nbsp;<\/p>\n<p>1. Cho ra ngu\u1ed3n n\u01b0\u1edbc s\u1ea1ch<br \/>\nMu\u1ed1n n\u01b0\u1edbc t\u1eeb tr\u01b0\u1eddng t\u1ed1t th\u00ec b\u1eaft bu\u1ed9c ph\u1ea3i d\u00f9ng n\u01b0\u1edbc \u0111\u00e3 s\u1ea1ch t\u1ea1o n\u01b0\u1edbc t\u1eeb tr\u01b0\u1eddng. Ch\u00ednh v\u00ec v\u1eady, \u0111\u1ec3 \u0111\u1ea3m b\u1ea3o ngu\u1ed3n n\u01b0\u1edbc \u00f4 nhi\u1ec5m \u0111a d\u1ea1ng \u1edf Vi\u1ec7t Nam \u0111\u1ec1u \u0111\u01b0\u1ee3c l\u1ecdc s\u1ea1ch ho\u00e0n to\u00e0n c\u00e1c ch\u1ea5t \u0111\u1ed9c h\u1ea1i th\u00ec m\u00e1y l\u1ecdc n\u01b0\u1edbc t\u1eeb tr\u01b0\u1eddng X-Guard n\u00f3ng ngu\u1ed9i l\u1ea1nh Makano MKW-36711M \u0111\u01b0\u1ee3c trang b\u1ecb:<\/p>\n<p>&#8211; B\u1ed9 3 l\u00f5i l\u1ecdc th\u00f4 bao g\u1ed3m: L\u00f5i l\u1ecdc PP 10\u2019\u2019 5 micromet, L\u00f5i l\u1ecdc CTO 10&#8243;, L\u00f5i l\u1ecdc PP 10\u2019\u2019 1 micromet \u0111\u1ec3 l\u1ecdc c\u00e1c t\u1ea1p ch\u1ea5t, c\u1eb7n b\u1ea9n cho n\u01b0\u1edbc v\u1ec1 chu\u1ea9n sinh ho\u1ea1t tr\u01b0\u1edbc khi \u0111i qua m\u00e0ng RO, t\u1eeb \u0111\u00f3 c\u0169ng l\u00e0m t\u0103ng tu\u1ed5i th\u1ecd cho m\u00e1y.<\/p>\n<p>&#8211; M\u00e0ng l\u1ecdc RO CSM hi\u1ec7n \u0111\u1ea1i: c\u00f4ng ngh\u1ec7 th\u1ea9m th\u1ea5u ng\u01b0\u1ee3c, lo\u1ea1i b\u1ecf h\u1ea7u h\u1ebft vi khu\u1ea9n, vi r\u00fat, c\u1eb7n b\u1ea9n, c\u00e1c ch\u1ea5t r\u1eafn, kim lo\u1ea1i n\u1eb7ng&#8230;<\/p>\n<p>2. N\u01b0\u1edbc s\u1ea1ch \u0111\u01b0\u1ee3c b\u00f9 th\u00eam kho\u00e1ng t\u1ed1t cho s\u1ee9c kh\u1ecfe<br \/>\nSau khi n\u01b0\u1edbc \u0111\u01b0\u1ee3c l\u1ecdc s\u1ea1ch ho\u00e0n to\u00e0n, n\u01b0\u1edbc s\u1ebd ti\u1ebfp t\u1ee5c \u0111i qua 6 b\u1ed9 l\u00f5i n\u00e2ng c\u1ea5p \u0111\u1ec3 b\u00f9 kho\u00e1ng v\u00e0 ch\u1ed1ng t\u00e1i nhi\u1ec5m khu\u1ea9n cho n\u01b0\u1edbc sau m\u00e0ng RO:<\/p>\n<p>L\u00f5i T33 than ho\u1ea1t t\u00ednh g\u00e1o d\u1eeba Makano<br \/>\nL\u00f5i Alkaline Makano<br \/>\nL\u00f5i kho\u00e1ng \u0111\u00e1 Makano<br \/>\nL\u00f5i kho\u00e1ng t\u1ed5ng h\u1ee3p Makano<br \/>\nL\u00f5i H\u1ed3ng ngo\u1ea1i Makano<br \/>\nL\u00f5i Nano b\u1ea1c Makano<br \/>\n3. N\u01b0\u1edbc s\u1ea1ch \u0111\u01b0\u1ee3c d\u00f9ng \u0111\u1ec3 t\u1ea1o n\u01b0\u1edbc t\u1eeb tr\u01b0\u1eddng mang t\u00e1c d\u1ee5ng k\u1ef3 di\u1ec7u cho s\u1ee9c kh\u1ecfe<br \/>\n\u0110\u1eb7c bi\u1ec7t, si\u00eau ph\u1ea9m n\u00e0y s\u1edf h\u1eefu L\u00f5i t\u1ea1o \u0111i\u1ec7n t\u1eeb tr\u01b0\u1eddng b\u1eb1ng c\u00e1ch cho n\u01b0\u1edbc \u0111i qua nam ch\u00e2m v\u0129nh c\u1eedu \u0111\u01b0\u1ee3c s\u1ea3n xu\u1ea5t b\u1eb1ng c\u00f4ng ngh\u1ec7 \u0111\u1eb7c bi\u1ec7t, c\u00f3 th\u1ec3 k\u00edch ho\u1ea1t v\u00e0 ion h\u00f3a c\u00e1c ph\u00e2n t\u1eed n\u01b0\u1edbc \u0111\u1ec3 thay \u0111\u1ed5i c\u1ea5u tr\u00fac c\u1ee7a n\u00f3 th\u00e0nh h\u00ecnh l\u1ee5c gi\u00e1c. Nh\u1edd v\u1eady, m\u00e1y l\u1ecdc n\u01b0\u1edbc t\u1eeb tr\u01b0\u1eddng X-Guard n\u00f3ng ngu\u1ed9i l\u1ea1nh Makano MKW-36711M t\u1ea1o ra n\u01b0\u1edbc t\u1eeb tr\u01b0\u1eddng, n\u01b0\u1edbc n\u00e0y t\u1ed1t \u0111\u1ebfn n\u1ed7i \u0111\u01b0\u1ee3c v\u00ed nh\u01b0 l\u00e0 n\u01b0\u1edbc k\u1ef3 di\u1ec7u &#8211; n\u01b0\u1edbc c\u00f3 b\u1ea3n ch\u1ea5t g\u1ea7n v\u1edbi tr\u1ea1ng th\u00e1i nguy\u00ean b\u1ea3n c\u1ee7a n\u01b0\u1edbc t\u1ef1 nhi\u00ean \u0111\u01b0\u1ee3c chuy\u1ec3n h\u00f3a b\u1edfi t\u1eeb tr\u01b0\u1eddng do l\u00f5i tr\u00e1i \u0111\u1ea5t t\u1ea1o ra.<\/p>\n<p>L\u00f5i t\u1eeb tr\u01b0\u1eddng<\/p>\n<p>C\u00f4ng ngh\u1ec7 AI b\u1ea3o v\u1ec7 gia \u0111\u00ecnh b\u1ea1n 24\/7<br \/>\nC\u00f4ng ngh\u1ec7 AI 3 ng\u1eaft: B\u1ea3o v\u1ec7 an to\u00e0n khi x\u1ea3y ra s\u1ef1 c\u1ed1<br \/>\n\u0110\u1ec3 \u0111\u1ea3m b\u1ea3o an to\u00e0n trong qu\u00e1 tr\u00ecnh s\u1eed d\u1ee5ng, m\u00e1y trang b\u1ecb h\u1ec7 th\u1ed1ng 3 ng\u1eaft. M\u00e1y s\u1ebd t\u1ef1 \u0111\u1ed9ng ng\u1eaft trong tr\u01b0\u1eddng h\u1ee3p:<\/p>\n<p>Ng\u1eaft \u0111i\u1ec7n khi x\u1ea3y ra s\u1ef1 c\u1ed1<br \/>\nNg\u1eaft n\u01b0\u1edbc khi \u00e1p l\u1ef1c \u0111\u1ea7u v\u00e0o kh\u00f4ng \u0111\u1ee7 v\u00e0 r\u00f2 r\u1ec9 b\u00ean trong<br \/>\nNg\u1eaft n\u01b0\u1edbc khi ch\u1ea5t l\u01b0\u1ee3ng n\u01b0\u1edbc kh\u00f4ng \u0111\u1ea1t chu\u1ea9n<br \/>\nC\u00f4ng ngh\u1ec7 AI th\u00f4ng minh 3 b\u00e1o 3 ng\u1eaft<br \/>\nC\u00f4ng ngh\u1ec7 AI 3 b\u00e1o: gi\u00fap ki\u1ec3m so\u00e1t ch\u1ea5t l\u01b0\u1ee3ng n\u01b0\u1edbc<br \/>\nS\u1edf h\u1eefu si\u00eau ph\u1ea9m m\u00e1y l\u1ecdc n\u01b0\u1edbc t\u1eeb tr\u01b0\u1eddng X-Guard n\u00f3ng ngu\u1ed9i l\u1ea1nh Makano MKW-36711M b\u1ea1n s\u1ebd kh\u00f4ng c\u1ea7n ph\u1ea3i lo l\u1eafng qu\u00ean thay l\u00f5i l\u1ecdc, \u1ea3nh h\u01b0\u1edfng ch\u1ea5t l\u01b0\u1ee3ng ngu\u1ed3n n\u01b0\u1edbc hay kh\u00f4ng bi\u1ebft l\u1ed7i ho\u1ea1t \u0111\u1ed9ng c\u1ee7a m\u00e1y&#8230; b\u1edfi si\u00eau ph\u1ea9m n\u00e0y \u0111\u00e3 c\u00f3 ch\u1ee9c n\u0103ng b\u00e1o t\u1ef1 \u0111\u1ed9ng v\u00f4 c\u00f9ng ti\u1ec7n l\u1ee3i:<\/p>\n<p>B\u00e1o khi c\u00f3 l\u1ed7i ho\u1ea1t \u0111\u1ed9ng c\u1ee7a m\u00e1y<br \/>\nB\u00e1o thay m\u00e0ng RO<br \/>\nB\u00e1o thay l\u00f5i 1,2,3<br \/>\nCh\u1ee9ng nh\u1eadn ki\u1ec3m \u0111\u1ecbnh \u0111\u1ea1t chu\u1ea9n n\u01b0\u1edbc u\u1ed1ng tr\u1ef1c ti\u1ebfp t\u1ea1i v\u00f2i<br \/>\n\u0110\u1ec3 minh ch\u1ee9ng ngu\u1ed3n n\u01b0\u1edbc t\u1eeb tr\u01b0\u1eddng kh\u00f4ng ch\u1ec9 s\u1ea1ch m\u00e0 c\u00f2n v\u00f4 c\u00f9ng t\u1ed1t cho s\u1ee9c kh\u1ecfe ng\u01b0\u1eddi ti\u00eau d\u00f9ng, si\u00eau ph\u1ea9m m\u00e1y l\u1ecdc n\u01b0\u1edbc t\u1eeb tr\u01b0\u1eddng X-Guard n\u00f3ng ngu\u1ed9i l\u1ea1nh Makano MKW-36711M \u0111\u00e3 \u0111\u01b0\u1ee3c c\u00e1c \u0111\u01a1n v\u1ecb th\u1ee9 3 ki\u1ec3m \u0111\u1ecbnh ch\u1ea5t l\u01b0\u1ee3ng v\u00e0 \u0111\u1ea3m b\u1ea3o u\u1ed1ng tr\u1ef1c ti\u1ebfp t\u1ea1i v\u00f2i v\u00e0 an to\u00e0n ph\u1ea7n \u0111i\u1ec7n:<\/p>\n<p>Quy chu\u1ea9n QCVN 01:2009\/BYT: Quy chu\u1ea9n k\u1ef9 thu\u1eadt qu\u1ed1c gia v\u1ec1 ch\u1ea5t l\u01b0\u1ee3ng n\u01b0\u1edbc \u0103n u\u1ed1ng<br \/>\nQCVN 6-1:2010\/BYT: Quy chu\u1ea9n k\u1ef9 thu\u1eadt qu\u1ed1c gia \u0111\u1ed1i v\u1edbi n\u01b0\u1edbc u\u1ed1ng \u0111\u00f3ng chai (u\u1ed1ng tr\u1ef1c ti\u1ebfp). S\u1ea3n ph\u1ea9m \u0111\u01b0\u1ee3c gi\u00e1m s\u00e1t ch\u1ea5t l\u01b0\u1ee3ng b\u1edfi Vi\u1ec7n Y t\u1ebf C\u00f4ng c\u1ed9ng TP.HCM thu\u1ed9c B\u1ed9 Y t\u1ebf, \u0111\u01b0\u1ee3c l\u1ea5y m\u1eabu, \u0111\u1ea3m b\u1ea3o ch\u1ea5t l\u01b0\u1ee3ng tr\u01b0\u1edbc khi \u0111\u01b0a ra th\u1ecb tr\u01b0\u1eddng<br \/>\nTi\u00eau chu\u1ea9n Qu\u1ed1c gia TCVN 11978:2017 v\u1ec1 m\u00e1y l\u1ecdc n\u01b0\u1edbc d\u00f9ng trong gia \u0111\u00ecnh<br \/>\nQuy chu\u1ea9n k\u1ef9 thu\u1eadt Qu\u1ed1c Gia: QCVN 4:2009\/BKHCN v\u00e0 s\u1eeda \u0111\u1ed5i 1:2016 QCVN 4:2009\/BKHCN: Quy chu\u1ea9n k\u1ef9 thu\u1eadt Qu\u1ed1c gia v\u1ec1 an to\u00e0n thi\u1ebft b\u1ecb \u0111i\u1ec7n v\u00e0 \u0111i\u1ec7n t\u1eed<br \/>\nN\u01b0\u1edbc u\u1ed1ng \u0111\u1ea1t chu\u1ea9n cho B\u1ed9 Y T\u1ebf ki\u1ec3m \u0111\u1ecbnh<\/p>\n<p>Thi\u1ebft k\u1ebf si\u00eau sang, m\u1eb7t k\u00ednh 3D cao c\u1ea5p<br \/>\nMKW-36711M \u0111\u01b0\u1ee3c thi\u1ebft k\u1ebf ph\u00f9 h\u1ee3p v\u1edbi m\u1ecdi n\u1ed9i th\u1ea5t trong gia \u0111\u00ecnh, c\u00f9ng m\u1eb7t k\u00ednh 3D in cao c\u1ea5p gi\u00fap s\u1ea3n ph\u1ea9m si\u00eau sang tr\u1ecdng, \u0111\u1ea3m b\u1ea3o b\u1ec1n b\u1ec9 v\u1edbi m\u1ecdi kh\u00ed h\u1eadu \u1edf Vi\u1ec7t Nam.<\/p>\n<p>Ngo\u00e0i ra, si\u00eau ph\u1ea9m c\u00f2n s\u1eed d\u1ee5ng linh ph\u1ee5 ki\u1ec7n cao c\u1ea5p gi\u00fap cho m\u00e1y ho\u1ea1t \u0111\u1ed9ng b\u1ec1n b\u1ec9, t\u1ed1i \u0111a, \u0111\u1ea3m b\u1ea3o an to\u00e0n v\u1edbi s\u1ee9c kh\u1ecfe.<\/p>\n<p>M\u00e1y l\u1ecdc n\u01b0\u1edbc t\u1eeb tr\u01b0\u1eddng X-Guard n\u00f3ng ngu\u1ed9i l\u1ea1nh Makano MKW-36711M \u0111\u01b0\u1ee3c s\u1ea3n xu\u1ea5t tr\u1ef1c ti\u1ebfp t\u1ea1i nh\u00e0 m\u00e1y c\u00f3 c\u00f4ng ngh\u1ec7 s\u1ea3n xu\u1ea5t hi\u1ec7n \u0111\u1ea1i, ti\u00ean ti\u1ebfn v\u00e0 quy m\u00f4 l\u1edbn b\u1eadc nh\u1ea5t \u0110\u00f4ng Nam \u00c1 n\u00ean ng\u01b0\u1eddi ti\u00eau d\u00f9ng c\u00f3 th\u1ec3 ho\u00e0n to\u00e0n y\u00ean t\u00e2m v\u1ec1 ch\u1ea5t l\u01b0\u1ee3ng c\u1ee7a s\u1ea3n ph\u1ea9m.<\/p>\n<p>\u0110\u1ec3 t\u00ecm hi\u1ec3u k\u1ef9 h\u01a1n v\u00e0 \u0111\u01b0\u1ee3c t\u01b0 v\u1ea5n v\u1ec1 m\u00e1y l\u1ecdc n\u01b0\u1edbc t\u1eeb tr\u01b0\u1eddng X-Guard n\u00f3ng ngu\u1ed9i l\u1ea1nh Makano MKW-36711M h\u00e3y li\u00ean h\u1ec7 Hotline 1900 63 60 98 \u0111\u1ec3 \u0111\u01b0\u1ee3c t\u01b0 v\u1ea5n nhanh nh\u1ea5t nh\u00e9.<\/p>\n","protected":false},"excerpt":{"rendered":"<p>Chuy\u1ec3n ho\u00e1 v\u00e0 h\u1ea5p thu n\u01b0\u1edbc \u1edf c\u1ea5p \u0111\u1ed9 t\u1ebf b\u00e0o<br \/>\nC\u00f4ng ngh\u1ec7 A.I 3 ng\u1eaft:<br \/>\n&#8211; Ng\u1eaft \u0111i\u1ec7n khi x\u1ea3y ra s\u1ef1 c\u1ed1,ngu\u1ed3n kh\u00f4ng \u1ed5n \u0111\u1ecbnh<br \/>\n&#8211; Ng\u1eaft n\u01b0\u1edbc khi \u00e1p l\u1ef1c \u0111\u1ea7u v\u00e0o kh\u1ed5ng \u0111\u1ee7 v\u00e0 r\u00f2 r\u1ec9 b\u00ean trong<br \/>\n&#8211; Ng\u1eaft n\u01b0\u1edbc khi ch\u1ea5t l\u01b0\u1ee3ng n\u01b0\u1edbc kh\u00f4ng \u0111\u1ea1t chu\u1ea9n<br \/>\nB\u1ed9 x\u1eed l\u00fd A.I 3 b\u00e1o \u0111i\u1ec1u khi\u1ec3n t\u1ef1 \u0111\u1ed9ng:<br \/>\n-B\u00e1o l\u1ed7i v\u00e0 ho\u1ea1t \u0111\u1ed9ng c\u1ee7a m\u00e1y<br \/>\n-B\u00e1o thay m\u00e0ng RO<br \/>\n-B\u00e1o thay l\u00f5i 1,2,3<\/p>\n","protected":false},"featured_media":0,"comment_status":"open","ping_status":"closed","template":"","meta":[],"product_brand":[],"product_cat":[113],"product_tag":[],"class_list":{"0":"post-29253","1":"product","2":"type-product","3":"status-publish","5":"product_cat-may-loc-nuoc","7":"first","8":"instock","9":"taxable","10":"shipping-taxable","11":"purchasable","12":"product-type-simple"},"_links":{"self":[{"href":"https:\/\/dienmaytuandat.com\/index.php\/wp-json\/wp\/v2\/product\/29253","targetHints":{"allow":["GET"]}}],"collection":[{"href":"https:\/\/dienmaytuandat.com\/index.php\/wp-json\/wp\/v2\/product"}],"about":[{"href":"https:\/\/dienmaytuandat.com\/index.php\/wp-json\/wp\/v2\/types\/product"}],"replies":[{"embeddable":true,"href":"https:\/\/dienmaytuandat.com\/index.php\/wp-json\/wp\/v2\/comments?post=29253"}],"version-history":[{"count":0,"href":"https:\/\/dienmaytuandat.com\/index.php\/wp-json\/wp\/v2\/product\/29253\/revisions"}],"wp:attachment":[{"href":"https:\/\/dienmaytuandat.com\/index.php\/wp-json\/wp\/v2\/media?parent=29253"}],"wp:term":[{"taxonomy":"product_brand","embeddable":true,"href":"https:\/\/dienmaytuandat.com\/index.php\/wp-json\/wp\/v2\/product_brand?post=29253"},{"taxonomy":"product_cat","embeddable":true,"href":"https:\/\/dienmaytuandat.com\/index.php\/wp-json\/wp\/v2\/product_cat?post=29253"},{"taxonomy":"product_tag","embeddable":true,"href":"https:\/\/dienmaytuandat.com\/index.php\/wp-json\/wp\/v2\/product_tag?post=29253"}],"curies":[{"name":"wp","href":"https:\/\/api.w.org\/{rel}","templated":true}]}}