{"id":29271,"date":"2024-07-20T01:37:45","date_gmt":"2024-07-20T01:37:45","guid":{"rendered":"https:\/\/dienmaytuandat.com\/?post_type=product&#038;p=29271"},"modified":"2024-07-20T08:01:13","modified_gmt":"2024-07-20T08:01:13","slug":"may-lanh-panasonic-inverter-1-hp-cu-cs-xu9zkh-8","status":"publish","type":"product","link":"https:\/\/dienmaytuandat.com\/index.php\/san-pham\/may-lanh-panasonic-inverter-1-hp-cu-cs-xu9zkh-8\/","title":{"rendered":"M\u00e1y l\u1ea1nh Panasonic Inverter 1 HP CU\/CS-XU9ZKH-8"},"content":{"rendered":"<p>T\u1ed5ng quan thi\u1ebft k\u1ebf<br \/>\nD\u00e0n l\u1ea1nh<\/p>\n<p>&#8211; M\u00e1y l\u1ea1nh Panasonic c\u00f3 v\u1ebb ngo\u00e0i th\u1eddi th\u01b0\u1ee3ng v\u1edbi t\u00f4ng m\u00e0u tr\u1eafng thu\u1ea7n khi\u1ebft, \u0111\u01b0\u1eddng vi\u1ec1n m\u00e0u b\u1ea1c n\u1ed5i b\u1eadt t\u1ea1o \u0111i\u1ec3m nh\u1ea5n cho t\u1ed5ng th\u1ec3 thi\u1ebft k\u1ebf th\u00eam \u0111\u1eb9p m\u1eaft, sang tr\u1ecdng. Ki\u1ec3u d\u00e1ng h\u00ecnh ch\u1eef nh\u1eadt th\u00edch h\u1ee3p l\u1eafp \u0111\u1eb7t trong kh\u00f4ng gian ph\u00f2ng kh\u00e1ch, ph\u00f2ng ng\u1ee7, ph\u00f2ng l\u00e0m vi\u1ec7c c\u1ee7a b\u1ea1n.<\/p>\n<p>D\u00e0n n\u00f3ng<\/p>\n<p>&#8211; Ki\u1ec3u d\u00e1ng t\u1ed1i gi\u1ea3n, c\u00f3 l\u1edbp v\u1ecf m\u00e1y ch\u1ea5t li\u1ec7u t\u1ed1t cho \u0111\u1ed9 b\u1ec1n cao, r\u1eafn ch\u1eafc, b\u1ea3o v\u1ec7 c\u00e1c chi ti\u1ebft an to\u00e0n kh\u1ecfi t\u00e1c \u0111\u1ed9ng c\u1ee7a c\u00e1c y\u1ebfu t\u1ed1 t\u1eeb m\u00f4i tr\u01b0\u1eddng b\u00ean ngo\u00e0i.<\/p>\n<p>&#8211; Trang b\u1ecb \u1ed1ng d\u1eabn gas b\u1eb1ng \u0111\u1ed3ng, l\u00e1 t\u1ea3n nhi\u1ec7t l\u00e0m t\u1eeb nh\u00f4m d\u1eabn nhi\u1ec7t t\u1ed1t, h\u1ea1n ch\u1ebf \u0103n m\u00f2n, duy tr\u00ec hi\u1ec7u qu\u1ea3 l\u00e0m l\u1ea1nh t\u1ed1i \u01b0u, s\u1eed d\u1ee5ng d\u00e0i l\u00e2u.<\/p>\n<p><img fetchpriority=\"high\" decoding=\"async\" class=\"size-medium wp-image-29272 aligncenter\" src=\"https:\/\/dienmaytuandat.com\/wp-content\/uploads\/2024\/07\/may-lanh-panasonic-inverter-1-hp-cu-cs-xu9zkh-8-190323-115519-400x224.jpg\" alt=\"\" width=\"400\" height=\"224\" \/><\/p>\n<p>C\u00f4ng ngh\u1ec7 l\u00e0m l\u1ea1nh<br \/>\n&#8211; \u0110\u00e1p \u1ee9ng nhu c\u1ea7u l\u00e0m l\u1ea1nh trong ph\u1ea1m vi d\u01b0\u1edbi 15m\u00b2 (t\u1eeb 30 \u0111\u1ebfn 45m\u00b3) v\u1edbi c\u00f4ng su\u1ea5t 1 HP.<\/p>\n<p>&#8211; H\u1ed7 tr\u1ee3 c\u00f4ng ngh\u1ec7 iAuto-X v\u1edbi s\u1ef1 k\u1ebft h\u1ee3p c\u1ee7a c\u00f4ng ngh\u1ec7 P-TECH \u0111\u1ea9y c\u00f4ng su\u1ea5t m\u00e1y n\u00e9n v\u00e0 qu\u1ea1t th\u1ed5i gi\u00f3 l\u00ean cao, cho nhi\u1ec7t \u0111\u1ed9 trong ph\u00f2ng nhanh ch\u00f3ng \u0111\u1ea1t \u0111\u1ebfn m\u1ee9c nhi\u1ec7t b\u1ea1n \u0111\u00e3 thi\u1ebft l\u1eadp trong th\u1eddi gian ng\u1eafn, cho b\u1ea1n c\u1ea3m th\u1ea5y m\u00e1t m\u1ebb t\u1ee9c th\u00ec.<\/p>\n<p><img decoding=\"async\" class=\"size-medium wp-image-29273 aligncenter\" src=\"https:\/\/dienmaytuandat.com\/wp-content\/uploads\/2024\/07\/may-lanh-panasonic-inverter-1-hp-cu-cs-xu9zkh-8-190323-115541-400x224.jpg\" alt=\"\" width=\"400\" height=\"224\" srcset=\"https:\/\/dienmaytuandat.com\/wp-content\/uploads\/2024\/07\/may-lanh-panasonic-inverter-1-hp-cu-cs-xu9zkh-8-190323-115541-400x224.jpg 400w, https:\/\/dienmaytuandat.com\/wp-content\/uploads\/2024\/07\/may-lanh-panasonic-inverter-1-hp-cu-cs-xu9zkh-8-190323-115541-768x429.jpg 768w, https:\/\/dienmaytuandat.com\/wp-content\/uploads\/2024\/07\/may-lanh-panasonic-inverter-1-hp-cu-cs-xu9zkh-8-190323-115541-430x240.jpg 430w, https:\/\/dienmaytuandat.com\/wp-content\/uploads\/2024\/07\/may-lanh-panasonic-inverter-1-hp-cu-cs-xu9zkh-8-190323-115541-700x391.jpg 700w, https:\/\/dienmaytuandat.com\/wp-content\/uploads\/2024\/07\/may-lanh-panasonic-inverter-1-hp-cu-cs-xu9zkh-8-190323-115541-150x84.jpg 150w, https:\/\/dienmaytuandat.com\/wp-content\/uploads\/2024\/07\/may-lanh-panasonic-inverter-1-hp-cu-cs-xu9zkh-8-190323-115541.jpg 1020w\" sizes=\"(max-width: 400px) 100vw, 400px\" \/><\/p>\n<p>C\u01a1 ch\u1ebf th\u1ed5i gi\u00f3<br \/>\n&#8211; Thi\u1ebft b\u1ecb tu\u1ef3 ch\u1ec9nh \u0111i\u1ec1u khi\u1ec3n l\u00ean xu\u1ed1ng tr\u00e1i ph\u1ea3i t\u1ef1 \u0111\u1ed9ng cho kh\u1ea3 n\u0103ng lan t\u1ecfa h\u01a1i l\u1ea1nh \u0111\u1ed3ng \u0111\u1ec1u v\u00e0 r\u1ed9ng kh\u1eafp gian ph\u00f2ng, \u0111\u1ec3 m\u1ecdi ng\u01b0\u1eddi sinh ho\u1ea1t trong kh\u00f4ng gian ph\u00f2ng \u0111\u1ec1u c\u1ea3m th\u1ea5y d\u1ec5 ch\u1ecbu, th\u01b0 th\u00e1i.<\/p>\n<p><img decoding=\"async\" class=\"size-medium wp-image-29274 aligncenter\" src=\"https:\/\/dienmaytuandat.com\/wp-content\/uploads\/2024\/07\/may-lanh-panasonic-inverter-1-hp-cu-cs-xu9zkh-8-190323-115552-400x224.jpg\" alt=\"\" width=\"400\" height=\"224\" \/><\/p>\n<p>&nbsp;<\/p>\n<p>C\u00f4ng ngh\u1ec7 ti\u1ebft ki\u1ec7m \u0111i\u1ec7n<br \/>\n&#8211; C\u00f4ng ngh\u1ec7 Inverter s\u1eed d\u1ee5ng m\u00e1y n\u00e9n bi\u1ebfn t\u1ea7n \u0111i\u1ec1u ch\u1ec9nh v\u00f2ng quay sao cho nhi\u1ec7t \u0111\u1ed9 l\u00e0m l\u1ea1nh \u0111\u01b0\u1ee3c duy tr\u00ec \u1ed5n \u0111\u1ecbnh, ti\u1ebft ki\u1ec7m \u0111i\u1ec7n n\u0103ng, thi\u1ebft b\u1ecb v\u1eadn h\u00e0nh \u00eam \u00e1i, hi\u1ec7u qu\u1ea3.<\/p>\n<p>&#8211; ECO t\u00edch h\u1ee3p AI, c\u00f4ng ngh\u1ec7 t\u1ef1 \u0111\u1ed9ng c\u00e2n ch\u1ec9nh m\u1ee9c gi\u1ea3m c\u00f4ng su\u1ea5t th\u00edch h\u1ee3p t\u1eeb 5% &#8211; 50% v\u00e0 th\u1eddi gian c\u1ea7n l\u00e0m l\u1ea1nh gi\u00fap nhi\u1ec7t \u0111\u1ed9 trong ph\u00f2ng \u1edf m\u1ee9c ph\u00f9 h\u1ee3p nh\u01b0ng gi\u1ea3m ti\u00eau hao \u0111i\u1ec7n n\u0103ng t\u1ed1i \u0111a.<\/p>\n<p>&#8211; M\u00e1y l\u1ea1nh s\u1eed d\u1ee5ng gas R-32 gi\u00fap l\u00e0m s\u1ea1ch s\u00e2u, gi\u1ea3m l\u01b0\u1ee3ng kh\u00ed th\u1ea3i l\u00ean t\u1edbi 75%, h\u1ea1n ch\u1ebf hao ph\u00ed n\u0103ng l\u01b0\u1ee3ng, t\u0103ng c\u01b0\u1eddng b\u1ea3o v\u1ec7 m\u00f4i tr\u01b0\u1eddng s\u1ed1ng.<\/p>\n<p>&#8211; Nh\u00e3n n\u0103ng l\u01b0\u1ee3ng: 5 sao (hi\u1ec7u su\u1ea5t n\u0103ng l\u01b0\u1ee3ng 6.16).<\/p>\n<p><img loading=\"lazy\" decoding=\"async\" class=\"size-medium wp-image-29277 aligncenter\" src=\"https:\/\/dienmaytuandat.com\/wp-content\/uploads\/2024\/07\/may-lanh-panasonic-inverter-1-hp-cu-cs-xu9zkh-8-190323-115821-400x224.jpg\" alt=\"\" width=\"400\" height=\"224\" srcset=\"https:\/\/dienmaytuandat.com\/wp-content\/uploads\/2024\/07\/may-lanh-panasonic-inverter-1-hp-cu-cs-xu9zkh-8-190323-115821-400x224.jpg 400w, https:\/\/dienmaytuandat.com\/wp-content\/uploads\/2024\/07\/may-lanh-panasonic-inverter-1-hp-cu-cs-xu9zkh-8-190323-115821-768x429.jpg 768w, https:\/\/dienmaytuandat.com\/wp-content\/uploads\/2024\/07\/may-lanh-panasonic-inverter-1-hp-cu-cs-xu9zkh-8-190323-115821-430x240.jpg 430w, https:\/\/dienmaytuandat.com\/wp-content\/uploads\/2024\/07\/may-lanh-panasonic-inverter-1-hp-cu-cs-xu9zkh-8-190323-115821-700x391.jpg 700w, https:\/\/dienmaytuandat.com\/wp-content\/uploads\/2024\/07\/may-lanh-panasonic-inverter-1-hp-cu-cs-xu9zkh-8-190323-115821-150x84.jpg 150w, https:\/\/dienmaytuandat.com\/wp-content\/uploads\/2024\/07\/may-lanh-panasonic-inverter-1-hp-cu-cs-xu9zkh-8-190323-115821.jpg 1020w\" sizes=\"(max-width: 400px) 100vw, 400px\" \/><\/p>\n<p>Kh\u1ea3 n\u0103ng l\u1ecdc kh\u00f4ng kh\u00ed<br \/>\n&#8211; C\u00f4ng ngh\u1ec7 Nanoe-G l\u1ecdc s\u1ea1ch b\u1ee5i b\u1ea9n, b\u1ee5i m\u1ecbn PM 2.5, cho kh\u00f4ng gian ph\u00f2ng trong l\u00e0nh h\u01a1n.<\/p>\n<p>&#8211; C\u00f4ng ngh\u1ec7 Nanoe\u2122 X lo\u1ea1i b\u1ecf 5 lo\u1ea1i m\u00f9i h\u00f4i l\u00e0 m\u00f9i \u1ea9m m\u1ed1c, kh\u00f3i thu\u1ed1c, m\u00f9i v\u1eadt nu\u00f4i, th\u1ee9c \u0103n n\u01b0\u1edbng v\u00e0 m\u00f9i m\u1ed3 h\u00f4i, ti\u00eau di\u1ec7t vi khu\u1ea9n, virus, \u0111\u1ea3m b\u1ea3o an to\u00e0n cho s\u1ee9c kh\u1ecfe c\u1ee7a gia \u0111\u00ecnh.<img loading=\"lazy\" decoding=\"async\" class=\"size-medium wp-image-29275 aligncenter\" src=\"https:\/\/dienmaytuandat.com\/wp-content\/uploads\/2024\/07\/may-lanh-panasonic-inverter-1-hp-cu-cs-xu9zkh-8-190323-115702-400x224.jpg\" alt=\"\" width=\"400\" height=\"224\" \/><\/p>\n<p>Panasonic c\u00f9ng t\u1ed5 ch\u1ee9c Texcell \u0111\u00e3 cho k\u1ebft qu\u1ea3 th\u1eed nghi\u1ec7m c\u00f4ng ngh\u1ec7 Nanoe\u2122\ufe0f X c\u00f3 kh\u1ea3 n\u0103ng \u1ee9c ch\u1ebf 91.4% kh\u1ea3 n\u0103ng ho\u1ea1t \u0111\u1ed9ng c\u1ee7a SARS-CoV-2 trong kh\u00f4ng gian k\u00edn 6.7m\u00b3 n\u1ebfu b\u1eadt m\u00e1y l\u1ea1nh trong v\u00f2ng 8 gi\u1edd. Th\u1eed nghi\u1ec7m n\u00e0y \u0111\u01b0\u1ee3c th\u1ef1c hi\u1ec7n trong \u0111i\u1ec1u ki\u1ec7n ph\u00f2ng th\u00ed nghi\u1ec7m k\u00edn, kh\u00f4ng \u0111\u01b0\u1ee3c thi\u1ebft k\u1ebf \u0111\u1ec3 \u0111\u00e1nh gi\u00e1 trong kh\u00f4ng gian s\u1ed1ng kh\u00f4ng \u0111\u01b0\u1ee3c ki\u1ec3m so\u00e1t.<\/p>\n<p>D\u01b0\u1edbi \u0111\u00e2y l\u00e0 k\u1ebft qu\u1ea3 ki\u1ec3m nghi\u1ec7m v\u00e0 gi\u1ea5y ch\u1ee9ng nh\u1eadn c\u00f4ng ngh\u1ec7 Nanoe\u2122\ufe0f X c\u00f3 kh\u1ea3 n\u0103ng \u1ee9c ch\u1ebf vi-r\u00fat Corona trong \u0111i\u1ec1u ki\u1ec7n ph\u00f2ng th\u00ed nghi\u1ec7m.<\/p>\n<p>Ti\u1ec7n \u00edch<br \/>\n&#8211; \u0110i\u1ec1u khi\u1ec3n b\u1eb1ng \u0111i\u1ec7n tho\u1ea1i, c\u00f3 wifi: thi\u1ebft b\u1ecb c\u00f3 th\u1ec3 k\u1ebft n\u1ed1i v\u1edbi \u0111i\u1ec7n tho\u1ea1i qua wifi v\u00e0 t\u00f9y ch\u1ec9nh ch\u1ee9c n\u0103ng m\u00e1y l\u1ea1nh Inverter t\u1eeb xa linh ho\u1ea1t th\u00f4ng qua \u1ee9ng d\u1ee5ng h\u00e3ng cung c\u1ea5p.<\/p>\n<p>&#8211; Ch\u1ebf \u0111\u1ed9 ki\u1ec3m so\u00e1t \u0111\u1ed9 \u1ea9m: cho kh\u00f4ng gian ph\u00f2ng th\u00f4ng tho\u00e1ng, kh\u00f4 r\u00e1o, kh\u00f4ng c\u00f2n t\u00ecnh tr\u1ea1ng \u1ea9m \u01b0\u1edbt kh\u00f3 ch\u1ecbu.<\/p>\n<p>&#8211; V\u1ec7 sinh b\u00ean trong d\u00e0n l\u1ea1nh &#8211; Inside Cleaning: lo\u1ea1i b\u1ecf h\u01a1i \u1ea9m trong d\u00e0n l\u1ea1nh, v\u1ec7 sinh t\u1ef1 \u0111\u1ed9ng, \u0111\u1ea3m b\u1ea3o kh\u1ea3 n\u0103ng l\u00e0m l\u1ea1nh v\u00e0 ho\u1ea1t \u0111\u1ed9ng c\u1ee7a thi\u1ebft b\u1ecb tr\u01a1n tru, hi\u1ec7u qu\u1ea3.<\/p>\n<p>&#8211; Ch\u1ee9c n\u0103ng t\u1ef1 ch\u1ea9n \u0111o\u00e1n l\u1ed7i: ph\u00e1t hi\u1ec7n s\u1ef1 c\u1ed1 \u1edf m\u00e1y l\u1ea1nh nhanh ch\u00f3ng, t\u1eeb \u0111\u00f3 ng\u01b0\u1eddi d\u00f9ng d\u1ec5 d\u00e0ng nh\u1eadn di\u1ec7n, t\u00ecm ki\u1ebfm, kh\u1eafc ph\u1ee5c ph\u00f9 h\u1ee3p, gi\u00fap ti\u1ebft ki\u1ec7m chi ph\u00ed s\u1eeda ch\u1eefa h\u01a1n.<\/p>\n<p>Ngo\u00e0i ra c\u00f2n c\u00f3 c\u00e1c ti\u1ec7n \u00edch kh\u00e1c nh\u01b0: h\u1eb9n gi\u1edd b\u1eadt t\u1eaft m\u00e1y, t\u1ef1 kh\u1edfi \u0111\u1ed9ng l\u1ea1i khi c\u00f3 \u0111i\u1ec7n,&#8230;<img loading=\"lazy\" decoding=\"async\" class=\"alignnone size-medium wp-image-29276\" src=\"https:\/\/dienmaytuandat.com\/wp-content\/uploads\/2024\/07\/may-lanh-panasonic-inverter-1-hp-cu-cs-xu9zkh-8-190323-115813-400x224.jpg\" alt=\"\" width=\"400\" height=\"224\" srcset=\"https:\/\/dienmaytuandat.com\/wp-content\/uploads\/2024\/07\/may-lanh-panasonic-inverter-1-hp-cu-cs-xu9zkh-8-190323-115813-400x224.jpg 400w, https:\/\/dienmaytuandat.com\/wp-content\/uploads\/2024\/07\/may-lanh-panasonic-inverter-1-hp-cu-cs-xu9zkh-8-190323-115813-768x429.jpg 768w, https:\/\/dienmaytuandat.com\/wp-content\/uploads\/2024\/07\/may-lanh-panasonic-inverter-1-hp-cu-cs-xu9zkh-8-190323-115813-430x240.jpg 430w, https:\/\/dienmaytuandat.com\/wp-content\/uploads\/2024\/07\/may-lanh-panasonic-inverter-1-hp-cu-cs-xu9zkh-8-190323-115813-700x391.jpg 700w, https:\/\/dienmaytuandat.com\/wp-content\/uploads\/2024\/07\/may-lanh-panasonic-inverter-1-hp-cu-cs-xu9zkh-8-190323-115813-150x84.jpg 150w, https:\/\/dienmaytuandat.com\/wp-content\/uploads\/2024\/07\/may-lanh-panasonic-inverter-1-hp-cu-cs-xu9zkh-8-190323-115813.jpg 1020w\" sizes=\"(max-width: 400px) 100vw, 400px\" \/><\/p>\n<p>&nbsp;<\/p>\n<p>&nbsp;<\/p>\n<p>&nbsp;<\/p>\n","protected":false},"excerpt":{"rendered":"<ul>\n<li>\u0110\u1eb7c \u0111i\u1ec3m n\u1ed5i b\u1eadt<\/li>\n<li>M\u00e1y l\u1ea1nh Panasonic 1HP, ph\u00f9 h\u1ee3p cho kh\u00f4ng gian d\u01b0\u1edbi 36 m\u00b3<\/li>\n<li>M\u00e1y l\u1ea1nh Inverter ti\u1ebft ki\u1ec7m \u0111i\u1ec7n, m\u00e1y v\u1eadn h\u00e0nh \u00eam \u00e1i v\u00e0 b\u1ec1n b\u1ec9<\/li>\n<li>C\u00f4ng ngh\u1ec7 nanoe X \u1ee9c ch\u1ebf 99% virus, vi khu\u1ea9n, ch\u1ea5t g\u00e2y d\u1ecb \u1ee9ng<\/li>\n<li>C\u00f4ng ngh\u1ec7 nanoe X kh\u1eed m\u00f9i hi\u1ec7u qu\u1ea3, gi\u1eef \u1ea9m t\u1ed1t cho da v\u00e0 t\u00f3c<\/li>\n<li>C\u00f4ng ngh\u1ec7 nanoe G gi\u00fap l\u1ecdc s\u1ea1ch l\u00ean \u0111\u1ebfn 99% b\u1ee5i m\u1ecbn (PM 2.5)<\/li>\n<li>M\u00e1y l\u1ea1nh c\u00f3 k\u1ebft n\u1ed1i Wifi, \u0111i\u1ec1u khi\u1ec3n v\u00e0 theo d\u00f5i qua Smartphone<\/li>\n<li>AI Eco t\u1ef1 \u0111\u1ed9ng \u0111i\u1ec1u ch\u1ec9nh c\u00f4ng su\u1ea5t ph\u00f9 h\u1ee3p m\u00f4i tr\u01b0\u1eddng th\u1ef1c<\/li>\n<li>Humidity Sensor &amp; Dry mode ki\u1ec3m so\u00e1t \u0111\u1ed9 \u1ea9m \u1edf m\u1ee9c t\u1ed1t nh\u1ea5t<\/li>\n<li>\u0110i\u1ec1u h\u00f2a Panasonic c\u00f3 c\u00f4ng ngh\u1ec7 P-TECH gi\u00fap l\u00e0m l\u1ea1nh si\u00eau t\u1ed1c, nhanh h\u01a1n 25%<\/li>\n<\/ul>\n","protected":false},"featured_media":29280,"comment_status":"open","ping_status":"closed","template":"","meta":[],"product_brand":[],"product_cat":[29],"product_tag":[],"class_list":{"0":"post-29271","1":"product","2":"type-product","3":"status-publish","4":"has-post-thumbnail","6":"product_cat-may-lanh","8":"first","9":"instock","10":"taxable","11":"shipping-taxable","12":"purchasable","13":"product-type-variable"},"_links":{"self":[{"href":"https:\/\/dienmaytuandat.com\/index.php\/wp-json\/wp\/v2\/product\/29271","targetHints":{"allow":["GET"]}}],"collection":[{"href":"https:\/\/dienmaytuandat.com\/index.php\/wp-json\/wp\/v2\/product"}],"about":[{"href":"https:\/\/dienmaytuandat.com\/index.php\/wp-json\/wp\/v2\/types\/product"}],"replies":[{"embeddable":true,"href":"https:\/\/dienmaytuandat.com\/index.php\/wp-json\/wp\/v2\/comments?post=29271"}],"version-history":[{"count":0,"href":"https:\/\/dienmaytuandat.com\/index.php\/wp-json\/wp\/v2\/product\/29271\/revisions"}],"wp:featuredmedia":[{"embeddable":true,"href":"https:\/\/dienmaytuandat.com\/index.php\/wp-json\/wp\/v2\/media\/29280"}],"wp:attachment":[{"href":"https:\/\/dienmaytuandat.com\/index.php\/wp-json\/wp\/v2\/media?parent=29271"}],"wp:term":[{"taxonomy":"product_brand","embeddable":true,"href":"https:\/\/dienmaytuandat.com\/index.php\/wp-json\/wp\/v2\/product_brand?post=29271"},{"taxonomy":"product_cat","embeddable":true,"href":"https:\/\/dienmaytuandat.com\/index.php\/wp-json\/wp\/v2\/product_cat?post=29271"},{"taxonomy":"product_tag","embeddable":true,"href":"https:\/\/dienmaytuandat.com\/index.php\/wp-json\/wp\/v2\/product_tag?post=29271"}],"curies":[{"name":"wp","href":"https:\/\/api.w.org\/{rel}","templated":true}]}}