{"id":29308,"date":"2024-07-20T08:13:03","date_gmt":"2024-07-20T08:13:03","guid":{"rendered":"https:\/\/dienmaytuandat.com\/?post_type=product&#038;p=29308"},"modified":"2024-08-30T09:06:19","modified_gmt":"2024-08-30T09:06:19","slug":"micro-khong-day-shure-urx-989plus","status":"publish","type":"product","link":"https:\/\/dienmaytuandat.com\/index.php\/san-pham\/micro-khong-day-shure-urx-989plus\/","title":{"rendered":"Micro Kh\u00f4ng D\u00e2y Shure URX 989Plus"},"content":{"rendered":"<p>Gi\u1edbi Thi\u1ec7u Micro Karaoke Kh\u00f4ng D\u00e2y Shure URX 989Plus<br \/>\nMicro Shure URX 989Plus l\u00e0 chi\u1ebfc micro kh\u00f4ng d\u00e2y thu\u1ed9c ph\u00e2n kh\u00fac t\u1ea7m trung, \u0111\u01b0\u1ee3c \u0111\u00e1nh gi\u00e1 kh\u00e1 \u1ed5n \u0111\u1ecbnh v\u00e0 l\u00e0 b\u1ed9 micro \u0111\u00e1ng \u0111\u1ec3 d\u00f9ng cho h\u1ec7 th\u1ed1ng d\u00e0n karaoke gia \u0111\u00ecnh. Micro kh\u00f4ng d\u00e2y URX 989Plus thu\u1ed9c \u0111\u1eddi sau c\u1ee7a model Micro Shure UK90, s\u1ea3n ph\u1ea9m k\u1ebf th\u1eeba v\u00e0 c\u00f3 nhi\u1ec1u c\u1ea3i ti\u1ebfn v\u1ec1 thi\u1ebft k\u1ebf c\u0169ng nh\u01b0 kh\u1ea3 n\u0103ng thu ph\u00e1t m\u1ea1nh m\u1ebd h\u01a1n. Micro Shure URX 980Plus ra \u0111\u1eddi v\u1edbi nh\u1eefng c\u1ea3i ti\u1ebfn n\u1ed5i tr\u1ed9i h\u01a1n so v\u1edbi c\u00e1c s\u1ea3n ph\u1ea9m tr\u01b0\u1edbc kia \u1edf ph\u1ea7n thi\u1ebft k\u1ebf h\u1ea5p d\u1eabn v\u1edbi h\u1ed9p \u0111\u1ef1ng sang tr\u1ecdng v\u00e0 ch\u1ea5t l\u01b0\u1ee3ng \u00e2m thanh c\u1ea3i thi\u1ec7n r\u1ea5t t\u1ed1t.<\/p>\n<p>\u0110\u1eb7c \u0111i\u1ec3m n\u1ed5i b\u1eadt micro Shure URX 989Plus<br \/>\nTay Micro Shure URX 989Plus \u0111\u01b0\u1ee3c thi\u1ebft k\u1ebf \u0111\u1eb9p, b\u1eaft \u00e2m t\u1ed1t, h\u1ed7 tr\u1ee3 gi\u1ecdng h\u00e1t y\u1ebfu, kh\u00f4ng thu t\u1ea1p \u00e2m,c\u1ee7 micro \u0111\u01b0\u1ee3c thi\u1ebft k\u1ebf chuy\u00ean nghi\u1ec7p theo quy tr\u00ecnh c\u00f4ng ngh\u1ec7 ti\u00ean ti\u1ebfn nh\u1ea5t v\u1ec1 thi\u1ebft b\u1ecb \u00e2m thanh karaoke, ch\u1ea5t \u00e2m thanh \u0111\u1ea7u ra chuy\u00ean nghi\u1ec7p, v\u1edbi thi\u1ebft k\u1ebf \u0111\u1ed9c \u0111\u00e1o, sang tr\u1ecdng nh\u1ea5t, n\u00e2ng cao \u0111\u1eb3ng c\u1ea5p cho ng\u01b0\u1eddi d\u00f9ng<\/p>\n<p>Micro Shure URX 989Plus \u0111\u01b0\u1ee3c l\u00e0m ho\u00e0n to\u00e0n t\u1eeb ch\u1ea5t li\u1ec7u th\u00e9p kh\u00f4ng r\u1ec9, v\u1ebb \u0111\u1eb9p m\u1ec1m m\u1ea1i nh\u1eefng n\u00e9t thi\u1ebft k\u1ebf tinh t\u1ebf t\u1ea1o n\u00ean s\u1ee9c h\u00fat cho s\u1ea3n ph\u1ea9m t\u1eeb nh\u1eefng c\u00e1i nh\u00ecn \u0111\u1ea7u ti\u00ean. Nh\u1eefng \u0111\u00e8n b\u00e1o \u0111\u01b0\u1ee3c trang b\u1ecb tr\u00ean s\u1ea3n ph\u1ea9m hi\u1ec3n th\u1ecb m\u00e0u s\u1eafc r\u1ef1c r\u1ee1, s\u1ed1ng \u0111\u1ed9ng, b\u1eaft m\u1eaft ng\u01b0\u1eddi d\u00f9ng<\/p>\n","protected":false},"excerpt":{"rendered":"<p>\u0110\u1eb7c \u0110i\u1ec3m N\u1ed5i B\u1eadt<\/p>\n<p>\u00f3ng c\u1ed1 \u0111\u1ecbnh: UHF<\/p>\n<p>Model: URX 989Plus<\/p>\n<p>T\u1ea7n s\u1ed1 \u0111\u00e1p \u1ee9ng: 50Hz \u2013 20kHz<\/p>\n<p>T\u1ef7 l\u1ec7 t\u1ea1p \u00e2m: 0.5%<\/p>\n<p>T\u1ef7 l\u1eb9 m\u00e9o ti\u1ebfng: 0.3%<\/p>\n<p>\u0110\u1ed9 nh\u1ea1y: -95dB<\/p>\n<p>Pin AA+: 2 vi\u00ean<\/p>\n<p>Kh\u1ea3 n\u0103ng thu ph\u00e1t l\u00ean \u0111\u1ebfn: 100M<\/p>\n<p>Mic : 2 mic \u2013 2 \u0111\u01b0\u1eddng \u0111i\u1ec1u khi\u1ec3n ri\u00eang<\/p>\n","protected":false},"featured_media":29310,"comment_status":"open","ping_status":"closed","template":"","meta":[],"product_brand":[],"product_cat":[147],"product_tag":[],"class_list":{"0":"post-29308","1":"product","2":"type-product","3":"status-publish","4":"has-post-thumbnail","6":"product_cat-do-gia-dung","8":"first","9":"instock","10":"taxable","11":"shipping-taxable","12":"purchasable","13":"product-type-simple"},"_links":{"self":[{"href":"https:\/\/dienmaytuandat.com\/index.php\/wp-json\/wp\/v2\/product\/29308","targetHints":{"allow":["GET"]}}],"collection":[{"href":"https:\/\/dienmaytuandat.com\/index.php\/wp-json\/wp\/v2\/product"}],"about":[{"href":"https:\/\/dienmaytuandat.com\/index.php\/wp-json\/wp\/v2\/types\/product"}],"replies":[{"embeddable":true,"href":"https:\/\/dienmaytuandat.com\/index.php\/wp-json\/wp\/v2\/comments?post=29308"}],"version-history":[{"count":0,"href":"https:\/\/dienmaytuandat.com\/index.php\/wp-json\/wp\/v2\/product\/29308\/revisions"}],"wp:featuredmedia":[{"embeddable":true,"href":"https:\/\/dienmaytuandat.com\/index.php\/wp-json\/wp\/v2\/media\/29310"}],"wp:attachment":[{"href":"https:\/\/dienmaytuandat.com\/index.php\/wp-json\/wp\/v2\/media?parent=29308"}],"wp:term":[{"taxonomy":"product_brand","embeddable":true,"href":"https:\/\/dienmaytuandat.com\/index.php\/wp-json\/wp\/v2\/product_brand?post=29308"},{"taxonomy":"product_cat","embeddable":true,"href":"https:\/\/dienmaytuandat.com\/index.php\/wp-json\/wp\/v2\/product_cat?post=29308"},{"taxonomy":"product_tag","embeddable":true,"href":"https:\/\/dienmaytuandat.com\/index.php\/wp-json\/wp\/v2\/product_tag?post=29308"}],"curies":[{"name":"wp","href":"https:\/\/api.w.org\/{rel}","templated":true}]}}