{"id":29372,"date":"2024-07-20T10:22:58","date_gmt":"2024-07-20T10:22:58","guid":{"rendered":"https:\/\/dienmaytuandat.com\/?post_type=product&#038;p=29372"},"modified":"2024-08-30T09:04:42","modified_gmt":"2024-08-30T09:04:42","slug":"may-hut-mui-vs-6570s","status":"publish","type":"product","link":"https:\/\/dienmaytuandat.com\/index.php\/san-pham\/may-hut-mui-vs-6570s\/","title":{"rendered":"M\u00c1Y H\u00daT M\u00d9I VS 6570S"},"content":{"rendered":"<p>M\u00e1y h\u00fat m\u00f9i VS 6570S l\u00e0 m\u1ed9t thi\u1ebft b\u1ecb kh\u00f4ng th\u1ec3 thi\u1ebfu trong kh\u00f4ng gian b\u1ebfp hi\u1ec7n \u0111\u1ea1i c\u1ee7a b\u1ea1n. V\u1edbi s\u1ef1 k\u1ebft h\u1ee3p gi\u1eefa hi\u1ec7u su\u1ea5t v\u01b0\u1ee3t tr\u1ed9i v\u00e0 thi\u1ebft k\u1ebf tinh t\u1ebf, m\u00e1y h\u00fat m\u00f9i n\u00e0y mang \u0111\u1ebfn kh\u00f4ng gian n\u1ea5u n\u01b0\u1edbng trong l\u00e0nh v\u00e0 tho\u00e1ng \u0111\u00e3ng.<\/p>\n<p>Thi\u1ebft k\u1ebf k\u00ednh cong c\u1ee7a m\u00e1y h\u00fat m\u00f9i VS 6570S t\u1ea1o n\u00e9t \u0111\u1ed9c \u0111\u00e1o v\u00e0 tinh t\u1ebf cho kh\u00f4ng gian b\u1ebfp c\u1ee7a b\u1ea1n. Th\u00e2n m\u00e1y \u0111\u01b0\u1ee3c l\u00e0m b\u1eb1ng th\u00e9p kh\u00f4ng g\u1ec9 430SS cao c\u1ea5p, mang l\u1ea1i \u0111\u1ed9 b\u1ec1n v\u00e0 \u0111\u1ed9 \u1ed5n \u0111\u1ecbnh trong su\u1ed1t qu\u00e1 tr\u00ecnh s\u1eed d\u1ee5ng. M\u1eb7t k\u00ednh cong 6mm t\u1ea1o n\u00e9t tinh t\u1ebf v\u00e0 sang tr\u1ecdng, c\u00f9ng v\u1edbi n\u1eafp ch\u1ee5p r\u1ed9ng 70\/90cm, gi\u00fap m\u00e1y h\u00fat m\u00f9i bao ph\u1ee7 di\u1ec7n t\u00edch l\u1edbn v\u00e0 \u0111\u1ea3m b\u1ea3o hi\u1ec7u qu\u1ea3 h\u00fat m\u00f9i v\u00e0 d\u1ea7u m\u1ee1.<\/p>\n<p>M\u00e1y h\u00fat m\u00f9i VS 6570S \u0111\u01b0\u1ee3c trang b\u1ecb b\u1ed9 ph\u1eadn l\u01b0\u1edbi l\u1ecdc k\u00e9p Aluminum v\u00e0 m\u00e0ng l\u1ecdc cacbon, gi\u00fap lo\u1ea1i b\u1ecf m\u00f9i h\u00f4i v\u00e0 c\u00e1c ch\u1ea5t g\u00e2y \u00f4 nhi\u1ec5m trong kh\u00f4ng kh\u00ed n\u1ea5u n\u01b0\u1edbng. B\u1ed9 l\u1ecdc than ho\u1ea1t t\u00ednh \u0111\u1ea3m b\u1ea3o kh\u00f4ng kh\u00ed trong kh\u00f4ng gian b\u1ebfp lu\u00f4n t\u01b0\u01a1i m\u1edbi v\u00e0 trong l\u00e0nh.<\/p>\n<p>\u0110\u00e8n Led Lighting 2*1.5W tr\u00ean m\u00e1y h\u00fat m\u00f9i VS 6570S mang \u0111\u1ebfn \u00e1nh s\u00e1ng t\u1ef1 nhi\u00ean v\u00e0 r\u00f5 r\u00e0ng trong qu\u00e1 tr\u00ecnh n\u1ea5u n\u01b0\u1edbng. \u0110i\u1ec1u khi\u1ec3n c\u01a1 \u0111\u01a1n gi\u1ea3n gi\u00fap b\u1ea1n d\u1ec5 d\u00e0ng \u0111i\u1ec1u ch\u1ec9nh ch\u1ebf \u0111\u1ed9 v\u00e0 t\u1ed1c \u0111\u1ed9 h\u00fat m\u00f9i m\u1ed9t c\u00e1ch thu\u1eadn ti\u1ec7n.<\/p>\n<p>M\u00e1y h\u00fat m\u00f9i VS 6570S l\u00e0 s\u1ef1 k\u1ebft h\u1ee3p ho\u00e0n h\u1ea3o gi\u1eefa hi\u1ec7u su\u1ea5t v\u00e0 thi\u1ebft k\u1ebf. V\u1edbi thi\u1ebft k\u1ebf k\u00ednh cong \u0111\u1ed9c \u0111\u00e1o, th\u00e2n l\u00e0m b\u1eb1ng th\u00e9p kh\u00f4ng g\u1ec9 cao c\u1ea5p, \u0111\u1ed9ng c\u01a1 tuabin si\u00eau b\u1ec1n, b\u1ed9 l\u1ecdc k\u00e9p Aluminum v\u00e0 m\u00e0ng l\u1ecdc cacbon, \u0111\u00e8n Led s\u00e1ng r\u00f5 v\u00e0 \u0111i\u1ec1u khi\u1ec3n c\u01a1 \u0111\u01a1n gi\u1ea3n, m\u00e1y h\u00fat m\u00f9i n\u00e0y kh\u00f4ng ch\u1ec9 gi\u00fap l\u00e0m s\u1ea1ch kh\u00f4ng kh\u00ed m\u00e0 c\u00f2n mang \u0111\u1ebfn v\u1ebb \u0111\u1eb9p v\u00e0 s\u1ef1 ho\u00e0n thi\u1ec7n cho kh\u00f4ng gian b\u1ebfp c\u1ee7a b\u1ea1n.<\/p>\n","protected":false},"excerpt":{"rendered":"<p>+ Ngu\u1ed3n \u0111i\u1ec7n 220V\/50Hz,<br \/>\n+ \u0110\u1ed9ng c\u01a1 230W.<br \/>\n+ L\u01b0u l\u01b0\u1ee3ng h\u00fat: 1.000m3\/h<br \/>\n+ \u0110\u1ed9 \u1ed3n &lt; 56dB<br \/>\n+ K\u00edch th\u01b0\u1edbc: 900mm<\/p>\n","protected":false},"featured_media":29373,"comment_status":"open","ping_status":"closed","template":"","meta":[],"product_brand":[],"product_cat":[147],"product_tag":[],"class_list":{"0":"post-29372","1":"product","2":"type-product","3":"status-publish","4":"has-post-thumbnail","6":"product_cat-do-gia-dung","8":"first","9":"instock","10":"taxable","11":"shipping-taxable","12":"purchasable","13":"product-type-simple"},"_links":{"self":[{"href":"https:\/\/dienmaytuandat.com\/index.php\/wp-json\/wp\/v2\/product\/29372","targetHints":{"allow":["GET"]}}],"collection":[{"href":"https:\/\/dienmaytuandat.com\/index.php\/wp-json\/wp\/v2\/product"}],"about":[{"href":"https:\/\/dienmaytuandat.com\/index.php\/wp-json\/wp\/v2\/types\/product"}],"replies":[{"embeddable":true,"href":"https:\/\/dienmaytuandat.com\/index.php\/wp-json\/wp\/v2\/comments?post=29372"}],"version-history":[{"count":0,"href":"https:\/\/dienmaytuandat.com\/index.php\/wp-json\/wp\/v2\/product\/29372\/revisions"}],"wp:featuredmedia":[{"embeddable":true,"href":"https:\/\/dienmaytuandat.com\/index.php\/wp-json\/wp\/v2\/media\/29373"}],"wp:attachment":[{"href":"https:\/\/dienmaytuandat.com\/index.php\/wp-json\/wp\/v2\/media?parent=29372"}],"wp:term":[{"taxonomy":"product_brand","embeddable":true,"href":"https:\/\/dienmaytuandat.com\/index.php\/wp-json\/wp\/v2\/product_brand?post=29372"},{"taxonomy":"product_cat","embeddable":true,"href":"https:\/\/dienmaytuandat.com\/index.php\/wp-json\/wp\/v2\/product_cat?post=29372"},{"taxonomy":"product_tag","embeddable":true,"href":"https:\/\/dienmaytuandat.com\/index.php\/wp-json\/wp\/v2\/product_tag?post=29372"}],"curies":[{"name":"wp","href":"https:\/\/api.w.org\/{rel}","templated":true}]}}