{"id":29386,"date":"2024-07-20T12:50:07","date_gmt":"2024-07-20T12:50:07","guid":{"rendered":"https:\/\/dienmaytuandat.com\/?post_type=product&#038;p=29386"},"modified":"2024-07-20T13:14:40","modified_gmt":"2024-07-20T13:14:40","slug":"may-lanh-sharp-inverter-1-hp-ah-x10zew","status":"publish","type":"product","link":"https:\/\/dienmaytuandat.com\/index.php\/san-pham\/may-lanh-sharp-inverter-1-hp-ah-x10zew\/","title":{"rendered":"M\u00e1y l\u1ea1nh Sharp Inverter 1 HP AH-X10ZEW"},"content":{"rendered":"<p>T\u1ed5ng quan thi\u1ebft k\u1ebf<br \/>\n&#8211; M\u00e1y l\u1ea1nh Sharp n\u00e0y \u0111\u01b0\u1ee3c thi\u1ebft k\u1ebf v\u1edbi t\u00f4ng m\u00e0u tr\u1eafng ch\u1ee7 \u0111\u1ea1o, \u0111\u01b0\u1eddng n\u00e9t thi\u1ebft k\u1ebf c\u1ee9ng c\u00e1p m\u1ea1nh m\u1ebd, ph\u00f9 h\u1ee3p v\u1edbi nhi\u1ec1u kh\u00f4ng gian n\u1ed9i th\u1ea5t kh\u00e1c nhau.<\/p>\n<p>&#8211; Trang b\u1ecb \u1ed1ng d\u1eabn gas b\u1eb1ng \u0111\u1ed3ng c\u00f3 kh\u1ea3 n\u0103ng l\u00e0m l\u1ea1nh nhanh, \u0111\u1ed9 b\u1ec1n cao. D\u00e0n trao \u0111\u1ed5i nhi\u1ec7t \u0111\u01b0\u1ee3c ph\u1ee7 l\u1edbp ch\u1ed1ng \u0103n m\u00f2n BlueFin gi\u00fap m\u00e1y v\u1eadn h\u00e0nh \u1ed5n \u0111\u1ecbnh, g\u00f3p ph\u1ea7n n\u00e2ng cao hi\u1ec7u qu\u1ea3 l\u00e0m l\u1ea1nh.<\/p>\n<p>M\u00e1y l\u1ea1nh Sharp Inverter 1 HP AH-X10ZEW &#8211; Thi\u1ebft k\u1ebf<\/p>\n<p>&nbsp;<\/p>\n<p>C\u00f4ng ngh\u1ec7 l\u00e0m l\u1ea1nh<br \/>\n&#8211; C\u00f4ng su\u1ea5t l\u00e0m l\u1ea1nh 1 HP \u2013 9.000 BTU, cung c\u1ea5p nhi\u1ec7t \u0111\u1ed9 l\u00e0m l\u1ea1nh t\u1ed1i \u01b0u cho kh\u00f4ng gian c\u00f3 di\u1ec7n t\u00edch d\u01b0\u1edbi 15m\u00b2 (t\u1eeb 30 \u0111\u1ebfn 45 m\u00b3).<\/p>\n<p>&#8211; C\u00f4ng ngh\u1ec7 l\u00e0m l\u1ea1nh nhanh Super Jet gi\u00fap l\u00e0m l\u1ea1nh kh\u00f4ng gian, nhi\u1ec7t \u0111\u1ed9 gi\u1ea3m ngay t\u1ee9c th\u00ec 5 \u0111\u1ed9 C ch\u1ec9 trong 5 ph\u00fat, gi\u00fap kh\u00f4ng gian ph\u00f2ng nhanh ch\u00f3ng \u0111\u1ea1t m\u1ee9c nhi\u1ec7t c\u00e0i \u0111\u1eb7t, mang l\u1ea1i c\u1ea3m gi\u00e1c m\u00e1t m\u1ebb v\u00e0 d\u1ec5 ch\u1ecbu.<\/p>\n<p>\u0110i\u1ec1u h\u00f2a Sharp Inverter 9000 BTU AH-X10ZEW &#8211; C\u00f4ng ngh\u1ec7 l\u00e0m l\u1ea1nh nhanh Super Jet<\/p>\n<p>C\u01a1 ch\u1ebf th\u1ed5i gi\u00f3<br \/>\n&#8211; M\u00e1y l\u1ea1nh 1 chi\u1ec1u (ch\u1ec9 l\u00e0m l\u1ea1nh) c\u00f3 kh\u1ea3 h\u1ea3 n\u0103ng \u0111i\u1ec1u ch\u1ec9nh gi\u00f3 t\u00f9y ch\u1ec9nh l\u00ean xu\u1ed1ng gi\u00fap ng\u01b0\u1eddi d\u00f9ng ch\u1ee7 \u0111\u1ed9ng h\u01a1n khi \u0111i\u1ec1u khi\u1ec3n kh\u00ed l\u1ea1nh theo h\u01b0\u1edbng mong mu\u1ed1n.<\/p>\n<p>M\u00e1y l\u1ea1nh Sharp Inverter 1 HP AH-X10ZEW &#8211; C\u01a1 ch\u1ebf th\u1ed5i gi\u00f3<\/p>\n<p>C\u00f4ng ngh\u1ec7 ti\u1ebft ki\u1ec7m \u0111i\u1ec7n<br \/>\n&#8211; C\u00f4ng ngh\u1ec7 J-Tech Inverter cho kh\u1ea3 n\u0103ng ti\u1ebft ki\u1ec7m \u0111i\u1ec7n \u0111\u1ebfn 60% nh\u1edd m\u1ea1ch \u0111i\u1ec7n \u0111\u1ed5i chi\u1ec1u v\u00e0 \u0111i\u1ec1u ch\u1ec9nh nhi\u1ec7t \u0111\u1ed9 b\u1eb1ng c\u00e1ch thay \u0111\u1ed5i c\u1ea5p \u0111\u1ed9 l\u00e0m l\u1ea1nh kh\u00e1c nhau. \u0110\u1ed3ng th\u1eddi m\u00e1y v\u1eadn h\u00e0nh \u00eam \u00e1i, kh\u00f4ng g\u00e2y ti\u1ebfng \u1ed3n \u1ea3nh h\u01b0\u1edfng \u0111\u1ebfn sinh ho\u1ea1t c\u1ee7a c\u1ea3 gia \u0111\u00ecnh.<\/p>\n<p>&#8211; T\u00edch h\u1ee3p ch\u1ebf \u0111\u1ed9 Eco gi\u00fap m\u00e1y ho\u1ea1t \u0111\u1ed9ng v\u1edbi l\u01b0\u1ee3ng \u0111i\u1ec7n n\u0103ng th\u1ea5p nh\u01b0ng v\u1eabn duy tr\u00ec \u0111\u01b0\u1ee3c m\u1ee9c nhi\u1ec7t l\u00fd t\u01b0\u1edfng.<\/p>\n<p>&#8211; Nh\u00e3n n\u0103ng l\u01b0\u1ee3ng 5 sao, hi\u1ec7u su\u1ea5t n\u0103ng l\u01b0\u1ee3ng 4.54.<\/p>\n<p>M\u00e1y l\u1ea1nh Sharp Inverter 1 HP AH-X10ZEW &#8211; C\u00f4ng ngh\u1ec7 ti\u1ebft ki\u1ec7m \u0111i\u1ec7n<\/p>\n<p>Kh\u1ea3 n\u0103ng kh\u00e1ng khu\u1ea9n, kh\u1eed m\u00f9i<br \/>\n&#8211; Trang b\u1ecb l\u01b0\u1edbi l\u1ecdc b\u1ee5i polypropylene gi\u00fap lo\u1ea1i b\u1ecf c\u00e1c t\u00e1c nh\u00e2n g\u00e2y d\u1ecb \u1ee9ng nh\u01b0 ph\u1ea5n hoa, l\u00f4ng th\u00fa, b\u1ee5i b\u1ea9n,\u2026 tr\u1ea3 l\u1ea1i kh\u00f4ng gian trong l\u00e0nh, \u0111\u1ea3m b\u1ea3o an to\u00e0n s\u1ee9c kho\u1ebb cho c\u1ea3 gia \u0111\u00ecnh.<\/p>\n<p>M\u00e1y l\u1ea1nh Sharp Inverter 1 HP AH-X10ZEW &#8211; L\u01b0\u1edbi l\u1ecdc b\u1ee5i polypropylene<\/p>\n<p>Ti\u1ec7n \u00edch<br \/>\n&#8211; Ch\u1ebf \u0111\u1ed9 Breeze (gi\u00f3 t\u1ef1 nhi\u00ean): h\u01a1i l\u1ea1nh \u0111\u01b0\u1ee3c th\u1ed5i ra t\u1eeb \u0111i\u1ec1u ho\u00e0 \u0111\u01b0\u1ee3c m\u00f4 ph\u1ecfng theo l\u00e0n gi\u00f3 trong t\u1ef1 nhi\u00ean, nh\u1eb9 nh\u00e0ng tho\u1ea3i m\u00e1i, mang \u0111\u1ebfn kh\u00f4ng gian m\u00e1t l\u1ea1nh d\u1ec5 ch\u1ecbu.<\/p>\n<p>&#8211; H\u1eb9n gi\u1edd b\u1eadt t\u1eaft m\u00e1y: tr\u00e1nh t\u00ecnh tr\u1ea1ng gi\u1ea5c ng\u1ee7 c\u1ee7a b\u1ea1n b\u1ecb gi\u00e1n \u0111o\u1ea1n, kh\u00f4ng c\u1ea7n t\u1ec9nh gi\u1ea5c n\u1eeda \u0111\u00eam \u0111\u1ec3 \u0111i\u1ec1u ch\u1ec9nh l\u1ea1i m\u1ee9c nhi\u1ec7t \u0111\u1ed9.<\/p>\n<p>&#8211; T\u1ef1 kh\u1edfi \u0111\u1ed9ng l\u1ea1i khi c\u00f3 \u0111i\u1ec7n: m\u00e1y s\u1ebd t\u1ef1 \u0111\u1ed9ng l\u01b0u l\u1ea1i c\u00e0i \u0111\u1eb7t c\u1ee7a b\u1ea1n khi g\u1eb7p s\u1ef1 c\u1ed1 m\u1ea5t \u0111i\u1ec7n, sau \u0111\u00f3 s\u1ebd t\u1ef1 kh\u00f4i ph\u1ee5c l\u1ea1i khi c\u00f3 \u0111i\u1ec7n tr\u1edf l\u1ea1i.<\/p>\n<p>&#8211; Ch\u1ebf \u0111\u1ed9 Baby cho ng\u01b0\u1eddi gi\u00e0, tr\u1ebb nh\u1ecf: ng\u01b0\u1eddi d\u00f9ng kh\u00f4ng c\u00f2n lo l\u1eafng nhi\u1ec7t \u0111\u1ed9 h\u1ea1 th\u1ea5p v\u1ec1 \u0111\u00eam \u1ea3nh h\u01b0\u1edfng \u0111\u1ebfn s\u1ee9c kho\u1ebb v\u00e0 gi\u1ea5c ng\u1ee7, h\u1ea1n ch\u1ebf t\u1ed1i \u0111a ti\u1ebfng \u1ed3n gi\u00fap ng\u1ee7 ngon gi\u1ea5c h\u01a1n.<\/p>\n<p>&#8211; Ch\u1ebf \u0111\u1ed9 ng\u1ee7 \u0111\u00eam Best Sleep: v\u00e0o ban \u0111\u00eam, m\u00e1y l\u1ea1nh s\u1ebd t\u1ef1 \u0111\u1ed9ng t\u0103ng nhi\u1ec7t \u0111\u1ed9 ph\u00f9 h\u1ee3p v\u1edbi th\u00e2n nhi\u1ec7t c\u1ee7a b\u1ea1n trong l\u00fac ng\u1ee7, tr\u00e1nh b\u1ecb c\u1ea3m l\u1ea1nh khi nhi\u1ec7t \u0111\u1ed9 qu\u00e1 th\u1ea5p v\u00e0o \u0111\u00eam, mang \u0111\u1ebfn gi\u1ea5c ng\u1ee7 ngon cho c\u1ea3 gia \u0111\u00ecnh.<\/p>\n<p>&#8211; Th\u1ed5i gi\u00f3 d\u1ec5 ch\u1ecbu (cho tr\u1ebb em, ng\u01b0\u1eddi gi\u00e0): lu\u1ed3ng gi\u00f3 s\u1ebd h\u01b0\u1edbng l\u00ean tr\u1ea7n gi\u00fap nhi\u1ec7t \u0111\u1ed9 c\u0103n ph\u00f2ng \u0111\u01b0\u1ee3c c\u00e2n b\u1eb1ng, tr\u00e1nh l\u00e0m l\u1ea1nh tr\u1ef1c ti\u1ebfp, t\u1ea1o kh\u00f4ng gian l\u1ea1nh tho\u1ea3i m\u00e1i.<\/p>\n","protected":false},"excerpt":{"rendered":"<p>H\u01b0 g\u00ec \u0111\u1ed5i n\u1ea5y 12 th\u00e1ng t\u1eadn nh\u00e0 (mi\u1ec5n ph\u00ed th\u00e1ng \u0111\u1ea7u)<\/p>\n<p>B\u1ea3o h\u00e0nh ch\u00ednh h\u00e3ng m\u00e1y l\u1ea1nh 2 n\u0103m, c\u00f3 ng\u01b0\u1eddi \u0111\u1ebfn t\u1eadn nh\u00e0<\/p>\n<p>Th\u00f9ng m\u00e1y l\u1ea1nh c\u00f3: Remote, Phi\u1ebfu b\u1ea3o h\u00e0nh, Gi\u00e1 \u0111\u1ee1 remote, Pass treo<\/p>\n<p>Ph\u00ed v\u1eadt t\u01b0 c\u00f3 th\u1ec3 ph\u00e1t sinh th\u00eam. Ngo\u00e0i combo \u0111i k\u00e8m<\/p>\n<p>B\u1ea3o h\u00e0nh Remote 3 th\u00e1ng, M\u00e1y n\u00e9n 10 n\u0103m<\/p>\n<p>Lo\u1ea1i Gas: R 32<\/p>\n<p>Ti\u00eau th\u1ee5 \u0111i\u1ec7n: 0.74 kW\/h<\/p>\n<p>Nh\u00e3n n\u0103ng l\u01b0\u1ee3ng: 5 sao (Hi\u1ec7u su\u1ea5t n\u0103ng l\u01b0\u1ee3ng 4.54)<br \/>\nC\u00f4ng ngh\u1ec7 ti\u1ebft ki\u1ec7m \u0111i\u1ec7n: EcoJ-Tech Inverter<br \/>\nL\u1ecdc b\u1ee5i, kh\u00e1ng khu\u1ea9n, kh\u1eed m\u00f9i: L\u01b0\u1edbi l\u1ecdc b\u1ee5i polypropylene<\/p>\n<p>Ch\u1ebf \u0111\u1ed9 gi\u00f3: 3 ch\u1ebf \u0111\u1ed9<\/p>\n<p>Tu\u1ef3 ch\u1ec9nh \u0111i\u1ec1u khi\u1ec3n l\u00ean xu\u1ed1ng<br \/>\nC\u00f4ng ngh\u1ec7 l\u00e0m l\u1ea1nh nhanh: Super Jet<\/p>\n<p>T\u1ef1 kh\u1edfi \u0111\u1ed9ng l\u1ea1i khi c\u00f3 \u0111i\u1ec7n<\/p>\n<p>Ch\u1ebf \u0111\u1ed9 Breeze (gi\u00f3 t\u1ef1 nhi\u00ean)<\/p>\n<p>7 t\u00ednh n\u0103ng b\u1ea3o v\u1ec7 an to\u00e0n, b\u1ec1n b\u1ec9<\/p>\n<p>Th\u1ed5i gi\u00f3 d\u1ec5 ch\u1ecbu (cho tr\u1ebb em, ng\u01b0\u1eddi gi\u00e0)<\/p>\n<p>H\u1eb9n gi\u1edd b\u1eadt t\u1eaft m\u00e1y<\/p>\n<p>Ch\u1ebf \u0111\u1ed9 ng\u1ee7 \u0111\u00eam Best Sleep<\/p>\n<p>Ch\u1ebf \u0111\u1ed9 Baby cho ng\u01b0\u1eddi gi\u00e0, tr\u1ebb nh\u1ecf<\/p>\n<p>Th\u00f4ng s\u1ed1 k\u00edch th\u01b0\u1edbc\/ l\u1eafp \u0111\u1eb7t<\/p>\n<p>K\u00edch th\u01b0\u1edbc &#8211; Kh\u1ed1i l\u01b0\u1ee3ng d\u00e0n l\u1ea1nh:<\/p>\n<p>D\u00e0i 83.8 cm &#8211; Cao 29.4 cm &#8211; D\u00e0y 21.2 cm &#8211; N\u1eb7ng 7 kg<br \/>\nK\u00edch th\u01b0\u1edbc &#8211; Kh\u1ed1i l\u01b0\u1ee3ng d\u00e0n n\u00f3ng:<\/p>\n<p>D\u00e0i 64.3 cm &#8211; Cao 49.5 cm &#8211; D\u00e0y 28.7 cm &#8211; N\u1eb7ng 17 kg<br \/>\nChi\u1ec1u d\u00e0i l\u1eafp \u0111\u1eb7t \u1ed1ng \u0111\u1ed3ng:<br \/>\nT\u1ed1i \u0111a 15m<br \/>\nChi\u1ec1u cao l\u1eafp \u0111\u1eb7t t\u1ed1i \u0111a gi\u1eefa c\u1ee5c n\u00f3ng-l\u1ea1nh: 7m<\/p>\n<p>\u0110i\u1ec7n \u00e1p v\u00e0o: 220 &#8211; 240V<\/p>\n<p>D\u00f2ng \u0111i\u1ec7n ho\u1ea1t \u0111\u1ed9ng: 1 pha<\/p>\n<p>K\u00edch th\u01b0\u1edbc \u1ed1ng \u0111\u1ed3ng: 6\/10<\/p>\n<p>S\u1ed1 l\u01b0\u1ee3ng k\u1ebft n\u1ed1i d\u00e0n l\u1ea1nh t\u1ed1i \u0111a:1<\/p>\n","protected":false},"featured_media":29408,"comment_status":"open","ping_status":"closed","template":"","meta":[],"product_brand":[],"product_cat":[29],"product_tag":[],"class_list":{"0":"post-29386","1":"product","2":"type-product","3":"status-publish","4":"has-post-thumbnail","6":"product_cat-may-lanh","8":"first","9":"instock","10":"taxable","11":"shipping-taxable","12":"purchasable","13":"product-type-variable"},"_links":{"self":[{"href":"https:\/\/dienmaytuandat.com\/index.php\/wp-json\/wp\/v2\/product\/29386","targetHints":{"allow":["GET"]}}],"collection":[{"href":"https:\/\/dienmaytuandat.com\/index.php\/wp-json\/wp\/v2\/product"}],"about":[{"href":"https:\/\/dienmaytuandat.com\/index.php\/wp-json\/wp\/v2\/types\/product"}],"replies":[{"embeddable":true,"href":"https:\/\/dienmaytuandat.com\/index.php\/wp-json\/wp\/v2\/comments?post=29386"}],"version-history":[{"count":0,"href":"https:\/\/dienmaytuandat.com\/index.php\/wp-json\/wp\/v2\/product\/29386\/revisions"}],"wp:featuredmedia":[{"embeddable":true,"href":"https:\/\/dienmaytuandat.com\/index.php\/wp-json\/wp\/v2\/media\/29408"}],"wp:attachment":[{"href":"https:\/\/dienmaytuandat.com\/index.php\/wp-json\/wp\/v2\/media?parent=29386"}],"wp:term":[{"taxonomy":"product_brand","embeddable":true,"href":"https:\/\/dienmaytuandat.com\/index.php\/wp-json\/wp\/v2\/product_brand?post=29386"},{"taxonomy":"product_cat","embeddable":true,"href":"https:\/\/dienmaytuandat.com\/index.php\/wp-json\/wp\/v2\/product_cat?post=29386"},{"taxonomy":"product_tag","embeddable":true,"href":"https:\/\/dienmaytuandat.com\/index.php\/wp-json\/wp\/v2\/product_tag?post=29386"}],"curies":[{"name":"wp","href":"https:\/\/api.w.org\/{rel}","templated":true}]}}