{"id":29411,"date":"2024-07-21T03:38:14","date_gmt":"2024-07-21T03:38:14","guid":{"rendered":"https:\/\/dienmaytuandat.com\/?post_type=product&#038;p=29411"},"modified":"2024-08-30T09:03:22","modified_gmt":"2024-08-30T09:03:22","slug":"micro-khong-day-sh-800g","status":"publish","type":"product","link":"https:\/\/dienmaytuandat.com\/index.php\/san-pham\/micro-khong-day-sh-800g\/","title":{"rendered":"Micro kh\u00f4ng d\u00e2y SH-800G"},"content":{"rendered":"","protected":false},"excerpt":{"rendered":"<p>S\u1eed d\u1ee5ng c\u00f4ng ngh\u1ec7 s\u00f3ng UHF.<br \/>\nTr\u1ecdn b\u1ed9 micro c\u00f3 hai c\u00e2y micro v\u00e0 b\u1ed9 thu s\u00f3ng cho hai micro.<br \/>\nC\u00f3 Volume cho 2 micro ri\u00eang bi\u1ec7t.<br \/>\nS\u00f3ng UHF thay \u0111\u1ed5i<br \/>\nPh\u1ea1m vi b\u01b0\u1edbc s\u00f3ng: 640Hz-800Hz<br \/>\nT\u1ef7 l\u1ec7 t\u1ea1p \u00e2m: 0.5%<br \/>\nD\u1ea3i thu \u00e2m: 25hz-16khz<br \/>\nPin 9V<\/p>\n","protected":false},"featured_media":29417,"comment_status":"open","ping_status":"closed","template":"","meta":[],"product_brand":[],"product_cat":[147],"product_tag":[],"class_list":{"0":"post-29411","1":"product","2":"type-product","3":"status-publish","4":"has-post-thumbnail","6":"product_cat-do-gia-dung","8":"first","9":"instock","10":"taxable","11":"shipping-taxable","12":"purchasable","13":"product-type-simple"},"_links":{"self":[{"href":"https:\/\/dienmaytuandat.com\/index.php\/wp-json\/wp\/v2\/product\/29411","targetHints":{"allow":["GET"]}}],"collection":[{"href":"https:\/\/dienmaytuandat.com\/index.php\/wp-json\/wp\/v2\/product"}],"about":[{"href":"https:\/\/dienmaytuandat.com\/index.php\/wp-json\/wp\/v2\/types\/product"}],"replies":[{"embeddable":true,"href":"https:\/\/dienmaytuandat.com\/index.php\/wp-json\/wp\/v2\/comments?post=29411"}],"version-history":[{"count":0,"href":"https:\/\/dienmaytuandat.com\/index.php\/wp-json\/wp\/v2\/product\/29411\/revisions"}],"wp:featuredmedia":[{"embeddable":true,"href":"https:\/\/dienmaytuandat.com\/index.php\/wp-json\/wp\/v2\/media\/29417"}],"wp:attachment":[{"href":"https:\/\/dienmaytuandat.com\/index.php\/wp-json\/wp\/v2\/media?parent=29411"}],"wp:term":[{"taxonomy":"product_brand","embeddable":true,"href":"https:\/\/dienmaytuandat.com\/index.php\/wp-json\/wp\/v2\/product_brand?post=29411"},{"taxonomy":"product_cat","embeddable":true,"href":"https:\/\/dienmaytuandat.com\/index.php\/wp-json\/wp\/v2\/product_cat?post=29411"},{"taxonomy":"product_tag","embeddable":true,"href":"https:\/\/dienmaytuandat.com\/index.php\/wp-json\/wp\/v2\/product_tag?post=29411"}],"curies":[{"name":"wp","href":"https:\/\/api.w.org\/{rel}","templated":true}]}}