{"id":29421,"date":"2024-07-21T04:03:55","date_gmt":"2024-07-21T04:03:55","guid":{"rendered":"https:\/\/dienmaytuandat.com\/?post_type=product&#038;p=29421"},"modified":"2024-08-30T09:02:16","modified_gmt":"2024-08-30T09:02:16","slug":"bep-am-dien-tu-doi-vs-868","status":"publish","type":"product","link":"https:\/\/dienmaytuandat.com\/index.php\/san-pham\/bep-am-dien-tu-doi-vs-868\/","title":{"rendered":"B\u1ebeP \u00c2M \u0110I\u1ec6N T\u1eea \u0110\u00d4I VS 868"},"content":{"rendered":"<p>B\u1ebfp \u00e2m \u0111i\u1ec7n t\u1eeb \u0111\u00f4i Vanessa VS 868 \u2013 S\u1ef1 k\u1ebft h\u1ee3p ho\u00e0n h\u1ea3o gi\u1eefa hi\u1ec7u su\u1ea5t v\u00e0 ti\u1ec7n \u00edch<br \/>\nB\u1ebfp \u00e2m \u0111i\u1ec7n t\u1eeb \u0111\u00f4i Vanessa VS 868 l\u00e0 m\u1ed9t s\u1ea3n ph\u1ea9m \u0111\u00e1ng ch\u00fa \u00fd trong l\u0129nh v\u1ef1c n\u1ea5u n\u01b0\u1edbng hi\u1ec7n \u0111\u1ea1i. V\u1edbi nh\u1eefng t\u00ednh n\u0103ng v\u01b0\u1ee3t tr\u1ed9i v\u00e0 thi\u1ebft k\u1ebf tinh t\u1ebf, \u0111\u00e2y l\u00e0 m\u1ed9t l\u1ef1a ch\u1ecdn l\u00fd t\u01b0\u1edfng cho nh\u1eefng ng\u01b0\u1eddi y\u00eau th\u00edch n\u1ea5u \u0103n v\u00e0 mong mu\u1ed1n tr\u1ea3i nghi\u1ec7m m\u1ed9t kh\u00f4ng gian b\u1ebfp ti\u1ec7n nghi v\u00e0 hi\u1ec7n \u0111\u1ea1i. D\u01b0\u1edbi \u0111\u00e2y l\u00e0 nh\u1eefng \u0111\u1eb7c \u0111i\u1ec3m n\u1ed5i b\u1eadt c\u1ee7a b\u1ebfp \u00e2m \u0111i\u1ec7n t\u1eeb \u0111\u00f4i Vanessa VS 868:<br \/>\nbep-tu-vanessa-868-3<br \/>\nHi\u1ec7u su\u1ea5t m\u1ea1nh m\u1ebd v\u00e0 t\u1ed1c \u0111\u1ed9 n\u1ea5u nhanh:<br \/>\nB\u1ebfp \u00e2m \u0111i\u1ec7n t\u1eeb Vanessa VS 868 ho\u1ea1t \u0111\u1ed9ng v\u1edbi ngu\u1ed3n \u0111i\u1ec7n 220V-50Hz v\u00e0 c\u00f4ng su\u1ea5t th\u1ef1c l\u00ean \u0111\u1ebfn 2800W+2800W. V\u1edbi ch\u1ee9c n\u0103ng n\u1ea5u nhanh (Booster) c\u00f3 c\u00f4ng su\u1ea5t l\u00ean t\u1edbi 3200W, b\u1ea1n c\u00f3 th\u1ec3 n\u1ea5u n\u01b0\u1edbng nhanh ch\u00f3ng v\u00e0 hi\u1ec7u qu\u1ea3 h\u01a1n bao gi\u1edd h\u1ebft.<br \/>\nThi\u1ebft k\u1ebf sang tr\u1ecdng v\u00e0 \u0111\u1eb3ng c\u1ea5p:<br \/>\nB\u1ebfp \u00e2m \u0111i\u1ec7n t\u1eeb Vanessa VS 868 c\u00f3 m\u1eb7t k\u00ednh in Mirror grey (in g\u01b0\u01a1ng) v\u1edbi v\u00e1t 4 c\u1ea1nh, mang l\u1ea1i v\u1ebb \u0111\u1eb9p sang tr\u1ecdng v\u00e0 \u0111\u1eb3ng c\u1ea5p cho kh\u00f4ng gian b\u1ebfp c\u1ee7a b\u1ea1n. Thi\u1ebft k\u1ebf n\u00e0y t\u1ea1o \u0111i\u1ec3m nh\u1ea5n v\u1ec1 s\u1ef1 tinh t\u1ebf v\u00e0 hi\u1ec7n \u0111\u1ea1i, l\u00e0m t\u0103ng th\u00eam gi\u00e1 tr\u1ecb th\u1ea9m m\u1ef9 cho c\u0103n b\u1ebfp c\u1ee7a b\u1ea1n.<br \/>\nB\u00e0n ph\u00edm \u0111i\u1ec1u khi\u1ec3n c\u1ea3m \u1ee9ng th\u00f4ng minh:<br \/>\nVanessa VS 868 \u0111\u01b0\u1ee3c trang b\u1ecb b\u00e0n ph\u00edm \u0111i\u1ec1u khi\u1ec3n c\u1ea3m \u1ee9ng d\u1ea1ng tr\u01b0\u1ee3t Slide v\u1edbi 8 m\u1ee9c c\u00f4ng su\u1ea5t kh\u00e1c nhau. Vi\u1ec7c \u0111i\u1ec1u ch\u1ec9nh nhi\u1ec7t \u0111\u1ed9 n\u1ea5u v\u00e0 th\u1eddi gian n\u1ea5u tr\u1edf n\u00ean d\u1ec5 d\u00e0ng v\u00e0 linh ho\u1ea1t h\u01a1n bao gi\u1edd h\u1ebft. B\u1ea1n c\u00f3 th\u1ec3 t\u00f9y ch\u1ec9nh c\u00f4ng su\u1ea5t cho t\u1eebng v\u00f9ng n\u1ea5u m\u1ed9t c\u00e1ch d\u1ec5 d\u00e0ng \u0111\u1ec3 ch\u1ebf bi\u1ebfn c\u00e1c m\u00f3n \u0103n m\u1ed9t c\u00e1ch ch\u00ednh x\u00e1c.<br \/>\nB\u1ebfp t\u1eeb vanessa 868<br \/>\nbep-tu-vanessa-868-2-1<br \/>\nCh\u1ee9c n\u0103ng gi\u1eef \u1ea5m v\u00e0 c\u00f4ng ngh\u1ec7 xanh:<br \/>\nVanessa VS 868 c\u00f3 ch\u1ee9c n\u0103ng gi\u1eef \u1ea5m (Warm function), gi\u00fap duy tr\u00ec nhi\u1ec7t \u0111\u1ed9 l\u00fd t\u01b0\u1edfng cho c\u00e1c m\u00f3n \u0103n \u0111\u00e3 n\u1ea5u v\u00e0 s\u1eb5n s\u00e0ng \u0111\u1ec3 th\u01b0\u1edfng th\u1ee9c. S\u1ea3n ph\u1ea9m c\u0169ng \u00e1p d\u1ee5ng c\u00f4ng ngh\u1ec7 xanh \u201cC\u00f4ng ngh\u1ec7 ECOgreen\u201d, gi\u00fap ti\u1ebft ki\u1ec7m n\u0103ng l\u01b0\u1ee3ng v\u00e0 b\u1ea3o v\u1ec7 m\u00f4i tr\u01b0\u1eddng.<br \/>\nTi\u1ec7n \u00edch v\u00e0 an to\u00e0n t\u1ed1i \u0111a:<br \/>\nS\u1ea3n ph\u1ea9m \u0111\u01b0\u1ee3c trang b\u1ecb c\u00e1c t\u00ednh n\u0103ng ti\u1ec7n \u00edch v\u00e0 an to\u00e0n \u0111\u1ec3 \u0111\u1ea3m b\u1ea3o tr\u1ea3i nghi\u1ec7m n\u1ea5u n\u01b0\u1edbng t\u1ed1t nh\u1ea5t. H\u1eb9n gi\u1edd \u0111\u1ed9c l\u1eadp cho t\u1eebng v\u00f9ng n\u1ea5u v\u1edbi th\u1eddi gian h\u1eb9n l\u00ean \u0111\u1ebfn 4 gi\u1edd, gi\u00fap b\u1ea1n d\u1ec5 d\u00e0ng qu\u1ea3n l\u00fd qu\u00e1 tr\u00ecnh n\u1ea5u n\u01b0\u1edbng. Ch\u1ee9c n\u0103ng kh\u00f3a tr\u1ebb em gi\u00fap \u0111\u1ea3m b\u1ea3o an to\u00e0n cho tr\u1ebb nh\u1ecf. C\u1ea3nh b\u00e1o nhi\u1ec7t d\u01b0 cho t\u1eebng khu v\u1ef1c n\u1ea5u \u0103n v\u00e0 ch\u1ee9c n\u0103ng ch\u1ed1ng tr\u00e0n (tr\u00e0n b\u1ea3o v\u1ec7) \u0111\u1ea3m b\u1ea3o an to\u00e0n t\u1ed1i \u0111a trong qu\u00e1 tr\u00ecnh n\u1ea5u \u0103n. B\u1ebfp c\u0169ng \u0111\u01b0\u1ee3c trang b\u1ecb ch\u1ee9c n\u0103ng t\u1ef1 \u0111\u1ed9ng ng\u1eaft khi kh\u00f4ng c\u00f3 n\u1ed3i ho\u1eb7c khi qu\u00e1 n\u00f3ng, \u0111\u1ea3m b\u1ea3o an to\u00e0n cho b\u1ea1n v\u00e0 gia \u0111\u00ecnh.<br \/>\n\u0110\u1ed9 b\u1ec1n v\u00e0 ch\u1ea5t l\u01b0\u1ee3ng cao:<br \/>\nB\u1ebfp \u00e2m \u0111i\u1ec7n t\u1eeb Vanessa VS 868 \u0111\u01b0\u1ee3c trang b\u1ecb IGBT c\u1ee7a Siemens 20A v\u00e0 nh\u1eadp kh\u1ea9u chip IC, \u0111\u1ea3m b\u1ea3o hi\u1ec7u su\u1ea5t \u1ed5n \u0111\u1ecbnh v\u00e0 \u0111\u1ed9 tin c\u1eady cao. Cu\u1ed9n d\u00e2y \u0111\u1ed3ng nguy\u00ean ch\u1ea5t v\u00e0 d\u00e2y c\u1eafm c\u00f3 l\u00f5i b\u1eb1ng \u0111\u1ed3ng tinh khi\u1ebft v\u1edbi k\u00edch th\u01b0\u1edbc 3 * 4.0 * 1.70 M \u0111\u1ea3m b\u1ea3o \u0111\u1ed9 b\u1ec1n v\u00e0 s\u1ef1 \u1ed5n \u0111\u1ecbnh trong qu\u00e1 tr\u00ecnh s\u1eed d\u1ee5ng.<br \/>\nphoi-canh-VS-868-534&#215;400<br \/>\nV\u1edbi k\u00edch th\u01b0\u1edbc b\u1ebfp 730 * 430 mm v\u00e0 k\u00edch th\u01b0\u1edbc kho\u00e9t \u0111\u00e1 670 * 385mm, b\u1ebfp \u00e2m \u0111i\u1ec7n t\u1eeb Vanessa VS 868 d\u1ec5 d\u00e0ng \u0111i\u1ec1u ch\u1ec9nh v\u00e0 l\u1eafp \u0111\u1eb7t trong nhi\u1ec1u kh\u00f4ng gian b\u1ebfp kh\u00e1c nhau. S\u1ea3n ph\u1ea9m n\u00e0y \u0111\u01b0\u1ee3c t\u1ea1o ra v\u1edbi s\u1ef1 ch\u00fa tr\u1ecdng \u0111\u1ebfn c\u1ea3 hi\u1ec7u su\u1ea5t v\u00e0 ti\u1ec7n \u00edch, t\u1ea1o ra tr\u1ea3i nghi\u1ec7m n\u1ea5u n\u01b0\u1edbng tuy\u1ec7t v\u1eddi cho b\u1ea1n v\u00e0 gia \u0111\u00ecnh.<br \/>\nB\u1ebfp \u00e2m \u0111i\u1ec7n t\u1eeb \u0111\u00f4i Vanessa VS 868 k\u1ebft h\u1ee3p gi\u1eefa hi\u1ec7u su\u1ea5t m\u1ea1nh m\u1ebd v\u00e0 t\u00ednh n\u0103ng th\u00f4ng minh \u0111\u1ec3 mang \u0111\u1ebfn s\u1ef1 ti\u1ec7n \u00edch v\u00e0 tr\u1ea3i nghi\u1ec7m n\u1ea5u n\u01b0\u1edbng tuy\u1ec7t v\u1eddi. V\u1edbi thi\u1ebft k\u1ebf sang tr\u1ecdng, t\u00ednh n\u0103ng an to\u00e0n v\u00e0 \u0111\u1ed9 b\u1ec1n cao, s\u1ea3n ph\u1ea9m n\u00e0y s\u1ebd l\u00e0 m\u1ed9t tr\u1ee3 th\u1ee7 \u0111\u00e1ng tin c\u1eady trong vi\u1ec7c ch\u1ebf bi\u1ebfn c\u00e1c m\u00f3n \u0103n ngon v\u00e0 t\u1ea1o ra nh\u1eefng b\u1eefa \u0103n \u0111a d\u1ea1ng v\u00e0 th\u00fa v\u1ecb cho gia \u0111\u00ecnh.<\/p>\n","protected":false},"excerpt":{"rendered":"<p>+ Ngu\u1ed3n \u0111i\u1ec7n: 220V-50Hz<\/p>\n<p>+ C\u00f4ng su\u1ea5t lo\u1ea1i 1: 2000W+2200W (BOOSTER 2600W+2800W)<\/p>\n<p>+ C\u00f4ng su\u1ea5t lo\u1ea1i 2: 2800W+2800W (BOOSTER 3200W+3200W)<\/p>\n<p>+ Ch\u1ee9c n\u0103ng n\u1ea5u nhanh (Booster): 3.200W<\/p>\n<p>+ K\u00edch th\u01b0\u1edbc b\u1ebfp: 730 * 430 mm<\/p>\n<p>+ K\u00edch th\u01b0\u1edbc kho\u00e9t \u0111\u00e1: 670 * 385mm<\/p>\n","protected":false},"featured_media":29422,"comment_status":"open","ping_status":"closed","template":"","meta":[],"product_brand":[],"product_cat":[147],"product_tag":[],"class_list":{"0":"post-29421","1":"product","2":"type-product","3":"status-publish","4":"has-post-thumbnail","6":"product_cat-do-gia-dung","8":"first","9":"instock","10":"taxable","11":"shipping-taxable","12":"purchasable","13":"product-type-simple"},"_links":{"self":[{"href":"https:\/\/dienmaytuandat.com\/index.php\/wp-json\/wp\/v2\/product\/29421","targetHints":{"allow":["GET"]}}],"collection":[{"href":"https:\/\/dienmaytuandat.com\/index.php\/wp-json\/wp\/v2\/product"}],"about":[{"href":"https:\/\/dienmaytuandat.com\/index.php\/wp-json\/wp\/v2\/types\/product"}],"replies":[{"embeddable":true,"href":"https:\/\/dienmaytuandat.com\/index.php\/wp-json\/wp\/v2\/comments?post=29421"}],"version-history":[{"count":0,"href":"https:\/\/dienmaytuandat.com\/index.php\/wp-json\/wp\/v2\/product\/29421\/revisions"}],"wp:featuredmedia":[{"embeddable":true,"href":"https:\/\/dienmaytuandat.com\/index.php\/wp-json\/wp\/v2\/media\/29422"}],"wp:attachment":[{"href":"https:\/\/dienmaytuandat.com\/index.php\/wp-json\/wp\/v2\/media?parent=29421"}],"wp:term":[{"taxonomy":"product_brand","embeddable":true,"href":"https:\/\/dienmaytuandat.com\/index.php\/wp-json\/wp\/v2\/product_brand?post=29421"},{"taxonomy":"product_cat","embeddable":true,"href":"https:\/\/dienmaytuandat.com\/index.php\/wp-json\/wp\/v2\/product_cat?post=29421"},{"taxonomy":"product_tag","embeddable":true,"href":"https:\/\/dienmaytuandat.com\/index.php\/wp-json\/wp\/v2\/product_tag?post=29421"}],"curies":[{"name":"wp","href":"https:\/\/api.w.org\/{rel}","templated":true}]}}