{"id":29489,"date":"2024-07-21T08:50:32","date_gmt":"2024-07-21T08:50:32","guid":{"rendered":"https:\/\/dienmaytuandat.com\/?post_type=product&#038;p=29489"},"modified":"2024-08-30T08:54:45","modified_gmt":"2024-08-30T08:54:45","slug":"may-hut-mui-vs-6670g","status":"publish","type":"product","link":"https:\/\/dienmaytuandat.com\/index.php\/san-pham\/may-hut-mui-vs-6670g\/","title":{"rendered":"M\u00c1Y H\u00daT M\u00d9I VS 6670G"},"content":{"rendered":"<p>M\u00c1Y H\u00daT M\u00d9I VS 6670G: K\u1ebft h\u1ee3p hi\u1ec7u su\u1ea5t v\u00e0 th\u1ea9m m\u1ef9 cho kh\u00f4ng gian b\u1ebfp<br \/>\nM\u00e1y h\u00fat m\u00f9i VS 6670G l\u00e0 m\u1ed9t gi\u1ea3i ph\u00e1p ho\u00e0n h\u1ea3o cho kh\u00f4ng gian b\u1ebfp c\u1ee7a b\u1ea1n, k\u1ebft h\u1ee3p gi\u1eefa hi\u1ec7u su\u1ea5t v\u01b0\u1ee3t tr\u1ed9i v\u00e0 thi\u1ebft k\u1ebf th\u1ea9m m\u1ef9.<\/p>\n<p>Thi\u1ebft k\u1ebf k\u00ednh cong \u0111\u1ed9c \u0111\u00e1o c\u1ee7a m\u00e1y h\u00fat m\u00f9i VS 6670G mang l\u1ea1i s\u1ef1 sang tr\u1ecdng v\u00e0 tinh t\u1ebf cho kh\u00f4ng gian b\u1ebfp c\u1ee7a b\u1ea1n. Th\u00e2n m\u00e1y \u0111\u01b0\u1ee3c s\u01a1n inox cao c\u1ea5p, t\u1ea1o ra v\u1ebb ngo\u00e0i b\u1ec1n b\u1ec9 v\u00e0 \u0111\u1eb3ng c\u1ea5p. M\u1eb7t k\u00ednh cong 6mm t\u1ea1o \u0111i\u1ec3m nh\u1ea5n th\u1ea9m m\u1ef9 v\u00e0 t\u1ea1o c\u1ea3m gi\u00e1c hi\u1ec7n \u0111\u1ea1i cho m\u00e1y h\u00fat m\u00f9i. N\u1eafp ch\u1ee5p r\u1ed9ng 70\/90cm gi\u00fap bao ph\u1ee7 m\u1ed9t di\u1ec7n t\u00edch l\u1edbn, \u0111\u1ea3m b\u1ea3o hi\u1ec7u qu\u1ea3 h\u00fat m\u00f9i v\u00e0 d\u1ea7u m\u1ee1 trong kh\u00f4ng gian b\u1ebfp.<\/p>\n<p>B\u1ed9 ph\u1eadn l\u01b0\u1edbi l\u1ecdc k\u00e9p Aluminum vi\u1ec1n b\u1eb1ng inox v\u00e0 m\u00e0ng l\u1ecdc cacbon l\u00e0m vi\u1ec7c k\u1ebft h\u1ee3p \u0111\u1ec3 lo\u1ea1i b\u1ecf m\u00f9i h\u00f4i v\u00e0 c\u00e1c ch\u1ea5t g\u00e2y \u00f4 nhi\u1ec5m trong kh\u00f4ng kh\u00ed n\u1ea5u n\u01b0\u1edbng. B\u1ed9 l\u1ecdc than ho\u1ea1t t\u00ednh \u0111\u1ea3m b\u1ea3o kh\u00f4ng kh\u00ed trong kh\u00f4ng gian b\u1ebfp lu\u00f4n t\u01b0\u01a1i m\u00e1t v\u00e0 trong l\u00e0nh.<\/p>\n<p>\u0110\u00e8n Led Lighting 2*1.5W tr\u00ean m\u00e1y h\u00fat m\u00f9i VS 6670G cung c\u1ea5p \u00e1nh s\u00e1ng s\u00e1ng r\u00f5, t\u1ea1o \u0111i\u1ec3m nh\u1ea5n th\u1ea9m m\u1ef9 v\u00e0 l\u00e0m s\u00e1ng kh\u00f4ng gian n\u1ea5u n\u01b0\u1edbng. \u0110i\u1ec1u khi\u1ec3n c\u1ea3m \u1ee9ng gi\u00fap b\u1ea1n d\u1ec5 d\u00e0ng \u0111i\u1ec1u ch\u1ec9nh c\u00e1c ch\u1ebf \u0111\u1ed9 v\u00e0 c\u00f4ng su\u1ea5t h\u00fat ch\u1ec9 b\u1eb1ng m\u1ed9t ch\u1ea1m nh\u1eb9.<\/p>\n<p>T\u00f3m l\u1ea1i, m\u00e1y h\u00fat m\u00f9i VS 6670G l\u00e0 s\u1ef1 k\u1ebft h\u1ee3p ho\u00e0n h\u1ea3o gi\u1eefa hi\u1ec7u su\u1ea5t v\u00e0 th\u1ea9m m\u1ef9 cho kh\u00f4ng gian b\u1ebfp c\u1ee7a b\u1ea1n. V\u1edbi thi\u1ebft k\u1ebf k\u00ednh cong \u0111\u1ed9c \u0111\u00e1o, th\u00e2n s\u01a1n inox cao c\u1ea5p, \u0111\u1ed9ng c\u01a1 tuabin si\u00eau b\u1ec1n, b\u1ed9 l\u1ecdc k\u00e9p Aluminum vi\u1ec1n inox v\u00e0 m\u00e0ng l\u1ecdc cacbon, \u0111\u00e8n Led s\u00e1ng r\u00f5 v\u00e0 \u0111i\u1ec1u khi\u1ec3n c\u1ea3m \u1ee9ng ti\u1ec7n l\u1ee3i, m\u00e1y h\u00fat m\u00f9i n\u00e0y s\u1ebd l\u00e0m s\u1ea1ch kh\u00f4ng kh\u00ed v\u00e0 t\u1ea1o \u0111i\u1ec3m nh\u1ea5n th\u1ea9m m\u1ef9 cho kh\u00f4ng gian b\u1ebfp c\u1ee7a b\u1ea1n.<\/p>\n<p>&nbsp;<\/p>\n","protected":false},"excerpt":{"rendered":"<p>+ Ngu\u1ed3n \u0111i\u1ec7n: 220V\/50Hz<br \/>\n+ \u0110\u1ed9ng c\u01a1: 225W<br \/>\n+ L\u01b0u l\u01b0\u1ee3ng h\u00fat: 1.000m3\/h<br \/>\n+ \u0110\u1ed9 \u1ed3n &lt; 56dB<br \/>\n+ K\u00edch th\u01b0\u1edbc: 700mm<\/p>\n","protected":false},"featured_media":29490,"comment_status":"open","ping_status":"closed","template":"","meta":[],"product_brand":[],"product_cat":[147],"product_tag":[],"class_list":{"0":"post-29489","1":"product","2":"type-product","3":"status-publish","4":"has-post-thumbnail","6":"product_cat-do-gia-dung","8":"first","9":"instock","10":"taxable","11":"shipping-taxable","12":"purchasable","13":"product-type-simple"},"_links":{"self":[{"href":"https:\/\/dienmaytuandat.com\/index.php\/wp-json\/wp\/v2\/product\/29489","targetHints":{"allow":["GET"]}}],"collection":[{"href":"https:\/\/dienmaytuandat.com\/index.php\/wp-json\/wp\/v2\/product"}],"about":[{"href":"https:\/\/dienmaytuandat.com\/index.php\/wp-json\/wp\/v2\/types\/product"}],"replies":[{"embeddable":true,"href":"https:\/\/dienmaytuandat.com\/index.php\/wp-json\/wp\/v2\/comments?post=29489"}],"version-history":[{"count":0,"href":"https:\/\/dienmaytuandat.com\/index.php\/wp-json\/wp\/v2\/product\/29489\/revisions"}],"wp:featuredmedia":[{"embeddable":true,"href":"https:\/\/dienmaytuandat.com\/index.php\/wp-json\/wp\/v2\/media\/29490"}],"wp:attachment":[{"href":"https:\/\/dienmaytuandat.com\/index.php\/wp-json\/wp\/v2\/media?parent=29489"}],"wp:term":[{"taxonomy":"product_brand","embeddable":true,"href":"https:\/\/dienmaytuandat.com\/index.php\/wp-json\/wp\/v2\/product_brand?post=29489"},{"taxonomy":"product_cat","embeddable":true,"href":"https:\/\/dienmaytuandat.com\/index.php\/wp-json\/wp\/v2\/product_cat?post=29489"},{"taxonomy":"product_tag","embeddable":true,"href":"https:\/\/dienmaytuandat.com\/index.php\/wp-json\/wp\/v2\/product_tag?post=29489"}],"curies":[{"name":"wp","href":"https:\/\/api.w.org\/{rel}","templated":true}]}}