{"id":29507,"date":"2024-07-21T11:26:25","date_gmt":"2024-07-21T11:26:25","guid":{"rendered":"https:\/\/dienmaytuandat.com\/?post_type=product&#038;p=29507"},"modified":"2024-08-30T08:50:10","modified_gmt":"2024-08-30T08:50:10","slug":"may-hut-mui-vs-7002ss","status":"publish","type":"product","link":"https:\/\/dienmaytuandat.com\/index.php\/san-pham\/may-hut-mui-vs-7002ss\/","title":{"rendered":"M\u00c1Y H\u00daT M\u00d9I VS 7002SS"},"content":{"rendered":"<p>M\u00c1Y H\u00daT M\u00d9I VS 7002SS: Hi\u1ec7u su\u1ea5t m\u1ea1nh m\u1ebd v\u00e0 \u0111\u1ed9 b\u1ec1n cao<br \/>\nM\u00e1y h\u00fat m\u00f9i VS 7002SS l\u00e0 m\u1ed9t s\u1ea3n ph\u1ea9m \u0111\u00e1ng ch\u00fa \u00fd trong d\u00f2ng m\u00e1y h\u00fat m\u00f9i, mang \u0111\u1ebfn hi\u1ec7u su\u1ea5t m\u1ea1nh m\u1ebd v\u00e0 \u0111\u1ed9 b\u1ec1n cao \u0111\u1ec3 gi\u1eef cho kh\u00f4ng gian b\u1ebfp c\u1ee7a b\u1ea1n lu\u00f4n trong l\u00e0nh v\u00e0 tho\u00e1ng m\u00e1t. V\u1edbi th\u00e2n m\u00e1y \u0111\u01b0\u1ee3c l\u00e0m b\u1eb1ng inox 430SS cao c\u1ea5p, m\u00e1y h\u00fat m\u00f9i n\u00e0y kh\u00f4ng ch\u1ec9 mang \u0111\u1ebfn v\u1ebb ngo\u00e0i b\u1ec1n v\u1eefng m\u00e0 c\u00f2n t\u1ea1o \u0111i\u1ec3m nh\u1ea5n th\u1ea9m m\u1ef9 cho kh\u00f4ng gian n\u1ea5u n\u01b0\u1edbng c\u1ee7a b\u1ea1n.<\/p>\n<p>\u0110\u00e8n Led Lighting v\u1edbi c\u00f4ng su\u1ea5t 1*2W tr\u00ean m\u00e1y h\u00fat m\u00f9i VS 7002SS cung c\u1ea5p \u00e1nh s\u00e1ng t\u1ef1 nhi\u00ean v\u00e0 r\u00f5 r\u00e0ng trong qu\u00e1 tr\u00ecnh n\u1ea5u n\u01b0\u1edbng, gi\u00fap b\u1ea1n d\u1ec5 d\u00e0ng quan s\u00e1t v\u00e0 ki\u1ec3m so\u00e1t qu\u00e1 tr\u00ecnh ch\u1ebf bi\u1ebfn m\u00f3n \u0103n.<\/p>\n<p>\u0110i\u1ec1u khi\u1ec3n c\u01a1 c\u1ee7a m\u00e1y h\u00fat m\u00f9i VS 7002SS cho ph\u00e9p b\u1ea1n \u0111i\u1ec1u ch\u1ec9nh c\u01b0\u1eddng \u0111\u1ed9 h\u00fat m\u00f9i m\u1ed9t c\u00e1ch d\u1ec5 d\u00e0ng. V\u1edbi \u0111\u1ed9 \u1ed3n nh\u1ecf h\u01a1n 66dB, m\u00e1y h\u00fat m\u00f9i n\u00e0y ho\u1ea1t \u0111\u1ed9ng m\u1ed9t c\u00e1ch \u00eam d\u1ecbu v\u00e0 kh\u00f4ng g\u00e2y \u1ea3nh h\u01b0\u1edfng \u0111\u1ebfn s\u1ef1 y\u00ean t\u0129nh trong kh\u00f4ng gian b\u1ebfp c\u1ee7a b\u1ea1n.<\/p>\n<p>\u0110\u1ed9ng c\u01a1 tuabin si\u00eau b\u1ec1n v\u1edbi 3 t\u1ed1c \u0111\u1ed9 \u0111i\u1ec1u khi\u1ec3n kh\u00e1c nhau trong m\u00e1y h\u00fat m\u00f9i VS 7002SS mang l\u1ea1i s\u1ef1 linh ho\u1ea1t v\u00e0 hi\u1ec7u su\u1ea5t cao trong vi\u1ec7c h\u00fat m\u00f9i v\u00e0 d\u1ea7u m\u1ee1 t\u1eeb kh\u00f4ng gian n\u1ea5u n\u01b0\u1edbng. B\u1ea1n c\u00f3 th\u1ec3 d\u1ec5 d\u00e0ng \u0111i\u1ec1u ch\u1ec9nh t\u1ed1c \u0111\u1ed9 ph\u00f9 h\u1ee3p v\u1edbi c\u00e1c lo\u1ea1i m\u00f3n \u0103n v\u00e0 ph\u01b0\u01a1ng ph\u00e1p n\u1ea5u n\u01b0\u1edbng kh\u00e1c nhau.<\/p>\n<p>B\u1ed9 ph\u1eadn l\u01b0\u1edbi l\u1ecdc k\u00e9p Aluminum v\u00e0 m\u00e0ng l\u1ecdc cacbon trong m\u00e1y h\u00fat m\u00f9i VS 7002SS gi\u00fap lo\u1ea1i b\u1ecf hi\u1ec7u qu\u1ea3 m\u00f9i h\u00f4i v\u00e0 c\u00e1c ch\u1ea5t g\u00e2y \u00f4 nhi\u1ec5m trong kh\u00f4ng kh\u00ed n\u1ea5u n\u01b0\u1edbng. B\u1ed9 l\u1ecdc than ho\u1ea1t t\u00ednh trong m\u00e1y h\u00fat m\u00f9i n\u00e0y gi\u00fap l\u00e0m s\u1ea1ch kh\u00f4ng kh\u00ed v\u00e0 gi\u1eef cho kh\u00f4ng gian b\u1ebfp lu\u00f4n trong l\u00e0nh.<\/p>\n<p>M\u00e1y h\u00fat m\u00f9i VS 7002SS l\u00e0 m\u1ed9t s\u1ef1 l\u1ef1a ch\u1ecdn \u0111\u00e1ng tin c\u1eady cho kh\u00f4ng gian b\u1ebfp c\u1ee7a b\u1ea1n. V\u1edbi th\u00e2n m\u00e1y b\u1eb1ng inox 430SS cao c\u1ea5p, \u0111\u00e8n Led s\u00e1ng r\u00f5, \u0111i\u1ec1u khi\u1ec3n c\u01a1, \u0111\u1ed9ng c\u01a1 tuabin si\u00eau b\u1ec1n, b\u1ed9 ph\u1eadn l\u01b0\u1edbi l\u1ecdc k\u00e9p Aluminum v\u00e0 m\u00e0ng l\u1ecdc cacbon, m\u00e1y h\u00fat m\u00f9i n\u00e0y mang \u0111\u1ebfn hi\u1ec7u su\u1ea5t m\u1ea1nh m\u1ebd v\u00e0 \u0111\u1ed9 b\u1ec1n cao \u0111\u1ec3 gi\u1eef cho kh\u00f4ng gian n\u1ea5u n\u01b0\u1edbng c\u1ee7a b\u1ea1n lu\u00f4n trong s\u1ea1ch v\u00e0 tho\u00e1ng m\u00e1t.<\/p>\n","protected":false},"excerpt":{"rendered":"<p>+ Ngu\u1ed3n \u0111i\u1ec7n 220V\/50Hz<\/p>\n<p>+ \u0110\u1ed9ng c\u01a1 2*80W<\/p>\n<p>+ L\u01b0u l\u01b0\u1ee3ng h\u00fat: 500m3\/h<\/p>\n<p>+ \u0110\u1ed9 \u1ed3n &lt; 66dB<\/p>\n<p>+ K\u00edch th\u01b0\u1edbc: 700mm<\/p>\n","protected":false},"featured_media":29508,"comment_status":"open","ping_status":"closed","template":"","meta":[],"product_brand":[],"product_cat":[147],"product_tag":[],"class_list":{"0":"post-29507","1":"product","2":"type-product","3":"status-publish","4":"has-post-thumbnail","6":"product_cat-do-gia-dung","8":"first","9":"instock","10":"taxable","11":"shipping-taxable","12":"purchasable","13":"product-type-simple"},"_links":{"self":[{"href":"https:\/\/dienmaytuandat.com\/index.php\/wp-json\/wp\/v2\/product\/29507","targetHints":{"allow":["GET"]}}],"collection":[{"href":"https:\/\/dienmaytuandat.com\/index.php\/wp-json\/wp\/v2\/product"}],"about":[{"href":"https:\/\/dienmaytuandat.com\/index.php\/wp-json\/wp\/v2\/types\/product"}],"replies":[{"embeddable":true,"href":"https:\/\/dienmaytuandat.com\/index.php\/wp-json\/wp\/v2\/comments?post=29507"}],"version-history":[{"count":0,"href":"https:\/\/dienmaytuandat.com\/index.php\/wp-json\/wp\/v2\/product\/29507\/revisions"}],"wp:featuredmedia":[{"embeddable":true,"href":"https:\/\/dienmaytuandat.com\/index.php\/wp-json\/wp\/v2\/media\/29508"}],"wp:attachment":[{"href":"https:\/\/dienmaytuandat.com\/index.php\/wp-json\/wp\/v2\/media?parent=29507"}],"wp:term":[{"taxonomy":"product_brand","embeddable":true,"href":"https:\/\/dienmaytuandat.com\/index.php\/wp-json\/wp\/v2\/product_brand?post=29507"},{"taxonomy":"product_cat","embeddable":true,"href":"https:\/\/dienmaytuandat.com\/index.php\/wp-json\/wp\/v2\/product_cat?post=29507"},{"taxonomy":"product_tag","embeddable":true,"href":"https:\/\/dienmaytuandat.com\/index.php\/wp-json\/wp\/v2\/product_tag?post=29507"}],"curies":[{"name":"wp","href":"https:\/\/api.w.org\/{rel}","templated":true}]}}