{"id":29513,"date":"2024-07-21T13:50:30","date_gmt":"2024-07-21T13:50:30","guid":{"rendered":"https:\/\/dienmaytuandat.com\/?post_type=product&#038;p=29513"},"modified":"2024-07-21T14:01:02","modified_gmt":"2024-07-21T14:01:02","slug":"may-lanh-daikin1hp-ftkb-25yvmv","status":"publish","type":"product","link":"https:\/\/dienmaytuandat.com\/index.php\/san-pham\/may-lanh-daikin1hp-ftkb-25yvmv\/","title":{"rendered":"M\u00e1y l\u1ea1nh Daikin1hp FTKB 25YVMV"},"content":{"rendered":"<p>M\u00e1y l\u1ea1nh Daikin Inverter 1 HP FTKY25WMVMV \u0111\u01b0\u1ee3c trang b\u1ecb c\u00f4ng ngh\u1ec7 ti\u1ebft ki\u1ec7m \u0111i\u1ec7n Inverter, v\u1eadn h\u00e0nh \u00eam \u00e1i v\u1edbi \u0111\u1ed9 \u1ed3n 18\/38 dB. Phin l\u1ecdc b\u1ee5i kh\u00e1ng khu\u1ea9n, c\u00f9ng c\u00f4ng ngh\u1ec7 l\u1ecdc kh\u00ed Streamer \u0111\u1ed9c quy\u1ec1n b\u1ea5t ho\u1ea1t vi khu\u1ea9n, n\u1ea5m m\u1ed1c g\u00e2y h\u1ea1i.<\/p>\n<p>T\u1ed5ng quan thi\u1ebft k\u1ebf<br \/>\n&#8211; D\u00e0n l\u1ea1nh: Thi\u1ebft k\u1ebf t\u00f4ng m\u00e0u tr\u1eafng ch\u1ee7 \u0111\u1ea1o, d\u1ec5 d\u00e0ng k\u1ebft h\u1ee3p h\u00e0i h\u00f2a v\u1edbi nhi\u1ec1u kh\u00f4ng gian nh\u00e0 \u1edf kh\u00e1c nhau \u0111em l\u1ea1i v\u1ebb \u0111\u1eb9p sang tr\u1ecdng, tinh t\u1ebf cho ng\u00f4i nh\u00e0.<\/p>\n<p>&#8211; D\u00e0n n\u00f3ng: V\u1ecf m\u00e1y \u0111\u01b0\u1ee3c c\u1ea3i ti\u1ebfn ch\u1ed1ng th\u1eb1n l\u1eb1n x\u00e2m nh\u1eadp, b\u1ea3o v\u1ec7 t\u1ed1t h\u1ec7 th\u1ed1ng bo m\u1ea1ch b\u00ean trong, k\u1ebft h\u1ee3p c\u00f9ng ch\u1ea5t li\u1ec7u ch\u1ed1ng \u0103n m\u00f2n gi\u00fap gia t\u0103ng tu\u1ed5i th\u1ecd c\u1ee7a m\u00e1y.<\/p>\n<p><img fetchpriority=\"high\" decoding=\"async\" class=\"size-medium wp-image-29519 aligncenter\" src=\"https:\/\/dienmaytuandat.com\/wp-content\/uploads\/2024\/07\/daikin-inverter-1-hp-ftky25wmvmv-231122-014250-1-400x224.jpg\" alt=\"\" width=\"400\" height=\"224\" srcset=\"https:\/\/dienmaytuandat.com\/wp-content\/uploads\/2024\/07\/daikin-inverter-1-hp-ftky25wmvmv-231122-014250-1-400x224.jpg 400w, https:\/\/dienmaytuandat.com\/wp-content\/uploads\/2024\/07\/daikin-inverter-1-hp-ftky25wmvmv-231122-014250-1-768x429.jpg 768w, https:\/\/dienmaytuandat.com\/wp-content\/uploads\/2024\/07\/daikin-inverter-1-hp-ftky25wmvmv-231122-014250-1-430x240.jpg 430w, https:\/\/dienmaytuandat.com\/wp-content\/uploads\/2024\/07\/daikin-inverter-1-hp-ftky25wmvmv-231122-014250-1-700x391.jpg 700w, https:\/\/dienmaytuandat.com\/wp-content\/uploads\/2024\/07\/daikin-inverter-1-hp-ftky25wmvmv-231122-014250-1-150x84.jpg 150w, https:\/\/dienmaytuandat.com\/wp-content\/uploads\/2024\/07\/daikin-inverter-1-hp-ftky25wmvmv-231122-014250-1.jpg 1020w\" sizes=\"(max-width: 400px) 100vw, 400px\" \/><\/p>\n<p>&nbsp;<\/p>\n<p>M\u00e1y l\u1ea1nh Daikin Inverter 1 HP FTKY25WMVMV &#8211; T\u1ed5ng quan thi\u1ebft k\u1ebf<\/p>\n<p>C\u00f4ng ngh\u1ec7 l\u00e0m l\u1ea1nh<br \/>\n&#8211; C\u00f4ng su\u1ea5t 1 HP &#8211; 9.200 BTU: C\u00f4ng su\u1ea5t ho\u1ea1t \u0111\u1ed9ng 1 HP c\u1ee7a m\u00e1y l\u1ea1nh th\u00edch h\u1ee3p l\u1eafp \u0111\u1eb7t, s\u1eed d\u1ee5ng cho kh\u00f4ng gian c\u00f3 di\u1ec7n t\u00edch d\u01b0\u1edbi 15m\u00b2 (t\u1eeb 30 \u0111\u1ebfn 45m\u00b3).<\/p>\n<p>&#8211; L\u00e0m l\u1ea1nh nhanh Powerful: Nhi\u1ec7t \u0111\u1ed9 c\u0103n ph\u00f2ng s\u1ebd \u0111\u01b0\u1ee3c l\u00e0<\/p>\n<p>m gi\u1ea3m \u0111i nhanh ch\u00f3ng, \u0111em l\u1ea1i kh\u00f4ng gian m\u00e1t l\u1ea1nh t\u1ee9c th\u00ec nh\u1edd h\u1ec7 th\u1ed1ng m\u00e1y n\u00e9n v\u1eadn h\u00e0nh v\u1edbi c\u00f4ng su\u1ea5t t\u1ed1i \u0111a.<\/p>\n<p>M\u00e1y l\u1ea1nh Daikin Inverter 1 HP FTKY25WMV<\/p>\n<p><img decoding=\"async\" class=\"size-medium wp-image-29522 aligncenter\" src=\"https:\/\/dienmaytuandat.com\/wp-content\/uploads\/2024\/07\/daikin-inverter-1-hp-ftky25wmvmv-231122-021737-400x224.jpg\" alt=\"\" width=\"400\" height=\"224\" srcset=\"https:\/\/dienmaytuandat.com\/wp-content\/uploads\/2024\/07\/daikin-inverter-1-hp-ftky25wmvmv-231122-021737-400x224.jpg 400w, https:\/\/dienmaytuandat.com\/wp-content\/uploads\/2024\/07\/daikin-inverter-1-hp-ftky25wmvmv-231122-021737-768x429.jpg 768w, https:\/\/dienmaytuandat.com\/wp-content\/uploads\/2024\/07\/daikin-inverter-1-hp-ftky25wmvmv-231122-021737-430x240.jpg 430w, https:\/\/dienmaytuandat.com\/wp-content\/uploads\/2024\/07\/daikin-inverter-1-hp-ftky25wmvmv-231122-021737-700x391.jpg 700w, https:\/\/dienmaytuandat.com\/wp-content\/uploads\/2024\/07\/daikin-inverter-1-hp-ftky25wmvmv-231122-021737-150x84.jpg 150w, https:\/\/dienmaytuandat.com\/wp-content\/uploads\/2024\/07\/daikin-inverter-1-hp-ftky25wmvmv-231122-021737.jpg 1020w\" sizes=\"(max-width: 400px) 100vw, 400px\" \/><\/p>\n<p>MV &#8211; C\u00f4ng ngh\u1ec7 l\u00e0m l\u1ea1nh<\/p>\n<p>B\u1ea3ng th\u00f4ng tin c\u00f4ng su\u1ea5t \u0111\u1ecbnh danh, ngu\u1ed3n \u0111i\u1ec7n, d\u00f2<\/p>\n<p>&nbsp;<\/p>\n<p>ng \u0111i\u1ec7n c\u1ee7a c\u00e1c s\u1ea3n ph\u1ea9m d\u00f2ng FTKY.<\/p>\n<p>B\u1ea3ng th\u00f4ng tin c\u00f4ng su\u1ea5t \u0111\u1ecbnh danh, ngu\u1ed3n \u0111i\u1ec7n, d\u00f2ng \u0111i\u1ec7n c\u1ee7a c\u00e1c s\u1ea3n ph\u1ea7m d\u00f2ng FTKY.Kh\u1ea3 n\u0103ng kh\u00e1ng khu\u1ea9n, kh\u1eed m\u00f9i<\/p>\n<p>&#8211; C\u00f4ng ngh\u1ec7 l\u1ecdc kh\u00ed Streamer \u0111\u1ed9c quy\u1ec1n c\u1ee7a m\u00e1y l\u1ea1nh Daikin mang \u0111\u1ebfn kh\u1ea3 n\u0103ng \u1ee9c ch\u1ebf \u0111\u1ebfn 99.9% nh\u1eefng ch\u1ea5t g\u00e2y m\u00f9i, t\u00e1c nh\u00e2n g\u00e2y \u00f4 nhi\u1ec5m c\u00f3 trong kh\u00f4ng kh\u00ed nh\u01b0 virus, vi khu\u1ea9n, n\u1ea5m m\u1ed1c, ph\u1ea5n hoa, m\u1ea1t b\u1ee5i, b\u1ee5i m\u1ecbn PM2.5.<\/p>\n<p>&nbsp;<\/p>\n<p>&#8211; K\u1ebft h\u1ee3p Streamer v\u1edbi ch\u1ee9c n\u0103ng ch\u1ed1ng \u1ea9m m\u1ed1c: Khi m\u00e1y ng\u1eebng l\u00e0m l\u1ea1nh, ch\u1ebf \u0111\u1ed9 qu\u1ea1t c\u1ee7a m\u00e1y s\u1ebd t\u1ef1 ho\u1ea1t \u0111\u1ed9ng trong v\u00f2ng 1 gi\u1edd \u0111\u1ec3 l\u00e0m kh\u00f4 b\u00ean trong d\u00e0n l\u1ea1nh, h\u1ea1n ch\u1ebf n\u1ea5m m\u1ed1c v\u00e0 vi khu\u1ea9n sinh s\u00f4i.<\/p>\n<p>(*) K\u1ebft qu\u1ea3 thu \u0111\u01b0\u1ee3c trong \u0111i\u1ec1u ki\u1ec7n th\u00ed nghi\u1ec7m \u0111\u1ed1i v\u1edbi m\u1ed9t s\u1ed1 lo\u1ea1i vi khu\u1ea9n, virus, n\u1ea5m m\u1ed1c v\u00e0 c\u00e1c ch\u1ea5t g\u00e2y h\u1ea1i. Tham kh\u1ea3o chi ti\u1ebft t\u1ea1i link.<\/p>\n<p>M\u00e1y l\u1ea1nh Daikin Inverter 1 HP FTKY25WMVMV &#8211; C\u00f4ng ngh\u1ec7 Streamer<\/p>\n<p><img decoding=\"async\" class=\"size-medium wp-image-29523 aligncenter\" src=\"https:\/\/dienmaytuandat.com\/wp-content\/uploads\/2024\/07\/daikin-inverter-1-hp-ftky25wmvmv-240624-094223-400x224.jpg\" alt=\"\" width=\"400\" height=\"224\" \/><\/p>\n<p>C\u01a1 ch\u1ebf th\u1ed5i gi\u00f3<\/p>\n<p>M\u00e1y l\u1ea1nh Daikin Inverter 1 HP FTKY25WMVMV \u0111\u01b0\u1ee3c trang b\u1ecb c\u00f4ng ngh\u1ec7 ti\u1ebft ki\u1ec7m \u0111i\u1ec7n Inverter, v\u1eadn h\u00e0nh \u00eam \u00e1i v\u1edbi \u0111\u1ed9 \u1ed3n 18\/38 dB. Phin l\u1ecdc b\u1ee5i kh\u00e1ng khu\u1ea9n, c\u00f9ng c\u00f4ng ngh\u1ec7 l\u1ecdc kh\u00ed Streamer \u0111\u1ed9c quy\u1ec1n b\u1ea5t ho\u1ea1t vi khu\u1ea9n, n\u1ea5m m\u1ed1c g\u00e2y h\u1ea1i.<\/p>\n<p>T\u1ed5ng quan thi\u1ebft k\u1ebf<br \/>\n&#8211; D\u00e0n l\u1ea1nh: Thi\u1ebft k\u1ebf t\u00f4ng m\u00e0u tr\u1eafng ch\u1ee7 \u0111\u1ea1o, d\u1ec5 d\u00e0ng k\u1ebft h\u1ee3p h\u00e0i h\u00f2a v\u1edbi nhi\u1ec1u kh\u00f4ng gian nh\u00e0 \u1edf kh\u00e1c nhau \u0111em l\u1ea1i v\u1ebb \u0111\u1eb9p sang tr\u1ecdng, tinh t\u1ebf cho ng\u00f4i nh\u00e0.<\/p>\n<p>&#8211; D\u00e0n n\u00f3ng: V\u1ecf m\u00e1y \u0111\u01b0\u1ee3c c\u1ea3i ti\u1ebfn ch\u1ed1ng th\u1eb1n l\u1eb1n x\u00e2m nh\u1eadp, b\u1ea3o v\u1ec7 t\u1ed1t h\u1ec7 th\u1ed1ng bo m\u1ea1ch b\u00ean trong, k\u1ebft h\u1ee3p c\u00f9ng ch\u1ea5t li\u1ec7u ch\u1ed1ng \u0103n m\u00f2n gi\u00fap gia t\u0103ng tu\u1ed5i th\u1ecd c\u1ee7a m\u00e1y.<\/p>\n<p>M\u00e1y l\u1ea1nh Daikin Inverter 1 HP FTKY25WMVMV &#8211; T\u1ed5ng quan thi\u1ebft k\u1ebf<\/p>\n<p>C\u00f4ng ngh\u1ec7 l\u00e0m l\u1ea1nh<br \/>\n&#8211; C\u00f4ng su\u1ea5t 1 HP &#8211; 9.200 BTU: C\u00f4ng su\u1ea5t ho\u1ea1t \u0111\u1ed9ng 1 HP c\u1ee7a m\u00e1y l\u1ea1nh th\u00edch h\u1ee3p l\u1eafp \u0111\u1eb7t, s\u1eed d\u1ee5ng cho kh\u00f4ng gian c\u00f3 di\u1ec7n t\u00edch d\u01b0\u1edbi 15m\u00b2 (t\u1eeb 30 \u0111\u1ebfn 45m\u00b3).<\/p>\n<p>&#8211; L\u00e0m l\u1ea1nh nhanh Powerful: Nhi\u1ec7t \u0111\u1ed9 c\u0103n ph\u00f2ng s\u1ebd \u0111\u01b0\u1ee3c l\u00e0m gi\u1ea3m \u0111i nhanh ch\u00f3ng, \u0111em l\u1ea1i kh\u00f4ng gian m\u00e1t l\u1ea1nh t\u1ee9c th\u00ec nh\u1edd h\u1ec7 th\u1ed1ng m\u00e1y n\u00e9n v\u1eadn h\u00e0nh v\u1edbi c\u00f4ng su\u1ea5t t\u1ed1i \u0111a.<\/p>\n<p>M\u00e1y l\u1ea1nh Daikin Inverter 1 HP FTKY25WMVMV &#8211; C\u00f4ng ngh\u1ec7 l\u00e0m l\u1ea1nh<\/p>\n<p>B\u1ea3ng th\u00f4ng tin c\u00f4ng su\u1ea5t \u0111\u1ecbnh danh, ngu\u1ed3n \u0111i\u1ec7n, d\u00f2ng \u0111i\u1ec7n c\u1ee7a c\u00e1c s\u1ea3n ph\u1ea9m d\u00f2ng FTKY.<\/p>\n<p>B\u1ea3ng th\u00f4ng tin c\u00f4ng su\u1ea5t \u0111\u1ecbnh danh, ngu\u1ed3n \u0111i\u1ec7n, d\u00f2ng \u0111i\u1ec7n c\u1ee7a c\u00e1c s\u1ea3n ph\u1ea7m d\u00f2ng FTKY.Kh\u1ea3 n\u0103ng kh\u00e1ng khu\u1ea9n, kh\u1eed m\u00f9i<br \/>\n&#8211; C\u00f4ng ngh\u1ec7 l\u1ecdc kh\u00ed Streamer \u0111\u1ed9c quy\u1ec1n c\u1ee7a m\u00e1y l\u1ea1nh Daikin mang \u0111\u1ebfn kh\u1ea3 n\u0103ng \u1ee9c ch\u1ebf \u0111\u1ebfn 99.9% nh\u1eefng ch\u1ea5t g\u00e2y m\u00f9i, t\u00e1c nh\u00e2n g\u00e2y \u00f4 nhi\u1ec5m c\u00f3 trong kh\u00f4ng kh\u00ed nh\u01b0 virus, vi khu\u1ea9n, n\u1ea5m m\u1ed1c, ph\u1ea5n hoa, m\u1ea1t b\u1ee5i, b\u1ee5i m\u1ecbn PM2.5.<\/p>\n<p>&nbsp;<\/p>\n<p>&#8211; K\u1ebft h\u1ee3p Streamer v\u1edbi ch\u1ee9c n\u0103ng ch\u1ed1ng \u1ea9m m\u1ed1c: Khi m\u00e1y ng\u1eebng l\u00e0m l\u1ea1nh, ch\u1ebf \u0111\u1ed9 qu\u1ea1t c\u1ee7a m\u00e1y s\u1ebd t\u1ef1 ho\u1ea1t \u0111\u1ed9ng trong v\u00f2ng 1 gi\u1edd \u0111\u1ec3 l\u00e0m kh\u00f4 b\u00ean trong d\u00e0n l\u1ea1nh, h\u1ea1n ch\u1ebf n\u1ea5m m\u1ed1c v\u00e0 vi khu\u1ea9n sinh s\u00f4i.<\/p>\n<p>(*) K\u1ebft qu\u1ea3 thu \u0111\u01b0\u1ee3c trong \u0111i\u1ec1u ki\u1ec7n th\u00ed nghi\u1ec7m \u0111\u1ed1i v\u1edbi m\u1ed9t s\u1ed1 lo\u1ea1i vi khu\u1ea9n, virus, n\u1ea5m m\u1ed1c v\u00e0 c\u00e1c ch\u1ea5t g\u00e2y h\u1ea1i. Tham kh\u1ea3o chi ti\u1ebft t\u1ea1i link.<\/p>\n<p>M\u00e1y l\u1ea1nh Daikin Inverter 1 HP FTKY25WMVMV &#8211; C\u00f4ng ngh\u1ec7 Streamer<\/p>\n<p>C\u01a1 ch\u1ebf th\u1ed5i gi\u00f3<br \/>\n&#8211; \u0110\u1ea3o gi\u00f3 4 chi\u1ec1u s\u1ebd ph\u00e2n b\u1ed5 h\u01a1i l\u1ea1nh \u0111\u1ed3ng \u0111\u1ec1u kh\u1eafp kh\u00f4ng gian, \u0111em l\u1ea1i c\u1ea3m gi\u00e1c d\u1ec5 ch\u1ecbu, tho\u1ea3i m\u00e1i cho ng\u01b0\u1eddi d\u00f9ng.<\/p>\n<p>&#8211; Lu\u1ed3ng gi\u00f3 tho\u1ea3i m\u00e1i Coanda 3D: M\u00e1y th\u1ed5i tr\u1ef1c ti\u1ebfp h\u01a1i l\u1ea1nh l\u00ean tr\u1ea7n nh\u00e0 sau \u0111\u00f3 m\u1edbi v\u00f2ng xu\u1ed1ng, h\u01a1i l\u1ea1nh \u0111\u01b0\u1ee3c t\u1ecfa \u0111\u1ec1u kh\u1eafp ph\u00f2ng, tr\u00e1nh th\u1ed5i tr\u1ef1c ti\u1ebfp v\u00e0o ng\u01b0\u1eddi.<\/p>\n<p>&#8211; Ho\u1ea1t \u0111\u1ed9ng si\u00eau \u00eam Quiet: T\u1ed1c \u0111\u1ed9 c\u1ee7a \u0111\u1ed9ng c\u01a1 \u0111\u01b0\u1ee3c \u0111i\u1ec1u ch\u1ec9nh \u0111\u1ebfn m\u1ee9c th\u1ea5p nh\u1ea5t, h\u1ea1n ch\u1ebf ti\u1ebfng \u1ed3n khi m\u00e1y v\u1eadn h\u00e0nh.<\/p>\n<p>M\u00e1y l\u1ea1nh Daikin Inverter 1 HP FTKY25WMVMV &#8211; C\u01a1 ch\u1ebf th\u1ed5i gi\u00f3<\/p>\n<p><img loading=\"lazy\" decoding=\"async\" class=\"size-medium wp-image-29520 aligncenter\" src=\"https:\/\/dienmaytuandat.com\/wp-content\/uploads\/2024\/07\/daikin-inverter-1-hp-ftky25wmvmv-231122-014407-400x224.jpg\" alt=\"\" width=\"400\" height=\"224\" srcset=\"https:\/\/dienmaytuandat.com\/wp-content\/uploads\/2024\/07\/daikin-inverter-1-hp-ftky25wmvmv-231122-014407-400x224.jpg 400w, https:\/\/dienmaytuandat.com\/wp-content\/uploads\/2024\/07\/daikin-inverter-1-hp-ftky25wmvmv-231122-014407-768x429.jpg 768w, https:\/\/dienmaytuandat.com\/wp-content\/uploads\/2024\/07\/daikin-inverter-1-hp-ftky25wmvmv-231122-014407-430x240.jpg 430w, https:\/\/dienmaytuandat.com\/wp-content\/uploads\/2024\/07\/daikin-inverter-1-hp-ftky25wmvmv-231122-014407-700x391.jpg 700w, https:\/\/dienmaytuandat.com\/wp-content\/uploads\/2024\/07\/daikin-inverter-1-hp-ftky25wmvmv-231122-014407-150x84.jpg 150w, https:\/\/dienmaytuandat.com\/wp-content\/uploads\/2024\/07\/daikin-inverter-1-hp-ftky25wmvmv-231122-014407.jpg 1020w\" sizes=\"(max-width: 400px) 100vw, 400px\" \/><\/p>\n<p>C\u00f4ng ngh\u1ec7 ti\u1ebft ki\u1ec7m \u0111i\u1ec7n<br \/>\n&#8211; C\u00f4ng ngh\u1ec7 Inverter: \u0110em l\u1ea1i hi\u1ec7u qu\u1ea3 ti\u1ebft ki\u1ec7m \u0111i\u1ec7n t\u1ed1i \u01b0u v\u1edbi h\u1ec7 th\u1ed1ng m\u00e1y n\u00e9n v\u1eadn h\u00e0nh \u00eam \u00e1i, b\u1ec1n b\u1ec9 c\u00f9ng \u0111\u1ed9 \u1ed3n th\u1ea5p ch\u1ec9 18\/38 dB.<\/p>\n<p>&#8211; Ch\u1ebf \u0111\u1ed9 m\u1eaft th\u1ea7n: C\u00f3 ch\u1ee9c n\u0103ng c\u1ea3m bi\u1ebfn chuy\u1ec3n \u0111\u1ed9ng th\u00f4ng minh, trong v\u00f2ng 20 ph\u00fat n\u1ebfu kh\u00f4ng c\u00f3 b\u1ea5t k\u1ef3 s\u1ef1 chuy\u1ec3n \u0111\u1ed9ng n\u00e0o trong ph\u00f2ng, m\u00e1y s\u1ebd t\u1ef1 \u0111\u1ed9ng t\u0103ng nhi\u1ec7t \u0111\u1ed9 \u0111\u1ec3 tr\u00e1nh l\u00e0m hao ph\u00ed \u0111i\u1ec7n n\u0103ng v\u00e0 ng\u01b0\u1ee3c l\u1ea1i.<\/p>\n<p>&#8211; S\u1ea3n ph\u1ea9m \u0111\u1ea1t nh\u00e3n n\u0103ng l\u01b0\u1ee3ng 5 sao v\u1edbi c\u00f4ng su\u1ea5t ti\u00eau th\u1ee5 \u0111i\u1ec7n 0.7 kW\/h.<\/p>\n<p>M\u00e1y l\u1ea1nh Daikin Inverter 1 HP FTKY25WMVMV &#8211; C\u00f4ng ngh\u1ec7 ti\u1ebft ki\u1ec7m \u0111i\u1ec7n<\/p>\n<p>Ti\u1ec7n \u00edch n\u1ed5i b\u1eadt<br \/>\n&#8211; C\u1ea3m bi\u1ebfn \u1ea9m Humidity Sensor: C\u00f3 kh\u1ea3 n\u0103ng kh\u1eed \u1ea9m kh\u00f4ng kh\u00ed, \u0111em l\u1ea1i c\u1ea3m gi\u00e1c d\u1ec5 ch\u1ecbu trong nh\u1eefng ng\u00e0y \u0111\u1ed9 \u1ea9m t\u0103ng cao. \u0110\u1ed3ng th\u1eddi m\u00e1y c\u00f2n c\u00f3 c\u00f4ng d\u1ee5ng l\u00e0m l\u1ea1nh nhanh g\u1ea5p 25% so v\u1edbi c\u00e1c d\u00f2ng m\u00e1y l\u1ea1nh th\u00f4ng th\u01b0\u1eddng.<\/p>\n<p>&#8211; H\u1eb9n gi\u1edd b\u1eadt\/t\u1eaft m\u00e1y: T\u00f9y ch\u1ec9nh th\u1eddi gian b\u1eadt\/t\u1eaft m\u00e1y ti\u1ec7n l\u1ee3i, tr\u00e1nh tr\u01b0\u1eddng h\u1ee3p l\u00e3ng ph\u00ed \u0111i\u1ec7n khi ra ngo\u00e0i qu\u00ean t\u1eaft hay ph\u1ea3i th\u1ee9c d\u1eady l\u00fac \u0111\u00eam \u0111\u1ec3 t\u1eaft v\u00ec qu\u00e1 l\u1ea1nh.<\/p>\n<p>&#8211; T\u1ef1 kh\u1edfi \u0111\u1ed9ng l\u1ea1i khi c\u00f3 \u0111i\u1ec7n: Khi c\u00f3 s\u1ef1 c\u1ed1 m\u1ea5t \u0111i\u1ec7n x\u1ea3y ra, m\u00e1y s\u1ebd t\u1ef1 \u0111\u1ed9ng l\u01b0u l\u1ea1i c\u00e1c ch\u1ebf \u0111\u1ed9, ch\u01b0\u01a1ng tr\u00ecnh tr\u01b0\u1edbc \u0111\u00f3 v\u00e0 t\u1ef1 kh\u1edfi \u0111\u1ed9ng l\u1ea1i khi \u0111\u01b0\u1ee3c k\u1ebft n\u1ed1i v\u1edbi ngu\u1ed3n \u0111i\u1ec7n.<\/p>\n<p>M\u00e1y l\u1ea1nh Daikin Inverter 1 HP FTKY25WMVMV &#8211; Ti\u1ec7n \u00edch<\/p>\n<p>Nh\u00ecn chung, m\u00e1y l\u1ea1nh Daikin Inverter 1 HP FTKY25WMVMV \u0111\u01b0\u1ee3c t\u00edch h\u1ee3p c\u00e1c c\u00f4ng ngh\u1ec7, c\u01a1 ch\u1ebf hi\u1ec7n \u0111\u1ea1i nh\u01b0 m\u1eaft th\u1ea7n th\u00f4ng minh, kh\u00e1ng khu\u1ea9n, ch\u1ee9c n\u0103ng ch\u1ed1ng \u1ea9m m\u1ed1c&#8230; c\u00f9ng nhi\u1ec1u ti\u1ec7n \u00edch n\u1ed5i b\u1eadt: h\u1eb9n gi\u1edd, t\u1ef1 kh\u1edfi \u0111\u1ed9ng l\u1ea1i&#8230; tin r\u1eb1ng s\u1ea3n ph\u1ea9m s\u1ebd l\u00e0 s\u1ef1 l\u1ef1a ch\u1ecdn \u0111\u00e1ng c\u00e2n nh\u1eafc cho gia \u0111\u00ecnh c\u00f3 di\u1ec7n t\u00edch d\u01b0\u1edbi 15m\u00b2 .<\/p>\n<p>&#8211; \u0110\u1ea3o gi\u00f3 4 chi\u1ec1u s\u1ebd ph\u00e2n b\u1ed5 h\u01a1i l\u1ea1nh \u0111\u1ed3ng \u0111\u1ec1u kh\u1eafp kh\u00f4ng gian, \u0111em l\u1ea1i c\u1ea3m gi\u00e1c d\u1ec5 ch\u1ecbu, tho\u1ea3i m\u00e1i cho ng\u01b0\u1eddi d\u00f9ng.<\/p>\n<p>&#8211; Lu\u1ed3ng gi\u00f3 tho\u1ea3i m\u00e1i Coanda 3D: M\u00e1y th\u1ed5i tr\u1ef1c ti\u1ebfp h\u01a1i l\u1ea1nh l\u00ean tr\u1ea7n nh\u00e0 sau \u0111\u00f3 m\u1edbi v\u00f2ng xu\u1ed1ng, h\u01a1i l\u1ea1nh \u0111\u01b0\u1ee3c t\u1ecfa \u0111\u1ec1u kh\u1eafp ph\u00f2ng, tr\u00e1nh th\u1ed5i tr\u1ef1c ti\u1ebfp v\u00e0o ng\u01b0\u1eddi.<\/p>\n<p>&#8211; Ho\u1ea1t \u0111\u1ed9ng si\u00eau \u00eam Quiet: T\u1ed1c \u0111\u1ed9 c\u1ee7a \u0111\u1ed9ng c\u01a1 \u0111\u01b0\u1ee3c \u0111i\u1ec1u ch\u1ec9nh \u0111\u1ebfn m\u1ee9c th\u1ea5p nh\u1ea5t, h\u1ea1n ch\u1ebf ti\u1ebfng \u1ed3n khi m\u00e1y v\u1eadn h\u00e0nh.<\/p>\n<p>M\u00e1y l\u1ea1nh Daikin Inverter 1 HP FTKY25WMVMV &#8211; C\u01a1 ch\u1ebf th\u1ed5i gi\u00f3<\/p>\n<p>C\u00f4ng ngh\u1ec7 ti\u1ebft ki\u1ec7m \u0111i\u1ec7n<br \/>\n&#8211; C\u00f4ng ngh\u1ec7 Inverter: \u0110em l\u1ea1i hi\u1ec7u qu\u1ea3 ti\u1ebft ki\u1ec7m \u0111i\u1ec7n t\u1ed1i \u01b0u v\u1edbi h\u1ec7 th\u1ed1ng m\u00e1y n\u00e9n v\u1eadn h\u00e0nh \u00eam \u00e1i, b\u1ec1n b\u1ec9 c\u00f9ng \u0111\u1ed9 \u1ed3n th\u1ea5p ch\u1ec9 18\/38 dB.<\/p>\n<p>&#8211; Ch\u1ebf \u0111\u1ed9 m\u1eaft th\u1ea7n: C\u00f3 ch\u1ee9c n\u0103ng c\u1ea3m bi\u1ebfn chuy\u1ec3n \u0111\u1ed9ng th\u00f4ng minh, trong v\u00f2ng 20 ph\u00fat n\u1ebfu kh\u00f4ng c\u00f3 b\u1ea5t k\u1ef3 s\u1ef1 chuy\u1ec3n \u0111\u1ed9ng n\u00e0o trong ph\u00f2ng, m\u00e1y s\u1ebd t\u1ef1 \u0111\u1ed9ng t\u0103ng nhi\u1ec7t \u0111\u1ed9 \u0111\u1ec3 tr\u00e1nh l\u00e0m hao ph\u00ed \u0111i\u1ec7n n\u0103ng v\u00e0 ng\u01b0\u1ee3c l\u1ea1i.<\/p>\n<p>&#8211; S\u1ea3n ph\u1ea9m \u0111\u1ea1t nh\u00e3n n\u0103ng l\u01b0\u1ee3ng 5 sao v\u1edbi c\u00f4ng su\u1ea5t ti\u00eau th\u1ee5 \u0111i\u1ec7n 0.7 kW\/h.<\/p>\n<p>M\u00e1y l\u1ea1nh Daikin Inverter 1 HP FTKY25WMVMV &#8211; C\u00f4ng ngh\u1ec7 ti\u1ebft ki\u1ec7m \u0111i\u1ec7n<\/p>\n<p><img loading=\"lazy\" decoding=\"async\" class=\"size-medium wp-image-29521 aligncenter\" src=\"https:\/\/dienmaytuandat.com\/wp-content\/uploads\/2024\/07\/daikin-inverter-1-hp-ftky25wmvmv-231122-014412-400x224.jpg\" alt=\"\" width=\"400\" height=\"224\" \/><\/p>\n<p>Ti\u1ec7n \u00edch n\u1ed5i b\u1eadt<br \/>\n&#8211; C\u1ea3m bi\u1ebfn \u1ea9m Humidity Sensor: C\u00f3 kh\u1ea3 n\u0103ng kh\u1eed \u1ea9m kh\u00f4ng kh\u00ed, \u0111em l\u1ea1i c\u1ea3m gi\u00e1c d\u1ec5 ch\u1ecbu trong nh\u1eefng ng\u00e0y \u0111\u1ed9 \u1ea9m t\u0103ng cao. \u0110\u1ed3ng th\u1eddi m\u00e1y c\u00f2n c\u00f3 c\u00f4ng d\u1ee5ng l\u00e0m l\u1ea1nh nhanh g\u1ea5p 25% so v\u1edbi c\u00e1c d\u00f2ng m\u00e1y l\u1ea1nh th\u00f4ng th\u01b0\u1eddng.<\/p>\n<p>&#8211; H\u1eb9n gi\u1edd b\u1eadt\/t\u1eaft m\u00e1y: T\u00f9y ch\u1ec9nh th\u1eddi gian b\u1eadt\/t\u1eaft m\u00e1y ti\u1ec7n l\u1ee3i, tr\u00e1nh tr\u01b0\u1eddng h\u1ee3p l\u00e3ng ph\u00ed \u0111i\u1ec7n khi ra ngo\u00e0i qu\u00ean t\u1eaft hay ph\u1ea3i th\u1ee9c d\u1eady l\u00fac \u0111\u00eam \u0111\u1ec3 t\u1eaft v\u00ec qu\u00e1 l\u1ea1nh.<\/p>\n<p>&#8211; T\u1ef1 kh\u1edfi \u0111\u1ed9ng l\u1ea1i khi c\u00f3 \u0111i\u1ec7n: Khi c\u00f3 s\u1ef1 c\u1ed1 m\u1ea5t \u0111i\u1ec7n x\u1ea3y ra, m\u00e1y s\u1ebd t\u1ef1 \u0111\u1ed9ng l\u01b0u l\u1ea1i c\u00e1c ch\u1ebf \u0111\u1ed9, ch\u01b0\u01a1ng tr\u00ecnh tr\u01b0\u1edbc \u0111\u00f3 v\u00e0 t\u1ef1 kh\u1edfi \u0111\u1ed9ng l\u1ea1i khi \u0111\u01b0\u1ee3c k\u1ebft n\u1ed1i v\u1edbi ngu\u1ed3n \u0111i\u1ec7n.<\/p>\n<p>M\u00e1y l\u1ea1nh Daikin Inverter 1 HP FTKY25WMVMV &#8211; Ti\u1ec7n \u00edch<\/p>\n<p><img loading=\"lazy\" decoding=\"async\" class=\"size-medium wp-image-29518 aligncenter\" src=\"https:\/\/dienmaytuandat.com\/wp-content\/uploads\/2024\/07\/daikin-inverter-1-hp-ftky25wmvmv-080322-045140-400x224.png\" alt=\"\" width=\"400\" height=\"224\" \/><\/p>\n<p>Nh\u00ecn chung, m\u00e1y l\u1ea1nh Daikin Inverter 1 HP FTKY25WMVMV \u0111\u01b0\u1ee3c t\u00edch h\u1ee3p c\u00e1c c\u00f4ng ngh\u1ec7, c\u01a1 ch\u1ebf hi\u1ec7n \u0111\u1ea1i nh\u01b0 m\u1eaft th\u1ea7n th\u00f4ng minh, kh\u00e1ng khu\u1ea9n, ch\u1ee9c n\u0103ng ch\u1ed1ng \u1ea9m m\u1ed1c&#8230; c\u00f9ng nhi\u1ec1u ti\u1ec7n \u00edch n\u1ed5i b\u1eadt: h\u1eb9n gi\u1edd, t\u1ef1 kh\u1edfi \u0111\u1ed9ng l\u1ea1i&#8230; tin r\u1eb1ng s\u1ea3n ph\u1ea9m s\u1ebd l\u00e0 s\u1ef1 l\u1ef1a ch\u1ecdn \u0111\u00e1ng c\u00e2n nh\u1eafc cho gia \u0111\u00ecnh c\u00f3 di\u1ec7n t\u00edch d\u01b0\u1edbi 15m\u00b2 .<\/p>\n","protected":false},"excerpt":{"rendered":"<p>&nbsp;<\/p>\n<p>H\u01b0 g\u00ec \u0111\u1ed5i n\u1ea5y 12 th\u00e1ng t\u1eadn nh\u00e0 (mi\u1ec5n ph\u00ed th\u00e1ng \u0111\u1ea7u)<\/p>\n<p>B\u1ea3o h\u00e0nh ch\u00ednh h\u00e3ng m\u00e1y l\u1ea1nh 1 n\u0103m, c\u00f3 ng\u01b0\u1eddi \u0111\u1ebfn t\u1eadn nh\u00e0<\/p>\n<p>Th\u00f9ng m\u00e1y l\u1ea1nh c\u00f3: Remote, Gi\u00e1 \u0111\u1ee1 remote<\/p>\n<p>Ph\u00ed v\u1eadt t\u01b0 c\u00f3 th\u1ec3 ph\u00e1t sinh th\u00eam. ngo\u00e0i combo l\u1ef1a ch\u1ecdn \u0111i k\u00e8m<\/p>\n<p>B\u1ea3o h\u00e0nh Remote 1 n\u0103m, M\u00e1y n\u00e9n 5 n\u0103m<\/p>\n<p>&nbsp;<\/p>\n","protected":false},"featured_media":29533,"comment_status":"open","ping_status":"closed","template":"","meta":[],"product_brand":[],"product_cat":[29],"product_tag":[],"class_list":{"0":"post-29513","1":"product","2":"type-product","3":"status-publish","4":"has-post-thumbnail","6":"product_cat-may-lanh","8":"first","9":"instock","10":"taxable","11":"shipping-taxable","12":"purchasable","13":"product-type-simple"},"_links":{"self":[{"href":"https:\/\/dienmaytuandat.com\/index.php\/wp-json\/wp\/v2\/product\/29513","targetHints":{"allow":["GET"]}}],"collection":[{"href":"https:\/\/dienmaytuandat.com\/index.php\/wp-json\/wp\/v2\/product"}],"about":[{"href":"https:\/\/dienmaytuandat.com\/index.php\/wp-json\/wp\/v2\/types\/product"}],"replies":[{"embeddable":true,"href":"https:\/\/dienmaytuandat.com\/index.php\/wp-json\/wp\/v2\/comments?post=29513"}],"version-history":[{"count":0,"href":"https:\/\/dienmaytuandat.com\/index.php\/wp-json\/wp\/v2\/product\/29513\/revisions"}],"wp:featuredmedia":[{"embeddable":true,"href":"https:\/\/dienmaytuandat.com\/index.php\/wp-json\/wp\/v2\/media\/29533"}],"wp:attachment":[{"href":"https:\/\/dienmaytuandat.com\/index.php\/wp-json\/wp\/v2\/media?parent=29513"}],"wp:term":[{"taxonomy":"product_brand","embeddable":true,"href":"https:\/\/dienmaytuandat.com\/index.php\/wp-json\/wp\/v2\/product_brand?post=29513"},{"taxonomy":"product_cat","embeddable":true,"href":"https:\/\/dienmaytuandat.com\/index.php\/wp-json\/wp\/v2\/product_cat?post=29513"},{"taxonomy":"product_tag","embeddable":true,"href":"https:\/\/dienmaytuandat.com\/index.php\/wp-json\/wp\/v2\/product_tag?post=29513"}],"curies":[{"name":"wp","href":"https:\/\/api.w.org\/{rel}","templated":true}]}}