{"id":29541,"date":"2024-07-22T02:32:21","date_gmt":"2024-07-22T02:32:21","guid":{"rendered":"https:\/\/dienmaytuandat.com\/?post_type=product&#038;p=29541"},"modified":"2024-08-30T08:51:13","modified_gmt":"2024-08-30T08:51:13","slug":"bep-gas-am-vs-8028","status":"publish","type":"product","link":"https:\/\/dienmaytuandat.com\/index.php\/san-pham\/bep-gas-am-vs-8028\/","title":{"rendered":"B\u1ebeP GAS \u00c2M VS 8028"},"content":{"rendered":"<p>B\u1ebfp gas \u00e2m Vanessa VS 8028<br \/>\n+ K\u00ednh in tr\u00e1ng g\u01b0\u01a1ng<br \/>\n+H\u1ecdng loe b\u1eb1ng Inox 304. KT:105<br \/>\n+ Chia l\u1eeda Korea \u2013 Paloma<br \/>\n+ Ki\u1ec1ng tr\u00f2n l\u00e0m b\u1eb1ng s\u1eaft s\u01a1n t\u0129nh \u0111i\u1ec7n<br \/>\n+ \u0110\u00e1y khu\u00f4n to.<br \/>\n+ Khay inox 430 kh\u00f4ng h\u00edt nam ch\u00e2m<br \/>\n+ Khung s\u01b0\u1eddn l\u00e0m b\u1eb1ng s\u1eaft s\u01a1n<br \/>\n+ N\u00fam b\u1eb1ng Inox<br \/>\n+ K\u00edch th\u01b0\u1edbc b\u1ebfp: 750*430mm<br \/>\n+ K\u00edch th\u01b0\u1edbc kho\u00e9t \u0111\u00e1: 650*350mm<br \/>\n+ X\u1ed1p c\u1ee9ng 4 g\u00f3c v\u00e0 x\u1ed1p m\u1eb7t<br \/>\n+ V\u1ecf th\u00f9ng: B\u00eca Carton 5 l\u1edbp ( Gi\u1ea5y \u0110\u00e0i Loan)<\/p>\n","protected":false},"excerpt":{"rendered":"<p>+ K\u00edch th\u01b0\u1edbc: 750x430mm<\/p>\n<p>+ K\u00edch th\u01b0\u1edbc kho\u00e9t \u0111\u00e1: 650x350mm<\/p>\n","protected":false},"featured_media":29596,"comment_status":"open","ping_status":"closed","template":"","meta":[],"product_brand":[],"product_cat":[147],"product_tag":[],"class_list":{"0":"post-29541","1":"product","2":"type-product","3":"status-publish","4":"has-post-thumbnail","6":"product_cat-do-gia-dung","8":"first","9":"instock","10":"taxable","11":"shipping-taxable","12":"purchasable","13":"product-type-simple"},"_links":{"self":[{"href":"https:\/\/dienmaytuandat.com\/index.php\/wp-json\/wp\/v2\/product\/29541","targetHints":{"allow":["GET"]}}],"collection":[{"href":"https:\/\/dienmaytuandat.com\/index.php\/wp-json\/wp\/v2\/product"}],"about":[{"href":"https:\/\/dienmaytuandat.com\/index.php\/wp-json\/wp\/v2\/types\/product"}],"replies":[{"embeddable":true,"href":"https:\/\/dienmaytuandat.com\/index.php\/wp-json\/wp\/v2\/comments?post=29541"}],"version-history":[{"count":0,"href":"https:\/\/dienmaytuandat.com\/index.php\/wp-json\/wp\/v2\/product\/29541\/revisions"}],"wp:featuredmedia":[{"embeddable":true,"href":"https:\/\/dienmaytuandat.com\/index.php\/wp-json\/wp\/v2\/media\/29596"}],"wp:attachment":[{"href":"https:\/\/dienmaytuandat.com\/index.php\/wp-json\/wp\/v2\/media?parent=29541"}],"wp:term":[{"taxonomy":"product_brand","embeddable":true,"href":"https:\/\/dienmaytuandat.com\/index.php\/wp-json\/wp\/v2\/product_brand?post=29541"},{"taxonomy":"product_cat","embeddable":true,"href":"https:\/\/dienmaytuandat.com\/index.php\/wp-json\/wp\/v2\/product_cat?post=29541"},{"taxonomy":"product_tag","embeddable":true,"href":"https:\/\/dienmaytuandat.com\/index.php\/wp-json\/wp\/v2\/product_tag?post=29541"}],"curies":[{"name":"wp","href":"https:\/\/api.w.org\/{rel}","templated":true}]}}