{"id":29544,"date":"2024-07-22T06:18:38","date_gmt":"2024-07-22T06:18:38","guid":{"rendered":"https:\/\/dienmaytuandat.com\/?post_type=product&#038;p=29544"},"modified":"2024-08-30T08:49:23","modified_gmt":"2024-08-30T08:49:23","slug":"bep-gas-am-vs-8098","status":"publish","type":"product","link":"https:\/\/dienmaytuandat.com\/index.php\/san-pham\/bep-gas-am-vs-8098\/","title":{"rendered":"B\u1ebeP GAS \u00c2M VS 8098"},"content":{"rendered":"<p>\u0110\u1eb7c \u0111i\u1ec3m n\u1ed5i b\u1eadt:<br \/>\n+ M\u1eb7t k\u00ednh s\u1eed d\u1ee5ng c\u00f4ng ngh\u1ec7 in g\u01b0\u01a1ng<br \/>\n+ Bo vi\u1ec1n v\u00e0ng 4 c\u1ea1nh sang tr\u1ecdng v\u00e0 \u0111\u1eb3ng c\u1ea5p<br \/>\n+ H\u1ecdng h\u1ee3p kim \u0111\u1ea7u ti\u1ebfp d\u1eabn v\u1edbi m\u00e2m chia l\u1eeda b\u1eb1ng \u0111\u1ed3ng nh\u1eadp kh\u1ea9u nguy\u00ean chi\u1ebfc<br \/>\n+ Ki\u1ec1ng gang vu\u00f4ng, ki\u1ec1ng ph\u1ee5 b\u1eb1ng gang<br \/>\n+ Khay inox tr\u1eafng<br \/>\n+ N\u00fam b\u1eb1ng Inox m\u1eb7t n\u00fam m\u00e0u v\u00e0ng<br \/>\n+ H\u1ec7 th\u1ed1ng c\u1ea3m \u1ee9ng ng\u1eaft gas t\u1ef1 \u0111\u1ed9ng an to\u00e0n<br \/>\n+ Ch\u1ebf \u0111\u1ed9 pep h\u1ea7m ti\u1ebft ki\u1ec7m gas<\/p>\n<p>&nbsp;<\/p>\n","protected":false},"excerpt":{"rendered":"<p>+ K\u00edch th\u01b0\u1edbc b\u1ebfp: 730x430mm<\/p>\n<p>+ K\u00edch th\u01b0\u1edbc kho\u00e9t \u0111\u00e1: 670x370mm<\/p>\n","protected":false},"featured_media":29587,"comment_status":"open","ping_status":"closed","template":"","meta":[],"product_brand":[],"product_cat":[147],"product_tag":[],"class_list":{"0":"post-29544","1":"product","2":"type-product","3":"status-publish","4":"has-post-thumbnail","6":"product_cat-do-gia-dung","8":"first","9":"instock","10":"taxable","11":"shipping-taxable","12":"purchasable","13":"product-type-simple"},"_links":{"self":[{"href":"https:\/\/dienmaytuandat.com\/index.php\/wp-json\/wp\/v2\/product\/29544","targetHints":{"allow":["GET"]}}],"collection":[{"href":"https:\/\/dienmaytuandat.com\/index.php\/wp-json\/wp\/v2\/product"}],"about":[{"href":"https:\/\/dienmaytuandat.com\/index.php\/wp-json\/wp\/v2\/types\/product"}],"replies":[{"embeddable":true,"href":"https:\/\/dienmaytuandat.com\/index.php\/wp-json\/wp\/v2\/comments?post=29544"}],"version-history":[{"count":0,"href":"https:\/\/dienmaytuandat.com\/index.php\/wp-json\/wp\/v2\/product\/29544\/revisions"}],"wp:featuredmedia":[{"embeddable":true,"href":"https:\/\/dienmaytuandat.com\/index.php\/wp-json\/wp\/v2\/media\/29587"}],"wp:attachment":[{"href":"https:\/\/dienmaytuandat.com\/index.php\/wp-json\/wp\/v2\/media?parent=29544"}],"wp:term":[{"taxonomy":"product_brand","embeddable":true,"href":"https:\/\/dienmaytuandat.com\/index.php\/wp-json\/wp\/v2\/product_brand?post=29544"},{"taxonomy":"product_cat","embeddable":true,"href":"https:\/\/dienmaytuandat.com\/index.php\/wp-json\/wp\/v2\/product_cat?post=29544"},{"taxonomy":"product_tag","embeddable":true,"href":"https:\/\/dienmaytuandat.com\/index.php\/wp-json\/wp\/v2\/product_tag?post=29544"}],"curies":[{"name":"wp","href":"https:\/\/api.w.org\/{rel}","templated":true}]}}