{"id":29568,"date":"2024-07-22T11:33:41","date_gmt":"2024-07-22T11:33:41","guid":{"rendered":"https:\/\/dienmaytuandat.com\/?post_type=product&#038;p=29568"},"modified":"2024-10-24T08:38:53","modified_gmt":"2024-10-24T08:38:53","slug":"may-bien-doi-nuoc-ro-thanh-nuoc-ion-kiem-tuoi-daikiosan-dn068","status":"publish","type":"product","link":"https:\/\/dienmaytuandat.com\/index.php\/san-pham\/may-bien-doi-nuoc-ro-thanh-nuoc-ion-kiem-tuoi-daikiosan-dn068\/","title":{"rendered":"M\u00e1y bi\u1ebfn \u0111\u1ed5i n\u01b0\u1edbc RO th\u00e0nh n\u01b0\u1edbc ion ki\u1ec1m t\u01b0\u01a1i Daikiosan DN070"},"content":{"rendered":"<p>&nbsp;<\/p>\n<p>&nbsp;<\/p>\n<p>&nbsp;<\/p>\n<p>&nbsp;<\/p>\n","protected":false},"excerpt":{"rendered":"<p><span style=\"font-size: 14pt;\"><strong>\u0110\u1eb7c \u0110i\u1ec3m N\u1ed5i B\u1eadt<\/strong><\/span><\/p>\n<p>Ph\u00f9 h\u1ee3p v\u1edbi t\u1ea5t c\u1ea3 c\u00e1c d\u00f2ng m\u00e1y l\u1ecdc n\u01b0\u1edbc RO c\u00e1c h\u00e3ng<\/p>\n<p>4 c\u1ea5p \u0111\u1ed9 pH h\u1ed7 tr\u1ee3 nhu c\u1ea7u s\u1eed d\u1ee5ng<\/p>\n<p>&#8211;<strong> P1<\/strong>: D\u00f9ng \u0111\u1ec3 pha s\u1eefa, u\u1ed1ng thu\u1ed1c, n\u1ea5u \u0103n v\u00e0 ph\u00f9 h\u1ee3p v\u1edbi c\u00e1c th\u1ee9c u\u1ed1ng c\u1ea7n pha chu\u1ea9n c\u00f4ng th\u1ee9c<\/p>\n<p>&#8211; <strong>P2<\/strong>: U\u1ed1ng tr\u1ef1c ti\u1ebfp, cho ng\u01b0\u1eddi m\u1edbi d\u00f9ng 3 th\u00e1ng \u0111\u1ea7u<\/p>\n<p>&#8211; <strong>P3<\/strong>: U\u1ed1ng tr\u1ef1c ti\u1ebfp, cho ng\u01b0\u1eddi \u0111\u00e3 u\u1ed1ng quen n\u01b0\u1edbc ion ki\u1ec1m t\u01b0\u01a1i<\/p>\n<p>&#8211; <strong>P4<\/strong>: D\u00f9ng \u0111\u1ec3 r\u1eeda m\u1eb7t gi\u00fap \u0111\u1eb9p da, ng\u00e2m rau c\u1ee7 qu\u1ea3 \u0111\u1ec3 lo\u1ea1i b\u1ecf thu\u1ed1c tr\u1eeb s\u00e2u\u2026<br \/>\n\u0110\u1ea1t chu\u1ea9n n\u01b0\u1edbc u\u1ed1ng tr\u1ef1c ti\u1ebfp theo quy chu\u1ea9n c\u1ee7a B\u1ed9 Y T\u1ebf<\/p>\n<p>Thi\u1ebft k\u1ebf nh\u1ecf g\u1ecdn, l\u1eafp \u0111\u1eb7t \u0111\u01b0\u1ee3c kh\u1eafp m\u1ecdi n\u01a1i<\/p>\n","protected":false},"featured_media":30695,"comment_status":"open","ping_status":"closed","template":"","meta":[],"product_brand":[],"product_cat":[113],"product_tag":[],"class_list":{"0":"post-29568","1":"product","2":"type-product","3":"status-publish","4":"has-post-thumbnail","6":"product_cat-may-loc-nuoc","8":"first","9":"instock","10":"sale","11":"taxable","12":"shipping-taxable","13":"purchasable","14":"product-type-simple"},"_links":{"self":[{"href":"https:\/\/dienmaytuandat.com\/index.php\/wp-json\/wp\/v2\/product\/29568","targetHints":{"allow":["GET"]}}],"collection":[{"href":"https:\/\/dienmaytuandat.com\/index.php\/wp-json\/wp\/v2\/product"}],"about":[{"href":"https:\/\/dienmaytuandat.com\/index.php\/wp-json\/wp\/v2\/types\/product"}],"replies":[{"embeddable":true,"href":"https:\/\/dienmaytuandat.com\/index.php\/wp-json\/wp\/v2\/comments?post=29568"}],"version-history":[{"count":3,"href":"https:\/\/dienmaytuandat.com\/index.php\/wp-json\/wp\/v2\/product\/29568\/revisions"}],"predecessor-version":[{"id":30386,"href":"https:\/\/dienmaytuandat.com\/index.php\/wp-json\/wp\/v2\/product\/29568\/revisions\/30386"}],"wp:featuredmedia":[{"embeddable":true,"href":"https:\/\/dienmaytuandat.com\/index.php\/wp-json\/wp\/v2\/media\/30695"}],"wp:attachment":[{"href":"https:\/\/dienmaytuandat.com\/index.php\/wp-json\/wp\/v2\/media?parent=29568"}],"wp:term":[{"taxonomy":"product_brand","embeddable":true,"href":"https:\/\/dienmaytuandat.com\/index.php\/wp-json\/wp\/v2\/product_brand?post=29568"},{"taxonomy":"product_cat","embeddable":true,"href":"https:\/\/dienmaytuandat.com\/index.php\/wp-json\/wp\/v2\/product_cat?post=29568"},{"taxonomy":"product_tag","embeddable":true,"href":"https:\/\/dienmaytuandat.com\/index.php\/wp-json\/wp\/v2\/product_tag?post=29568"}],"curies":[{"name":"wp","href":"https:\/\/api.w.org\/{rel}","templated":true}]}}