{"id":29605,"date":"2024-07-23T10:25:05","date_gmt":"2024-07-23T10:25:05","guid":{"rendered":"https:\/\/dienmaytuandat.com\/?post_type=product&#038;p=29605"},"modified":"2024-08-30T09:11:52","modified_gmt":"2024-08-30T09:11:52","slug":"micro-co-day-sn-001","status":"publish","type":"product","link":"https:\/\/dienmaytuandat.com\/index.php\/san-pham\/micro-co-day-sn-001\/","title":{"rendered":"Micro c\u00f3 d\u00e2y SN-001"},"content":{"rendered":"<p>Micro h\u00e1t karaoke c\u00f3 d\u00e2y Shunison KTV SN-001<br \/>\n\u0110\u1ea7u micro c\u00f3 d\u00e2y Shunison SN001 c\u00f3 \u0111\u1ed9 nh\u1ea1y cao,c\u00f3 s\u1ee9c h\u00fat cho gi\u1ecdng ca trong v\u00e0 s\u00e1ng, th\u00edch h\u1ee3p v\u1edbi h\u1ea7u h\u1ebft c\u00e1c lo\u1ea1i loa v\u00e0 \u00e2m ly \u0111ang c\u00f3 tr\u00ean th\u1ecb tr\u01b0\u1eddng.<br \/>\nD\u00e2y micro d\u00e0i t\u1edbi 6 m\u00e9t, v\u1edbi \u0111\u1ed9 d\u00e0i d\u00e2y s\u1eed d\u1ee5ng l\u00f5i ch\u1ea5t d\u1eabn t\u1ed1t th\u00edch h\u1ee3p cho karaoke gia \u0111\u00ecnh v\u00e0 d\u00e0n karaoke h\u1ed9i ph\u00f2ng,c\u0169ng nh\u01b0 trong ph\u00f2ng h\u1ed9i ngh\u1ecb.<br \/>\nV\u1ecf ngo\u00e0i micro \u0111\u01b0\u1ee3c l\u00e0m b\u1eb1ng b\u00eca catton g\u1ea5p kh\u00fac,in h\u00ecnh \u1ea3nh chu\u1ea9n m\u1ef1c k\u00edch th\u01b0\u1edbc nh\u01b0 s\u1ea3n ph\u1ea9m g\u1ed1c,<br \/>\n\u0110\u1ea7u micro \u0111\u01b0\u1ee3c thi\u1ebft k\u1ebf t\u1eeb ch\u1ea5t li\u1ec7u h\u1ee3p kim nh\u00f4m c\u1ee9ng c\u00e1p, c\u1ea7m kh\u00e1 ch\u1eafc tay ph\u00eda tr\u00ean \u0111\u01b0\u1ee3c bao ph\u1ee7 b\u1edfi m\u1ed9t l\u1edbp s\u01a1n c\u00e1ch \u0111i\u1ec7n m\u00e0u tr\u1eafng sang tr\u1ecdng cho \u00e2m thanh ph\u00e1t ra ch\u1eafc ti\u1ebfng tr\u00f2n \u00e2m h\u01a1n<br \/>\nT\u00edch h\u1ee3p nhi\u1ec1u t\u00ednh n\u0103ng hi\u1ec7n \u0111\u1ea1i: ch\u1ed1ng nhi\u1ec5u, gi\u1ea3m ti\u1ebfng \u1ed3n, lo\u1ea1i b\u1ecf \u00e2m t\u1ea1p tr\u01b0\u1edbc khi cho ra th\u00e0nh ph\u1ea9m.<br \/>\nV\u1edbi \u0111\u1ed9 nh\u1ea1y 125 db n\u00ean d\u1ec5 d\u00e0ng b\u1eaft \u0111\u01b0\u1ee3c \u00e2m m\u1ecdi l\u00fac m\u1ecdi n\u01a1i k\u1ebft h\u1ee3p c\u00f9ng d\u1ea3i t\u1ea7n s\u1ed1 r\u1ed9ng 100Hz \u2013 10KHz ph\u00f9 h\u1ee3p v\u1edbi \u00e2m s\u00e1ng t\u1ea7m trung v\u00e0 \u00e2m bass \u0111\u1ec3 cho \u00e2m thanh ph\u00e1t ra r\u00f5 r\u00e0ng v\u00e0 ch\u1eafc ti\u1ebfng h\u01a1n.<\/p>\n","protected":false},"excerpt":{"rendered":"<p>Micro h\u00e1t karaoke c\u00f3 d\u00e2y Shunison KTV SN-001 \u0110\u1ea7u micro c\u00f3 d\u00e2y Shunison SN001 c\u00f3 \u0111\u1ed9 nh\u1ea1y cao,c\u00f3 s\u1ee9c h\u00fat<\/p>\n","protected":false},"featured_media":29606,"comment_status":"open","ping_status":"closed","template":"","meta":[],"product_brand":[],"product_cat":[168],"product_tag":[],"class_list":{"0":"post-29605","1":"product","2":"type-product","3":"status-publish","4":"has-post-thumbnail","6":"product_cat-do-dien-tu","8":"first","9":"instock","10":"taxable","11":"shipping-taxable","12":"product-type-simple"},"_links":{"self":[{"href":"https:\/\/dienmaytuandat.com\/index.php\/wp-json\/wp\/v2\/product\/29605","targetHints":{"allow":["GET"]}}],"collection":[{"href":"https:\/\/dienmaytuandat.com\/index.php\/wp-json\/wp\/v2\/product"}],"about":[{"href":"https:\/\/dienmaytuandat.com\/index.php\/wp-json\/wp\/v2\/types\/product"}],"replies":[{"embeddable":true,"href":"https:\/\/dienmaytuandat.com\/index.php\/wp-json\/wp\/v2\/comments?post=29605"}],"version-history":[{"count":0,"href":"https:\/\/dienmaytuandat.com\/index.php\/wp-json\/wp\/v2\/product\/29605\/revisions"}],"wp:featuredmedia":[{"embeddable":true,"href":"https:\/\/dienmaytuandat.com\/index.php\/wp-json\/wp\/v2\/media\/29606"}],"wp:attachment":[{"href":"https:\/\/dienmaytuandat.com\/index.php\/wp-json\/wp\/v2\/media?parent=29605"}],"wp:term":[{"taxonomy":"product_brand","embeddable":true,"href":"https:\/\/dienmaytuandat.com\/index.php\/wp-json\/wp\/v2\/product_brand?post=29605"},{"taxonomy":"product_cat","embeddable":true,"href":"https:\/\/dienmaytuandat.com\/index.php\/wp-json\/wp\/v2\/product_cat?post=29605"},{"taxonomy":"product_tag","embeddable":true,"href":"https:\/\/dienmaytuandat.com\/index.php\/wp-json\/wp\/v2\/product_tag?post=29605"}],"curies":[{"name":"wp","href":"https:\/\/api.w.org\/{rel}","templated":true}]}}