{"id":29608,"date":"2024-07-23T10:41:08","date_gmt":"2024-07-23T10:41:08","guid":{"rendered":"https:\/\/dienmaytuandat.com\/?post_type=product&#038;p=29608"},"modified":"2024-08-30T09:12:37","modified_gmt":"2024-08-30T09:12:37","slug":"micro-co-day-sn-8000","status":"publish","type":"product","link":"https:\/\/dienmaytuandat.com\/index.php\/san-pham\/micro-co-day-sn-8000\/","title":{"rendered":"Micro c\u00f3 d\u00e2y SN-8000"},"content":{"rendered":"<p>EUDAC DE-9004Micro c\u00f3 d\u00e2y SHUPU SM 8000 c\u00f9ng v\u1edbi chi\u1ebfc SHUPU SM 959 \u0111ang l\u00e0 2 s\u1ea3n ph\u1ea9m b\u00e1n ch\u1ea1y nh\u1ea5t c\u1ee7a h\u00e3ng SHUPU trong ph\u00e2n kh\u00fac micro gi\u00e1 r\u1ebb t\u1ea1i Vi\u1ec7t Nam hi\u1ec7n nay. D\u00f2ng micro SHUPU SM 8000 n\u00e0y \u0111\u00e1nh m\u1ea1nh v\u00e0o \u0111\u1ed1i t\u01b0\u1ee3ng kh\u00e1ch h\u00e0ng l\u00e0 nh\u1eefng ng\u01b0\u1eddi c\u00f3 nhu c\u1ea7u t\u00ecm mua m\u1ed9t d\u00f2ng micro ch\u1ea5t l\u01b0\u1ee3ng cao nh\u01b0ng l\u00e0 lo\u1ea1i c\u00f3 d\u00e2y v\u00e0 m\u1ee9c gi\u00e1 r\u1ebb nh\u1ea5t c\u00f3 th\u1ec3.<\/p>\n<p>\u0110\u00e1nh gi\u00e1 t\u1ed5ng quan micro SHUPU SM 8000<br \/>\nMicro c\u00f3 d\u00e2y Shupu SM-8000 l\u00e0 thi\u1ebft b\u1ecb thu \u00e2m gi\u1ecdng n\u00f3i chuy\u00ean d\u00f9ng \u0111\u1ec3 h\u00e1t karaoke v\u1edbi gi\u1ecdng h\u00e1t trung th\u1ef1c v\u00e0 truy\u1ec1n c\u1ea3m,mang \u0111\u1ebfn gi\u1ecdng h\u00e1t m\u1ea1nh m\u1ebd. D\u00f2ng s\u1ea3n ph\u1ea9m SM-8000 c\u1ee7a h\u00e3ng SHUPU \u0111\u01b0\u1ee3c thi\u1ebft k\u1ebf v\u1edbi m\u00e0u s\u1eafc trang nh\u00e3, \u0111\u1ed9 nh\u1ea1y cao. Micro n\u00e0y \u0111\u01b0\u1ee3c \u1ee9ng d\u1ee5ng r\u1ed9ng r\u00e3i trong c\u00e1c h\u1ec7 th\u1ed1ng \u00e2m thanh h\u1ed9i tr\u01b0\u1eddng, \u0111\u1eb7c bi\u1ec7t m\u1ed9t s\u1ed1 h\u1ec7 th\u1ed1ng d\u00e0n karaoke chuy\u00ean nghi\u1ec7p v\u1eabn s\u1eed d\u1ee5ng s\u1ea3n ph\u1ea9m n\u00e0y.<\/p>\n<p>M\u1ea1ch c\u1ee7a micro c\u00f3 d\u00e2y SM 8000 \u0111\u01b0\u1ee3c thi\u1ebft k\u1ebf \u0111\u1ec3 t\u0103ng kh\u1ea3 n\u0103ng ch\u1ed1ng h\u00fa c\u1ef1c t\u1ed1t c\u00f9ng v\u1edbi kh\u1ea3 n\u0103ng b\u1eaft \u00e2m thanh c\u1ef1c nh\u1ea1y gi\u00fap ng\u01b0\u1eddi d\u00f9ng kh\u00f4ng b\u1ecb m\u1ea5t qu\u00e1 nhi\u1ec1u h\u01a1i khi h\u00e1t. Shupu SM8000 c\u00f2n c\u00f3 kh\u1ea3 n\u0103ng l\u1ecdc \u00e2m thanh c\u1ef1c t\u1ed1t t\u1ea1o n\u00ean nh\u1eefng b\u1ea3n nh\u1ea1c s\u00e1ng trong, \u00e2m thanh m\u01b0\u1ee3t m\u00e0 tr\u00e0n \u0111\u1ea7y s\u1ee9c m\u1ea1nh. Micro SM8000 c\u00f3 d\u00e2y d\u00e0i t\u1edbi 7m gi\u00fap b\u1ea1n di chuy\u1ec3n thu\u1eadn ti\u1ec7n khi \u0111ang h\u00e1t m\u00e0 kh\u00f4ng lo s\u1ebd b\u1ecb thi\u1ebfu d\u00e2y.<\/p>\n<p>V\u1edbi thi\u1ebft k\u1ebf ph\u1ea7n ngo\u00e0i l\u00e0m b\u1eb1ng h\u1ee3p kim \u0111\u01b0\u1ee3c s\u01a1n t\u0129nh \u0111i\u1ec7n, c\u1ea7m tr\u00ean tay r\u1ea5t ch\u1eafc ch\u1eafn, \u0111\u1ed9 b\u00ean cao v\u01b0\u1ee3t th\u1eddi gian, kh\u1ea3 n\u0103ng ch\u1ed1ng v\u1ee1, ch\u1ed1ng va \u0111\u1eadp c\u1ef1c t\u1ed1t l\u00e0 \u01b0u \u0111i\u1ec3m kh\u00f4ng th\u1ec3 kh\u00f4ng k\u1ec3 \u0111\u1ebfn c\u1ee7a s\u1ea3n ph\u1ea9m.<br \/>\n\u0110\u1ea7u micro \u0111\u01b0\u1ee3c l\u00e0m t\u1eeb ch\u1ea5t li\u1ec7u kim lo\u1ea1i nh\u00f4m c\u1ee9ng ch\u1eafc, ph\u1ee7 b\u00ean ngo\u00e0i l\u1edbp s\u01a1n b\u00f3ng t\u1ea1o s\u1ef1 thu h\u00fat ngay c\u00e1i nh\u00ecn \u0111\u1ea7u ti\u00ean, c\u0169ng nh\u01b0 b\u1ea3o v\u1ec7 \u0111\u1ea7u micro kh\u00f4ng b\u1ecb r\u1ec9 s\u00e9t trong qu\u00e1 tr\u00ecnh s\u1eed d\u1ee5ng v\u00e0 \u0111\u1ea3m b\u1ea3o v\u1ec7 sinh cho ng\u01b0\u1eddi d\u00f9ng khi s\u1eed d\u1ee5ng \u0111\u00f4ng.<\/p>\n","protected":false},"excerpt":{"rendered":"<p>Mico c\u00f3 d\u00e2y Sunison SN &#8211; 8000A, s\u1ea3n ph\u1ea9m lu\u00f4n \u0111\u01b0\u1ee3c \u01b0a chu\u1ed9ng trong nh\u1eefng ph\u00f2ng h\u00e1t karaoke gia \u0111\u00ecnh hay ph\u00f2ng h\u1ecdp nh\u1ecf.<\/p>\n","protected":false},"featured_media":29609,"comment_status":"open","ping_status":"closed","template":"","meta":[],"product_brand":[],"product_cat":[168],"product_tag":[],"class_list":{"0":"post-29608","1":"product","2":"type-product","3":"status-publish","4":"has-post-thumbnail","6":"product_cat-do-dien-tu","8":"first","9":"instock","10":"taxable","11":"shipping-taxable","12":"product-type-simple"},"_links":{"self":[{"href":"https:\/\/dienmaytuandat.com\/index.php\/wp-json\/wp\/v2\/product\/29608","targetHints":{"allow":["GET"]}}],"collection":[{"href":"https:\/\/dienmaytuandat.com\/index.php\/wp-json\/wp\/v2\/product"}],"about":[{"href":"https:\/\/dienmaytuandat.com\/index.php\/wp-json\/wp\/v2\/types\/product"}],"replies":[{"embeddable":true,"href":"https:\/\/dienmaytuandat.com\/index.php\/wp-json\/wp\/v2\/comments?post=29608"}],"version-history":[{"count":0,"href":"https:\/\/dienmaytuandat.com\/index.php\/wp-json\/wp\/v2\/product\/29608\/revisions"}],"wp:featuredmedia":[{"embeddable":true,"href":"https:\/\/dienmaytuandat.com\/index.php\/wp-json\/wp\/v2\/media\/29609"}],"wp:attachment":[{"href":"https:\/\/dienmaytuandat.com\/index.php\/wp-json\/wp\/v2\/media?parent=29608"}],"wp:term":[{"taxonomy":"product_brand","embeddable":true,"href":"https:\/\/dienmaytuandat.com\/index.php\/wp-json\/wp\/v2\/product_brand?post=29608"},{"taxonomy":"product_cat","embeddable":true,"href":"https:\/\/dienmaytuandat.com\/index.php\/wp-json\/wp\/v2\/product_cat?post=29608"},{"taxonomy":"product_tag","embeddable":true,"href":"https:\/\/dienmaytuandat.com\/index.php\/wp-json\/wp\/v2\/product_tag?post=29608"}],"curies":[{"name":"wp","href":"https:\/\/api.w.org\/{rel}","templated":true}]}}