{"id":29611,"date":"2024-07-23T12:09:10","date_gmt":"2024-07-23T12:09:10","guid":{"rendered":"https:\/\/dienmaytuandat.com\/?post_type=product&#038;p=29611"},"modified":"2024-08-30T09:11:31","modified_gmt":"2024-08-30T09:11:31","slug":"micro-co-day-shure-959","status":"publish","type":"product","link":"https:\/\/dienmaytuandat.com\/index.php\/san-pham\/micro-co-day-shure-959\/","title":{"rendered":"Micro c\u00f3 d\u00e2y SHURE 959"},"content":{"rendered":"<p>Gi\u1edbi thi\u1ec7u v\u1ec1 s\u1ea3n ph\u1ea9m Micro c\u00f3 d\u00e2y SHURE 959<br \/>\nMicro c\u00f3 d\u00e2y Shure 959 l\u00e0 m\u1ed9t trong nh\u1eefng s\u1ea3n ph\u1ea9m c\u00f3 ch\u1ea5t l\u01b0\u1ee3ng tuy\u1ec7t v\u1eddi \u0111\u1ebfn t\u1eeb th\u01b0\u01a1ng hi\u1ec7u Shure. C\u00e1c s\u1ea3n ph\u1ea9m c\u1ee7a th\u01b0\u01a1ng hi\u1ec7u n\u00e0y \u0111\u01b0\u1ee3c s\u1ea3n xu\u1ea5t tr\u00ean d\u00e2y truy\u1ec1n c\u00f4ng ngh\u1ec7 v\u00f4 c\u00f9ng hi\u1ec7n \u0111\u1ea1i. C\u00f9ng v\u1edbi \u0111\u00f3 l\u00e0 c\u00e1c linh ki\u1ec7n b\u00ean trong \u0111\u1ec1u \u0111\u01b0\u1ee3c ki\u1ec3m tra v\u00f4 c\u00f9ng nghi\u00eam ng\u1eb7t tr\u01b0\u1edbc khi \u0111\u01b0a v\u00e0o d\u00e2y truy\u1ec1n s\u1ea3n xu\u1ea5t.<\/p>\n<p>Ch\u00ednh b\u1edfi v\u1eady m\u00e0 s\u1ea3n ph\u1ea9m c\u00f3 \u0111\u01b0\u1ee3c v\u00f4 c\u00f9ng nhi\u1ec1u t\u00ednh n\u0103ng n\u1ed5i b\u1eadt m\u00e0 c\u00e1c thi\u1ebft b\u1ecb kh\u00e1c trong c\u00f9ng ph\u00e2n kh\u00fac kh\u00f4ng c\u00f3 \u0111\u01b0\u1ee3c. Trong b\u00e0i vi\u1ebft ng\u00e0y h\u00f4m nay, L\u1ea1c Vi\u1ec7t audio xin gi\u1edbi thi\u1ec7u \u0111\u1ebfn c\u00e1c b\u1ea1n nh\u1eefng t\u00ednh n\u0103ng n\u1ed5i b\u1eadt c\u0169ng nh\u01b0 c\u00e1c th\u00f4ng s\u1ed1 k\u1ef9 thu\u1eadt chi ti\u1ebft c\u1ee7a s\u1ea3n ph\u1ea9m Micro c\u00f3 d\u00e2y Shure 959 n\u00e0y.<\/p>\n<p>T\u1eeb \u0111\u00f3 gi\u00fap cho cho b\u1ea1n c\u00f3 \u0111\u01b0\u1ee3c c\u00e1i nh\u00ecn to\u00e0n di\u1ec7n nh\u1ea5t v\u1ec1 s\u1ea3n ph\u1ea9m v\u00e0 c\u00f3 \u0111\u01b0\u1ee3c quy\u1ebft \u0111\u1ecbnh \u0111\u00fang \u0111\u1eafn nh\u1ea5t khi mua s\u1ea3n ph\u1ea9m micro cho d\u00e0n thi\u1ebft b\u1ecb \u00e2m thanh c\u1ee7a gia \u0111\u00ecnh m\u00ecnh.<\/p>\n<p>C\u00e1c t\u00ednh n\u0103ng n\u1ed5i b\u1eadt c\u1ee7a s\u1ea3n ph\u1ea9m Micro c\u00f3 d\u00e2y SHURE 959<br \/>\nT\u00ednh n\u0103ng \u0111\u1ea7u ti\u00ean c\u1ea7n ph\u1ea3i k\u1ec3 \u0111\u1ebfn c\u1ee7a s\u1ea3n ph\u1ea9m n\u00e0y \u0111\u00f3 ch\u00ednh l\u00e0 thi\u1ebft b\u1ecb Micro c\u00f3 d\u00e2y Shure 959 \u0111\u01b0\u1ee3c h\u00e3ng trang b\u1ecb d\u1ea3i t\u1ea7n s\u1ed1 \u0111\u00e1p tuy\u1ebfn c\u1ef1c r\u1ed9ng t\u1eeb 50Hz \u0111\u1ebfn 15 khz.<\/p>\n<p>V\u1edbi d\u1ea3i t\u1ea7n s\u1ed1 \u0111\u00e1p tuy\u1ebfn n\u00e0y, s\u1ea3n ph\u1ea9m c\u00f3 th\u1ec3 \u0111em \u0111\u1ebfn \u0111\u01b0\u1ee3c nh\u1eefng gi\u00e2y ph\u00fat th\u01b0 gi\u00e3n c\u0169ng nh\u01b0 nh\u1eefng gi\u00e2y ph\u00fat gi\u1ea3i tr\u00ed chuy\u00ean nghi\u1ec7p tuy\u1ec7t v\u1eddi nh\u1ea5t cho c\u00e1c b\u1ea1n.<\/p>\n<p>C\u00e1c \u00e2m thanh \u0111\u1ebfn t\u1eeb thi\u1ebft b\u1ecb n\u00e0y kh\u00f4ng h\u1ec1 b\u1ecb c\u00e1c hi\u1ec7n t\u01b0\u1ee3ng nh\u01b0 r\u00e8 rung hay b\u1ecb m\u1ea5t ti\u1ebfng b\u1edfi n\u00f3 c\u00f3 th\u1ec3 hi\u1ec7n t\u01b0\u1ee3ng m\u1ecdi \u00e2m thanh trong m\u1ecdi kho\u1ea3ng t\u1ea7n s\u1ed1 kh\u00e1c nhau.<\/p>\n<p>\u0110\u01b0\u1ee3c trang b\u1ecb d\u00e2y micro s\u1eb5n l\u00ean \u0111\u1ebfn 7m gi\u00fap cho b\u1ea1n c\u00f3 th\u1ec3 s\u1eed d\u1ee5ng s\u1ea3n ph\u1ea9m trong m\u1ed9t di\u1ec7n t\u00edch c\u0169ng nh\u01b0 kh\u00f4ng gian kh\u00e1 r\u1ed9ng.<\/p>\n<p>Micro c\u00f3 d\u00e2y Shure 959 v\u1edbi m\u1ee9c tr\u1edf kh\u00e1ng 600 \u00f4m gi\u00fap cho s\u1ea3n ph\u1ea9m c\u00f3 th\u1ec3 \u0111\u1ec3 d\u1ec5 d\u00e0ng k\u1ebft n\u1ed1i v\u1edbi c\u00e1c thi\u1ebft b\u1ecb c\u0169ng nh\u01b0 c\u00e1c c\u00e1c s\u1ea3n ph\u1ea9m kh\u00e1c trong d\u00e0n \u00e2m thanh nh\u00e0 b\u1ea1n, \u0111\u1ec3 t\u1eeb \u0111\u00f3 gi\u00fap cho b\u1ea1n c\u00f3 \u0111\u01b0\u1ee3c m\u1ed9t d\u00e0n thi\u1ebft b\u1ecb \u00e2m thanh phong ph\u00fa v\u00e0 chuy\u00ean nghi\u1ec7p nh\u1ea5t.<\/p>\n<p>\u0110\u01b0\u1ee3c s\u1ea3n xu\u1ea5t tr\u00ean d\u00e2y truy\u1ec1n c\u00f4ng ngh\u1ec7 hi\u1ec7n \u0111\u1ea1i. \u0110i\u1ec1u n\u00e0y gi\u00fap cho s\u1ea3n ph\u1ea9m c\u00f3 kh\u1ea3 n\u0103ng t\u00e1i t\u1ea1o \u00e2m thanh v\u00f4 c\u00f9ng tuy\u1ec7t v\u1eddi.<\/p>\n<p>\u0110\u01b0\u1ee3c \u1ee9ng d\u1ee5ng kh\u1ea3 n\u0103ng ch\u1ed1ng nhi\u1ec5u s\u00f3ng c\u0169ng nh\u01b0 kh\u1ea3 n\u0103ng t\u1ef1 \u0111\u1ed9ng c\u1eaft c\u00e1c d\u1ea3i t\u1ea7n s\u1ed1 th\u1eeba gi\u00fap cho \u00e2m thanh c\u1ee7a b\u1ea1n chuy\u1ec3n ra loa v\u00f4 c\u00f9ng ch\u1ea5t l\u01b0\u1ee3ng, chi ti\u1ebft v\u00e0 tuy\u1ec7t v\u1eddi.<\/p>\n<p>B\u1ea1n ch\u1eafc ch\u1eafn s\u1ebd v\u00f4 c\u00f9ng h\u00e0i l\u00f2ng khi s\u1eed d\u1ee5ng s\u1ea3n ph\u1ea9m n\u00e0y trong d\u00e0n thi\u1ebft b\u1ecb \u00e2m thanh c\u1ee7a gia \u0111\u00ecnh m\u00ecnh.<\/p>\n<p>Thi\u1ebft k\u1ebf b\u00ean ngo\u00e0i c\u1ee7a s\u1ea3n ph\u1ea9m Micro c\u00f3 d\u00e2y SHURE 959<br \/>\nB\u00ean c\u1ea1nh nh\u1eefng t\u00ednh n\u0103ng cu\u1ed1i c\u00f9ng tuy\u1ec7t v\u1eddi \u0111\u00f3 th\u00ec s\u1ea3n ph\u1ea9m c\u0169ng c\u00f3 \u0111\u01b0\u1ee3c thi\u1ebft k\u1ebf b\u00ean ngo\u00e0i v\u00f4 c\u00f9ng hi\u1ec7n \u0111\u1ea1i, sang tr\u1ecdng nh\u01b0ng v\u1eabn gi\u1eef \u0111\u01b0\u1ee3c s\u1ef1 m\u1ea1nh m\u1ebd v\u00e0 b\u1ec1n b\u1ec9.<\/p>\n<p>V\u1ecf ngo\u00e0i c\u1ee7a s\u1ea3n ph\u1ea9m Micro c\u00f3 d\u00e2y Shure 959 \u0111\u01b0\u1ee3c l\u00e0m t\u1eeb ch\u1ea5t li\u1ec7u h\u1ee3p kim v\u00f4 c\u00f9ng c\u1ee9ng c\u00e1p v\u00e0 ch\u1eafc ch\u1eafn, gi\u00fap b\u1ea3o v\u1ec7 c\u00e1c linh ki\u1ec7n b\u00ean trong c\u1ee7a micro kh\u1ecfi c\u00e1c t\u00e1c \u0111\u1ed9ng x\u1ea5u t\u1eeb m\u00f4i tr\u01b0\u1eddng b\u00ean ngo\u00e0i, t\u1eeb \u0111\u00f3 gi\u00fap cho s\u1ea3n ph\u1ea9m c\u00f3 th\u1ec3 ho\u1ea1t \u0111\u1ed9ng l\u00e2u d\u00e0i v\u00e0 b\u1ec1n b\u1ec9 h\u01a1n.<\/p>\n<p>V\u1ecf ngo\u00e0i \u0111\u01b0\u1ee3c s\u01a1n m\u1ed9t l\u1edbp s\u01a1n t\u0129nh \u0111i\u1ec7n m\u00e0u \u0111en x\u00e1m v\u00f4 c\u00f9ng n\u1ed5i b\u1eadt v\u00e0 b\u1eaft m\u1eaft. Kh\u00f4ng ch\u1ec9 c\u00f3 kh\u1ea3 n\u0103ng ch\u1ed1ng tr\u1ea7y x\u01b0\u1edbc ch\u1ed1ng th\u1ea5m n\u01b0\u1edbc v\u00e0 ch\u1ed1ng b\u00e1m v\u00e2n tay c\u1ef1c k\u1ef3 tuy\u1ec7t v\u1eddi m\u00e0 c\u00f2n l\u00e0m t\u0103ng t\u00ednh th\u1ea9m m\u1ef9 cho s\u1ea3n ph\u1ea9m.<\/p>\n<p>Logo c\u1ee7a s\u1ea3n ph\u1ea9m Micro c\u00f3 d\u00e2y Shure 959 \u0111\u01b0\u1ee3c in \u1edf ngay m\u1eb7t tr\u01b0\u1edbc tr\u00ean th\u00e2n c\u1ee7a tay mic gi\u00fap cho s\u1ea3n ph\u1ea9m c\u00f3 th\u1ec3 t\u0103ng \u0111\u01b0\u1ee3c kh\u1ea3 n\u0103ng nh\u1eadn di\u1ec7n th\u01b0\u01a1ng hi\u1ec7u cho m\u00ecnh.<\/p>\n<p>\u0110\u1ea7u micro \u0111\u01b0\u1ee3c trang b\u1ecb kh\u1ea3 n\u0103ng ch\u1ed1ng h\u00fa v\u00f4 c\u00f9ng tuy\u1ec7t v\u1eddi \u0111\u01b0\u1ee3c l\u00e0m t\u1eeb ch\u1ea5t li\u1ec7u th\u00e9p kh\u00f4ng g\u1ec9, gi\u00fap \u0111em \u0111\u1ebfn nh\u1eefng \u00e2m thanh chuy\u00ean nghi\u1ec7p v\u00e0 ch\u1ea5t l\u01b0\u1ee3ng nh\u1ea5t.<\/p>\n<p>S\u1ea3n ph\u1ea9m c\u00f3 tr\u1ecdng l\u01b0\u1ee3ng ch\u1ec9 270 gram nh\u01b0ng \u0111\u01b0\u1ee3c thi\u1ebft k\u1ebf v\u00f4 c\u00f9ng ch\u1eafc ch\u1eafn. S\u1ea3n ph\u1ea9m Micro c\u00f3 d\u00e2y Shure 959 ch\u1eafc ch\u1eafn s\u1ebd \u0111em \u0111\u1ebfn cho b\u1ea1n nh\u1eefng tr\u1ea3i nghi\u1ec7m \u00e2m thanh chuy\u00ean nghi\u1ec7p v\u00e0 tuy\u1ec7t v\u1eddi nh\u1ea5t.<\/p>\n","protected":false},"excerpt":{"rendered":"<p>Gi\u1edbi thi\u1ec7u v\u1ec1 s\u1ea3n ph\u1ea9m Micro c\u00f3 d\u00e2y SHURE 959 Micro c\u00f3 d\u00e2y Shure 959 l\u00e0 m\u1ed9t trong nh\u1eefng s\u1ea3n<\/p>\n","protected":false},"featured_media":29612,"comment_status":"open","ping_status":"closed","template":"","meta":[],"product_brand":[],"product_cat":[168],"product_tag":[],"class_list":{"0":"post-29611","1":"product","2":"type-product","3":"status-publish","4":"has-post-thumbnail","6":"product_cat-do-dien-tu","8":"first","9":"instock","10":"taxable","11":"shipping-taxable","12":"product-type-simple"},"_links":{"self":[{"href":"https:\/\/dienmaytuandat.com\/index.php\/wp-json\/wp\/v2\/product\/29611","targetHints":{"allow":["GET"]}}],"collection":[{"href":"https:\/\/dienmaytuandat.com\/index.php\/wp-json\/wp\/v2\/product"}],"about":[{"href":"https:\/\/dienmaytuandat.com\/index.php\/wp-json\/wp\/v2\/types\/product"}],"replies":[{"embeddable":true,"href":"https:\/\/dienmaytuandat.com\/index.php\/wp-json\/wp\/v2\/comments?post=29611"}],"version-history":[{"count":0,"href":"https:\/\/dienmaytuandat.com\/index.php\/wp-json\/wp\/v2\/product\/29611\/revisions"}],"wp:featuredmedia":[{"embeddable":true,"href":"https:\/\/dienmaytuandat.com\/index.php\/wp-json\/wp\/v2\/media\/29612"}],"wp:attachment":[{"href":"https:\/\/dienmaytuandat.com\/index.php\/wp-json\/wp\/v2\/media?parent=29611"}],"wp:term":[{"taxonomy":"product_brand","embeddable":true,"href":"https:\/\/dienmaytuandat.com\/index.php\/wp-json\/wp\/v2\/product_brand?post=29611"},{"taxonomy":"product_cat","embeddable":true,"href":"https:\/\/dienmaytuandat.com\/index.php\/wp-json\/wp\/v2\/product_cat?post=29611"},{"taxonomy":"product_tag","embeddable":true,"href":"https:\/\/dienmaytuandat.com\/index.php\/wp-json\/wp\/v2\/product_tag?post=29611"}],"curies":[{"name":"wp","href":"https:\/\/api.w.org\/{rel}","templated":true}]}}