{"id":29620,"date":"2024-07-23T14:11:52","date_gmt":"2024-07-23T14:11:52","guid":{"rendered":"https:\/\/dienmaytuandat.com\/?post_type=product&#038;p=29620"},"modified":"2024-08-30T09:15:48","modified_gmt":"2024-08-30T09:15:48","slug":"micro-khong-day-shure-ugx8-ii","status":"publish","type":"product","link":"https:\/\/dienmaytuandat.com\/index.php\/san-pham\/micro-khong-day-shure-ugx8-ii\/","title":{"rendered":"MICRO KH\u00d4NG D\u00c2Y SHURE UGX8 II"},"content":{"rendered":"<p>Gi\u1edbi thi\u1ec7u v\u1ec1 Micro shure UGX 8 II?<br \/>\nMicro kh\u00f4ng d\u00e2y shure UGX 8 II l\u00e0 d\u00f2ng micro cao c\u1ea5p c\u1ee7a h\u00e3ng Shure \u0111\u01b0\u1ee3c n\u00e2ng c\u1ea5p t\u1eeb s\u1ea3n ph\u1ea9m micro kh\u00f4ng d\u00e2y t\u1ed1t nh\u1ea5t tr\u00ean th\u1ecb tr\u01b0\u1eddng hi\u1ec7n nay. S\u1ea3n ph\u1ea9m \u0111\u01b0\u1ee3c s\u1eed d\u1ee5ng ph\u1ed5 bi\u1ebfn v\u00e0 r\u1ed9ng d\u00e3i t\u1ea1i Vi\u1ec7t Nam do c\u00f3 \u0111\u1eb7c \u0111i\u1ec3m c\u1ea5u t\u1ea1o s\u1ea3n ph\u1ea9m t\u1ed1t, gi\u00e1 th\u00e0nh ph\u00f9 h\u1ee3p v\u1edbi \u0111\u1ea1i \u0111a s\u1ed1 thu nh\u1eadp b\u00ecnh d\u00e2n c\u1ee7a ng\u01b0\u1eddi Vi\u1ec7t Nam. S\u1ea3n ph\u1ea9m \u0111\u01b0\u1ee3c s\u1ea3n xu\u1ea5t b\u1edfi h\u00e3ng SHURE n\u1ed5i ti\u1ebfng c\u1ee7a Nh\u1eadt B\u1ea3n v\u1ec1 s\u1ea3n xu\u1ea5t c\u00e1c lo\u1ea1i micro kh\u00f4ng d\u00e2y. Theo kh\u1ea3o s\u00e1t t\u1eeb c\u00e1c qu\u00e1n Karaoke th\u00ec c\u1ee9 trung b\u00ecnh m\u1ed9t n\u1eeda c\u00e1c qu\u00e1n h\u00e1t s\u1eed d\u1ee5ng lo\u1ea1i micro n\u00e0y.<\/p>\n<p>S\u1ef1 kh\u00e1c bi\u1ec7t t\u1eeb t\u00ednh n\u0103ng n\u1ed5i tr\u1ed9i c\u1ee7a s\u1ea3n ph\u1ea9m Micro shure UGX 8 II<br \/>\nC\u00f3 qu\u00e1 nhi\u1ec1u \u0111\u1eb7c \u0111i\u1ec3m n\u1ed5i b\u1eadt c\u1ee7a Shure UGX 8 II so v\u1edbi s\u1ea3n ph\u1ea9m kh\u00e1c. \u0110\u00f3 c\u0169ng l\u00e0 l\u00fd do gi\u1ea3i th\u00edch v\u00ec sao doanh s\u1ed1 b\u00e1n c\u1ee7a d\u00f2ng s\u1ea3n ph\u1ea9m n\u00e0y l\u1ea1i cao \u0111\u1ebfn nh\u01b0 v\u1eady.<\/p>\n<p>Ti\u1ec7n l\u1ee3i<br \/>\nD\u1eabn \u0111\u1ea7u v\u1edbi phi\u00ean b\u1ea3n n\u00e2ng c\u1ea5p v\u1edbi d\u00f2ng micro c\u00f3 d\u00e2y th\u00ec h\u00e3ng Shure \u0111\u00e3 cho ra \u0111\u1eddi s\u1ea3n ph\u1ea9m Micro Shure UGX8 II kh\u00f4ng d\u00e2y kh\u00e1c bi\u1ec7t h\u1eb3n so v\u1edbi micro c\u00f3 d\u00e2y tr\u01b0\u1edbc \u0111\u00e2y. Ngo\u00e0i ra, s\u1ea3n ph\u1ea9m \u0111\u01b0\u1ee3c c\u1ea5u t\u1ea1o \u0111\u1eb7c bi\u1ec7t t\u1eeb kim lo\u1ea1i ch\u1ed1ng g\u1ec9 b\u1ec1n ch\u1eafc v\u00e0 ph\u1ee7 l\u1edbp s\u01a1n nano ch\u1ed1ng x\u01b0\u1edbc, m\u00e0u s\u00e1ng, c\u1ea7m r\u1ea5t ch\u1eafc tay, kh\u00f4ng b\u00e1m v\u00e2n tay gi\u00fap tr\u00e1nh hao m\u00f2n theo th\u1eddi gian s\u1eed d\u1ee5ng.<\/p>\n<p>\u0110\u01b0\u1eddng truy\u1ec1n t\u1ed1t<br \/>\nV\u1edbi c\u00f4ng ngh\u1ec7 wireless m\u00e0 Micro Shure UGX8 II s\u1eed d\u1ee5ng gi\u00fap cho micro di chuy\u1ec3n xa h\u01a1n, s\u00f3ng b\u1eaft t\u1ed1t h\u01a1n. Th\u00eam v\u00e0o \u0111\u00f3 s\u1ea3n ph\u1ea9m c\u00f2n c\u00f3 t\u00ednh n\u0103ng b\u1eaft s\u00f3ng t\u1ef1 \u0111\u1ed9ng t\u1eeb \u0111\u00f3 m\u00e0 tr\u00e1nh \u0111\u01b0\u1ee3c t\u00ecnh tr\u1ea1ng nhi\u1ec5u s\u00f3ng x\u1ea3y ra\u2026<\/p>\n<p>Thi\u1ebft b\u1ecb th\u00f4ng minh<br \/>\nMicro Shure UGX8 II \u0111\u01b0\u1ee3c trang b\u1ecb t\u00ednh n\u0103ng m\u1edbi c\u1ea3m bi\u1ebfn t\u1ef1 ng\u1eaft. Khi kh\u00f4ng c\u1ea7n d\u00f9ng t\u1edbi mic v\u00e0 \u0111\u1eb7t xu\u1ed1ng b\u00e1n 3 gi\u00e2y th\u00ec micro s\u1ebd t\u1ef1 \u0111\u1ed9ng ng\u1eaft t\u00edn hi\u1ec7u v\u00e0 sau 5 ph\u00fat n\u1ebfu tay c\u1ea7m micro kh\u00f4ng \u0111\u01b0\u1ee3c s\u1eed d\u1ee5ng l\u1ea1i th\u00ec s\u1ebd t\u1ef1 chuy\u1ec3n sang ch\u1ebf \u0111\u1ed9 ti\u1ebft ki\u1ec7m pin, \u0111\u1eb7c bi\u1ec7t sau 15 ph\u00fat th\u00ec to\u00e0n b\u1ed9 micro s\u1ebd \u0111\u01b0\u1ee3c ng\u1eaft to\u00e0n b\u1ed9 ngu\u1ed3n( gi\u1ed1ng nh\u01b0 ch\u1ebf \u0111\u1ed9 t\u1eaft m\u00e1y t\u00ednh). T\u1eeb \u0111\u00f3 gi\u00fap ti\u1ebft ki\u1ec7m pin khi c\u1ea7m l\u00ean c\u00f3 th\u1ec3 h\u00e1t \u0111\u01b0\u1ee3c lu\u00f4n m\u00e0 kh\u00f4ng c\u1ea7n kh\u1edfi \u0111\u1ed9ng c\u00f4ng t\u1eafc v\u00e0 h\u01a1n h\u1ebft c\u0169ng gi\u00fap kh\u00f4ng b\u1ecb r\u00fa r\u00edt khi \u0111\u1eb7t c\u1ea1nh nhau m\u00e0 ch\u01b0a t\u1eaft ngu\u1ed3n<\/p>\n","protected":false},"excerpt":{"rendered":"<p>Gi\u1edbi thi\u1ec7u v\u1ec1 Micro shure UGX 8 II? Micro kh\u00f4ng d\u00e2y shure UGX 8 II l\u00e0 d\u00f2ng micro cao c\u1ea5p<\/p>\n","protected":false},"featured_media":29621,"comment_status":"open","ping_status":"closed","template":"","meta":[],"product_brand":[],"product_cat":[168],"product_tag":[],"class_list":{"0":"post-29620","1":"product","2":"type-product","3":"status-publish","4":"has-post-thumbnail","6":"product_cat-do-dien-tu","8":"first","9":"instock","10":"taxable","11":"shipping-taxable","12":"product-type-simple"},"_links":{"self":[{"href":"https:\/\/dienmaytuandat.com\/index.php\/wp-json\/wp\/v2\/product\/29620","targetHints":{"allow":["GET"]}}],"collection":[{"href":"https:\/\/dienmaytuandat.com\/index.php\/wp-json\/wp\/v2\/product"}],"about":[{"href":"https:\/\/dienmaytuandat.com\/index.php\/wp-json\/wp\/v2\/types\/product"}],"replies":[{"embeddable":true,"href":"https:\/\/dienmaytuandat.com\/index.php\/wp-json\/wp\/v2\/comments?post=29620"}],"version-history":[{"count":0,"href":"https:\/\/dienmaytuandat.com\/index.php\/wp-json\/wp\/v2\/product\/29620\/revisions"}],"wp:featuredmedia":[{"embeddable":true,"href":"https:\/\/dienmaytuandat.com\/index.php\/wp-json\/wp\/v2\/media\/29621"}],"wp:attachment":[{"href":"https:\/\/dienmaytuandat.com\/index.php\/wp-json\/wp\/v2\/media?parent=29620"}],"wp:term":[{"taxonomy":"product_brand","embeddable":true,"href":"https:\/\/dienmaytuandat.com\/index.php\/wp-json\/wp\/v2\/product_brand?post=29620"},{"taxonomy":"product_cat","embeddable":true,"href":"https:\/\/dienmaytuandat.com\/index.php\/wp-json\/wp\/v2\/product_cat?post=29620"},{"taxonomy":"product_tag","embeddable":true,"href":"https:\/\/dienmaytuandat.com\/index.php\/wp-json\/wp\/v2\/product_tag?post=29620"}],"curies":[{"name":"wp","href":"https:\/\/api.w.org\/{rel}","templated":true}]}}