{"id":29649,"date":"2024-07-25T08:17:05","date_gmt":"2024-07-25T08:17:05","guid":{"rendered":"https:\/\/dienmaytuandat.com\/?post_type=product&#038;p=29649"},"modified":"2024-10-17T04:32:30","modified_gmt":"2024-10-17T04:32:30","slug":"tu-dong-mat-205-lit-inverter-hoa-phat-hpf-bd8205","status":"publish","type":"product","link":"https:\/\/dienmaytuandat.com\/index.php\/san-pham\/tu-dong-mat-205-lit-inverter-hoa-phat-hpf-bd8205\/","title":{"rendered":"T\u1ee6 \u0111\u00f4ng m\u00e1t inverter 205 l\u00edt  HPF-BD8205"},"content":{"rendered":"","protected":false},"excerpt":{"rendered":"<p><span style=\"font-size: 14pt;\"><strong>\u0110\u1eb7c \u0110i\u1ec3m N\u1ed5i B\u1eadt<\/strong><\/span><\/p>\n<p>T\u1ee7 \u0111\u00f4ng H\u00f2a Ph\u00e1t Inverter 2 ng\u0103n 2 c\u00e1nh HPF BD8205<\/p>\n<p>M\u00e3 s\u1ea3n ph\u1ea9m: HPF BD8205<\/p>\n<p>\u2013 Dung t\u00edch s\u1eed d\u1ee5ng 205 l\u00edt<\/p>\n<p>\u2013 Lo\u1ea1i 2 ch\u1ebf \u0111\u1ed9 (\u0110\u00f4ng\/M\u00e1t), 2 c\u00e1nh m\u1edf<\/p>\n<p>\u2013 D\u00e0n l\u1ea1nh \u0111\u1ed3ng, m\u00f4i ch\u1ea5t l\u1ea1nh R600a<\/p>\n<p>\u2013 C\u00f4ng ngh\u1ec7 Inverter<\/p>\n<p>T\u1ee7 \u0111\u00f4ng H\u00f2a Ph\u00e1t HPF BD8205 s\u1edf h\u1eefu c\u00f4ng ngh\u1ec7 Extra Freezing \u0111\u00f4ng s\u00e2u t\u1edbi -30 \u0111\u1ed9 C, d\u00e0n m\u00e1y n\u00e9n kho\u1ebb v\u00e0 h\u1ec7 th\u1ed1ng ch\u1ed1ng tho\u00e1t h\u01a1i l\u1ea1nh v\u1edbi l\u1edbp b\u1ea3o \u00f4n d\u00e0y 67.5mm<\/p>\n<p>Model (M\u00c3 S\u1ea2N PH\u1ea8M): HPF-AD8205<br \/>\n-H\u00c3NG S\u1ea2N XU\u1ea4T: H\u00d2A PH\u00c1T<br \/>\n-DUNG T\u00cdCH S\u1ea2N PH\u1ea8M: 205 L\u00cdT<br \/>\n-C\u00d4NG SU\u1ea4T S\u1eec D\u1ee4NG: 279KW\/1 N\u0102M<br \/>\n-NHI\u1ec6T \u0110\u1ed8 NG\u0102N \u0110\u00d4NG: \u2264-30\u2103<br \/>\n-KI\u1ec2U D\u00c1NG T\u1ee6: 1 NG\u0102N \u0110\u00d4NG, 1N\u0102M M\u00c1T, 2 C\u00c1NH C\u1eecA<br \/>\n-D\u00c0N L\u1ea0NH S\u1eec D\u1ee4NG: D\u00c0N L\u1ea0NH \u1ed0NG \u0110\u1ed2NG<br \/>\n\u2013C\u00d4NG NGH\u1ec6 TI\u1ebeT KI\u00caM \u0110I\u1ec6N: INVERTER<br \/>\n\u2013M\u00d4I CH\u1ea4T L\u00c0M LANH : GAS R600a<br \/>\n\u2013K\u00cdNH C\u01af\u1edcNG L\u1ef0C: C\u00d3 S\u1eec D\u1ee4NG C\u1eecA K\u00cdNH C\u01af\u1edcNG L\u1ef0C<br \/>\n-K\u00cdCH TH\u01af\u1edaC SP (DxRxC):1105\u00d7945\u00d7645 mm<\/p>\n<p>-B\u1ea2O H\u00c0NH: 24 TH\u00c1NG THEO TI\u00caU CHU\u1ea8N CH\u00cdNH H\u00c3NG<\/p>\n","protected":false},"featured_media":29636,"comment_status":"open","ping_status":"closed","template":"","meta":[],"product_brand":[],"product_cat":[108],"product_tag":[],"class_list":{"0":"post-29649","1":"product","2":"type-product","3":"status-publish","4":"has-post-thumbnail","6":"product_cat-tu-dong-va-tu-mat","8":"first","9":"instock","10":"taxable","11":"shipping-taxable","12":"purchasable","13":"product-type-simple"},"_links":{"self":[{"href":"https:\/\/dienmaytuandat.com\/index.php\/wp-json\/wp\/v2\/product\/29649","targetHints":{"allow":["GET"]}}],"collection":[{"href":"https:\/\/dienmaytuandat.com\/index.php\/wp-json\/wp\/v2\/product"}],"about":[{"href":"https:\/\/dienmaytuandat.com\/index.php\/wp-json\/wp\/v2\/types\/product"}],"replies":[{"embeddable":true,"href":"https:\/\/dienmaytuandat.com\/index.php\/wp-json\/wp\/v2\/comments?post=29649"}],"version-history":[{"count":3,"href":"https:\/\/dienmaytuandat.com\/index.php\/wp-json\/wp\/v2\/product\/29649\/revisions"}],"predecessor-version":[{"id":30574,"href":"https:\/\/dienmaytuandat.com\/index.php\/wp-json\/wp\/v2\/product\/29649\/revisions\/30574"}],"wp:featuredmedia":[{"embeddable":true,"href":"https:\/\/dienmaytuandat.com\/index.php\/wp-json\/wp\/v2\/media\/29636"}],"wp:attachment":[{"href":"https:\/\/dienmaytuandat.com\/index.php\/wp-json\/wp\/v2\/media?parent=29649"}],"wp:term":[{"taxonomy":"product_brand","embeddable":true,"href":"https:\/\/dienmaytuandat.com\/index.php\/wp-json\/wp\/v2\/product_brand?post=29649"},{"taxonomy":"product_cat","embeddable":true,"href":"https:\/\/dienmaytuandat.com\/index.php\/wp-json\/wp\/v2\/product_cat?post=29649"},{"taxonomy":"product_tag","embeddable":true,"href":"https:\/\/dienmaytuandat.com\/index.php\/wp-json\/wp\/v2\/product_tag?post=29649"}],"curies":[{"name":"wp","href":"https:\/\/api.w.org\/{rel}","templated":true}]}}