{"id":29669,"date":"2024-07-30T03:14:03","date_gmt":"2024-07-30T03:14:03","guid":{"rendered":"https:\/\/dienmaytuandat.com\/?post_type=product&#038;p=29669"},"modified":"2024-07-30T03:21:09","modified_gmt":"2024-07-30T03:21:09","slug":"quat-dien-senko-tc1688","status":"publish","type":"product","link":"https:\/\/dienmaytuandat.com\/index.php\/san-pham\/quat-dien-senko-tc1688\/","title":{"rendered":"Qu\u1ea1t \u0110i\u1ec7n Senko TC1688"},"content":{"rendered":"<p>Qu\u1ea1t treo t\u01b0\u1eddng Senko TC1688 C\u00f3 2 d\u00e2y r\u00fat \u0111i\u1ec1u khi\u1ec3n c\u00f3 thi\u1ebft k\u1ebf treo t\u01b0\u1eddng ti\u1ec7n l\u1ee3i,<br \/>\nti\u1ebft ki\u1ec7m kh\u00f4ng gian c\u00f9ng nhi\u1ec1u t\u00ednh n\u0103ng th\u00f4ng minh \u2026<br \/>\ns\u1ebd gi\u00fap cu\u1ed9c s\u1ed1ng c\u1ee7a b\u1ea1n tr\u1edf n\u00ean th\u1eadt tho\u1ea3i m\u00e1i v\u00e0 d\u1ec5 ch\u1ecbu.<br \/>\nQu\u1ea1t c\u00f3 3 t\u1ed1c \u0111\u1ed9 gi\u00f3 th\u00edch h\u1ee3p v\u1edbi t\u1eebng s\u1edf th\u00edch v\u00e0 m\u1ee5c \u0111\u00edch kh\u00e1c nhau ph\u00f9 h\u1ee3p v\u1edbi t\u1eebng nhu c\u1ea7u c\u1ee7a ng\u01b0\u1eddi s\u1eed d\u1ee5ng.<\/p>\n<p>Qu\u1ea1t treo t\u01b0\u1eddng Senko TC1688 l\u00e0 m\u1ed9t trong nh\u1eefng lo\u1ea1i qu\u1ea1t truy\u1ec1n th\u1ed1ng, mang thi\u1ebft k\u1ebf nh\u1ecf g\u1ecdn v\u00e0 ti\u1ec7n l\u1ee3i,<br \/>\nti\u1ebft ki\u1ec7m di\u1ec7n t\u00edch th\u00edch h\u1ee3p \u0111\u1eb7c \u1edf t\u1ea5t c\u1ea3 c\u00e1c n\u01a1i t\u00f9y theo \u00fd th\u00edch c\u1ee7a ng\u01b0\u1eddi s\u1eed d\u1ee5ng.<br \/>\nV\u1edbi nhi\u1ec1u m\u00e0u s\u1eafc kh\u00e1ch nhau cho b\u1ea1n l\u1ef1a ch\u1ecdn theo \u00fd th\u00edch c\u1ee7a nhu c\u1ea7u t\u1eebng ng\u01b0\u1eddi<br \/>\n( m\u00e0u kem c\u1ed1m, kem m\u00f4n, , kem n\u00e2u, xanh ng\u1ecdc ).<br \/>\nPh\u00f9 h\u1ee3p \u0111\u1eb7t \u1edf t\u1ea5t c\u1ea3 m\u1ecdi n\u01a1i trong ng\u00f4i nh\u00e0 c\u1ee7a b\u1ea1n.<\/p>\n<p>\u01afU \u0110I\u1ec2M Qu\u1ea1t treo Senko TC1688<br \/>\n3 t\u1ed1c \u0111\u1ed9 gi\u00f3 ph\u00f9 h\u1ee3p v\u1edbi nhi\u1ec1u nhu c\u1ea7u l\u00e0m m\u00e1t kh\u00e1c nhau<br \/>\nQu\u1ea1t treo t\u01b0\u1eddng Senko TC1688 \u0111\u01b0\u1ee3c trang b\u1ecb 3 t\u1ed1c \u0111\u1ed9 gi\u00f3 m\u1ea1nh m\u1ebd:<br \/>\nm\u1ea1nh, trung b\u00ecnh, th\u1ea5p mang l\u1ea1i l\u00e0n gi\u00f3 m\u00e1t m\u1ed9t c\u00e1ch d\u1ec5 ch\u1ecbu nh\u1ea5t cho kh\u00f4ng gian ph\u00f2ng.<br \/>\nKh\u1ea3 n\u0103ng chuy\u1ec3n h\u01b0\u1edbng \u0111i\u1ec7n d\u1ec5 d\u00e0ng gi\u00fap cho vi\u1ec7c d\u1ec5 d\u00e0ng th\u00e1o l\u1eafp ng\u01b0\u1eddi s\u1eed d\u1ee5ng<br \/>\nc\u00f3 th\u1ec3 lau ch\u00f9i, v\u1ec7 sinh qu\u1ea1t d\u1ec5 d\u00e0ng m\u00e0 kh\u00f4ng m\u1ea5t qu\u00e1 nhi\u1ec1u c\u00f4ng s\u1ee9c c\u1ee7a b\u1ea1n.<\/p>\n<p>C\u00f4ng su\u1ea5t qu\u1ea1t m\u1ea1nh 47W ti\u1ebft ki\u1ec7m \u0111i\u1ec7n<br \/>\nQu\u1ea1t treo t\u01b0\u1eddng Senko T1688 c\u00f3 s\u1ea3i c\u00e1nh 39cm, c\u00f4ng su\u1ea5t ti\u00eau th\u1ee5 \u0111i\u1ec7n 47W ti\u1ebft ki\u1ec7m \u0111i\u1ec7n n\u0103ng.<br \/>\nK\u00edch th\u01b0\u1edbc qu\u1ea1t: Ngang 44 cm \u2013 Cao 44 cm \u2013 S\u00e2u 30 cm<br \/>\n\u0111\u01b0\u1ee3c thi\u1ebft k\u1ebf l\u00ean \u0111\u1ebfn 3 c\u00e1nh to thu\u1eadn l\u1ee3i cho vi\u1ec7c t\u1ea1o lu\u1ed3ng gi\u00f3 m\u00e1t r\u01b0\u1ee3i.<br \/>\n\u0110i\u1ec1u khi\u1ec3n b\u1eb1ng n\u00fat thi\u1ebft k\u1ebf v\u1edbi d\u00e2y k\u00e9o gi\u00fap cho b\u1ea1n d\u1ec5 d\u00e0ng \u0111i\u1ec1u khi\u1ec3n qu\u1ea1t t\u1ea1o \u0111\u1ed9 gi\u00f3 theo \u00fd th\u00edch.<\/p>\n<p>L\u1ed3ng qu\u1ea1t \u0111an kh\u00edt an to\u00e0n s\u1eed d\u1ee5ng<br \/>\nL\u1ed3ng Qu\u1ea1t treo t\u01b0\u1eddng Senko TC1688 \u0111an kh\u00edt, ch\u1eafc ch\u1eafn \u0111\u1ea3m b\u1ea3o an to\u00e0n khi ti\u1ebfp x\u00fac v\u1edbi qu\u1ea1t<br \/>\n\u1edf kho\u1ea3ng c\u00e1ch g\u1ea7n, ch\u1ea5t li\u1ec7u nh\u1ef1a cao c\u1ea5p \u00edt b\u00e1m b\u1ee5i,<br \/>\nc\u00f3 kh\u1ea3 n\u0103ng t\u1ecfa m\u00e1t cho 1 kh\u00f4ng v\u1eeba v\u00e0 r\u1ed9ng nh\u01b0 ph\u00f2ng kh\u00e1ch, ph\u00f2ng h\u1ecdc\u2026<br \/>\nQu\u1ea1t treo Senko TC1688<\/p>\n<p>&nbsp;<\/p>\n","protected":false},"excerpt":{"rendered":"<table style=\"border-collapse: collapse; width: 100%; height: 240px;\">\n<tbody>\n<tr style=\"height: 24px;\">\n<td style=\"width: 50%; height: 24px;\">Model<\/td>\n<td style=\"width: 50%; height: 24px;\">TC1688<\/td>\n<\/tr>\n<tr style=\"height: 24px;\">\n<td style=\"width: 50%; height: 24px;\">H\u00e3ng s\u1ea3n xu\u1ea5t<\/td>\n<td style=\"width: 50%; height: 24px;\">Senko<\/td>\n<\/tr>\n<tr style=\"height: 24px;\">\n<td style=\"width: 50%; height: 24px;\">Xu\u1ea5t x\u1ee9<\/td>\n<td style=\"width: 50%; height: 24px;\">Vi\u1ec7t Nam<\/td>\n<\/tr>\n<tr style=\"height: 24px;\">\n<td style=\"width: 50%; height: 24px;\">Lo\u1ea1i<\/td>\n<td style=\"width: 50%; height: 24px;\">Qu\u1ea1t Treo 2 d\u00e2y<\/td>\n<\/tr>\n<tr style=\"height: 24px;\">\n<td style=\"width: 50%; height: 24px;\">C\u00f4ng su\u1ea5t<\/td>\n<td style=\"width: 50%; height: 24px;\">47w<\/td>\n<\/tr>\n<tr style=\"height: 24px;\">\n<td style=\"width: 50%; height: 24px;\">C\u00e1nh<\/td>\n<td style=\"width: 50%; height: 24px;\">40Cm<\/td>\n<\/tr>\n<tr style=\"height: 24px;\">\n<td style=\"width: 50%; height: 24px;\">Gi\u00f3 (m3\/ph\u00fat)<\/td>\n<td style=\"width: 50%; height: 24px;\">64.4<\/td>\n<\/tr>\n<tr style=\"height: 24px;\">\n<td style=\"width: 50%; height: 24px;\">\u0110i\u1ec7n \u00e1p<\/td>\n<td style=\"width: 50%; height: 24px;\">220 V-50Hz<\/td>\n<\/tr>\n<tr style=\"height: 24px;\">\n<td style=\"width: 50%; height: 24px;\">\u0110i\u1ec1u ch\u1ec9nh t\u1ed1c \u0111\u1ed9<\/td>\n<td style=\"width: 50%; height: 24px;\">D\u00e2y gi\u1eadt \u2013 3 t\u1ed1c \u0111\u1ed9<\/td>\n<\/tr>\n<tr style=\"height: 24px;\">\n<td style=\"width: 50%; height: 24px;\">M\u00e0u s\u1eafc<\/td>\n<td style=\"width: 50%; height: 24px;\">: Kem m\u00f4n, kem n\u00e2u, kem c\u1ed1m, x\u00e1m \u0111\u1ed3ng, xanh ng\u1ecdc<br \/>\nB\u1ea3o h\u00e0nh Ch\u00ednh h\u00e3ng : 24 th\u00e1ng<\/td>\n<\/tr>\n<\/tbody>\n<\/table>\n","protected":false},"featured_media":29680,"comment_status":"open","ping_status":"closed","template":"","meta":[],"product_brand":[],"product_cat":[147],"product_tag":[],"class_list":{"0":"post-29669","1":"product","2":"type-product","3":"status-publish","4":"has-post-thumbnail","6":"product_cat-do-gia-dung","8":"first","9":"instock","10":"taxable","11":"shipping-taxable","12":"purchasable","13":"product-type-simple"},"_links":{"self":[{"href":"https:\/\/dienmaytuandat.com\/index.php\/wp-json\/wp\/v2\/product\/29669","targetHints":{"allow":["GET"]}}],"collection":[{"href":"https:\/\/dienmaytuandat.com\/index.php\/wp-json\/wp\/v2\/product"}],"about":[{"href":"https:\/\/dienmaytuandat.com\/index.php\/wp-json\/wp\/v2\/types\/product"}],"replies":[{"embeddable":true,"href":"https:\/\/dienmaytuandat.com\/index.php\/wp-json\/wp\/v2\/comments?post=29669"}],"version-history":[{"count":0,"href":"https:\/\/dienmaytuandat.com\/index.php\/wp-json\/wp\/v2\/product\/29669\/revisions"}],"wp:featuredmedia":[{"embeddable":true,"href":"https:\/\/dienmaytuandat.com\/index.php\/wp-json\/wp\/v2\/media\/29680"}],"wp:attachment":[{"href":"https:\/\/dienmaytuandat.com\/index.php\/wp-json\/wp\/v2\/media?parent=29669"}],"wp:term":[{"taxonomy":"product_brand","embeddable":true,"href":"https:\/\/dienmaytuandat.com\/index.php\/wp-json\/wp\/v2\/product_brand?post=29669"},{"taxonomy":"product_cat","embeddable":true,"href":"https:\/\/dienmaytuandat.com\/index.php\/wp-json\/wp\/v2\/product_cat?post=29669"},{"taxonomy":"product_tag","embeddable":true,"href":"https:\/\/dienmaytuandat.com\/index.php\/wp-json\/wp\/v2\/product_tag?post=29669"}],"curies":[{"name":"wp","href":"https:\/\/api.w.org\/{rel}","templated":true}]}}