{"id":29699,"date":"2024-07-31T03:48:56","date_gmt":"2024-07-31T03:48:56","guid":{"rendered":"https:\/\/dienmaytuandat.com\/?post_type=product&#038;p=29699"},"modified":"2024-07-31T03:49:30","modified_gmt":"2024-07-31T03:49:30","slug":"quat-treo-tc1886-senko","status":"publish","type":"product","link":"https:\/\/dienmaytuandat.com\/index.php\/san-pham\/quat-treo-tc1886-senko\/","title":{"rendered":"Qu\u1ea1t treo TC1886 Senko"},"content":{"rendered":"<p>Thi\u1ebft k\u1ebf trang nh\u00e3, g\u1ecdn nh\u1eb9<br \/>\nQu\u1ea1t treo Senko TC1886 \u0110en cam s\u1edf h\u1eefu thi\u1ebft k\u1ebf thon g\u1ecdn \u0111i c\u00f9ng m\u00e0u s\u1eafc n\u1ed5i b\u1eadt. Vi\u1ec7c g\u1eafn qu\u1ea1t tr\u00ean t\u01b0\u1eddng kh\u00f4ng ch\u1ec9 \u0111em l\u1ea1i s\u1ef1 trang nh\u00e3 cho c\u0103n ph\u00f2ng c\u1ee7a b\u1ea1n m\u00e0 c\u00f2n gi\u00fap ti\u1ebft ki\u1ec7m di\u1ec7n t\u00edch s\u1eed d\u1ee5ng.<br \/>\nQU\u1ea0T TREO SENKO DCN1886 \u0110EN CAM &#8211; Thi\u1ebft k\u1ebf trang nh\u00e3, g\u1ecdn nh\u1eb9<br \/>\nQU\u1ea0T TREO SENKO DCN1886 \u0110EN CAM &#8211; \u0110\u1ed9 s\u1ea3i c\u00e1nh l\u1edbn, t\u1ea1o ngu\u1ed3n gi\u00f3 m\u00e1t<br \/>\n\u0110\u1ed9 s\u1ea3i c\u00e1nh l\u1edbn, t\u1ea1o ngu\u1ed3n gi\u00f3 m\u00e1t<br \/>\nQu\u1ea1t Senko c\u00f3 \u0111\u1ed9 s\u1ea3i c\u00e1nh l\u00ean \u0111\u1ebfn 45 cm c\u00e1nh c\u1ee7a qu\u1ea1t \u0111\u01b0\u1ee3c thi\u1ebft k\u1ebf l\u00ean \u0111\u1ebfn 5 c\u00e1nh thu\u1eadn l\u1ee3i cho vi\u1ec7c t\u1ea1o lu\u1ed3ng gi\u00f3 m\u00e1t l\u1ea1nh, gi\u00fap xua tan c\u1ea3m gi\u00e1c n\u00f3ng n\u1ef1c, cho b\u1ea1n v\u00e0 gia \u0111\u00ecnh kh\u00f4ng gian tho\u00e1ng m\u00e1t.<br \/>\nB\u00ed quy\u1ebft s\u1eed d\u1ee5ng qu\u1ea1t treo t\u01b0\u1eddng hi\u1ec7u qu\u1ea3<br \/>\nQu\u1ea1t treo t\u01b0\u1eddng l\u00e0 m\u00f3n \u0111\u1ed3 gia d\u1ee5ng kh\u00f4ng th\u1ec3 thi\u1ebfu trong nh\u1eefng ng\u00e0y th\u1eddi ti\u1ebft n\u00f3ng n\u1ef1c. Nh\u01b0ng b\u1ea1n \u0111\u00e3 bi\u1ebft c\u00e1ch d\u00f9ng chi\u1ebfc qu\u1ea1t c\u1ee7a gia \u0111\u00ecnh \u0111\u1ea1t hi\u1ec7u su\u1ea5t t\u1ed1i \u0111a ch\u01b0a?<\/p>\n<p>C\u00f9ng Tu\u1ea5n \u0110\u1ea1t ghi nh\u1edb nh\u1eefng m\u1eb9o hay v\u1edbi b\u00e0i vi\u1ebft d\u01b0\u1edbi \u0111\u00e2y \u0111\u1ec3 s\u1eed d\u1ee5ng qu\u1ea1t hi\u1ec7u qu\u1ea3, ti\u1ebft ki\u1ec7m<\/p>\n<p>&#8211;\u00a0 Mua qu\u1ea1t treo t\u01b0\u1eddng ph\u00f9 h\u1ee3p nhu c\u1ea7u s\u1eed d\u1ee5ng<br \/>\n&#8211;\u00a0 L\u1eafp qu\u1ea1t treo t\u01b0\u1eddng kh\u00f4ng qu\u00e1 cao<br \/>\n&#8211;\u00a0 V\u00e0o m\u00f9a n\u00f3ng, tr\u00e1nh m\u1edf c\u1eeda s\u1ed5 t\u1eeb 11h \u0111\u1ebfn 16h<br \/>\n&#8211;\u00a0 D\u00f9ng song song qu\u1ea1t treo t\u01b0\u1eddng v\u00e0 m\u00e1y l\u1ea1nh<br \/>\n&#8211;\u00a0 D\u00f9ng qu\u1ea1t v\u1edbi ch\u1ebf \u0111\u1ed9 quay nhi\u1ec1u h\u01b0\u1edbng<\/p>\n","protected":false},"excerpt":{"rendered":"<p>Qu\u1ea1t \u0111\u01b0\u1ee3c v\u1eadn h\u00e0nh v\u1edbi 3 c\u1ea5p \u0111\u1ed9 gi\u00f3<br \/>\nThi\u1ebft k\u1ebf \u0111\u01a1n gi\u1ea3n ph\u00f9 h\u1ee3p s\u1eed d\u1ee5ng \u1edf m\u1ecdi kh\u00f4ng gian<br \/>\n\u0110\u1ed9 s\u1ea3i c\u00e1nh l\u1edbn, t\u1ea1o ngu\u1ed3n gi\u00f3 m\u00e1t<br \/>\nTi\u1ebft ki\u1ec7m \u0111i\u1ec7n n\u0103ng, b\u1ea3o v\u1ec7 m\u00f4i tr\u01b0\u1eddng<br \/>\nL\u1ed3ng qu\u1ea1t b\u1eb1ng kim lo\u1ea1i \u0111an kh\u00edt nhau, d\u1ec5 th\u00e1o r\u1eddi v\u1ec7 sinh<\/p>\n","protected":false},"featured_media":29701,"comment_status":"open","ping_status":"closed","template":"","meta":[],"product_brand":[],"product_cat":[147],"product_tag":[],"class_list":{"0":"post-29699","1":"product","2":"type-product","3":"status-publish","4":"has-post-thumbnail","6":"product_cat-do-gia-dung","8":"first","9":"instock","10":"taxable","11":"shipping-taxable","12":"purchasable","13":"product-type-simple"},"_links":{"self":[{"href":"https:\/\/dienmaytuandat.com\/index.php\/wp-json\/wp\/v2\/product\/29699","targetHints":{"allow":["GET"]}}],"collection":[{"href":"https:\/\/dienmaytuandat.com\/index.php\/wp-json\/wp\/v2\/product"}],"about":[{"href":"https:\/\/dienmaytuandat.com\/index.php\/wp-json\/wp\/v2\/types\/product"}],"replies":[{"embeddable":true,"href":"https:\/\/dienmaytuandat.com\/index.php\/wp-json\/wp\/v2\/comments?post=29699"}],"version-history":[{"count":0,"href":"https:\/\/dienmaytuandat.com\/index.php\/wp-json\/wp\/v2\/product\/29699\/revisions"}],"wp:featuredmedia":[{"embeddable":true,"href":"https:\/\/dienmaytuandat.com\/index.php\/wp-json\/wp\/v2\/media\/29701"}],"wp:attachment":[{"href":"https:\/\/dienmaytuandat.com\/index.php\/wp-json\/wp\/v2\/media?parent=29699"}],"wp:term":[{"taxonomy":"product_brand","embeddable":true,"href":"https:\/\/dienmaytuandat.com\/index.php\/wp-json\/wp\/v2\/product_brand?post=29699"},{"taxonomy":"product_cat","embeddable":true,"href":"https:\/\/dienmaytuandat.com\/index.php\/wp-json\/wp\/v2\/product_cat?post=29699"},{"taxonomy":"product_tag","embeddable":true,"href":"https:\/\/dienmaytuandat.com\/index.php\/wp-json\/wp\/v2\/product_tag?post=29699"}],"curies":[{"name":"wp","href":"https:\/\/api.w.org\/{rel}","templated":true}]}}