{"id":29710,"date":"2024-07-31T04:31:35","date_gmt":"2024-07-31T04:31:35","guid":{"rendered":"https:\/\/dienmaytuandat.com\/?post_type=product&#038;p=29710"},"modified":"2024-07-31T04:31:35","modified_gmt":"2024-07-31T04:31:35","slug":"quat-dung-cong-nghiep-d-20co-lifan","status":"publish","type":"product","link":"https:\/\/dienmaytuandat.com\/index.php\/san-pham\/quat-dung-cong-nghiep-d-20co-lifan\/","title":{"rendered":"Qu\u1ea1t \u0111\u1ee9ng c\u00f4ng nghi\u1ec7p \u0110 &#8211; 20CO LiFan"},"content":{"rendered":"","protected":false},"excerpt":{"rendered":"<p>Qu\u1ea1t \u0111\u1ee9ng c\u00f4ng nghi\u1ec7p Lifan \u0110-20CO ph\u00f9 h\u1ee3p v\u1edbi kh\u00f4ng gian r\u1ed9ng t\u1eeb 20m2.<br \/>\nQu\u1ea1t \u0111\u1ee9ng c\u00f4ng nghi\u1ec7p Lifan \u0110-20CO c\u00f3 m\u00e0u \u0111en. Ph\u00f9 h\u1ee3p nh\u00e0 x\u01b0\u1edfng, kho h\u00e0ng, c\u00e0 ph\u00ea, nh\u00e0 h\u00e0ng, qu\u00e1n \u0103n&#8230;..<br \/>\nThi\u1ebft k\u1ebf c\u00f4ng nghi\u1ec7p th\u00e2n qu\u1ea1t \u0111\u1ee9ng ch\u1eafc ch\u1eafn, qu\u1ea1t \u0111\u1ee9ng c\u00f4ng nghi\u1ec7p Lifan \u0110-20CO c\u1ee9ng c\u00e1p, d\u1ec5 d\u00e0ng thay \u0111\u1ed5i \u0111\u1ed9 cao c\u1ee7a qu\u1ea1t.<br \/>\nC\u00e1nh qu\u1ea1t 50cm mang l\u1ea1i ngu\u1ed3n gi\u00f3 m\u1ea1nh m\u1ebd \u0111\u1ea3m b\u1ea3o ngu\u1ed3n gi\u00f3 \u1ed5n \u0111\u1ecbnh cho c\u0103n ph\u00f2ng.<br \/>\n3 c\u1ea5p \u0111\u1ed9 gi\u00f3 thu\u1eadn ti\u1ec7n cho vi\u1ec7c thay \u0111\u1ed5i t\u1ed1c \u0111\u1ed9 gi\u00f3 theo s\u1edf th\u00edch v\u00e0 ph\u00f9 h\u1ee3p v\u1edbi nhi\u1ec7t \u0111\u1ed9, kh\u00f4ng kh\u00ed c\u0103n ph\u00f2ng.<\/p>\n","protected":false},"featured_media":29711,"comment_status":"open","ping_status":"closed","template":"","meta":[],"product_brand":[],"product_cat":[147],"product_tag":[],"class_list":{"0":"post-29710","1":"product","2":"type-product","3":"status-publish","4":"has-post-thumbnail","6":"product_cat-do-gia-dung","8":"first","9":"instock","10":"taxable","11":"shipping-taxable","12":"purchasable","13":"product-type-simple"},"_links":{"self":[{"href":"https:\/\/dienmaytuandat.com\/index.php\/wp-json\/wp\/v2\/product\/29710","targetHints":{"allow":["GET"]}}],"collection":[{"href":"https:\/\/dienmaytuandat.com\/index.php\/wp-json\/wp\/v2\/product"}],"about":[{"href":"https:\/\/dienmaytuandat.com\/index.php\/wp-json\/wp\/v2\/types\/product"}],"replies":[{"embeddable":true,"href":"https:\/\/dienmaytuandat.com\/index.php\/wp-json\/wp\/v2\/comments?post=29710"}],"version-history":[{"count":0,"href":"https:\/\/dienmaytuandat.com\/index.php\/wp-json\/wp\/v2\/product\/29710\/revisions"}],"wp:featuredmedia":[{"embeddable":true,"href":"https:\/\/dienmaytuandat.com\/index.php\/wp-json\/wp\/v2\/media\/29711"}],"wp:attachment":[{"href":"https:\/\/dienmaytuandat.com\/index.php\/wp-json\/wp\/v2\/media?parent=29710"}],"wp:term":[{"taxonomy":"product_brand","embeddable":true,"href":"https:\/\/dienmaytuandat.com\/index.php\/wp-json\/wp\/v2\/product_brand?post=29710"},{"taxonomy":"product_cat","embeddable":true,"href":"https:\/\/dienmaytuandat.com\/index.php\/wp-json\/wp\/v2\/product_cat?post=29710"},{"taxonomy":"product_tag","embeddable":true,"href":"https:\/\/dienmaytuandat.com\/index.php\/wp-json\/wp\/v2\/product_tag?post=29710"}],"curies":[{"name":"wp","href":"https:\/\/api.w.org\/{rel}","templated":true}]}}